{"id":38239,"date":"2024-12-06T15:34:55","date_gmt":"2024-12-06T14:34:55","guid":{"rendered":"https:\/\/www.kbcomponents.com\/investor-relations\/bolagstyrning\/valberedning\/"},"modified":"2025-04-22T14:27:29","modified_gmt":"2025-04-22T12:27:29","slug":"valberedning","status":"publish","type":"page","link":"https:\/\/www.kbcomponents.com\/sv\/investor-relations\/bolagstyrning\/valberedning\/","title":{"rendered":"Valberedning"},"content":{"rendered":"<p>[et_pb_section fb_built=&#8221;1&#8243; admin_label=&#8221;Hero section&#8221; _builder_version=&#8221;4.27.2&#8243; background_color=&#8221;#2c5d74&#8243; background_image=&#8221;https:\/\/www.kbcomponents.com\/wp-content\/uploads\/2024\/07\/kb-background-image.jpg&#8221; background_blend=&#8221;soft-light&#8221; custom_padding=&#8221;6%||8%||false|false&#8221; da_disable_devices=&#8221;off|off|off&#8221; global_colors_info=&#8221;{}&#8221; da_is_popup=&#8221;off&#8221; da_exit_intent=&#8221;off&#8221; da_has_close=&#8221;on&#8221; da_alt_close=&#8221;off&#8221; da_dark_close=&#8221;off&#8221; da_not_modal=&#8221;on&#8221; da_is_singular=&#8221;off&#8221; da_with_loader=&#8221;off&#8221; da_has_shadow=&#8221;on&#8221;][et_pb_row admin_label=&#8221;row&#8221; _builder_version=&#8221;4.27.0&#8243; background_size=&#8221;initial&#8221; background_position=&#8221;top_left&#8221; background_repeat=&#8221;repeat&#8221; max_width=&#8221;1440px&#8221; global_colors_info=&#8221;{}&#8221;][et_pb_column type=&#8221;4_4&#8243; _builder_version=&#8221;4.16&#8243; custom_padding=&#8221;|||&#8221; global_colors_info=&#8221;{}&#8221; custom_padding__hover=&#8221;|||&#8221;][lwp_divi_breadcrumbs font_icon=&#8221;&#x35;||divi||400&#8243; use_custom_home_link=&#8221;off&#8221; link_color=&#8221;#FFFFFF&#8221; separator_color=&#8221;#BFB7AF&#8221; current_text_color=&#8221;#FFFFFF&#8221; _builder_version=&#8221;4.27.2&#8243; _module_preset=&#8221;default&#8221; module_font=&#8221;|300|||||||&#8221; module_font_size=&#8221;16px&#8221; custom_margin=&#8221;||||false|false&#8221; custom_padding=&#8221;||||false|false&#8221; custom_css_free_form=&#8221;selector a:hover {text-decoration:underline;}||&#8221; global_colors_info=&#8221;{}&#8221;][\/lwp_divi_breadcrumbs][et_pb_text _builder_version=&#8221;4.27.3&#8243; _module_preset=&#8221;default&#8221; text_text_color=&#8221;#FFFFFF&#8221; header_text_color=&#8221;#FFFFFF&#8221; header_font_size=&#8221;50px&#8221; custom_margin=&#8221;-20px||||false|false&#8221; custom_padding=&#8221;0px||||false|false&#8221; global_colors_info=&#8221;{}&#8221;]<\/p>\n<h1>Valberedning<\/h1>\n<p>[\/et_pb_text][\/et_pb_column][\/et_pb_row][\/et_pb_section][et_pb_section fb_built=&#8221;1&#8243; disabled_on=&#8221;off|off|off&#8221; admin_label=&#8221;IR news section&#8221; _builder_version=&#8221;4.27.2&#8243; background_enable_color=&#8221;off&#8221; custom_padding=&#8221;4%||4%||true|false&#8221; da_disable_devices=&#8221;off|off|off&#8221; global_colors_info=&#8221;{}&#8221; da_is_popup=&#8221;off&#8221; da_exit_intent=&#8221;off&#8221; da_has_close=&#8221;on&#8221; da_alt_close=&#8221;off&#8221; da_dark_close=&#8221;off&#8221; da_not_modal=&#8221;on&#8221; da_is_singular=&#8221;off&#8221; da_with_loader=&#8221;off&#8221; da_has_shadow=&#8221;on&#8221;][et_pb_row admin_label=&#8221;row&#8221; _builder_version=&#8221;4.27.0&#8243; background_size=&#8221;initial&#8221; background_position=&#8221;top_left&#8221; background_repeat=&#8221;repeat&#8221; max_width=&#8221;1440px&#8221; custom_padding=&#8221;0px||0px||false|false&#8221; global_colors_info=&#8221;{}&#8221;][et_pb_column type=&#8221;4_4&#8243; _builder_version=&#8221;4.16&#8243; custom_padding=&#8221;|||&#8221; global_colors_info=&#8221;{}&#8221; custom_padding__hover=&#8221;|||&#8221;][et_pb_text _builder_version=&#8221;4.27.4&#8243; _module_preset=&#8221;default&#8221; header_font_size=&#8221;36px&#8221; hover_enabled=&#8221;0&#8243; global_colors_info=&#8221;{}&#8221; sticky_enabled=&#8221;0&#8243;]<\/p>\n<h2>Valberedning<\/h2>\n<p>St\u00e4mman som h\u00f6lls den 20 juni 2024 beslutade att anta f\u00f6ljande principer f\u00f6r utn\u00e4mning av valberedningen och instruktion f\u00f6r valberedningen som ska g\u00e4lla tills vidare.<\/p>\n<p>Efter bolagets b\u00f6rsintroduktion uts\u00e5gs i mars m\u00e5nad 2025 en valberedning best\u00e5ende av Kenneth Andersson (representant f\u00f6r Bra Invest AB) som ordf\u00f6rande samt Anna Sundberg (representant f\u00f6r Handelsbanken Fonder) och Anders Algotsson (representant f\u00f6r Afa F\u00f6rs\u00e4kringar). Valberednings uppgift inf\u00f6r \u00e5rsst\u00e4mman 2025 \u00e4r att f\u00f6resl\u00e5 ordf\u00f6rande och \u00f6vriga styrelseledam\u00f6ter, revisorer, m\u00f6tesordf\u00f6rande vid st\u00e4mman samt styrelse-, utskotts- och revisionsarvoden. Inf\u00f6r \u00e5rsst\u00e4mman 2025 har valberedningen tillsammans med styrelsens ordf\u00f6rande haft ett inledande m\u00f6te och d\u00e4rut\u00f6ver ett antal kontakter mellan valberedningens ledam\u00f6ter. Bolagsordningen inneh\u00e5ller inga s\u00e4rskilda best\u00e4mmelser om tills\u00e4ttande och entledigande av styrelseledam\u00f6ter<\/p>\n<p>Sammanfattningsvis ska valberedningen best\u00e5 av representanter f\u00f6r de tre r\u00f6stm\u00e4ssigt st\u00f6rsta aktie\u00e4garna i Bolaget enligt den av Euroclear Sweden f\u00f6rda aktieboken per den sista bankdagen i december 2024 inf\u00f6r \u00e5rsst\u00e4mman 2025 (och d\u00e4refter per den sista bankdagen i oktober varje \u00e5r). Ut\u00f6ver dessa tre ledam\u00f6ter ska Bolagets styrelseordf\u00f6rande vara adjungerad i valberedningen och samordna f\u00f6rfarandet att utse ledam\u00f6terna i valberedningen. Valberedningen ska uppfylla de krav p\u00e5 sammans\u00e4ttning som anges i Koden. Om en aktie\u00e4gare avst\u00e5r fr\u00e5n r\u00e4tten att utse en ledamot till valberedningen ska denna r\u00e4tt \u00f6verg\u00e5 till den aktie\u00e4gare som st\u00e5r n\u00e4st p\u00e5 tur i r\u00f6stm\u00e4ssig storleksordning och som inte redan har r\u00e4tt att utse en ledamot till valberedningen, till dess att valberedningen best\u00e5r av minst tre ledam\u00f6ter. Avg\u00e5r av aktie\u00e4gare utsedd ledamot fr\u00e5n valberedningen under mandatperioden eller blir s\u00e5dan ledamot f\u00f6rhindrad att fullf\u00f6lja sitt uppdrag ska valberedningen uppmana den aktie\u00e4gare som utsett ledamoten att inom sk\u00e4lig tid utse ny ledamot. Om aktie\u00e4garen inte ut\u00f6var r\u00e4tten att utse ny ledamot \u00f6verg\u00e5r r\u00e4tten att utse s\u00e5dan ledamot till den till r\u00f6stetalet n\u00e4rmast f\u00f6ljande st\u00f6rsta aktie\u00e4gare som inte redan utsett ledamot. Om f\u00f6r\u00e4ndring sker i Bolagets \u00e4garstruktur under ett verksamhets\u00e5r som p\u00e5verkar vilka som efter denna f\u00f6r\u00e4ndring utg\u00f6r de tre till r\u00f6stetalet st\u00f6rsta aktie\u00e4garna i Bolagets ska ny valberedning utses enligt ovan. Om inte s\u00e4rskilda sk\u00e4l f\u00f6religger ska inga f\u00f6r\u00e4ndringar ske i valberedningens sammans\u00e4ttning om endast marginella f\u00f6r\u00e4ndringar i \u00e4gandet \u00e4gt rum eller om f\u00f6r\u00e4ndringen intr\u00e4ffar senare \u00e4n tre m\u00e5nader f\u00f6re bolagsst\u00e4mma d\u00e4r f\u00f6rslag fr\u00e5n valberedningen ska behandlas.<\/p>\n<p>Den ledamot som utsetts av den till r\u00f6stetalet st\u00f6rsta aktie\u00e4garen ska vara valberedningens ordf\u00f6rande, om inte ledam\u00f6terna enas om annat. Ledam\u00f6ternas namn och aktie\u00e4garna som de representerar ska offentligg\u00f6ras utan dr\u00f6jsm\u00e5l p\u00e5 Bolagets webbplats s\u00e5 snart valberedningen utsetts inf\u00f6r \u00e5rsst\u00e4mman 2025 (och d\u00e4refter senast sex m\u00e5nader f\u00f6re respektive kommande \u00e5rsst\u00e4mma). Styrelsens ordf\u00f6rande eller annan styrelseledamot ska inte vara valberedningens ordf\u00f6rande. VD eller annan person fr\u00e5n bolagsledningen ska inte vara ledamot av valberedningen. Valberedningens mandatperiod ska g\u00e4lla till dess att en ny valberedning utsetts.<\/p>\n<p>Inget arvode ska utg\u00e5 till valberedningens ledam\u00f6ter. Bolaget ska dock st\u00e5 f\u00f6r sk\u00e4liga kostnader som bed\u00f6ms vara n\u00f6dv\u00e4ndiga f\u00f6r att valberedningen ska kunna fullg\u00f6ra sitt uppdrag.<\/p>\n<p>Valberedningens ledam\u00f6ter ska, oavsett hur de utsetts, tillvarata samtliga aktie\u00e4gares intresse och inte obeh\u00f6rigen r\u00f6ja vad som f\u00f6rekommit i valberedningsarbetet. En valberedningsledamot ska innan uppdraget accepteras noga \u00f6verv\u00e4ga huruvida en intressekonflikt eller andra omst\u00e4ndigheter f\u00f6religger, som g\u00f6r det ol\u00e4mpligt att medverka i valberedningen.<\/p>\n<p>Valberedningen ska fullg\u00f6ra de uppgifter som anges i Koden och ska enligt instruktionen bereda st\u00e4mmans beslut i val, arvodesfr\u00e5gor och, i f\u00f6rekommande fall, procedurfr\u00e5gor f\u00f6r n\u00e4stkommande valberedning. Valberedningen ska ocks\u00e5 l\u00e4mna f\u00f6rslag om val av revisorer och deras arvode. Valberedningen ska vid bed\u00f6mningen av styrelsens utv\u00e4rdering och i sitt f\u00f6rslag av styrelseledam\u00f6ter, s\u00e4rskilt beakta kravet p\u00e5 m\u00e5ngsidighet och bredd i styrelsen samt efterstr\u00e4va en j\u00e4mn k\u00f6nsf\u00f6rdelning. Valberedningens f\u00f6rslag ska ing\u00e5 i kallelsen till \u00e5rsst\u00e4mman samt, i anslutning till styrelsen utf\u00e4rdande av kallelse, publiceras p\u00e5 Bolagets webbplats tillsammans med valberedningens motiverade yttrande och information om hur valberedningen bedrivit sitt arbete.<\/p>\n<p>Minst en ledamot i Bolagets valberedning, ut\u00f6ver adjungerande styrelseordf\u00f6randen, ska n\u00e4rvara vid \u00e5rsst\u00e4mman och d\u00e4r redovisa de sk\u00e4l som ligger till grund f\u00f6r valberedningens f\u00f6rslag.<\/p>\n<p>Akti\u00e4gare \u00e4r v\u00e4lkomna att, per e-post, inkomma med f\u00f6rslag till valberedningsgruppen p\u00e5 adressen: <a href=\"mailto:valberedning@kbcomponents.com\">valberedning@kbcomponents.com<\/a><\/p>\n<p>&nbsp;<\/p>\n<p>[\/et_pb_text][\/et_pb_column][\/et_pb_row][\/et_pb_section]<\/p>\n","protected":false},"excerpt":{"rendered":"<p><div class=\"et_pb_module lwp_divi_breadcrumbs lwp_divi_breadcrumbs_0\">\n\t\t\t\t\n\t\t\t\t\n\t\t\t\t\n\t\t\t\t\n\t\t\t\t\n\t\t\t\t\n\t\t\t\t<div class=\"et_pb_module_inner\">\n\t\t\t\t\t<div class=\"lwp-breadcrumbs\"> <span class=\"before\"><\/span> <span vocab=\"https:\/\/schema.org\/\" typeof=\"BreadcrumbList\"><span property=\"itemListElement\" typeof=\"ListItem\"><a property=\"item\" typeof=\"WebPage\" href=\"https:\/\/www.kbcomponents.com\/sv\/\" class=\"home\"><span property=\"name\">Home<\/span><\/a><meta property=\"position\" content=\"1\"><\/span> <span class=\"separator et-pb-icon\">5<\/span> <\/span><\/div>\n\t\t\t\t<\/div>\n\t\t\t<\/div>ValberedningValberedning St\u00e4mman som h\u00f6lls den 20 juni 2024 beslutade att anta f\u00f6ljande principer f\u00f6r utn\u00e4mning av valberedningen och instruktion f\u00f6r valberedningen som ska g\u00e4lla tills vidare. Efter bolagets b\u00f6rsintroduktion uts\u00e5gs i mars m\u00e5nad 2025 en valberedning best\u00e5ende av Kenneth Andersson [&hellip;]<\/p>\n","protected":false},"author":9,"featured_media":0,"parent":38023,"menu_order":0,"comment_status":"closed","ping_status":"closed","template":"","meta":{"_et_pb_use_builder":"on","_et_pb_old_content":"","_et_gb_content_width":"","footnotes":""},"class_list":["post-38239","page","type-page","status-publish","hentry"],"_links":{"self":[{"href":"https:\/\/www.kbcomponents.com\/sv\/wp-json\/wp\/v2\/pages\/38239","targetHints":{"allow":["GET"]}}],"collection":[{"href":"https:\/\/www.kbcomponents.com\/sv\/wp-json\/wp\/v2\/pages"}],"about":[{"href":"https:\/\/www.kbcomponents.com\/sv\/wp-json\/wp\/v2\/types\/page"}],"author":[{"embeddable":true,"href":"https:\/\/www.kbcomponents.com\/sv\/wp-json\/wp\/v2\/users\/9"}],"replies":[{"embeddable":true,"href":"https:\/\/www.kbcomponents.com\/sv\/wp-json\/wp\/v2\/comments?post=38239"}],"version-history":[{"count":8,"href":"https:\/\/www.kbcomponents.com\/sv\/wp-json\/wp\/v2\/pages\/38239\/revisions"}],"predecessor-version":[{"id":39275,"href":"https:\/\/www.kbcomponents.com\/sv\/wp-json\/wp\/v2\/pages\/38239\/revisions\/39275"}],"up":[{"embeddable":true,"href":"https:\/\/www.kbcomponents.com\/sv\/wp-json\/wp\/v2\/pages\/38023"}],"wp:attachment":[{"href":"https:\/\/www.kbcomponents.com\/sv\/wp-json\/wp\/v2\/media?parent=38239"}],"curies":[{"name":"wp","href":"https:\/\/api.w.org\/{rel}","templated":true}]}}