{"id":38188,"date":"2024-12-03T08:18:07","date_gmt":"2024-12-03T07:18:07","guid":{"rendered":"https:\/\/www.kbcomponents.com\/investor-relations\/bolagstyrning\/ledningsgruppen\/"},"modified":"2025-10-15T08:56:20","modified_gmt":"2025-10-15T06:56:20","slug":"ledningsgruppen","status":"publish","type":"page","link":"https:\/\/www.kbcomponents.com\/sv\/investor-relations\/bolagstyrning\/ledningsgruppen\/","title":{"rendered":"Ledningsgruppen"},"content":{"rendered":"<p>[et_pb_section fb_built=&#8221;1&#8243; admin_label=&#8221;Hero section&#8221; _builder_version=&#8221;4.27.2&#8243; background_color=&#8221;#2c5d74&#8243; background_image=&#8221;https:\/\/www.kbcomponents.com\/wp-content\/uploads\/2024\/07\/kb-background-image.jpg&#8221; background_blend=&#8221;soft-light&#8221; custom_padding=&#8221;6%||8%||false|false&#8221; da_disable_devices=&#8221;off|off|off&#8221; global_colors_info=&#8221;{}&#8221; da_is_popup=&#8221;off&#8221; da_exit_intent=&#8221;off&#8221; da_has_close=&#8221;on&#8221; da_alt_close=&#8221;off&#8221; da_dark_close=&#8221;off&#8221; da_not_modal=&#8221;on&#8221; da_is_singular=&#8221;off&#8221; da_with_loader=&#8221;off&#8221; da_has_shadow=&#8221;on&#8221;][et_pb_row admin_label=&#8221;row&#8221; _builder_version=&#8221;4.27.0&#8243; background_size=&#8221;initial&#8221; background_position=&#8221;top_left&#8221; background_repeat=&#8221;repeat&#8221; max_width=&#8221;1440px&#8221; global_colors_info=&#8221;{}&#8221;][et_pb_column type=&#8221;4_4&#8243; _builder_version=&#8221;4.16&#8243; custom_padding=&#8221;|||&#8221; global_colors_info=&#8221;{}&#8221; custom_padding__hover=&#8221;|||&#8221;][lwp_divi_breadcrumbs font_icon=&#8221;&#x35;||divi||400&#8243; use_custom_home_link=&#8221;off&#8221; link_color=&#8221;#FFFFFF&#8221; separator_color=&#8221;#BFB7AF&#8221; current_text_color=&#8221;#FFFFFF&#8221; _builder_version=&#8221;4.27.2&#8243; _module_preset=&#8221;default&#8221; module_font=&#8221;|300|||||||&#8221; module_font_size=&#8221;16px&#8221; custom_margin=&#8221;||||false|false&#8221; custom_padding=&#8221;||||false|false&#8221; custom_css_free_form=&#8221;selector a:hover {text-decoration:underline;}||&#8221; global_colors_info=&#8221;{}&#8221;][\/lwp_divi_breadcrumbs][et_pb_text _builder_version=&#8221;4.27.2&#8243; _module_preset=&#8221;default&#8221; text_text_color=&#8221;#FFFFFF&#8221; header_text_color=&#8221;#FFFFFF&#8221; header_font_size=&#8221;50px&#8221; custom_margin=&#8221;-20px||||false|false&#8221; custom_padding=&#8221;0px||||false|false&#8221; global_colors_info=&#8221;{}&#8221;]<\/p>\n<h1>Ledningsgruppen<\/h1>\n<p>[\/et_pb_text][\/et_pb_column][\/et_pb_row][\/et_pb_section][et_pb_section fb_built=&#8221;1&#8243; disabled_on=&#8221;off|off|off&#8221; admin_label=&#8221;IR news section&#8221; _builder_version=&#8221;4.27.2&#8243; background_enable_color=&#8221;off&#8221; custom_padding=&#8221;4%||4%||true|false&#8221; da_disable_devices=&#8221;off|off|off&#8221; global_colors_info=&#8221;{}&#8221; da_is_popup=&#8221;off&#8221; da_exit_intent=&#8221;off&#8221; da_has_close=&#8221;on&#8221; da_alt_close=&#8221;off&#8221; da_dark_close=&#8221;off&#8221; da_not_modal=&#8221;on&#8221; da_is_singular=&#8221;off&#8221; da_with_loader=&#8221;off&#8221; da_has_shadow=&#8221;on&#8221;][et_pb_row admin_label=&#8221;row&#8221; _builder_version=&#8221;4.27.0&#8243; background_size=&#8221;initial&#8221; background_position=&#8221;top_left&#8221; background_repeat=&#8221;repeat&#8221; max_width=&#8221;1440px&#8221; custom_padding=&#8221;0px||0px||false|false&#8221; global_colors_info=&#8221;{}&#8221;][et_pb_column type=&#8221;4_4&#8243; _builder_version=&#8221;4.16&#8243; custom_padding=&#8221;|||&#8221; global_colors_info=&#8221;{}&#8221; custom_padding__hover=&#8221;|||&#8221;][et_pb_text _builder_version=&#8221;4.27.2&#8243; _module_preset=&#8221;default&#8221; header_font_size=&#8221;36px&#8221; global_colors_info=&#8221;{}&#8221;]<\/p>\n<div class=\"field__item\">\n<div class=\"paragraph paragraph--type--introduction paragraph--introduction paragraph--view-mode--default paragraph--introduction--default\">\n<div class=\"paragraph--introduction__inner\">\n<section class=\"afpt-introduction\">\n<h2 class=\"field field--name-field-title field--type-string field--label-hidden field__item\">Ledningsgruppen<\/h2>\n<article>\n<div class=\"clearfix text-formatted field field--name-field-text field--type-text-long field--label-hidden field__item\">\n<p>Styrelsen har delegerat det operativa ansvaret f\u00f6r f\u00f6rvaltningen av bolaget och koncernen till bolagets VD. VD leder verksamheten inom de ramar som styrelsen fastst\u00e4llt.<\/p>\n<p>VD har utsett en koncernledningsgrupp med det dagliga ansvaret f\u00f6r olika aspekter av koncernens verksamhet. KB:s ledningsgrupp tr\u00e4ffas regelbundet f\u00f6r att diskutera fr\u00e5gor som koncernens ekonomiska resultat, f\u00f6rv\u00e4rv, koncerngemensamma utvecklingsprojekt och kompetensutveckling samt olika andra strategiska fr\u00e5gor.<\/p>\n<\/div>\n<\/article>\n<\/section>\n<\/div>\n<\/div>\n<\/div>\n<p>[\/et_pb_text][\/et_pb_column][\/et_pb_row][\/et_pb_section][et_pb_section fb_built=&#8221;1&#8243; disabled_on=&#8221;off|off|off&#8221; admin_label=&#8221;PR news section&#8221; _builder_version=&#8221;4.27.2&#8243; background_color=&#8221;#f6f6f6&#8243; custom_padding=&#8221;||4%||false|false&#8221; da_disable_devices=&#8221;off|off|off&#8221; global_colors_info=&#8221;{}&#8221; da_is_popup=&#8221;off&#8221; da_exit_intent=&#8221;off&#8221; da_has_close=&#8221;on&#8221; da_alt_close=&#8221;off&#8221; da_dark_close=&#8221;off&#8221; da_not_modal=&#8221;on&#8221; da_is_singular=&#8221;off&#8221; da_with_loader=&#8221;off&#8221; da_has_shadow=&#8221;on&#8221;][et_pb_row column_structure=&#8221;1_3,1_3,1_3&#8243; use_custom_gutter=&#8221;on&#8221; gutter_width=&#8221;2&#8243; make_equal=&#8221;on&#8221; _builder_version=&#8221;4.27.4&#8243; _module_preset=&#8221;default&#8221; max_width=&#8221;1440px&#8221; custom_margin=&#8221;||0px||false|false&#8221; custom_padding=&#8221;||10px||false|false&#8221; custom_css_main_element=&#8221;display:flex;&#8221; global_colors_info=&#8221;{}&#8221; custom_css_main_element_last_edited=&#8221;on|phone&#8221; custom_css_main_element_phone=&#8221;display:block;&#8221; custom_css_main_element_tablet=&#8221;display:flex;&#8221;][et_pb_column type=&#8221;1_3&#8243; _builder_version=&#8221;4.27.2&#8243; _module_preset=&#8221;default&#8221; custom_css_main_element=&#8221;display:flex;&#8221; global_colors_info=&#8221;{}&#8221;][et_pb_blurb title=&#8221;Magnus Andersson&#8221; image=&#8221;https:\/\/www.kbcomponents.com\/wp-content\/uploads\/2024\/11\/Magnus-Andersson.jpg&#8221; _builder_version=&#8221;4.27.4&#8243; _module_preset=&#8221;default&#8221; header_font=&#8221;&#8211;et_global_heading_font|300|||||||&#8221; header_font_size=&#8221;30px&#8221; body_font_size=&#8221;16px&#8221; background_color=&#8221;#FFFFFF&#8221; custom_padding=&#8221;15px|15px|15px|15px|true|true&#8221; custom_css_free_form=&#8221;selector h4{margin-bottom:20px;}&#8221; border_width_all=&#8221;1px&#8221; border_color_all=&#8221;#BFB7AF&#8221; global_colors_info=&#8221;{}&#8221;]<\/p>\n<p>VD<\/p>\n<p><strong>Anst\u00e4lld<\/strong>: 2025<br \/><strong>F\u00f6dd<\/strong>: 1973<\/p>\n<p><strong>Huvudsaklig utbildning<\/strong>: Magisterexamen i Ekonomi fr\u00e5n Lunds universitet.<br \/><strong>\u00d6vriga p\u00e5g\u00e5ende uppdrag:<\/strong> Magnus Andersson har inga andra p\u00e5g\u00e5ende uppdrag.<br \/><strong>Arbetslivserfarenhet:<\/strong> President och CEO i Bona AB; Business Unit President -Trelleborg Seals &amp; Profiles i Trelleborg AB<br \/>(Trelleborg Sealing Profiles AB).<\/p>\n<div id=\"magnus-andersson\"><\/div>\n<p>[\/et_pb_blurb][\/et_pb_column][et_pb_column type=&#8221;1_3&#8243; _builder_version=&#8221;4.27.2&#8243; _module_preset=&#8221;default&#8221; custom_css_main_element=&#8221;display:flex;&#8221; global_colors_info=&#8221;{}&#8221;][et_pb_blurb title=&#8221;Magnus Gustafson&#8221; image=&#8221;https:\/\/www.kbcomponents.com\/wp-content\/uploads\/2025\/03\/magnus-gustafson-webb.jpg&#8221; _builder_version=&#8221;4.27.4&#8243; _module_preset=&#8221;default&#8221; header_font=&#8221;&#8211;et_global_heading_font|300|||||||&#8221; header_font_size=&#8221;30px&#8221; body_font_size=&#8221;16px&#8221; background_color=&#8221;#FFFFFF&#8221; custom_padding=&#8221;15px|15px|15px|15px|true|true&#8221; custom_css_free_form=&#8221;selector h4{margin-bottom:20px;}&#8221; border_width_all=&#8221;1px&#8221; border_color_all=&#8221;#BFB7AF&#8221; global_colors_info=&#8221;{}&#8221;]Quality Director<\/p>\n<p><strong>Anst\u00e4lld<\/strong>: 2025<br \/>\n<strong>F\u00f6dd<\/strong>: 1964<\/p>\n<p><strong>Huvudsaklig utbildning<\/strong>: Ingenj\u00f6rsexamen from Tycho Brahe Gymnasiet in Helsingborg, Certified in Project Management by IHM Business School and Black Belt Six Sigma Industrial Continuous Improvement Leader.<br \/>\n<strong>\u00d6vriga p\u00e5g\u00e5ende uppdrag:<\/strong> Magnus Gustafson har inga andra p\u00e5g\u00e5ende uppdrag.<br \/>\n<strong>Arbetslivserfarenhet:<\/strong> 25 \u00e5rs erfarenhet som kvalitets- och EHS-chef i internationella f\u00f6retag, t.ex. tillverkande av mekaniska och elektroniska produkter till fordons- och medicinindustrin.<br \/>\n<strong>Aktieinnehav:\u00a0<\/strong> -[\/et_pb_blurb][\/et_pb_column][et_pb_column type=&#8221;1_3&#8243; _builder_version=&#8221;4.27.2&#8243; _module_preset=&#8221;default&#8221; custom_css_main_element=&#8221;display:flex;&#8221; global_colors_info=&#8221;{}&#8221;][et_pb_blurb title=&#8221;Michael Grindborn&#8221; image=&#8221;https:\/\/www.kbcomponents.com\/wp-content\/uploads\/2025\/08\/michael-grindborn-webb.jpg&#8221; _builder_version=&#8221;4.27.4&#8243; _module_preset=&#8221;default&#8221; header_font=&#8221;&#8211;et_global_heading_font|300|||||||&#8221; header_font_size=&#8221;30px&#8221; body_font_size=&#8221;16px&#8221; background_color=&#8221;#FFFFFF&#8221; custom_padding=&#8221;15px|15px|15px|15px|true|true&#8221; hover_enabled=&#8221;0&#8243; custom_css_free_form=&#8221;selector h4{margin-bottom:20px;}&#8221; border_width_all=&#8221;1px&#8221; border_color_all=&#8221;#BFB7AF&#8221; global_colors_info=&#8221;{}&#8221; sticky_enabled=&#8221;0&#8243;]<\/p>\n<p>CFO<\/p>\n<p><strong>Anst\u00e4lld<\/strong>: 2025<br \/><strong>F\u00f6dd<\/strong>: 1968<\/p>\n<p><strong>Huvudsaklig utbildning<\/strong>: <span class=\"HwtZe\" jsname=\"jqKxS\" jsaction=\"mouseup:Sxi9L,BR6jm; mousedown:qjlr0e\" lang=\"sv\"><span jsname=\"txFAF\" class=\"jCAhz ChMk0b\" jsaction=\"agoMJf:PFBcW;MZfLnc:P7O7bd;nt4Alf:pvnm0e,pfE8Hb,PFBcW;B01qod:dJXsye;H1e5u:iXtTIf;lYIUJf:hij5Wb;tSpjdb:qAKMYb\" jscontroller=\"BiTO4b\"><span class=\"ryNqvb\" jsname=\"W297wb\" jsaction=\"click:PDNqTc,GFf3ac,qlVvte;contextmenu:Nqw7Te,QP7LD; mouseout:Nqw7Te; mouseover:PDNqTc,c2aHje\">Masterexamen i f\u00f6retagsekonomi fr\u00e5n SDA Bocconi, Milano, Italien.<\/span><\/span><\/span><br \/><strong>\u00d6vriga p\u00e5g\u00e5ende uppdrag:<\/strong> Michael Grindborn har inga andra p\u00e5g\u00e5ende uppdrag. (fortfarande finansdirekt\u00f6r f\u00f6r Balco Group fram till den 31 oktober 2025)<br \/><strong>Arbetslivserfarenhet:<\/strong> Finansdirekt\u00f6r f\u00f6r Balco Group, finansdirekt\u00f6r f\u00f6r Lammhults Design Group, finansdirekt\u00f6r f\u00f6r HEXPOL Engineered Products, finansdirekt\u00f6r f\u00f6r Recticel Nordics, finansdirekt\u00f6r f\u00f6r Animex, VD f\u00f6r Forshedaverken, finansdirekt\u00f6r f\u00f6r Dolomite, finansdirekt\u00f6r f\u00f6r IST<br \/><strong>Aktieinnehav:\u00a0<\/strong> &#8211;<\/p>\n<p>[\/et_pb_blurb][\/et_pb_column][\/et_pb_row][et_pb_row column_structure=&#8221;1_3,1_3,1_3&#8243; use_custom_gutter=&#8221;on&#8221; gutter_width=&#8221;2&#8243; _builder_version=&#8221;4.27.4&#8243; _module_preset=&#8221;default&#8221; max_width=&#8221;1440px&#8221; custom_margin=&#8221;||0px||false|false&#8221; custom_padding=&#8221;||10px||false|false&#8221; custom_css_main_element=&#8221;display:flex;&#8221; global_colors_info=&#8221;{}&#8221; custom_css_main_element_last_edited=&#8221;on|phone&#8221; custom_css_main_element_phone=&#8221;display:block;&#8221; custom_css_main_element_tablet=&#8221;display:flex;&#8221;][et_pb_column type=&#8221;1_3&#8243; _builder_version=&#8221;4.27.2&#8243; _module_preset=&#8221;default&#8221; custom_css_main_element=&#8221;display:flex;&#8221; global_colors_info=&#8221;{}&#8221;][et_pb_blurb title=&#8221;Niklas Nilsson&#8221; image=&#8221;https:\/\/www.kbcomponents.com\/wp-content\/uploads\/2025\/02\/Niklas-Nilsson-webb.jpg&#8221; _builder_version=&#8221;4.27.4&#8243; _module_preset=&#8221;default&#8221; header_font=&#8221;&#8211;et_global_heading_font|300|||||||&#8221; header_font_size=&#8221;30px&#8221; body_font_size=&#8221;16px&#8221; background_color=&#8221;#FFFFFF&#8221; custom_padding=&#8221;15px|15px|15px|15px|true|true&#8221; custom_css_free_form=&#8221;selector h4{margin-bottom:20px;}&#8221; border_width_all=&#8221;1px&#8221; border_color_all=&#8221;#BFB7AF&#8221; global_colors_info=&#8221;{}&#8221;]<\/p>\n<p>Sales Director<\/p>\n<p><strong>Anst\u00e4lld<\/strong>: 2025<br \/><strong>F\u00f6dd<\/strong>: 1978<\/p>\n<p><strong>Huvudsaklig utbildning<\/strong>: Magisterexamen i industriell organisation och ekonomi. Kandidatexamen i innovationsteknik.<br \/><strong>\u00d6vriga p\u00e5g\u00e5ende uppdrag:<\/strong> Niklas Nilsson har inga andra p\u00e5g\u00e5ende uppdrag<br \/><strong>Arbetslivserfarenhet:<\/strong> Sales Manager Rubber, Plastic and Adhesive hos Algol Chemicals AB<br \/><strong>Aktieinnehav: <\/strong>\u2013<\/p>\n<p>&nbsp;<\/p>\n<p>[\/et_pb_blurb][\/et_pb_column][et_pb_column type=&#8221;1_3&#8243; _builder_version=&#8221;4.27.2&#8243; _module_preset=&#8221;default&#8221; custom_css_main_element=&#8221;display:flex;||&#8221; global_colors_info=&#8221;{}&#8221;][et_pb_blurb title=&#8221;Luan Zogaj&#8221; image=&#8221;https:\/\/www.kbcomponents.com\/wp-content\/uploads\/2024\/11\/Luan-Zogaj-scaled.jpg&#8221; _builder_version=&#8221;4.27.4&#8243; _module_preset=&#8221;default&#8221; header_font=&#8221;&#8211;et_global_heading_font|300|||||||&#8221; header_font_size=&#8221;30px&#8221; body_font_size=&#8221;16px&#8221; background_color=&#8221;#FFFFFF&#8221; custom_padding=&#8221;15px|15px|15px|15px|true|true&#8221; custom_css_free_form=&#8221;selector h4{margin-bottom:20px;}&#8221; border_width_all=&#8221;1px&#8221; border_color_all=&#8221;#BFB7AF&#8221; global_colors_info=&#8221;{}&#8221;]<\/p>\n<p>Production Director<\/p>\n<p><strong>Anst\u00e4lld<\/strong>: 2022<br \/><strong>F\u00f6dd<\/strong>: 1985<\/p>\n<p><strong>Huvudsaklig utbildning<\/strong>: H\u00f6gskoleingenj\u00f6rsexamen inom maskinteknik fr\u00e5n J\u00f6nk\u00f6ping universitet.<br \/><strong>\u00d6vriga p\u00e5g\u00e5ende uppdrag:<\/strong> Styrelseledamot i \u00d6rkelljunga N\u00e4ringsliv \u2013 Ekonomisk F\u00f6rening.<br \/><strong>Arbetslivserfarenhet:<\/strong> Fabrikschef\/ink\u00f6pschef i LAGAB AB.<\/p>\n<div id=\"luan-zogaj\"><\/div>\n<p>[\/et_pb_blurb][\/et_pb_column][et_pb_column type=&#8221;1_3&#8243; _builder_version=&#8221;4.27.2&#8243; _module_preset=&#8221;default&#8221; custom_css_main_element=&#8221;display:flex;&#8221; global_colors_info=&#8221;{}&#8221;][et_pb_blurb title=&#8221;Jimmy Abrahamsson&#8221; image=&#8221;https:\/\/www.kbcomponents.com\/wp-content\/uploads\/2024\/11\/Jimmy-Abrahamsson.jpg&#8221; _builder_version=&#8221;4.27.4&#8243; _module_preset=&#8221;default&#8221; header_font=&#8221;&#8211;et_global_heading_font|300|||||||&#8221; header_font_size=&#8221;30px&#8221; body_font_size=&#8221;16px&#8221; background_color=&#8221;#FFFFFF&#8221; custom_padding=&#8221;15px|15px|15px|15px|true|true&#8221; custom_css_free_form=&#8221;selector h4{margin-bottom:20px;}&#8221; border_width_all=&#8221;1px&#8221; border_color_all=&#8221;#BFB7AF&#8221; global_colors_info=&#8221;{}&#8221;]<\/p>\n<p>Sourcing Director<\/p>\n<p><strong>Anst\u00e4lld<\/strong>: 2016<br \/><strong>F\u00f6dd<\/strong>: 1978<\/p>\n<p><strong>Huvudsaklig utbildning<\/strong>: Gymnasieexamen i handel och administration fr\u00e5n R\u00f6nnegymnasiet \u00c4ngelholm.<br \/><strong>\u00d6vriga p\u00e5g\u00e5ende uppdrag:<\/strong> Jimmy Abrahamsson har inga andra p\u00e5g\u00e5ende uppdrag.<br \/><strong>Arbetslivserfarenhet:<\/strong> Senior Category Manager och dessf\u00f6rinnan Senior Purchaser i KB Components.<\/p>\n<div id=\"jimmy-abrahamsson\"><\/div>\n<p>[\/et_pb_blurb][\/et_pb_column][\/et_pb_row][et_pb_row column_structure=&#8221;1_3,1_3,1_3&#8243; use_custom_gutter=&#8221;on&#8221; gutter_width=&#8221;2&#8243; _builder_version=&#8221;4.27.4&#8243; _module_preset=&#8221;default&#8221; max_width=&#8221;1440px&#8221; custom_margin=&#8221;||0px||false|false&#8221; custom_padding=&#8221;||10px||false|false&#8221; custom_css_main_element=&#8221;display:flex;&#8221; global_colors_info=&#8221;{}&#8221; custom_css_main_element_last_edited=&#8221;on|phone&#8221; custom_css_main_element_phone=&#8221;display:block;&#8221; custom_css_main_element_tablet=&#8221;display:flex;&#8221;][et_pb_column type=&#8221;1_3&#8243; _builder_version=&#8221;4.27.2&#8243; _module_preset=&#8221;default&#8221; custom_css_main_element=&#8221;display:flex;&#8221; global_colors_info=&#8221;{}&#8221;][et_pb_blurb title=&#8221;Elisabeth Carlheim-Gyllenski\u00f6ld&#8221; image=&#8221;https:\/\/www.kbcomponents.com\/wp-content\/uploads\/2024\/11\/Elisabeth-Gyllenskiold.jpg&#8221; _builder_version=&#8221;4.27.4&#8243; _module_preset=&#8221;default&#8221; header_font=&#8221;&#8211;et_global_heading_font|300|||||||&#8221; header_font_size=&#8221;30px&#8221; body_font_size=&#8221;16px&#8221; background_color=&#8221;#FFFFFF&#8221; custom_padding=&#8221;15px|15px|15px|15px|true|true&#8221; custom_css_free_form=&#8221;selector h4{margin-bottom:20px;}&#8221; border_width_all=&#8221;1px&#8221; border_color_all=&#8221;#BFB7AF&#8221; global_colors_info=&#8221;{}&#8221;]<\/p>\n<p>HR Director<\/p>\n<p><strong>Anst\u00e4lld<\/strong>: 2018<br \/><strong>F\u00f6dd<\/strong>: 1981<\/p>\n<p><strong>Huvudsaklig utbildning<\/strong>: Fil.Kand. i Personal- och arbetslivsvetenskap fr\u00e5n H\u00f6gskolan Kristianstad.<br \/><strong>\u00d6vriga p\u00e5g\u00e5ende uppdrag:<\/strong> Styrelseledamot i Polymercentrums intressef\u00f6rening, Polymertekniska institutet AB samt Polymercentrum AB.<br \/><strong>Arbetslivserfarenhet:<\/strong> Elisabeth Carlheim-Gyllenski\u00f6ld har inte haft n\u00e5gra andra befattningar under de senaste fem \u00e5ren<\/p>\n<div id=\"elisabeth-carlheim\"><\/div>\n<p>[\/et_pb_blurb][\/et_pb_column][et_pb_column type=&#8221;1_3&#8243; _builder_version=&#8221;4.27.2&#8243; _module_preset=&#8221;default&#8221; custom_css_main_element=&#8221;display:flex;||&#8221; global_colors_info=&#8221;{}&#8221;][et_pb_blurb title=&#8221;Erik Haraldsson&#8221; image=&#8221;https:\/\/www.kbcomponents.com\/wp-content\/uploads\/2024\/12\/Erik-Haraldsson.jpg&#8221; _builder_version=&#8221;4.27.4&#8243; _module_preset=&#8221;default&#8221; header_font=&#8221;&#8211;et_global_heading_font|300|||||||&#8221; header_font_size=&#8221;30px&#8221; body_font_size=&#8221;16px&#8221; background_color=&#8221;#FFFFFF&#8221; custom_padding=&#8221;15px|15px|15px|15px|true|true&#8221; custom_css_free_form=&#8221;selector h4{margin-bottom:20px;}&#8221; border_width_all=&#8221;1px&#8221; border_color_all=&#8221;#BFB7AF&#8221; global_colors_info=&#8221;{}&#8221;]<\/p>\n<p><span>Technology and Project Director<\/span><\/p>\n<p><strong>Anst\u00e4lld<\/strong>: 2014<br \/><strong>F\u00f6dd<\/strong>: <span>1980<\/span><\/p>\n<p><strong>Huvudsaklig utbildning<\/strong>: Studier i verktygsdesign vid en yrkesh\u00f6gskola.<br \/><strong>\u00d6vriga p\u00e5g\u00e5ende uppdrag:<\/strong> Styrelseledamot och VD f\u00f6r KB Components PlaCell AB<br \/><strong>Arbetslivserfarenhet:<\/strong> Erik Haraldsson har inte haft n\u00e5gra andra befattningar under de senaste fem \u00e5ren.<\/p>\n<div id=\"erik-haraldsson\"><\/div>\n<p>[\/et_pb_blurb][\/et_pb_column][et_pb_column type=&#8221;1_3&#8243; _builder_version=&#8221;4.27.2&#8243; _module_preset=&#8221;default&#8221; custom_css_main_element=&#8221;display:flex;&#8221; global_colors_info=&#8221;{}&#8221;][\/et_pb_column][\/et_pb_row][\/et_pb_section][et_pb_section fb_built=&#8221;1&#8243; _builder_version=&#8221;4.27.4&#8243; _module_preset=&#8221;default&#8221; da_disable_devices=&#8221;off|off|off&#8221; global_colors_info=&#8221;{}&#8221; da_is_popup=&#8221;off&#8221; da_exit_intent=&#8221;off&#8221; da_has_close=&#8221;on&#8221; da_alt_close=&#8221;off&#8221; da_dark_close=&#8221;off&#8221; da_not_modal=&#8221;on&#8221; da_is_singular=&#8221;off&#8221; da_with_loader=&#8221;off&#8221; da_has_shadow=&#8221;on&#8221;][et_pb_row _builder_version=&#8221;4.27.4&#8243; _module_preset=&#8221;default&#8221; global_colors_info=&#8221;{}&#8221;][et_pb_column type=&#8221;4_4&#8243; _builder_version=&#8221;4.27.4&#8243; _module_preset=&#8221;default&#8221; global_colors_info=&#8221;{}&#8221;][et_pb_code _builder_version=&#8221;4.27.4&#8243; _module_preset=&#8221;default&#8221; global_colors_info=&#8221;{}&#8221;]<!DOCTYPE html>\n<html lang=\"en\">\n\n<script>\n    (function(widgets) {\n        var url = \"https:\/\/widget.datablocks.se\/api\/rose\";\n        if (!window._MF) {\n            var b = document.createElement(\"script\");\n            b.type = \"text\/javascript\";\n            b.async = true;\n            b.src = url + \"\/assets\/js\/loader-v5.js\";\n            document.getElementsByTagName(\"body\")[0].appendChild(b);\n\t\t    }\n\t\t    window._MF = window._MF || {\n            data: [],\n            url: url,\n            ready: !!0,\n            render: function() { window._MF.ready = !0 },\n            push: function(w) { window._MF.data.push(w) }\n\t\t    };\t\n\t\t    window._MF.push(widgets);\n    })([{\n        query:\"#stefan-andersson\"\n        ,widget: \"owner-holdings\"\n        ,locale: \"sv\"\n        ,token: \"e34ba736-b571-4870-8a50-b2a19c93000a\"\n    },\n        {\n        query:\"#ann-charlotte-ljungberg\"\n        ,widget: \"owner-holdings\"\n        ,locale: \"sv\"\n        ,token: \"ce6e7f6f-286a-4bdc-88a5-1b703abe3e9c\"\n            },\n        {\n        query:\"#bo-matson\"\n        ,widget: \"owner-holdings\"\n        ,locale: \"sv\"\n        ,token: \"50013436-4e9d-4849-b70e-4a26370f9175\"\n            },\n        {\n        query:\"#elisabeth-carlheim\"\n        ,widget: \"owner-holdings\"\n        ,locale: \"sv\"\n        ,token: \"9b2a33fc-90c2-4567-a0af-e545e47fa849\"\n            },\n        {\n        query:\"#erik-haraldsson\"\n        ,widget: \"owner-holdings\"\n        ,locale: \"sv\"\n        ,token: \"a82d190f-3eca-421b-bb6a-9f6c7eef54b8\"\n            },\n        {\n        query:\"#erling-levin\"\n        ,widget: \"owner-holdings\"\n        ,locale: \"sv\"\n        ,token: \"4592b047-f293-40e0-8da9-395cf497dbbd\"\n            },\n        {\n        query:\"#jimmy-abrahamsson\"\n        ,widget: \"owner-holdings\"\n        ,locale: \"sv\"\n        ,token: \"06bf1e2b-8b27-477b-80b2-13be5a9e20a0\"\n            },\n        {\n        query:\"#luan-zogaj\"\n        ,widget: \"owner-holdings\"\n        ,locale: \"sv\"\n        ,token: \"369d397a-d2a1-4a3b-80ee-3b5fe6ddbaed\"\n            },\n        {\n        query:\"#magnus-andersson\"\n        ,widget: \"owner-holdings\"\n        ,locale: \"sv\"\n        ,token: \"cc24837a-d582-4d13-83bc-3959967d3336\"\n            },\n        {\n        query:\"#maria-gumabon\"\n        ,widget: \"owner-holdings\"\n        ,locale: \"sv\"\n        ,token: \"c3323b9f-d76e-4d95-ad4f-91013109f149\"\n            },\n        {\n        query:\"#mikael-fryklund\"\n        ,widget: \"owner-holdings\"\n        ,locale: \"sv\"\n        ,token: \"20ca8fd5-bdc9-4573-91c6-6bbf49b6ade4\"\n    }],\n    );\n<\/script>\n<\/html>[\/et_pb_code][\/et_pb_column][\/et_pb_row][\/et_pb_section]<\/p>\n","protected":false},"excerpt":{"rendered":"<p><div class=\"et_pb_module lwp_divi_breadcrumbs lwp_divi_breadcrumbs_0\">\n\t\t\t\t\n\t\t\t\t\n\t\t\t\t\n\t\t\t\t\n\t\t\t\t\n\t\t\t\t\n\t\t\t\t<div class=\"et_pb_module_inner\">\n\t\t\t\t\t<div class=\"lwp-breadcrumbs\"> <span class=\"before\"><\/span> <span vocab=\"https:\/\/schema.org\/\" typeof=\"BreadcrumbList\"><span property=\"itemListElement\" typeof=\"ListItem\"><a property=\"item\" typeof=\"WebPage\" href=\"https:\/\/www.kbcomponents.com\/sv\/\" class=\"home\"><span property=\"name\">Home<\/span><\/a><meta property=\"position\" content=\"1\"><\/span> <span class=\"separator et-pb-icon\">5<\/span> <\/span><\/div>\n\t\t\t\t<\/div>\n\t\t\t<\/div>Ledningsgruppen Ledningsgruppen Styrelsen har delegerat det operativa ansvaret f\u00f6r f\u00f6rvaltningen av bolaget och koncernen till bolagets VD. VD leder verksamheten inom de ramar som styrelsen fastst\u00e4llt. VD har utsett en koncernledningsgrupp med det dagliga ansvaret f\u00f6r olika aspekter av koncernens [&hellip;]<\/p>\n","protected":false},"author":13,"featured_media":0,"parent":38023,"menu_order":0,"comment_status":"closed","ping_status":"closed","template":"","meta":{"_et_pb_use_builder":"on","_et_pb_old_content":"","_et_gb_content_width":"","footnotes":""},"class_list":["post-38188","page","type-page","status-publish","hentry"],"_links":{"self":[{"href":"https:\/\/www.kbcomponents.com\/sv\/wp-json\/wp\/v2\/pages\/38188","targetHints":{"allow":["GET"]}}],"collection":[{"href":"https:\/\/www.kbcomponents.com\/sv\/wp-json\/wp\/v2\/pages"}],"about":[{"href":"https:\/\/www.kbcomponents.com\/sv\/wp-json\/wp\/v2\/types\/page"}],"author":[{"embeddable":true,"href":"https:\/\/www.kbcomponents.com\/sv\/wp-json\/wp\/v2\/users\/13"}],"replies":[{"embeddable":true,"href":"https:\/\/www.kbcomponents.com\/sv\/wp-json\/wp\/v2\/comments?post=38188"}],"version-history":[{"count":31,"href":"https:\/\/www.kbcomponents.com\/sv\/wp-json\/wp\/v2\/pages\/38188\/revisions"}],"predecessor-version":[{"id":40016,"href":"https:\/\/www.kbcomponents.com\/sv\/wp-json\/wp\/v2\/pages\/38188\/revisions\/40016"}],"up":[{"embeddable":true,"href":"https:\/\/www.kbcomponents.com\/sv\/wp-json\/wp\/v2\/pages\/38023"}],"wp:attachment":[{"href":"https:\/\/www.kbcomponents.com\/sv\/wp-json\/wp\/v2\/media?parent=38188"}],"curies":[{"name":"wp","href":"https:\/\/api.w.org\/{rel}","templated":true}]}}