{"id":38040,"date":"2024-12-02T11:07:15","date_gmt":"2024-12-02T10:07:15","guid":{"rendered":"https:\/\/www.kbcomponents.com\/investor-relations\/kb-components-som-investering\/"},"modified":"2024-12-10T11:17:06","modified_gmt":"2024-12-10T10:17:06","slug":"kb-components-som-investering","status":"publish","type":"page","link":"https:\/\/www.kbcomponents.com\/sv\/investor-relations\/kb-components-som-investering\/","title":{"rendered":"KB Components som investering"},"content":{"rendered":"<p>[et_pb_section fb_built=&#8221;1&#8243; admin_label=&#8221;Hero section&#8221; _builder_version=&#8221;4.27.3&#8243; background_color=&#8221;#191919&#8243; background_image=&#8221;https:\/\/www.kbcomponents.com\/wp-content\/uploads\/2024\/12\/investor-relations-investment.jpg&#8221; background_blend=&#8221;soft-light&#8221; custom_padding=&#8221;6%||8%||false|false&#8221; hover_enabled=&#8221;0&#8243; da_disable_devices=&#8221;off|off|off&#8221; global_colors_info=&#8221;{}&#8221; title_text=&#8221;investor-relations-investment&#8221; sticky_enabled=&#8221;0&#8243; da_is_popup=&#8221;off&#8221; da_exit_intent=&#8221;off&#8221; da_has_close=&#8221;on&#8221; da_alt_close=&#8221;off&#8221; da_dark_close=&#8221;off&#8221; da_not_modal=&#8221;on&#8221; da_is_singular=&#8221;off&#8221; da_with_loader=&#8221;off&#8221; da_has_shadow=&#8221;on&#8221;][et_pb_row admin_label=&#8221;row&#8221; _builder_version=&#8221;4.27.0&#8243; background_size=&#8221;initial&#8221; background_position=&#8221;top_left&#8221; background_repeat=&#8221;repeat&#8221; max_width=&#8221;1440px&#8221; global_colors_info=&#8221;{}&#8221;][et_pb_column type=&#8221;4_4&#8243; _builder_version=&#8221;4.16&#8243; custom_padding=&#8221;|||&#8221; global_colors_info=&#8221;{}&#8221; custom_padding__hover=&#8221;|||&#8221;][lwp_divi_breadcrumbs font_icon=&#8221;&#x35;||divi||400&#8243; use_custom_home_link=&#8221;off&#8221; link_color=&#8221;#FFFFFF&#8221; separator_color=&#8221;#BFB7AF&#8221; current_text_color=&#8221;#FFFFFF&#8221; _builder_version=&#8221;4.27.2&#8243; _module_preset=&#8221;default&#8221; module_font=&#8221;|300|||||||&#8221; module_font_size=&#8221;16px&#8221; custom_margin=&#8221;||||false|false&#8221; custom_padding=&#8221;||||false|false&#8221; custom_css_free_form=&#8221;selector a:hover {text-decoration:underline;}||&#8221; global_colors_info=&#8221;{}&#8221;][\/lwp_divi_breadcrumbs][et_pb_text _builder_version=&#8221;4.27.2&#8243; _module_preset=&#8221;default&#8221; text_text_color=&#8221;#FFFFFF&#8221; header_text_color=&#8221;#FFFFFF&#8221; header_font_size=&#8221;50px&#8221; custom_margin=&#8221;-20px||||false|false&#8221; custom_padding=&#8221;0px||||false|false&#8221; global_colors_info=&#8221;{}&#8221;]<\/p>\n<h1>KB Components som investering<\/h1>\n<p>[\/et_pb_text][\/et_pb_column][\/et_pb_row][\/et_pb_section][et_pb_section fb_built=&#8221;1&#8243; disabled_on=&#8221;off|off|off&#8221; admin_label=&#8221;IR news section&#8221; _builder_version=&#8221;4.27.2&#8243; background_enable_color=&#8221;off&#8221; custom_padding=&#8221;4%||4%||true|false&#8221; da_disable_devices=&#8221;off|off|off&#8221; global_colors_info=&#8221;{}&#8221; da_is_popup=&#8221;off&#8221; da_exit_intent=&#8221;off&#8221; da_has_close=&#8221;on&#8221; da_alt_close=&#8221;off&#8221; da_dark_close=&#8221;off&#8221; da_not_modal=&#8221;on&#8221; da_is_singular=&#8221;off&#8221; da_with_loader=&#8221;off&#8221; da_has_shadow=&#8221;on&#8221;][et_pb_row admin_label=&#8221;row&#8221; _builder_version=&#8221;4.27.0&#8243; background_size=&#8221;initial&#8221; background_position=&#8221;top_left&#8221; background_repeat=&#8221;repeat&#8221; max_width=&#8221;1440px&#8221; custom_padding=&#8221;0px||0px||false|false&#8221; global_colors_info=&#8221;{}&#8221;][et_pb_column type=&#8221;4_4&#8243; _builder_version=&#8221;4.16&#8243; custom_padding=&#8221;|||&#8221; global_colors_info=&#8221;{}&#8221; custom_padding__hover=&#8221;|||&#8221;][et_pb_text _builder_version=&#8221;4.27.2&#8243; _module_preset=&#8221;default&#8221; text_font=&#8221;||||||||&#8221; text_font_size=&#8221;22px&#8221; text_line_height=&#8221;1.8em&#8221; header_font_size=&#8221;36px&#8221; header_2_font=&#8221;||||||||&#8221; global_colors_info=&#8221;{}&#8221;]<\/p>\n<h2>KB Components AB i korthet<\/h2>\n<p>KB Components AB, handlas p\u00e5 First North Premier Growth Market, \u00e4r en svensk koncern med global n\u00e4rvaro p\u00e5 3 kontinenter.<br \/>Vi \u00e4r specialiserade p\u00e5 design, utveckling och tillverkning av h\u00f6gkvalitativa polymerkomponenter f\u00f6r en m\u00e4ngd olika industrier, inklusive fordons-, medicin- och konsumentvaror. V\u00e5rt team av skickliga ingenj\u00f6rer och tekniker arbetar n\u00e4ra v\u00e5ra kunder f\u00f6r att skapa skr\u00e4ddarsydda l\u00f6sningar som m\u00f6ter deras specifika behov och krav. V\u00e5r strategi kan sammanfattas enligt f\u00f6ljande:<\/p>\n<p>[\/et_pb_text][\/et_pb_column][\/et_pb_row][et_pb_row column_structure=&#8221;1_2,1_2&#8243; _builder_version=&#8221;4.27.2&#8243; _module_preset=&#8221;default&#8221; max_width=&#8221;1440px&#8221; custom_padding=&#8221;60px||60px||true|false&#8221; global_colors_info=&#8221;{}&#8221;][et_pb_column type=&#8221;1_2&#8243; _builder_version=&#8221;4.27.2&#8243; _module_preset=&#8221;default&#8221; global_colors_info=&#8221;{}&#8221;][et_pb_image src=&#8221;https:\/\/www.kbcomponents.com\/wp-content\/uploads\/2024\/08\/kbcomponents-plastic-injection-moulding.jpg&#8221; alt=&#8221;KB Components &#8211; Plastic Injection Moulding specialists in polymer components&#8221; title_text=&#8221;kbcomponents-plastic-injection-moulding&#8221; _builder_version=&#8221;4.27.2&#8243; _module_preset=&#8221;default&#8221; global_colors_info=&#8221;{}&#8221;][\/et_pb_image][\/et_pb_column][et_pb_column type=&#8221;1_2&#8243; _builder_version=&#8221;4.27.2&#8243; _module_preset=&#8221;default&#8221; custom_padding=&#8221;10px|50px|||false|false&#8221; global_colors_info=&#8221;{}&#8221;][et_pb_text _builder_version=&#8221;4.27.3&#8243; _module_preset=&#8221;default&#8221; header_3_font=&#8221;||||||||&#8221; header_3_font_size=&#8221;32px&#8221; custom_css_free_form=&#8221;selector h3{font-weight:500;}&#8221; global_colors_info=&#8221;{}&#8221;]<\/p>\n<h3>1. Tekniskt ledarskap<\/h3>\n<p>Som en ledande leverant\u00f6r av polymerkomponenter forskar och utvecklar vi st\u00e4ndigt nya material och teknologier f\u00f6r att ligga f\u00f6re konkurrenterna. V\u00e5rt engagemang f\u00f6r innovation g\u00f6r att vi kan erbjuda v\u00e5ra kunder spjutspetsl\u00f6sningar som inte bara m\u00f6ter deras nuvarande behov utan ocks\u00e5 f\u00f6rutser framtida utmaningar.<br \/>KB Components toppmoderna tillverknings- och logistiksystem s\u00e4kerst\u00e4ller exceptionell kundn\u00f6jdhet med enast\u00e5ende leverans- och kvalitetsprestanda. Med ett starkt fokus p\u00e5 kvalitet, innovation och kundservice \u00e4r KB Components engagerade i att leverera h\u00f6gsta standard av polymerkomponenter och tj\u00e4nster till sina kunder.<\/p>\n<p>[\/et_pb_text][\/et_pb_column][\/et_pb_row][et_pb_row column_structure=&#8221;1_2,1_2&#8243; _builder_version=&#8221;4.27.2&#8243; _module_preset=&#8221;default&#8221; max_width=&#8221;1440px&#8221; custom_padding=&#8221;60px||60px||true|false&#8221; global_colors_info=&#8221;{}&#8221;][et_pb_column type=&#8221;1_2&#8243; _builder_version=&#8221;4.27.2&#8243; _module_preset=&#8221;default&#8221; custom_padding=&#8221;10px|||50px|false|false&#8221; global_colors_info=&#8221;{}&#8221;][et_pb_text _builder_version=&#8221;4.27.3&#8243; _module_preset=&#8221;default&#8221; header_3_font=&#8221;||||||||&#8221; header_3_font_size=&#8221;32px&#8221; custom_css_free_form=&#8221;selector h3{font-weight:500;}&#8221; global_colors_info=&#8221;{}&#8221;]<\/p>\n<h3>2. Operationell excellens<\/h3>\n<p>P\u00e5 KB Components \u00e4r vi dedikerade till att s\u00e4kerst\u00e4lla h\u00f6gsta kvalitet p\u00e5 v\u00e5ra produkter och tj\u00e4nster. V\u00e5rt kvalitetsledningssystem \u00e4r certifierat enligt ISO 9001 och IATF 16949 standarder, vilket s\u00e4kerst\u00e4ller att v\u00e5ra processer uppfyller de str\u00e4ngaste kraven. Vi \u00f6vervakar och f\u00f6rb\u00e4ttrar kontinuerligt v\u00e5ra processer f\u00f6r att garantera kundn\u00f6jdhet och beh\u00e5lla v\u00e5r position som en ledande leverant\u00f6r av polymerkomponenter.<br \/>Vi f\u00f6rst\u00e5r vikten av milj\u00f6ansvar och \u00e4r dedikerade till att minska v\u00e5r p\u00e5verkan p\u00e5 milj\u00f6n. Vi str\u00e4var efter att minimera avfall, spara resurser och implementera h\u00e5llbara metoder i hela v\u00e5r verksamhet. Genom att arbeta n\u00e4ra v\u00e5ra kunder kan vi utveckla milj\u00f6v\u00e4nliga l\u00f6sningar som gynnar b\u00e5de deras f\u00f6retag och planeten.<\/p>\n<p>[\/et_pb_text][\/et_pb_column][et_pb_column type=&#8221;1_2&#8243; _builder_version=&#8221;4.27.2&#8243; _module_preset=&#8221;default&#8221; global_colors_info=&#8221;{}&#8221;][et_pb_image src=&#8221;https:\/\/www.kbcomponents.com\/wp-content\/uploads\/2024\/08\/kbcomponents-plastic-injection-moulding.jpg&#8221; alt=&#8221;KB Components &#8211; Plastic Injection Moulding specialists in polymer components&#8221; title_text=&#8221;kbcomponents-plastic-injection-moulding&#8221; _builder_version=&#8221;4.27.2&#8243; _module_preset=&#8221;default&#8221; global_colors_info=&#8221;{}&#8221;][\/et_pb_image][\/et_pb_column][\/et_pb_row][et_pb_row column_structure=&#8221;1_2,1_2&#8243; _builder_version=&#8221;4.27.2&#8243; _module_preset=&#8221;default&#8221; max_width=&#8221;1440px&#8221; custom_padding=&#8221;60px||60px||true|false&#8221; global_colors_info=&#8221;{}&#8221;][et_pb_column type=&#8221;1_2&#8243; _builder_version=&#8221;4.27.2&#8243; _module_preset=&#8221;default&#8221; global_colors_info=&#8221;{}&#8221;][et_pb_image src=&#8221;https:\/\/www.kbcomponents.com\/wp-content\/uploads\/2024\/08\/kbcomponents-plastic-injection-moulding.jpg&#8221; alt=&#8221;KB Components &#8211; Plastic Injection Moulding specialists in polymer components&#8221; title_text=&#8221;kbcomponents-plastic-injection-moulding&#8221; _builder_version=&#8221;4.27.2&#8243; _module_preset=&#8221;default&#8221; global_colors_info=&#8221;{}&#8221;][\/et_pb_image][\/et_pb_column][et_pb_column type=&#8221;1_2&#8243; _builder_version=&#8221;4.27.2&#8243; _module_preset=&#8221;default&#8221; custom_padding=&#8221;10px|50px|||false|false&#8221; global_colors_info=&#8221;{}&#8221;][et_pb_text _builder_version=&#8221;4.27.3&#8243; _module_preset=&#8221;default&#8221; header_3_font=&#8221;||||||||&#8221; header_3_font_size=&#8221;32px&#8221; custom_css_free_form=&#8221;selector h3{font-weight:500;}&#8221; global_colors_info=&#8221;{}&#8221;]<\/p>\n<h3>3. Global n\u00e4rvaro<\/h3>\n<p>V\u00e5rt m\u00e5l \u00e4r att betj\u00e4na v\u00e5ra kunder p\u00e5 de marknader d\u00e4r vi \u00e4r aktiva f\u00f6r att f\u00f6rb\u00e4ttra effektivitet, landkostnad och CO2-avtryck.<br \/>Vi har produktionsanl\u00e4ggningar i \u00d6rkelljunga (Sverige), Gislaved (Sverige), Kaunas (Litauen), Windsor (Kanada), Toronto (Kanada), Dallas (USA), Puebla (Mexiko), Irapuato (Mexiko), Wuxi (Kina) och Zilina (Slovakien). Idag \u00e4r vi en av Skandinaviens st\u00f6rsta leverant\u00f6rer av polymerl\u00f6sningar och erbjuder moderna, h\u00f6gteknologiska produktionsanl\u00e4ggningar.<\/p>\n<p>[\/et_pb_text][\/et_pb_column][\/et_pb_row][\/et_pb_section][et_pb_section fb_built=&#8221;1&#8243; _builder_version=&#8221;4.27.2&#8243; _module_preset=&#8221;default&#8221; background_color=&#8221;#2c5d74&#8243; da_disable_devices=&#8221;off|off|off&#8221; global_colors_info=&#8221;{}&#8221; da_is_popup=&#8221;off&#8221; da_exit_intent=&#8221;off&#8221; da_has_close=&#8221;on&#8221; da_alt_close=&#8221;off&#8221; da_dark_close=&#8221;off&#8221; da_not_modal=&#8221;on&#8221; da_is_singular=&#8221;off&#8221; da_with_loader=&#8221;off&#8221; da_has_shadow=&#8221;on&#8221;][et_pb_row _builder_version=&#8221;4.27.2&#8243; _module_preset=&#8221;default&#8221; global_colors_info=&#8221;{}&#8221;][et_pb_column type=&#8221;4_4&#8243; _builder_version=&#8221;4.27.2&#8243; _module_preset=&#8221;default&#8221; global_colors_info=&#8221;{}&#8221;][et_pb_text _builder_version=&#8221;4.27.2&#8243; _module_preset=&#8221;default&#8221; text_text_color=&#8221;#FFFFFF&#8221; header_2_text_align=&#8221;center&#8221; header_2_text_color=&#8221;#FFFFFF&#8221; global_colors_info=&#8221;{}&#8221;]<\/p>\n<h2>Mer om KB Components<\/h2>\n<p>[\/et_pb_text][\/et_pb_column][\/et_pb_row][et_pb_row column_structure=&#8221;1_2,1_2&#8243; use_custom_gutter=&#8221;on&#8221; gutter_width=&#8221;4&#8243; _builder_version=&#8221;4.27.2&#8243; _module_preset=&#8221;default&#8221; global_colors_info=&#8221;{}&#8221;][et_pb_column type=&#8221;1_2&#8243; _builder_version=&#8221;4.27.2&#8243; _module_preset=&#8221;default&#8221; global_colors_info=&#8221;{}&#8221;][et_pb_blurb title=&#8221;Om f\u00f6retaget&#8221; _builder_version=&#8221;4.27.3&#8243; _dynamic_attributes=&#8221;link_option_url&#8221; _module_preset=&#8221;default&#8221; header_level=&#8221;h3&#8243; header_font=&#8221;|||on|||||&#8221; header_text_color=&#8221;#BFB7AF&#8221; header_font_size=&#8221;20px&#8221; body_text_color=&#8221;#FFFFFF&#8221; link_option_url=&#8221;@ET-DC@eyJkeW5hbWljIjp0cnVlLCJjb250ZW50IjoicG9zdF9saW5rX3VybF9wYWdlIiwic2V0dGluZ3MiOnsicG9zdF9pZCI6IjU1In19@&#8221; global_colors_info=&#8221;{}&#8221;]<\/p>\n<p>Uppt\u00e4ck KB Components, en global ledare inom tillverkning av polymerkomponenter sedan 1947. Med avancerade faciliteter och ett engagemang f\u00f6r innovation samarbetar vi med toppf\u00f6retag \u00f6ver branscher f\u00f6r att leverera h\u00f6gkvalitativa, skr\u00e4ddarsydda l\u00f6sningar.<br \/>L\u00e4r dig mer om v\u00e5r expertis.<\/p>\n<p>[\/et_pb_blurb][\/et_pb_column][et_pb_column type=&#8221;1_2&#8243; _builder_version=&#8221;4.27.2&#8243; _module_preset=&#8221;default&#8221; global_colors_info=&#8221;{}&#8221;][et_pb_blurb title=&#8221;H\u00e5llbarhetsrapport&#8221; _builder_version=&#8221;4.27.3&#8243; _module_preset=&#8221;default&#8221; header_level=&#8221;h3&#8243; header_font=&#8221;|||on|||||&#8221; header_text_color=&#8221;#BFB7AF&#8221; header_font_size=&#8221;20px&#8221; body_text_color=&#8221;#FFFFFF&#8221; link_option_url=&#8221;https:\/\/www.kbcomponents.com\/wp-content\/uploads\/2024\/05\/Sustainability-report-2023.pdf&#8221; link_option_url_new_window=&#8221;on&#8221; global_colors_info=&#8221;{}&#8221;]<\/p>\n<p>Utforska v\u00e5rt engagemang f\u00f6r h\u00e5llbarhet. Fr\u00e5n att minska avfallet till att utveckla milj\u00f6v\u00e4nliga l\u00f6sningar, v\u00e5r senaste rapport beskriver hur vi arbetar mot en gr\u00f6nare framtid inom polymertillverkning.<br \/>L\u00e4s hela rapporten.<\/p>\n<p>[\/et_pb_blurb][\/et_pb_column][\/et_pb_row][\/et_pb_section]<\/p>\n","protected":false},"excerpt":{"rendered":"<p><div class=\"et_pb_module lwp_divi_breadcrumbs lwp_divi_breadcrumbs_0\">\n\t\t\t\t\n\t\t\t\t\n\t\t\t\t\n\t\t\t\t\n\t\t\t\t\n\t\t\t\t\n\t\t\t\t<div class=\"et_pb_module_inner\">\n\t\t\t\t\t<div class=\"lwp-breadcrumbs\"> <span class=\"before\"><\/span> <span vocab=\"https:\/\/schema.org\/\" typeof=\"BreadcrumbList\"><span property=\"itemListElement\" typeof=\"ListItem\"><a property=\"item\" typeof=\"WebPage\" href=\"https:\/\/www.kbcomponents.com\/sv\/\" class=\"home\"><span property=\"name\">Home<\/span><\/a><meta property=\"position\" content=\"1\"><\/span> <span class=\"separator et-pb-icon\">5<\/span> <\/span><\/div>\n\t\t\t\t<\/div>\n\t\t\t<\/div>KB Components som investeringKB Components AB i korthet KB Components AB, handlas p\u00e5 First North Premier Growth Market, \u00e4r en svensk koncern med global n\u00e4rvaro p\u00e5 3 kontinenter.Vi \u00e4r specialiserade p\u00e5 design, utveckling och tillverkning av h\u00f6gkvalitativa polymerkomponenter f\u00f6r en [&hellip;]<\/p>\n","protected":false},"author":13,"featured_media":0,"parent":38018,"menu_order":0,"comment_status":"closed","ping_status":"closed","template":"","meta":{"_et_pb_use_builder":"on","_et_pb_old_content":"","_et_gb_content_width":"","footnotes":""},"class_list":["post-38040","page","type-page","status-publish","hentry"],"_links":{"self":[{"href":"https:\/\/www.kbcomponents.com\/sv\/wp-json\/wp\/v2\/pages\/38040","targetHints":{"allow":["GET"]}}],"collection":[{"href":"https:\/\/www.kbcomponents.com\/sv\/wp-json\/wp\/v2\/pages"}],"about":[{"href":"https:\/\/www.kbcomponents.com\/sv\/wp-json\/wp\/v2\/types\/page"}],"author":[{"embeddable":true,"href":"https:\/\/www.kbcomponents.com\/sv\/wp-json\/wp\/v2\/users\/13"}],"replies":[{"embeddable":true,"href":"https:\/\/www.kbcomponents.com\/sv\/wp-json\/wp\/v2\/comments?post=38040"}],"version-history":[{"count":4,"href":"https:\/\/www.kbcomponents.com\/sv\/wp-json\/wp\/v2\/pages\/38040\/revisions"}],"predecessor-version":[{"id":38313,"href":"https:\/\/www.kbcomponents.com\/sv\/wp-json\/wp\/v2\/pages\/38040\/revisions\/38313"}],"up":[{"embeddable":true,"href":"https:\/\/www.kbcomponents.com\/sv\/wp-json\/wp\/v2\/pages\/38018"}],"wp:attachment":[{"href":"https:\/\/www.kbcomponents.com\/sv\/wp-json\/wp\/v2\/media?parent=38040"}],"curies":[{"name":"wp","href":"https:\/\/api.w.org\/{rel}","templated":true}]}}