{"id":38006,"date":"2024-12-02T10:47:24","date_gmt":"2024-12-02T09:47:24","guid":{"rendered":"https:\/\/www.kbcomponents.com\/finansiell-kalender\/"},"modified":"2025-10-31T10:05:38","modified_gmt":"2025-10-31T09:05:38","slug":"finansiell-kalender","status":"publish","type":"page","link":"https:\/\/www.kbcomponents.com\/sv\/investor-relations\/finansiell-kalender\/","title":{"rendered":"Finansiell kalender"},"content":{"rendered":"<p>[et_pb_section fb_built=&#8221;1&#8243; admin_label=&#8221;Hero section&#8221; _builder_version=&#8221;4.27.3&#8243; background_color=&#8221;#191919&#8243; background_image=&#8221;https:\/\/www.kbcomponents.com\/wp-content\/uploads\/2024\/12\/investor-relations-finance-calendar.jpg&#8221; background_blend=&#8221;soft-light&#8221; custom_padding=&#8221;6%||8%||false|false&#8221; da_disable_devices=&#8221;off|off|off&#8221; global_colors_info=&#8221;{}&#8221; da_is_popup=&#8221;off&#8221; da_exit_intent=&#8221;off&#8221; da_has_close=&#8221;on&#8221; da_alt_close=&#8221;off&#8221; da_dark_close=&#8221;off&#8221; da_not_modal=&#8221;on&#8221; da_is_singular=&#8221;off&#8221; da_with_loader=&#8221;off&#8221; da_has_shadow=&#8221;on&#8221;][et_pb_row admin_label=&#8221;row&#8221; _builder_version=&#8221;4.27.0&#8243; background_size=&#8221;initial&#8221; background_position=&#8221;top_left&#8221; background_repeat=&#8221;repeat&#8221; max_width=&#8221;1440px&#8221; global_colors_info=&#8221;{}&#8221;][et_pb_column type=&#8221;4_4&#8243; _builder_version=&#8221;4.16&#8243; custom_padding=&#8221;|||&#8221; global_colors_info=&#8221;{}&#8221; custom_padding__hover=&#8221;|||&#8221;][lwp_divi_breadcrumbs font_icon=&#8221;&#x35;||divi||400&#8243; use_custom_home_link=&#8221;off&#8221; link_color=&#8221;#FFFFFF&#8221; separator_color=&#8221;#BFB7AF&#8221; current_text_color=&#8221;#FFFFFF&#8221; _builder_version=&#8221;4.27.2&#8243; _module_preset=&#8221;default&#8221; module_font=&#8221;|300|||||||&#8221; module_font_size=&#8221;16px&#8221; custom_margin=&#8221;||||false|false&#8221; custom_padding=&#8221;||||false|false&#8221; custom_css_free_form=&#8221;selector a:hover {text-decoration:underline;}||&#8221; global_colors_info=&#8221;{}&#8221;][\/lwp_divi_breadcrumbs][et_pb_text _builder_version=&#8221;4.27.2&#8243; _module_preset=&#8221;default&#8221; text_text_color=&#8221;#FFFFFF&#8221; header_text_color=&#8221;#FFFFFF&#8221; header_font_size=&#8221;50px&#8221; custom_margin=&#8221;-20px||||false|false&#8221; custom_padding=&#8221;0px||||false|false&#8221; global_colors_info=&#8221;{}&#8221;]<\/p>\n<h1>Finansiell kalender<\/h1>\n<p>[\/et_pb_text][\/et_pb_column][\/et_pb_row][\/et_pb_section][et_pb_section fb_built=&#8221;1&#8243; disabled_on=&#8221;off|off|off&#8221; admin_label=&#8221;IR news section&#8221; _builder_version=&#8221;4.27.2&#8243; background_color=&#8221;rgba(191,183,175,0.3)&#8221; custom_padding=&#8221;||||false|false&#8221; da_disable_devices=&#8221;off|off|off&#8221; global_colors_info=&#8221;{}&#8221; da_is_popup=&#8221;off&#8221; da_exit_intent=&#8221;off&#8221; da_has_close=&#8221;on&#8221; da_alt_close=&#8221;off&#8221; da_dark_close=&#8221;off&#8221; da_not_modal=&#8221;on&#8221; da_is_singular=&#8221;off&#8221; da_with_loader=&#8221;off&#8221; da_has_shadow=&#8221;on&#8221;][et_pb_row admin_label=&#8221;row&#8221; _builder_version=&#8221;4.27.0&#8243; background_size=&#8221;initial&#8221; background_position=&#8221;top_left&#8221; background_repeat=&#8221;repeat&#8221; max_width=&#8221;1440px&#8221; custom_padding=&#8221;0px||0px||false|false&#8221; global_colors_info=&#8221;{}&#8221;][et_pb_column type=&#8221;4_4&#8243; _builder_version=&#8221;4.16&#8243; custom_padding=&#8221;|||&#8221; global_colors_info=&#8221;{}&#8221; custom_padding__hover=&#8221;|||&#8221;][et_pb_text _builder_version=&#8221;4.27.2&#8243; _module_preset=&#8221;default&#8221; header_font_size=&#8221;36px&#8221; global_colors_info=&#8221;{}&#8221;]<\/p>\n<h2>Kommande<\/h2>\n<div id=\"ir-news-container\" class=\"ir-news\">\u00a0<\/div>\n<p>[\/et_pb_text][\/et_pb_column][\/et_pb_row][et_pb_row column_structure=&#8221;2_3,1_3&#8243; _builder_version=&#8221;4.27.4&#8243; _module_preset=&#8221;default&#8221; max_width=&#8221;70%&#8221; global_colors_info=&#8221;{}&#8221;][et_pb_column type=&#8221;2_3&#8243; _builder_version=&#8221;4.27.4&#8243; _module_preset=&#8221;default&#8221; global_colors_info=&#8221;{}&#8221;][et_pb_code _builder_version=&#8221;4.27.4&#8243; _module_preset=&#8221;default&#8221; global_colors_info=&#8221;{}&#8221;]<pee><!DOCTYPE html>\n<html lang=\"en\">\n<head>\n    <meta charset=\"UTF-8\">\n<\/head>\n\n<body>\n    <div id=\"kb-financial-calendar\" style=\"padding: 20px\"><\/div>\n<\/body>\n\n<script>\n    (function(widgets) {\n        var url = \"https:\/\/widget.datablocks.se\/api\/rose\";\n        if (!window._MF) {\n            console.log(widgets);\n            var b = document.createElement(\"script\");\n            b.type = \"text\/javascript\";\n            b.async = true;\n            b.src = url + \"\/assets\/js\/loader-v5.js\";\n            document.getElementsByTagName(\"body\")[0].appendChild(b);\n\t\t    }\n\t\t    window._MF = window._MF || {\n            data: [],\n            url: url,\n            ready: !!0,\n            render: function() { window._MF.ready = !0 },\n            push: function(w) { window._MF.data.push(w) }\n\t\t    };\t\n\t\t    window._MF.push(widgets);\n    })([{\n        query:\"#kb-financial-calendar\"\n        ,widget: \"calendar-v2\"\n        ,locale: \"sv\"\n        ,token: \"0bf4144a-702a-4ff0-b0d0-5126f032dd7c\"\n    },],\n    );\n<\/script>\n<\/html><\/pee>[\/et_pb_code][\/et_pb_column][et_pb_column type=&#8221;1_3&#8243; _builder_version=&#8221;4.27.4&#8243; _module_preset=&#8221;default&#8221; global_colors_info=&#8221;{}&#8221;][et_pb_text _builder_version=&#8221;4.27.4&#8243; _module_preset=&#8221;default&#8221; global_colors_info=&#8221;{}&#8221;]<\/p>\n<h3>Tyst period<\/h3>\n<p>KB Components iakttar en &#8221;tyst period&#8221; som b\u00f6rjar 30 dagar f\u00f6re publicering av en boksluts- eller del\u00e5rsrapport. Under denna period kommer representanter f\u00f6r KB inte att svara p\u00e5 fr\u00e5gor eller kommentera den ekonomiska utvecklingen.<\/p>\n<p>[\/et_pb_text][\/et_pb_column][\/et_pb_row][\/et_pb_section][et_pb_section fb_built=&#8221;1&#8243; disabled_on=&#8221;off|off|off&#8221; admin_label=&#8221;IR news section&#8221; _builder_version=&#8221;4.27.0&#8243; background_enable_color=&#8221;off&#8221; custom_padding=&#8221;||||false|false&#8221; da_disable_devices=&#8221;off|off|off&#8221; global_colors_info=&#8221;{}&#8221; da_is_popup=&#8221;off&#8221; da_exit_intent=&#8221;off&#8221; da_has_close=&#8221;on&#8221; da_alt_close=&#8221;off&#8221; da_dark_close=&#8221;off&#8221; da_not_modal=&#8221;on&#8221; da_is_singular=&#8221;off&#8221; da_with_loader=&#8221;off&#8221; da_has_shadow=&#8221;on&#8221;][et_pb_row admin_label=&#8221;row&#8221; _builder_version=&#8221;4.27.0&#8243; background_size=&#8221;initial&#8221; background_position=&#8221;top_left&#8221; background_repeat=&#8221;repeat&#8221; max_width=&#8221;1440px&#8221; custom_padding=&#8221;0px||0px||false|false&#8221; global_colors_info=&#8221;{}&#8221;][et_pb_column type=&#8221;4_4&#8243; _builder_version=&#8221;4.16&#8243; custom_padding=&#8221;|||&#8221; global_colors_info=&#8221;{}&#8221; custom_padding__hover=&#8221;|||&#8221;][et_pb_text _builder_version=&#8221;4.27.2&#8243; _module_preset=&#8221;default&#8221; header_font_size=&#8221;36px&#8221; global_colors_info=&#8221;{}&#8221;]<\/p>\n<h2>Tidigare<\/h2>\n<div id=\"ir-news-container\" class=\"ir-news\">\u00a0<\/div>\n<p>[\/et_pb_text][\/et_pb_column][\/et_pb_row][\/et_pb_section][et_pb_section fb_built=&#8221;1&#8243; disabled_on=&#8221;off|off|off&#8221; admin_label=&#8221;IR contact section&#8221; _builder_version=&#8221;4.27.0&#8243; _module_preset=&#8221;default&#8221; background_color=&#8221;rgba(191,183,175,0.5)&#8221; da_disable_devices=&#8221;off|off|off&#8221; saved_tabs=&#8221;all&#8221; global_colors_info=&#8221;{}&#8221; global_module=&#8221;40126&#8243; theme_builder_area=&#8221;post_content&#8221; da_is_popup=&#8221;off&#8221; da_exit_intent=&#8221;off&#8221; da_has_close=&#8221;on&#8221; da_alt_close=&#8221;off&#8221; da_dark_close=&#8221;off&#8221; da_not_modal=&#8221;on&#8221; da_is_singular=&#8221;off&#8221; da_with_loader=&#8221;off&#8221; da_has_shadow=&#8221;on&#8221;][et_pb_row _builder_version=&#8221;4.27.0&#8243; _module_preset=&#8221;default&#8221; global_colors_info=&#8221;{}&#8221; theme_builder_area=&#8221;post_content&#8221;][et_pb_column type=&#8221;4_4&#8243; _builder_version=&#8221;4.27.0&#8243; _module_preset=&#8221;default&#8221; global_colors_info=&#8221;{}&#8221; theme_builder_area=&#8221;post_content&#8221;][et_pb_blurb title=&#8221;Investor Relations kontakt&#8221; image=&#8221;https:\/\/www.kbcomponents.com\/wp-content\/uploads\/2025\/09\/michael-grindborn-webb-square.jpg&#8221; icon_placement=&#8221;left&#8221; image_icon_width=&#8221;200px&#8221; content_max_width=&#8221;70%&#8221; _builder_version=&#8221;4.27.4&#8243; _module_preset=&#8221;default&#8221; header_level=&#8221;h2&#8243; header_font=&#8221;|||on|||||&#8221; header_text_color=&#8221;#295c74&#8243; image_icon_custom_margin=&#8221;|100px|||false|false&#8221; width=&#8221;100%&#8221; module_alignment=&#8221;center&#8221; custom_css_free_form=&#8221;selector h3{margin-bottom:0px;}||selector h4{font-size:24px;}&#8221; border_radii_image=&#8221;on|100px|100px|100px|100px&#8221; global_colors_info=&#8221;{}&#8221; theme_builder_area=&#8221;post_content&#8221;]<\/p>\n<h3>Michael Grindborn<\/h3>\n<h4>CFO<\/h4>\n<p>Telefon:<br \/>+46 70 670 18 48<\/p>\n<p>E-post:<br \/>michael.grindborn@kbcomponents.com<\/p>\n<p>[\/et_pb_blurb][\/et_pb_column][\/et_pb_row][\/et_pb_section][et_pb_section fb_built=&#8221;1&#8243; disabled_on=&#8221;off|off|off&#8221; admin_label=&#8221;Popup &#8211; #ir-subscribe-popup&#8221; module_id=&#8221;ir-subscribe-popup&#8221; module_class=&#8221;popup&#8221; _builder_version=&#8221;4.27.0&#8243; _module_preset=&#8221;default&#8221; background_color=&#8221;#BFB7AF&#8221; width=&#8221;60%&#8221; width_tablet=&#8221;&#8221; width_phone=&#8221;&#8221; width_last_edited=&#8221;on|phone&#8221; max_width=&#8221;60%&#8221; max_width_tablet=&#8221;&#8221; max_width_phone=&#8221;&#8221; max_width_last_edited=&#8221;on|phone&#8221; module_alignment=&#8221;center&#8221; da_is_popup=&#8221;on&#8221; da_popup_slug=&#8221;ir-subscribe-popup&#8221; da_disable_devices=&#8221;off|off|off&#8221; saved_tabs=&#8221;all&#8221; global_colors_info=&#8221;{}&#8221; da_exit_intent=&#8221;off&#8221; da_has_close=&#8221;on&#8221; da_alt_close=&#8221;off&#8221; da_dark_close=&#8221;off&#8221; da_not_modal=&#8221;on&#8221; da_is_singular=&#8221;off&#8221; da_with_loader=&#8221;off&#8221; da_has_shadow=&#8221;on&#8221;][et_pb_row _builder_version=&#8221;4.27.0&#8243; _module_preset=&#8221;default&#8221; global_colors_info=&#8221;{}&#8221;][et_pb_column type=&#8221;4_4&#8243; _builder_version=&#8221;4.27.0&#8243; _module_preset=&#8221;default&#8221; global_colors_info=&#8221;{}&#8221;][et_pb_text _builder_version=&#8221;4.27.0&#8243; _module_preset=&#8221;default&#8221; header_font_size=&#8221;36px&#8221; header_2_text_color=&#8221;#FFFFFF&#8221; header_2_font_size=&#8221;30px&#8221; global_colors_info=&#8221;{}&#8221;]<\/p>\n<h2>Prenumerera p\u00e5 v\u00e5ra pressmeddelanden och nyheter<\/h2>\n<p>[\/et_pb_text][et_pb_code _builder_version=&#8221;4.27.0&#8243; _module_preset=&#8221;default&#8221; custom_css_free_form=&#8221;\/* SUBSCRIBE FORM *\/||||selector .mfn-subscribe{||    color:#fff !important;||    font-size: 16px !important;||}||selector .mfn-subscribe a{||    color:#2c5d74 !important;||}||selector ul.mfn-list li{||  list-style-type:none !important;||}||selector .mfn-fields input{||  color:#0a0a0a !important;||  padding:20px !important;||  width:70% !important;||  margin-bottom:30px;||}||selector .mfn-sub-submit{||  background-color:#2c5d74 !important;||  padding:15px 20px !important;||  color:#fff !important;||  text-transform:uppercase !important;||  border:none !important;||  font-size:16px !important;||  margin-top:20px !important;||}&#8221; global_colors_info=&#8221;{}&#8221;]<div id=\"subscribe-module\"><\/div>\n<script>\nfunction loadDatablocksForm() {\nconsole.log(\"Attempting to load the Datablocks form\");\nvar subscribeModule = document.querySelector(\"#subscribe-module\");\n\n    if (subscribeModule) {\n        var url = \"https:\/\/widget.datablocks.se\/api\/rose\";\n        if (!window._MF) {\n            var b = document.createElement(\"script\");\n            b.type = \"text\/javascript\";\n            b.async = true;\n            b.src = url + \"\/assets\/js\/loader-v3.js\";\n            document.getElementsByTagName(\"body\")[0].appendChild(b);\n            console.log(\"Loader script added\");\n        }\n        window._MF = window._MF || {\n            data: [],\n            url: url,\n            ready: !!0,\n            render: function() { window._MF.ready = !0 },\n            push: function(w) { window._MF.data.push(w) }\n        };\n        window._MF.push([{\n            query: \"#subscribe-module\",\n            widget: \"subscribe-v2\",\n            locale: \"en\",\n            token: \"e87978d2-2132-467b-855b-821efbd5d9c8\"  \/\/ Replace with actual token\n        }]);\n    } else {\n        console.error(\"Subscribe module not found in DOM.\");\n    }\n}\n\n\/\/ Observe changes to the popup and trigger form load when it opens\nvar popup = document.getElementById(\"ir-subscribe-popup\");\n\nvar observer = new MutationObserver(function(mutations) {\n    mutations.forEach(function(mutation) {\n        if (popup.classList.contains('is-open')) {\n            console.log(\"Popup is open, attempting to load form.\");\n            loadDatablocksForm();\n        }\n    });\n});\n\n\/\/ Start observing the popup element for class changes\nif (popup) {\n    observer.observe(popup, { attributes: true, attributeFilter: ['class'] });\n}\n\n<\/script>\n[\/et_pb_code][\/et_pb_column][\/et_pb_row][\/et_pb_section]<\/p>\n","protected":false},"excerpt":{"rendered":"<p><div class=\"et_pb_module lwp_divi_breadcrumbs lwp_divi_breadcrumbs_0\">\n\t\t\t\t\n\t\t\t\t\n\t\t\t\t\n\t\t\t\t\n\t\t\t\t\n\t\t\t\t\n\t\t\t\t<div class=\"et_pb_module_inner\">\n\t\t\t\t\t<div class=\"lwp-breadcrumbs\"> <span class=\"before\"><\/span> <span vocab=\"https:\/\/schema.org\/\" typeof=\"BreadcrumbList\"><span property=\"itemListElement\" typeof=\"ListItem\"><a property=\"item\" typeof=\"WebPage\" href=\"https:\/\/www.kbcomponents.com\/sv\/\" class=\"home\"><span property=\"name\">Home<\/span><\/a><meta property=\"position\" content=\"1\"><\/span> <span class=\"separator et-pb-icon\">5<\/span> <\/span><\/div>\n\t\t\t\t<\/div>\n\t\t\t<\/div>Finansiell kalenderKommande \u00a0<!DOCTYPE html>\n<html lang=\"en\">\n<head>\n    <meta charset=\"UTF-8\">\n<\/head>\n\n<body>\n    <div id=\"kb-financial-calendar\" style=\"padding: 20px\"><\/div>\n<\/body>\n\n<script>\n    (function(widgets) {\n        var url = \"https:\/\/widget.datablocks.se\/api\/rose\";\n        if (!window._MF) {\n            console.log(widgets);\n            var b = document.createElement(\"script\");\n            b.type = \"text\/javascript\";\n            b.async = true;\n            b.src = url + \"\/assets\/js\/loader-v5.js\";\n            document.getElementsByTagName(\"body\")[0].appendChild(b);\n\t\t    }\n\t\t    window._MF = window._MF || {\n            data: [],\n            url: url,\n            ready: !!0,\n            render: function() { window._MF.ready = !0 },\n            push: function(w) { window._MF.data.push(w) }\n\t\t    };\t\n\t\t    window._MF.push(widgets);\n    })([{\n        query:\"#kb-financial-calendar\"\n        ,widget: \"calendar-v2\"\n        ,locale: \"sv\"\n        ,token: \"0bf4144a-702a-4ff0-b0d0-5126f032dd7c\"\n    },],\n    );\n<\/script>\n<\/html>Tyst period KB Components iakttar en &#8221;tyst period&#8221; som b\u00f6rjar 30 dagar f\u00f6re publicering av en boksluts- eller del\u00e5rsrapport. Under denna period kommer representanter f\u00f6r KB inte att svara p\u00e5 fr\u00e5gor eller kommentera den ekonomiska utvecklingen.Tidigare \u00a0Michael Grindborn [&hellip;]<\/p>\n","protected":false},"author":13,"featured_media":0,"parent":38018,"menu_order":0,"comment_status":"closed","ping_status":"closed","template":"","meta":{"_et_pb_use_builder":"on","_et_pb_old_content":"","_et_gb_content_width":"","footnotes":""},"class_list":["post-38006","page","type-page","status-publish","hentry"],"_links":{"self":[{"href":"https:\/\/www.kbcomponents.com\/sv\/wp-json\/wp\/v2\/pages\/38006","targetHints":{"allow":["GET"]}}],"collection":[{"href":"https:\/\/www.kbcomponents.com\/sv\/wp-json\/wp\/v2\/pages"}],"about":[{"href":"https:\/\/www.kbcomponents.com\/sv\/wp-json\/wp\/v2\/types\/page"}],"author":[{"embeddable":true,"href":"https:\/\/www.kbcomponents.com\/sv\/wp-json\/wp\/v2\/users\/13"}],"replies":[{"embeddable":true,"href":"https:\/\/www.kbcomponents.com\/sv\/wp-json\/wp\/v2\/comments?post=38006"}],"version-history":[{"count":11,"href":"https:\/\/www.kbcomponents.com\/sv\/wp-json\/wp\/v2\/pages\/38006\/revisions"}],"predecessor-version":[{"id":40131,"href":"https:\/\/www.kbcomponents.com\/sv\/wp-json\/wp\/v2\/pages\/38006\/revisions\/40131"}],"up":[{"embeddable":true,"href":"https:\/\/www.kbcomponents.com\/sv\/wp-json\/wp\/v2\/pages\/38018"}],"wp:attachment":[{"href":"https:\/\/www.kbcomponents.com\/sv\/wp-json\/wp\/v2\/media?parent=38006"}],"curies":[{"name":"wp","href":"https:\/\/api.w.org\/{rel}","templated":true}]}}