{"id":37930,"date":"2024-11-19T22:19:59","date_gmt":"2024-11-19T21:19:59","guid":{"rendered":"https:\/\/www.kbcomponents.com\/newsroom\/media\/"},"modified":"2024-12-09T09:38:56","modified_gmt":"2024-12-09T08:38:56","slug":"media","status":"publish","type":"page","link":"https:\/\/www.kbcomponents.com\/sv\/newsroom\/media\/","title":{"rendered":"Media"},"content":{"rendered":"<p>[et_pb_section fb_built=&#8221;1&#8243; admin_label=&#8221;Hero section&#8221; _builder_version=&#8221;4.27.2&#8243; background_color=&#8221;#2c5d74&#8243; background_image=&#8221;https:\/\/www.kbcomponents.com\/wp-content\/uploads\/2024\/07\/kb-background-image.jpg&#8221; background_blend=&#8221;soft-light&#8221; custom_padding=&#8221;6%||8%||false|false&#8221; da_disable_devices=&#8221;off|off|off&#8221; global_colors_info=&#8221;{}&#8221; da_is_popup=&#8221;off&#8221; da_exit_intent=&#8221;off&#8221; da_has_close=&#8221;on&#8221; da_alt_close=&#8221;off&#8221; da_dark_close=&#8221;off&#8221; da_not_modal=&#8221;on&#8221; da_is_singular=&#8221;off&#8221; da_with_loader=&#8221;off&#8221; da_has_shadow=&#8221;on&#8221;][et_pb_row admin_label=&#8221;row&#8221; _builder_version=&#8221;4.27.0&#8243; background_size=&#8221;initial&#8221; background_position=&#8221;top_left&#8221; background_repeat=&#8221;repeat&#8221; max_width=&#8221;1440px&#8221; global_colors_info=&#8221;{}&#8221;][et_pb_column type=&#8221;4_4&#8243; _builder_version=&#8221;4.16&#8243; custom_padding=&#8221;|||&#8221; global_colors_info=&#8221;{}&#8221; custom_padding__hover=&#8221;|||&#8221;][lwp_divi_breadcrumbs font_icon=&#8221;&#x35;||divi||400&#8243; use_custom_home_link=&#8221;off&#8221; link_color=&#8221;#FFFFFF&#8221; separator_color=&#8221;#BFB7AF&#8221; current_text_color=&#8221;#FFFFFF&#8221; _builder_version=&#8221;4.27.2&#8243; _module_preset=&#8221;default&#8221; module_font=&#8221;|300|||||||&#8221; module_font_size=&#8221;16px&#8221; custom_margin=&#8221;||||false|false&#8221; custom_padding=&#8221;||||false|false&#8221; custom_css_free_form=&#8221;selector a:hover {text-decoration:underline;}||&#8221; global_colors_info=&#8221;{}&#8221;][\/lwp_divi_breadcrumbs][et_pb_text _builder_version=&#8221;4.27.2&#8243; _module_preset=&#8221;default&#8221; text_text_color=&#8221;#FFFFFF&#8221; header_text_color=&#8221;#FFFFFF&#8221; header_font_size=&#8221;50px&#8221; custom_margin=&#8221;-20px||||false|false&#8221; custom_padding=&#8221;0px||||false|false&#8221; global_colors_info=&#8221;{}&#8221;]<\/p>\n<h1>Media kit<\/h1>\n<p>[\/et_pb_text][\/et_pb_column][\/et_pb_row][\/et_pb_section][et_pb_section fb_built=&#8221;1&#8243; admin_label=&#8221;PR news section&#8221; _builder_version=&#8221;4.27.0&#8243; background_color=&#8221;#f6f6f6&#8243; da_disable_devices=&#8221;off|off|off&#8221; global_colors_info=&#8221;{}&#8221; da_is_popup=&#8221;off&#8221; da_exit_intent=&#8221;off&#8221; da_has_close=&#8221;on&#8221; da_alt_close=&#8221;off&#8221; da_dark_close=&#8221;off&#8221; da_not_modal=&#8221;on&#8221; da_is_singular=&#8221;off&#8221; da_with_loader=&#8221;off&#8221; da_has_shadow=&#8221;on&#8221;][et_pb_row admin_label=&#8221;row&#8221; _builder_version=&#8221;4.27.2&#8243; background_size=&#8221;initial&#8221; background_position=&#8221;top_left&#8221; background_repeat=&#8221;repeat&#8221; max_width=&#8221;1440px&#8221; custom_margin=&#8221;||0px||false|false&#8221; custom_padding=&#8221;||0px||false|false&#8221; global_colors_info=&#8221;{}&#8221;][et_pb_column type=&#8221;4_4&#8243; _builder_version=&#8221;4.16&#8243; custom_padding=&#8221;|||&#8221; global_colors_info=&#8221;{}&#8221; custom_padding__hover=&#8221;|||&#8221;][et_pb_text _builder_version=&#8221;4.27.2&#8243; _module_preset=&#8221;default&#8221; global_colors_info=&#8221;{}&#8221;]<\/p>\n<h2>KB Components Huvudkontor<\/h2>\n<p>[\/et_pb_text][\/et_pb_column][\/et_pb_row][et_pb_row column_structure=&#8221;1_3,1_3,1_3&#8243; _builder_version=&#8221;4.27.2&#8243; _module_preset=&#8221;default&#8221; max_width=&#8221;1440px&#8221; global_colors_info=&#8221;{}&#8221;][et_pb_column type=&#8221;1_3&#8243; _builder_version=&#8221;4.27.2&#8243; _module_preset=&#8221;default&#8221; global_colors_info=&#8221;{}&#8221;][et_pb_blurb title=&#8221;kb-components-HQ.jpg&#8221; image=&#8221;https:\/\/www.kbcomponents.com\/wp-content\/uploads\/2024\/10\/kb-components-HQ-1024&#215;683.jpg&#8221; _builder_version=&#8221;4.27.3&#8243; _module_preset=&#8221;default&#8221; header_font=&#8221;||||||||&#8221; header_text_align=&#8221;left&#8221; header_font_size=&#8221;23px&#8221; body_font=&#8221;|300|||||||&#8221; body_text_align=&#8221;left&#8221; body_font_size=&#8221;15px&#8221; body_line_height=&#8221;1.3em&#8221; background_color=&#8221;#FFFFFF&#8221; custom_padding=&#8221;15px|15px|15px|15px|true|true&#8221; link_option_url=&#8221;https:\/\/www.kbcomponents.com\/wp-content\/uploads\/2024\/10\/kb-components-HQ.jpg&#8221; link_option_url_new_window=&#8221;on&#8221; custom_css_free_form=&#8221;selector button{||  background:#2c5d74;||  border:none;||  color:#fff;||  width:100%;||  padding:12px 0;||  font-size:16px;||  text-align:center;||}||||selector button a{color:#fff;}&#8221; custom_css_blurb_title=&#8221;font-weight:500;&#8221; border_width_all=&#8221;1px&#8221; border_color_all=&#8221;#BFB7AF&#8221; global_colors_info=&#8221;{}&#8221;]KB Components Huvudkontor f\u00f6r press<\/p>\n<p><button><a href=\"https:\/\/www.kbcomponents.com\/wp-content\/uploads\/2024\/10\/kb-components-HQ.jpg\">LADDA NER<\/a><\/button>[\/et_pb_blurb][\/et_pb_column][et_pb_column type=&#8221;1_3&#8243; _builder_version=&#8221;4.27.2&#8243; _module_preset=&#8221;default&#8221; global_colors_info=&#8221;{}&#8221;][et_pb_blurb title=&#8221;kb-components-HQ2.jpg&#8221; image=&#8221;https:\/\/www.kbcomponents.com\/wp-content\/uploads\/2024\/10\/kb-components-HQ2-1024&#215;683.jpg&#8221; _builder_version=&#8221;4.27.3&#8243; _module_preset=&#8221;default&#8221; header_font=&#8221;||||||||&#8221; header_text_align=&#8221;left&#8221; header_font_size=&#8221;23px&#8221; body_font=&#8221;|300|||||||&#8221; body_text_align=&#8221;left&#8221; body_font_size=&#8221;15px&#8221; body_line_height=&#8221;1.3em&#8221; background_color=&#8221;#FFFFFF&#8221; custom_padding=&#8221;15px|15px|15px|15px|true|true&#8221; link_option_url=&#8221;https:\/\/www.kbcomponents.com\/wp-content\/uploads\/2024\/10\/kb-components-HQ2.jpg&#8221; link_option_url_new_window=&#8221;on&#8221; custom_css_free_form=&#8221;selector button{||  background:#2c5d74;||  border:none;||  color:#fff;||  width:100%;||  padding:12px 0;||  font-size:16px;||  text-align:center;||}||selector button a {color:#fff;}&#8221; custom_css_blurb_title=&#8221;font-weight:500;&#8221; border_width_all=&#8221;1px&#8221; border_color_all=&#8221;#BFB7AF&#8221; global_colors_info=&#8221;{}&#8221;]<\/p>\n<p>KB Components Huvudkontor f\u00f6r press<\/p>\n<p><button><a href=\"https:\/\/www.kbcomponents.com\/wp-content\/uploads\/2024\/10\/kb-components-HQ2.jpg\">LADDA NER<\/a><\/button><\/p>\n<p>[\/et_pb_blurb][\/et_pb_column][et_pb_column type=&#8221;1_3&#8243; _builder_version=&#8221;4.27.2&#8243; _module_preset=&#8221;default&#8221; global_colors_info=&#8221;{}&#8221;][\/et_pb_column][\/et_pb_row][\/et_pb_section][et_pb_section fb_built=&#8221;1&#8243; disabled_on=&#8221;off|off|off&#8221; admin_label=&#8221;IR news section&#8221; _builder_version=&#8221;4.27.0&#8243; background_enable_color=&#8221;off&#8221; custom_padding=&#8221;||||false|false&#8221; da_disable_devices=&#8221;off|off|off&#8221; global_colors_info=&#8221;{}&#8221; da_is_popup=&#8221;off&#8221; da_exit_intent=&#8221;off&#8221; da_has_close=&#8221;on&#8221; da_alt_close=&#8221;off&#8221; da_dark_close=&#8221;off&#8221; da_not_modal=&#8221;on&#8221; da_is_singular=&#8221;off&#8221; da_with_loader=&#8221;off&#8221; da_has_shadow=&#8221;on&#8221;][et_pb_row admin_label=&#8221;row&#8221; _builder_version=&#8221;4.27.0&#8243; background_size=&#8221;initial&#8221; background_position=&#8221;top_left&#8221; background_repeat=&#8221;repeat&#8221; max_width=&#8221;1440px&#8221; custom_padding=&#8221;0px||0px||false|false&#8221; global_colors_info=&#8221;{}&#8221;][et_pb_column type=&#8221;4_4&#8243; _builder_version=&#8221;4.16&#8243; custom_padding=&#8221;|||&#8221; global_colors_info=&#8221;{}&#8221; custom_padding__hover=&#8221;|||&#8221;][et_pb_text _builder_version=&#8221;4.27.2&#8243; _module_preset=&#8221;default&#8221; header_font_size=&#8221;36px&#8221; global_colors_info=&#8221;{}&#8221;]<\/p>\n<h2>KB Components logotyp<\/h2>\n<p>[\/et_pb_text][\/et_pb_column][\/et_pb_row][et_pb_row admin_label=&#8221;row&#8221; _builder_version=&#8221;4.27.0&#8243; background_size=&#8221;initial&#8221; background_position=&#8221;top_left&#8221; background_repeat=&#8221;repeat&#8221; max_width=&#8221;1440px&#8221; global_colors_info=&#8221;{}&#8221;][et_pb_column type=&#8221;4_4&#8243; _builder_version=&#8221;4.16&#8243; custom_padding=&#8221;|||&#8221; global_colors_info=&#8221;{}&#8221; custom_padding__hover=&#8221;|||&#8221;][et_pb_blurb title=&#8221;KBC logotypes.zip&#8221; use_icon=&#8221;on&#8221; font_icon=&#8221;&#xf1c6;||fa||400&#8243; icon_color=&#8221;#141414&#8243; icon_placement=&#8221;left&#8221; image_icon_width=&#8221;60px&#8221; content_max_width=&#8221;100%&#8221; _builder_version=&#8221;4.27.3&#8243; _module_preset=&#8221;default&#8221; header_font=&#8221;||||||||&#8221; header_text_align=&#8221;left&#8221; header_font_size=&#8221;23px&#8221; body_font=&#8221;|300|||||||&#8221; body_text_align=&#8221;left&#8221; body_font_size=&#8221;15px&#8221; body_line_height=&#8221;1.3em&#8221; background_color=&#8221;#FFFFFF&#8221; module_alignment=&#8221;left&#8221; custom_margin=&#8221;||||false|false&#8221; custom_padding=&#8221;15px|15px|15px|15px|true|true&#8221; link_option_url=&#8221;https:\/\/www.kbcomponents.com\/wp-content\/uploads\/2024\/12\/KBC-logotypes.zip&#8221; hover_enabled=&#8221;0&#8243; custom_css_free_form=&#8221;selector button{||  background:#2c5d74;||  border:none;||  color:#fff;||  width:200px;||  padding:12px 0;||  font-size:16px;||  text-align:center;||  float:right;||  margin-top:-60px||}&#8221; custom_css_blurb_title=&#8221;font-weight:500;&#8221; border_color_all=&#8221;#BFB7AF&#8221; border_width_bottom=&#8221;1px&#8221; global_colors_info=&#8221;{}&#8221; link_option_url_new_window=&#8221;on&#8221; sticky_enabled=&#8221;0&#8243;]<\/p>\n<p>KB Components logotyper f\u00f6r media (jpg and png)<\/p>\n<p><button>LADDA NER<\/button><\/p>\n<p>[\/et_pb_blurb][\/et_pb_column][\/et_pb_row][\/et_pb_section][et_pb_section fb_built=&#8221;1&#8243; admin_label=&#8221;PR news section&#8221; _builder_version=&#8221;4.27.2&#8243; background_color=&#8221;rgba(191,183,175,0.3)&#8221; da_disable_devices=&#8221;off|off|off&#8221; global_colors_info=&#8221;{}&#8221; da_is_popup=&#8221;off&#8221; da_exit_intent=&#8221;off&#8221; da_has_close=&#8221;on&#8221; da_alt_close=&#8221;off&#8221; da_dark_close=&#8221;off&#8221; da_not_modal=&#8221;on&#8221; da_is_singular=&#8221;off&#8221; da_with_loader=&#8221;off&#8221; da_has_shadow=&#8221;on&#8221;][et_pb_row admin_label=&#8221;row&#8221; _builder_version=&#8221;4.27.2&#8243; background_size=&#8221;initial&#8221; background_position=&#8221;top_left&#8221; background_repeat=&#8221;repeat&#8221; max_width=&#8221;1440px&#8221; custom_margin=&#8221;||0px||false|false&#8221; custom_padding=&#8221;||0px||false|false&#8221; global_colors_info=&#8221;{}&#8221;][et_pb_column type=&#8221;4_4&#8243; _builder_version=&#8221;4.16&#8243; custom_padding=&#8221;|||&#8221; global_colors_info=&#8221;{}&#8221; custom_padding__hover=&#8221;|||&#8221;][et_pb_text _builder_version=&#8221;4.27.2&#8243; _module_preset=&#8221;default&#8221; global_colors_info=&#8221;{}&#8221;]<\/p>\n<h2>Anv\u00e4ndningsriktlinjer<\/h2>\n<p>Ovan kan du ladda ner h\u00f6guppl\u00f6sta bilder och v\u00e5r logotyp f\u00f6r b\u00e5de redaktionell och kommersiell anv\u00e4ndning.<\/p>\n<h3>Anv\u00e4ndarvillkor f\u00f6r bilder<\/h3>\n<p>Alla bilder tillh\u00f6r KB Components och \u00e4r f\u00f6rem\u00e5l f\u00f6r specifika villkor f\u00f6r redaktionella och kommersiella \u00e4ndam\u00e5l.<\/p>\n<p>Bilder \u00e4r tillg\u00e4ngliga gratis f\u00f6r anv\u00e4ndning i dagspress, fackpress och andra periodiska publikationer. <br \/>F\u00f6r all annan anv\u00e4ndning, s\u00e5som marknadsf\u00f6ring eller kommersiella \u00e4ndam\u00e5l, m\u00e5ste f\u00f6ljande villkor uppfyllas:<\/p>\n<ul>\n<li>Skriftligt tillst\u00e5nd fr\u00e5n KB Components kr\u00e4vs innan du anv\u00e4nder n\u00e5gra bilder.<\/li>\n<li>Bilder f\u00e5r inte \u00e4ndras eller manipuleras p\u00e5 n\u00e5got s\u00e4tt.<\/li>\n<\/ul>\n<p>Underl\u00e5tenhet att f\u00f6lja dessa villkor kan leda till r\u00e4ttsliga \u00e5tg\u00e4rder fr\u00e5n KB Components.<\/p>\n<p>F\u00f6r tillst\u00e5nd och fr\u00e5gor, kontakta malin.dannehall@kbcomponents.com<\/p>\n<p>[\/et_pb_text][\/et_pb_column][\/et_pb_row][\/et_pb_section]<\/p>\n","protected":false},"excerpt":{"rendered":"<p><div class=\"et_pb_module lwp_divi_breadcrumbs lwp_divi_breadcrumbs_0\">\n\t\t\t\t\n\t\t\t\t\n\t\t\t\t\n\t\t\t\t\n\t\t\t\t\n\t\t\t\t\n\t\t\t\t<div class=\"et_pb_module_inner\">\n\t\t\t\t\t<div class=\"lwp-breadcrumbs\"> <span class=\"before\"><\/span> <span vocab=\"https:\/\/schema.org\/\" typeof=\"BreadcrumbList\"><span property=\"itemListElement\" typeof=\"ListItem\"><a property=\"item\" typeof=\"WebPage\" href=\"https:\/\/www.kbcomponents.com\/sv\/\" class=\"home\"><span property=\"name\">Home<\/span><\/a><meta property=\"position\" content=\"1\"><\/span> <span class=\"separator et-pb-icon\">5<\/span> <\/span><\/div>\n\t\t\t\t<\/div>\n\t\t\t<\/div>Media kitKB Components HuvudkontorKB Components Huvudkontor f\u00f6r press LADDA NERKB Components Huvudkontor f\u00f6r press LADDA NERKB Components logotypKB Components logotyper f\u00f6r media (jpg and png) LADDA NERAnv\u00e4ndningsriktlinjer Ovan kan du ladda ner h\u00f6guppl\u00f6sta bilder och v\u00e5r logotyp f\u00f6r b\u00e5de redaktionell [&hellip;]<\/p>\n","protected":false},"author":13,"featured_media":0,"parent":37927,"menu_order":0,"comment_status":"closed","ping_status":"closed","template":"","meta":{"_et_pb_use_builder":"on","_et_pb_old_content":"","_et_gb_content_width":"","footnotes":""},"class_list":["post-37930","page","type-page","status-publish","hentry"],"_links":{"self":[{"href":"https:\/\/www.kbcomponents.com\/sv\/wp-json\/wp\/v2\/pages\/37930","targetHints":{"allow":["GET"]}}],"collection":[{"href":"https:\/\/www.kbcomponents.com\/sv\/wp-json\/wp\/v2\/pages"}],"about":[{"href":"https:\/\/www.kbcomponents.com\/sv\/wp-json\/wp\/v2\/types\/page"}],"author":[{"embeddable":true,"href":"https:\/\/www.kbcomponents.com\/sv\/wp-json\/wp\/v2\/users\/13"}],"replies":[{"embeddable":true,"href":"https:\/\/www.kbcomponents.com\/sv\/wp-json\/wp\/v2\/comments?post=37930"}],"version-history":[{"count":5,"href":"https:\/\/www.kbcomponents.com\/sv\/wp-json\/wp\/v2\/pages\/37930\/revisions"}],"predecessor-version":[{"id":38261,"href":"https:\/\/www.kbcomponents.com\/sv\/wp-json\/wp\/v2\/pages\/37930\/revisions\/38261"}],"up":[{"embeddable":true,"href":"https:\/\/www.kbcomponents.com\/sv\/wp-json\/wp\/v2\/pages\/37927"}],"wp:attachment":[{"href":"https:\/\/www.kbcomponents.com\/sv\/wp-json\/wp\/v2\/media?parent=37930"}],"curies":[{"name":"wp","href":"https:\/\/api.w.org\/{rel}","templated":true}]}}