{"id":33963,"date":"2022-12-07T13:17:20","date_gmt":"2022-12-07T12:17:20","guid":{"rendered":"https:\/\/www.kbcomponents.com\/gptw\/33956-2\/"},"modified":"2024-09-24T13:05:25","modified_gmt":"2024-09-24T11:05:25","slug":"visselblasare","status":"publish","type":"page","link":"https:\/\/www.kbcomponents.com\/sv\/visselblasare\/","title":{"rendered":"Visselbl\u00e5sare"},"content":{"rendered":"<p>[et_pb_section fb_built=&#8221;1&#8243; admin_label=&#8221;section&#8221; module_class=&#8221;pa-inline-buttons contact-form&#8221; _builder_version=&#8221;4.16&#8243; background_color=&#8221;#f1f1f1&#8243; global_colors_info=&#8221;{}&#8221; da_is_popup=&#8221;off&#8221; da_exit_intent=&#8221;off&#8221; da_has_close=&#8221;on&#8221; da_alt_close=&#8221;off&#8221; da_dark_close=&#8221;off&#8221; da_not_modal=&#8221;on&#8221; da_is_singular=&#8221;off&#8221; da_with_loader=&#8221;off&#8221; da_has_shadow=&#8221;on&#8221; da_disable_devices=&#8221;off|off|off&#8221;][et_pb_row admin_label=&#8221;row&#8221; _builder_version=&#8221;4.16&#8243; background_size=&#8221;initial&#8221; background_position=&#8221;top_left&#8221; background_repeat=&#8221;repeat&#8221; global_colors_info=&#8221;{}&#8221;][et_pb_column type=&#8221;4_4&#8243; _builder_version=&#8221;4.16&#8243; custom_padding=&#8221;|||&#8221; global_colors_info=&#8221;{}&#8221; custom_padding__hover=&#8221;|||&#8221;][et_pb_text admin_label=&#8221;Text&#8221; _builder_version=&#8221;4.27.0&#8243; text_line_height=&#8221;1.9em&#8221; header_font=&#8221;|700|||||||&#8221; header_2_font=&#8221;|700|||||||&#8221; background_size=&#8221;initial&#8221; background_position=&#8221;top_left&#8221; background_repeat=&#8221;repeat&#8221; custom_padding=&#8221;1px|||||&#8221; global_colors_info=&#8221;{}&#8221;]<\/p>\n<h1>Visselbl\u00e5sare formul\u00e4r<\/h1>\n<p>Vi str\u00e4var efter att vara ett attraktivt f\u00f6retag genom att uppr\u00e4tth\u00e5lla ett \u00f6ppet och gott aff\u00e4rsklimat med h\u00f6g aff\u00e4rsetik. V\u00e5r Missconduct-rapportkanal syftar till att larma om missf\u00f6rh\u00e5llanden som involverar v\u00e5r verksamhet, som p\u00e5verkar m\u00e4nniskor, v\u00e5r organisation, v\u00e5rt samh\u00e4lle eller milj\u00f6n.<br \/>Du beh\u00f6ver inte ha bevis f\u00f6r din misstanke, men alla anm\u00e4lningar ska g\u00f6ras i god tro.<br \/>Vi erbjuder en s\u00e4ker kanal f\u00f6r anonym rapportering.<br \/>Om du vill diskutera tj\u00e4nstefelet, v\u00e4nligen ange dina kontaktuppgifter eller kontakta personaldirekt\u00f6r Elisabeth Gyllenski\u00f6ld p\u00e5 elisabeth.gyllenskiold@kbcomponents.com.<\/p>\n<p>Information om v\u00e5r tj\u00e4nst f\u00f6r rapportering av missf\u00f6rh\u00e5llanden:<br \/>\u2013 Missbruksanm\u00e4lan hanteras av en utsedd person.<br \/>\u2013 Meddelare \u00e4r skyddade mot repressalier.<br \/>\u2013 Vi garanterar att personuppgifter och rapporterna hanteras med 100 % konfidentialitet.<\/p>\n<p><em>F\u00e4lt markerade med * \u00e4r frivilliga<\/em><\/p>\n<p>[\/et_pb_text][et_pb_contact_form email=&#8221;elisabeth.gyllenskiold@kbcomponents.com&#8221; success_message=&#8221;Tack f\u00f6r ditt meddelande&#8221; submit_button_text=&#8221;Skicka!&#8221; _builder_version=&#8221;4.22.2&#8243; _module_preset=&#8221;default&#8221; _unique_id=&#8221;ec2d85d4-b017-4ad6-bcf2-59f7c9de2f08&#8243; form_field_background_color=&#8221;#FFFFFF&#8221; custom_button=&#8221;on&#8221; button_text_size=&#8221;13px&#8221; button_text_color=&#8221;#0a0a0a&#8221; global_colors_info=&#8221;{}&#8221;][et_pb_contact_field field_id=&#8221;Namn&#8221; field_title=&#8221;Ditt namn*&#8221; required_mark=&#8221;off&#8221; fullwidth_field=&#8221;on&#8221; _builder_version=&#8221;4.22.2&#8243; form_field_background_color=&#8221;#FFFFFF&#8221; global_colors_info=&#8221;{}&#8221; button_text_size__hover_enabled=&#8221;off&#8221; button_one_text_size__hover_enabled=&#8221;off&#8221; button_two_text_size__hover_enabled=&#8221;off&#8221; button_text_color__hover_enabled=&#8221;off&#8221; button_one_text_color__hover_enabled=&#8221;off&#8221; button_two_text_color__hover_enabled=&#8221;off&#8221; button_border_width__hover_enabled=&#8221;off&#8221; button_one_border_width__hover_enabled=&#8221;off&#8221; button_two_border_width__hover_enabled=&#8221;off&#8221; button_border_color__hover_enabled=&#8221;off&#8221; button_one_border_color__hover_enabled=&#8221;off&#8221; button_two_border_color__hover_enabled=&#8221;off&#8221; button_border_radius__hover_enabled=&#8221;off&#8221; button_one_border_radius__hover_enabled=&#8221;off&#8221; button_two_border_radius__hover_enabled=&#8221;off&#8221; button_letter_spacing__hover_enabled=&#8221;off&#8221; button_one_letter_spacing__hover_enabled=&#8221;off&#8221; button_two_letter_spacing__hover_enabled=&#8221;off&#8221; button_bg_color__hover_enabled=&#8221;off&#8221; button_one_bg_color__hover_enabled=&#8221;off&#8221; button_two_bg_color__hover_enabled=&#8221;off&#8221;][\/et_pb_contact_field][et_pb_contact_field field_id=&#8221;Email&#8221; field_title=&#8221;Din email*&#8221; field_type=&#8221;email&#8221; required_mark=&#8221;off&#8221; fullwidth_field=&#8221;on&#8221; _builder_version=&#8221;4.19.1&#8243; form_field_background_color=&#8221;#FFFFFF&#8221; global_colors_info=&#8221;{}&#8221; button_text_size__hover_enabled=&#8221;off&#8221; button_one_text_size__hover_enabled=&#8221;off&#8221; button_two_text_size__hover_enabled=&#8221;off&#8221; button_text_color__hover_enabled=&#8221;off&#8221; button_one_text_color__hover_enabled=&#8221;off&#8221; button_two_text_color__hover_enabled=&#8221;off&#8221; button_border_width__hover_enabled=&#8221;off&#8221; button_one_border_width__hover_enabled=&#8221;off&#8221; button_two_border_width__hover_enabled=&#8221;off&#8221; button_border_color__hover_enabled=&#8221;off&#8221; button_one_border_color__hover_enabled=&#8221;off&#8221; button_two_border_color__hover_enabled=&#8221;off&#8221; button_border_radius__hover_enabled=&#8221;off&#8221; button_one_border_radius__hover_enabled=&#8221;off&#8221; button_two_border_radius__hover_enabled=&#8221;off&#8221; button_letter_spacing__hover_enabled=&#8221;off&#8221; button_one_letter_spacing__hover_enabled=&#8221;off&#8221; button_two_letter_spacing__hover_enabled=&#8221;off&#8221; button_bg_color__hover_enabled=&#8221;off&#8221; button_one_bg_color__hover_enabled=&#8221;off&#8221; button_two_bg_color__hover_enabled=&#8221;off&#8221;][\/et_pb_contact_field][et_pb_contact_field field_id=&#8221;Telefonnummer&#8221; field_title=&#8221;Telefonnummer*&#8221; required_mark=&#8221;off&#8221; fullwidth_field=&#8221;on&#8221; _builder_version=&#8221;4.19.1&#8243; _module_preset=&#8221;default&#8221; form_field_background_color=&#8221;#FFFFFF&#8221; global_colors_info=&#8221;{}&#8221;][\/et_pb_contact_field][et_pb_contact_field field_id=&#8221;Vilken_typ_av_tj\u00e4nstefel_har_du_lagt_m\u00e4rke_till?&#8221; field_title=&#8221;Vilken typ av tj\u00e4nstefel har du lagt m\u00e4rke till?&#8221; field_type=&#8221;text&#8221; fullwidth_field=&#8221;on&#8221; _builder_version=&#8221;4.19.1&#8243; form_field_background_color=&#8221;#FFFFFF&#8221; global_colors_info=&#8221;{}&#8221; button_text_size__hover_enabled=&#8221;off&#8221; button_one_text_size__hover_enabled=&#8221;off&#8221; button_two_text_size__hover_enabled=&#8221;off&#8221; button_text_color__hover_enabled=&#8221;off&#8221; button_one_text_color__hover_enabled=&#8221;off&#8221; button_two_text_color__hover_enabled=&#8221;off&#8221; button_border_width__hover_enabled=&#8221;off&#8221; button_one_border_width__hover_enabled=&#8221;off&#8221; button_two_border_width__hover_enabled=&#8221;off&#8221; button_border_color__hover_enabled=&#8221;off&#8221; button_one_border_color__hover_enabled=&#8221;off&#8221; button_two_border_color__hover_enabled=&#8221;off&#8221; button_border_radius__hover_enabled=&#8221;off&#8221; button_one_border_radius__hover_enabled=&#8221;off&#8221; button_two_border_radius__hover_enabled=&#8221;off&#8221; button_letter_spacing__hover_enabled=&#8221;off&#8221; button_one_letter_spacing__hover_enabled=&#8221;off&#8221; button_two_letter_spacing__hover_enabled=&#8221;off&#8221; button_bg_color__hover_enabled=&#8221;off&#8221; button_one_bg_color__hover_enabled=&#8221;off&#8221; button_two_bg_color__hover_enabled=&#8221;off&#8221;][\/et_pb_contact_field][et_pb_contact_field field_id=&#8221;Vart_skedde_det?&#8221; field_title=&#8221;Vart skedde det?&#8221; field_type=&#8221;text&#8221; fullwidth_field=&#8221;on&#8221; _builder_version=&#8221;4.19.1&#8243; form_field_background_color=&#8221;#FFFFFF&#8221; global_colors_info=&#8221;{}&#8221; button_text_size__hover_enabled=&#8221;off&#8221; button_one_text_size__hover_enabled=&#8221;off&#8221; button_two_text_size__hover_enabled=&#8221;off&#8221; button_text_color__hover_enabled=&#8221;off&#8221; button_one_text_color__hover_enabled=&#8221;off&#8221; button_two_text_color__hover_enabled=&#8221;off&#8221; button_border_width__hover_enabled=&#8221;off&#8221; button_one_border_width__hover_enabled=&#8221;off&#8221; button_two_border_width__hover_enabled=&#8221;off&#8221; button_border_color__hover_enabled=&#8221;off&#8221; button_one_border_color__hover_enabled=&#8221;off&#8221; button_two_border_color__hover_enabled=&#8221;off&#8221; button_border_radius__hover_enabled=&#8221;off&#8221; button_one_border_radius__hover_enabled=&#8221;off&#8221; button_two_border_radius__hover_enabled=&#8221;off&#8221; button_letter_spacing__hover_enabled=&#8221;off&#8221; button_one_letter_spacing__hover_enabled=&#8221;off&#8221; button_two_letter_spacing__hover_enabled=&#8221;off&#8221; button_bg_color__hover_enabled=&#8221;off&#8221; button_one_bg_color__hover_enabled=&#8221;off&#8221; button_two_bg_color__hover_enabled=&#8221;off&#8221;][\/et_pb_contact_field][et_pb_contact_field field_id=&#8221;N\u00e4r_h\u00e4nde_det?_Ange_datum,_ber\u00e4knad_tid_och_om_det_har_varit_\u00e5terkommande.&#8221; field_title=&#8221;N\u00e4r h\u00e4nde det? Ange datum, ber\u00e4knad tid och om det har varit \u00e5terkommande.&#8221; field_type=&#8221;text&#8221; fullwidth_field=&#8221;on&#8221; _builder_version=&#8221;4.19.1&#8243; form_field_background_color=&#8221;#FFFFFF&#8221; global_colors_info=&#8221;{}&#8221; button_text_size__hover_enabled=&#8221;off&#8221; button_one_text_size__hover_enabled=&#8221;off&#8221; button_two_text_size__hover_enabled=&#8221;off&#8221; button_text_color__hover_enabled=&#8221;off&#8221; button_one_text_color__hover_enabled=&#8221;off&#8221; button_two_text_color__hover_enabled=&#8221;off&#8221; button_border_width__hover_enabled=&#8221;off&#8221; button_one_border_width__hover_enabled=&#8221;off&#8221; button_two_border_width__hover_enabled=&#8221;off&#8221; button_border_color__hover_enabled=&#8221;off&#8221; button_one_border_color__hover_enabled=&#8221;off&#8221; button_two_border_color__hover_enabled=&#8221;off&#8221; button_border_radius__hover_enabled=&#8221;off&#8221; button_one_border_radius__hover_enabled=&#8221;off&#8221; button_two_border_radius__hover_enabled=&#8221;off&#8221; button_letter_spacing__hover_enabled=&#8221;off&#8221; button_one_letter_spacing__hover_enabled=&#8221;off&#8221; button_two_letter_spacing__hover_enabled=&#8221;off&#8221; button_bg_color__hover_enabled=&#8221;off&#8221; button_one_bg_color__hover_enabled=&#8221;off&#8221; button_two_bg_color__hover_enabled=&#8221;off&#8221;][\/et_pb_contact_field][et_pb_contact_field field_id=&#8221;Bifoga_fil&#8221; field_title=&#8221;Bifoga fil (10 MB)&#8221; required_mark=&#8221;off&#8221; fullwidth_field=&#8221;on&#8221; _builder_version=&#8221;4.22.2&#8243; _module_preset=&#8221;default&#8221; attach_advanced_fields=&#8221;on&#8221; attach_file_size=&#8221;10&#8243; attach_button_text=&#8221;V\u00e4lj fil&#8221; attach_change_file_label=&#8221;\u00c4ndra fil&#8221; attach_no_file_label=&#8221;Ingen fil vald&#8221; global_colors_info=&#8221;{}&#8221;][\/et_pb_contact_field][\/et_pb_contact_form][\/et_pb_column][\/et_pb_row][et_pb_row _builder_version=&#8221;4.16&#8243; _module_preset=&#8221;default&#8221; global_colors_info=&#8221;{}&#8221;][et_pb_column type=&#8221;4_4&#8243; _builder_version=&#8221;4.16&#8243; _module_preset=&#8221;default&#8221; global_colors_info=&#8221;{}&#8221;][et_pb_divider show_divider=&#8221;off&#8221; _builder_version=&#8221;4.16&#8243; _module_preset=&#8221;default&#8221; min_height=&#8221;50px&#8221; global_colors_info=&#8221;{}&#8221;][\/et_pb_divider][\/et_pb_column][\/et_pb_row][\/et_pb_section]<\/p>\n","protected":false},"excerpt":{"rendered":"<p>Visselbl\u00e5sare formul\u00e4r Vi str\u00e4var efter att vara ett attraktivt f\u00f6retag genom att uppr\u00e4tth\u00e5lla ett \u00f6ppet och gott aff\u00e4rsklimat med h\u00f6g aff\u00e4rsetik. V\u00e5r Missconduct-rapportkanal syftar till att larma om missf\u00f6rh\u00e5llanden som involverar v\u00e5r verksamhet, som p\u00e5verkar m\u00e4nniskor, v\u00e5r organisation, v\u00e5rt samh\u00e4lle eller milj\u00f6n.Du beh\u00f6ver inte ha bevis f\u00f6r din misstanke, men alla anm\u00e4lningar ska g\u00f6ras i [&hellip;]<\/p>\n","protected":false},"author":6,"featured_media":0,"parent":0,"menu_order":0,"comment_status":"closed","ping_status":"closed","template":"","meta":{"_et_pb_use_builder":"on","_et_pb_old_content":"","_et_gb_content_width":"","footnotes":""},"class_list":["post-33963","page","type-page","status-publish","hentry"],"_links":{"self":[{"href":"https:\/\/www.kbcomponents.com\/sv\/wp-json\/wp\/v2\/pages\/33963","targetHints":{"allow":["GET"]}}],"collection":[{"href":"https:\/\/www.kbcomponents.com\/sv\/wp-json\/wp\/v2\/pages"}],"about":[{"href":"https:\/\/www.kbcomponents.com\/sv\/wp-json\/wp\/v2\/types\/page"}],"author":[{"embeddable":true,"href":"https:\/\/www.kbcomponents.com\/sv\/wp-json\/wp\/v2\/users\/6"}],"replies":[{"embeddable":true,"href":"https:\/\/www.kbcomponents.com\/sv\/wp-json\/wp\/v2\/comments?post=33963"}],"version-history":[{"count":8,"href":"https:\/\/www.kbcomponents.com\/sv\/wp-json\/wp\/v2\/pages\/33963\/revisions"}],"predecessor-version":[{"id":37383,"href":"https:\/\/www.kbcomponents.com\/sv\/wp-json\/wp\/v2\/pages\/33963\/revisions\/37383"}],"wp:attachment":[{"href":"https:\/\/www.kbcomponents.com\/sv\/wp-json\/wp\/v2\/media?parent=33963"}],"curies":[{"name":"wp","href":"https:\/\/api.w.org\/{rel}","templated":true}]}}