{"id":33693,"date":"2022-11-23T10:24:24","date_gmt":"2022-11-23T09:24:24","guid":{"rendered":"http:\/\/staging.kbcomponents.com\/?page_id=33693"},"modified":"2025-12-10T13:04:30","modified_gmt":"2025-12-10T12:04:30","slug":"om-foretaget","status":"publish","type":"page","link":"https:\/\/www.kbcomponents.com\/sv\/om-foretaget\/","title":{"rendered":"Om F\u00f6retaget"},"content":{"rendered":"<p>[et_pb_section fb_built=&#8221;1&#8243; _builder_version=&#8221;4.25.0&#8243; _module_preset=&#8221;default&#8221; background_image=&#8221;https:\/\/www.kbcomponents.com\/wp-content\/uploads\/2024\/05\/DSCF4032-kopia-scaled.jpg&#8221; parallax=&#8221;on&#8221; min_height=&#8221;317px&#8221; custom_padding=&#8221;180px||180px||false|false&#8221; da_disable_devices=&#8221;off|off|off&#8221; global_colors_info=&#8221;{}&#8221; da_is_popup=&#8221;off&#8221; da_exit_intent=&#8221;off&#8221; da_has_close=&#8221;on&#8221; da_alt_close=&#8221;off&#8221; da_dark_close=&#8221;off&#8221; da_not_modal=&#8221;on&#8221; da_is_singular=&#8221;off&#8221; da_with_loader=&#8221;off&#8221; da_has_shadow=&#8221;on&#8221;][\/et_pb_section][et_pb_section fb_built=&#8221;1&#8243; admin_label=&#8221;section&#8221; _builder_version=&#8221;4.16&#8243; da_disable_devices=&#8221;off|off|off&#8221; global_colors_info=&#8221;{}&#8221; da_is_popup=&#8221;off&#8221; da_exit_intent=&#8221;off&#8221; da_has_close=&#8221;on&#8221; da_alt_close=&#8221;off&#8221; da_dark_close=&#8221;off&#8221; da_not_modal=&#8221;on&#8221; da_is_singular=&#8221;off&#8221; da_with_loader=&#8221;off&#8221; da_has_shadow=&#8221;on&#8221;][et_pb_row admin_label=&#8221;row&#8221; _builder_version=&#8221;4.16&#8243; background_size=&#8221;initial&#8221; background_position=&#8221;top_left&#8221; background_repeat=&#8221;repeat&#8221; global_colors_info=&#8221;{}&#8221;][et_pb_column type=&#8221;4_4&#8243; _builder_version=&#8221;4.16&#8243; custom_padding=&#8221;|||&#8221; global_colors_info=&#8221;{}&#8221; custom_padding__hover=&#8221;|||&#8221;][et_pb_text admin_label=&#8221;Text&#8221; _builder_version=&#8221;4.27.5&#8243; text_line_height=&#8221;1.9em&#8221; header_font=&#8221;|700|||||||&#8221; header_2_font=&#8221;|700|||||||&#8221; background_size=&#8221;initial&#8221; background_position=&#8221;top_left&#8221; background_repeat=&#8221;repeat&#8221; hover_enabled=&#8221;0&#8243; global_colors_info=&#8221;{}&#8221; sticky_enabled=&#8221;0&#8243;]<\/p>\n<h1>Om bolaget<\/h1>\n<p>KB Components bildades av Solweig och Anders M\u00e5nson 1947. M\u00e5ls\u00e4ttningen var att inte bara h\u00e4nga med i plastindustrins utveckling utan att leda den. F\u00f6retagets stora framg\u00e5ngar under de tidiga \u00e5ren avspeglas i dagens kundbas med m\u00e5nga v\u00e4lk\u00e4nda f\u00f6retag fr\u00e5n en rad olika sektorer.<\/p>\n<h2>Polymersatsningen<\/h2>\n<p>KB Components erbjuder helhetsl\u00f6sningar till h\u00f6gsta m\u00f6jliga kvalitet, fr\u00e5n produktbehov till serieproduktion.<\/p>\n<p>V\u00e5ra innovativa samarbetsmetoder i kombination med den gedigna erfarenheten hos v\u00e5rt team av teknik\u2013 och produktionsspecialister ger oss b\u00e4sta m\u00f6jliga f\u00f6ruts\u00e4ttningar f\u00f6r att ta fram smarta l\u00f6sningar till konkurrenskraftiga priser.<\/p>\n<p>Med v\u00e5rt toppmoderna tillverknings- och logistiksystem kan vi tillgodose v\u00e5ra kunders behov med leverans- och kvalitetsprestanda i s\u00e4rklass.<\/p>\n<p>[\/et_pb_text][et_pb_blurb title=&#8221;Read more about us in our brochure.&#8221; url=&#8221;https:\/\/www.kbcomponents.com\/wp-content\/uploads\/2023\/09\/Foretagsbroschyr_digital_2023.pdf&#8221; url_new_window=&#8221;on&#8221; image=&#8221;https:\/\/www.kbcomponents.com\/wp-content\/uploads\/2019\/05\/F\u00f6retagsbroschyr_digital_low_cover.jpg&#8221; _builder_version=&#8221;4.22.1&#8243; _module_preset=&#8221;default&#8221; header_level=&#8221;h6&#8243; header_font=&#8221;|600||on|||||&#8221; header_text_color=&#8221;#008ebe&#8221; header_font_size=&#8221;12px&#8221; text_orientation=&#8221;center&#8221; global_colors_info=&#8221;{}&#8221;][\/et_pb_blurb][et_pb_text admin_label=&#8221;Text&#8221; _builder_version=&#8221;4.27.4&#8243; text_line_height=&#8221;1.9em&#8221; header_font=&#8221;|700|||||||&#8221; header_2_font=&#8221;|700|||||||&#8221; background_size=&#8221;initial&#8221; background_position=&#8221;top_left&#8221; background_repeat=&#8221;repeat&#8221; header_2_font_size_tablet=&#8221;&#8221; header_2_font_size_phone=&#8221;23px&#8221; header_2_font_size_last_edited=&#8221;on|phone&#8221; global_colors_info=&#8221;{}&#8221;]<\/p>\n<h2>V\u00e5ra produktionsanl\u00e4ggningar<\/h2>\n<p>Vi har produktionsanl\u00e4ggningar i \u00d6rkelljunga (Sverige), Gislaved (Sverige), Kaunas (Litauen), Windsor (Kanada), Dallas (USA), Puebla (Mexiko), Irapuato (Mexico), Wuxi (Kina), Zilina (Slovakien), New Dehli (Indien), Nurmij\u00e4rvi (Finland), Tallinn (Estland) och Haapsalu (Estland).<\/p>\n<p>I dag \u00e4r vi en av Skandinaviens st\u00f6rsta leverant\u00f6rer, med moderna, h\u00f6gteknologiska produktionsanl\u00e4ggningar.<\/p>\n<p>[\/et_pb_text][\/et_pb_column][\/et_pb_row][\/et_pb_section][et_pb_section fb_built=&#8221;1&#8243; _builder_version=&#8221;4.16&#8243; _module_preset=&#8221;default&#8221; background_enable_image=&#8221;off&#8221; custom_padding=&#8221;0px|0px|0px|0px|false|false&#8221; da_disable_devices=&#8221;off|off|off&#8221; global_colors_info=&#8221;{}&#8221; da_is_popup=&#8221;off&#8221; da_exit_intent=&#8221;off&#8221; da_has_close=&#8221;on&#8221; da_alt_close=&#8221;off&#8221; da_dark_close=&#8221;off&#8221; da_not_modal=&#8221;on&#8221; da_is_singular=&#8221;off&#8221; da_with_loader=&#8221;off&#8221; da_has_shadow=&#8221;on&#8221;][et_pb_row _builder_version=&#8221;4.16&#8243; _module_preset=&#8221;default&#8221; global_colors_info=&#8221;{}&#8221;][et_pb_column type=&#8221;4_4&#8243; _builder_version=&#8221;4.16&#8243; _module_preset=&#8221;default&#8221; global_colors_info=&#8221;{}&#8221;][et_pb_text _builder_version=&#8221;4.16&#8243; _module_preset=&#8221;default&#8221; global_colors_info=&#8221;{}&#8221;][\/et_pb_text][\/et_pb_column][\/et_pb_row][et_pb_row _builder_version=&#8221;4.16&#8243; _module_preset=&#8221;default&#8221; width=&#8221;100%&#8221; max_width=&#8221;100%&#8221; custom_padding=&#8221;0px|0px|0px|0px|false|false&#8221; global_colors_info=&#8221;{}&#8221;][et_pb_column type=&#8221;4_4&#8243; _builder_version=&#8221;4.16&#8243; _module_preset=&#8221;default&#8221; custom_padding=&#8221;||||false|false&#8221; global_colors_info=&#8221;{}&#8221;][et_pb_slider show_pagination=&#8221;off&#8221; _builder_version=&#8221;4.19.5&#8243; _module_preset=&#8221;default&#8221; width=&#8221;100%&#8221; max_width=&#8221;100%&#8221; content_max_width=&#8221;100%&#8221; custom_margin_tablet=&#8221;&#8221; custom_margin_phone=&#8221;&#8221; custom_margin_last_edited=&#8221;on|desktop&#8221; custom_padding=&#8221;400px||400px||false|false&#8221; custom_padding_tablet=&#8221;200px||200px||false|false&#8221; custom_padding_phone=&#8221;80px||80px||false|false&#8221; custom_padding_last_edited=&#8221;on|phone&#8221; global_colors_info=&#8221;{}&#8221;][et_pb_slide _builder_version=&#8221;4.16&#8243; _module_preset=&#8221;default&#8221; background_image=&#8221;https:\/\/www.kbcomponents.com\/wp-content\/uploads\/2019\/05\/U8A7024-copy_web.jpg&#8221; background_enable_image=&#8221;on&#8221; global_colors_info=&#8221;{}&#8221; sticky_transition=&#8221;on&#8221;][\/et_pb_slide][et_pb_slide _builder_version=&#8221;4.16&#8243; _module_preset=&#8221;default&#8221; background_image=&#8221;https:\/\/www.kbcomponents.com\/wp-content\/uploads\/2020\/03\/15.jpg&#8221; background_enable_image=&#8221;on&#8221; global_colors_info=&#8221;{}&#8221; sticky_transition=&#8221;on&#8221;][\/et_pb_slide][et_pb_slide _builder_version=&#8221;4.16&#8243; _module_preset=&#8221;default&#8221; background_enable_color=&#8221;off&#8221; background_image=&#8221;https:\/\/www.kbcomponents.com\/wp-content\/uploads\/2020\/05\/IMG_4462a_low-1.jpg&#8221; background_enable_image=&#8221;on&#8221; global_colors_info=&#8221;{}&#8221; sticky_transition=&#8221;on&#8221;][\/et_pb_slide][et_pb_slide _builder_version=&#8221;4.16&#8243; _module_preset=&#8221;default&#8221; background_enable_color=&#8221;off&#8221; background_image=&#8221;https:\/\/www.kbcomponents.com\/wp-content\/uploads\/2020\/06\/4_low-till-hemsida_beskuren.jpg&#8221; background_enable_image=&#8221;on&#8221; global_colors_info=&#8221;{}&#8221; sticky_transition=&#8221;on&#8221;][\/et_pb_slide][et_pb_slide _builder_version=&#8221;4.16&#8243; _module_preset=&#8221;default&#8221; background_enable_color=&#8221;off&#8221; background_image=&#8221;https:\/\/www.kbcomponents.com\/wp-content\/uploads\/2020\/06\/KBCC_webpage.jpg&#8221; background_enable_image=&#8221;on&#8221; global_colors_info=&#8221;{}&#8221; sticky_transition=&#8221;on&#8221;][\/et_pb_slide][et_pb_slide _builder_version=&#8221;4.16&#8243; _module_preset=&#8221;default&#8221; background_enable_color=&#8221;off&#8221; background_image=&#8221;https:\/\/www.kbcomponents.com\/wp-content\/uploads\/2021\/08\/IVQCE0529_low-6.jpg&#8221; background_enable_image=&#8221;on&#8221; global_colors_info=&#8221;{}&#8221; sticky_transition=&#8221;on&#8221;][\/et_pb_slide][et_pb_slide _builder_version=&#8221;4.16&#8243; _module_preset=&#8221;default&#8221; background_image=&#8221;https:\/\/www.kbcomponents.com\/wp-content\/uploads\/2022\/01\/image2.png&#8221; background_enable_image=&#8221;on&#8221; global_colors_info=&#8221;{}&#8221; sticky_transition=&#8221;on&#8221;][\/et_pb_slide][\/et_pb_slider][\/et_pb_column][\/et_pb_row][\/et_pb_section]<\/p>\n","protected":false},"excerpt":{"rendered":"<p>Om bolaget KB Components bildades av Solweig och Anders M\u00e5nson 1947. M\u00e5ls\u00e4ttningen var att inte bara h\u00e4nga med i plastindustrins utveckling utan att leda den. F\u00f6retagets stora framg\u00e5ngar under de tidiga \u00e5ren avspeglas i dagens kundbas med m\u00e5nga v\u00e4lk\u00e4nda f\u00f6retag fr\u00e5n en rad olika sektorer. Polymersatsningen KB Components erbjuder helhetsl\u00f6sningar till h\u00f6gsta m\u00f6jliga kvalitet, fr\u00e5n [&hellip;]<\/p>\n","protected":false},"author":6,"featured_media":0,"parent":0,"menu_order":0,"comment_status":"open","ping_status":"closed","template":"","meta":{"_et_pb_use_builder":"on","_et_pb_old_content":"[et_pb_section fb_built=\"1\" _builder_version=\"4.14.7\" _module_preset=\"default\" background_image=\"https:\/\/www.kbcomponents.com\/wp-content\/uploads\/2020\/06\/OA_entre2020_LOW_hemsida.jpg\" custom_padding=\"180px||180px||false|false\" global_colors_info=\"{}\"][et_pb_row _builder_version=\"4.14.7\" _module_preset=\"default\" global_colors_info=\"{}\"][et_pb_column type=\"4_4\" _builder_version=\"4.14.7\" _module_preset=\"default\" global_colors_info=\"{}\"][et_pb_text _builder_version=\"4.14.7\" _module_preset=\"default\" global_colors_info=\"{}\"][\/et_pb_text][\/et_pb_column][\/et_pb_row][\/et_pb_section][et_pb_section fb_built=\"1\" admin_label=\"section\" _builder_version=\"3.22\" global_colors_info=\"{}\"][et_pb_row admin_label=\"row\" _builder_version=\"3.25\" background_size=\"initial\" background_position=\"top_left\" background_repeat=\"repeat\" global_colors_info=\"{}\"][et_pb_column type=\"4_4\" _builder_version=\"3.25\" custom_padding=\"|||\" global_colors_info=\"{}\" custom_padding__hover=\"|||\"][et_pb_text admin_label=\"Text\" _builder_version=\"4.14.7\" text_line_height=\"1.9em\" header_font=\"|700|||||||\" header_2_font=\"|700|||||||\" background_size=\"initial\" background_position=\"top_left\" background_repeat=\"repeat\" global_colors_info=\"{}\"]\n<h1>Company overview<\/h1>\nKB Components was founded by Anders M\u00e5nson in 1947. His goal was to become a leader in shaping the plastics industry instead of a follower. The high level of success achieved in the following years is embodied in our current client base, which includes many well-known companies from a wide range of sectors.\n<h2>The Polymer Endeavour<\/h2>\nKB Components provides full service to the highest standard from a product need to serial production. Our innovative forms of collaboration with our customers and suppliers combined with a vastly experienced team of engineering and production specialists lay the best possible foundation for finding smart solutions at competitive cost levels. KB Components\u2019state-of-the-art manufacturing and logistics system delivers extraordinary customer satisfaction with outstanding delivery and quality performance.[\/et_pb_text][et_pb_blurb title=\"Read more about us in our brochure.\" url=\"https:\/\/www.kbcomponents.com\/wp-content\/uploads\/2020\/04\/F%C3%B6retagsbroschyr_digital-1.pdf\" url_new_window=\"on\" image=\"https:\/\/www.kbcomponents.com\/wp-content\/uploads\/2019\/05\/F\u00f6retagsbroschyr_digital_low_cover.jpg\" _builder_version=\"4.14.7\" _module_preset=\"default\" header_level=\"h6\" header_font=\"|600||on|||||\" header_text_color=\"#008ebe\" header_font_size=\"12px\" text_orientation=\"center\" global_colors_info=\"{}\"][\/et_pb_blurb][et_pb_text admin_label=\"Text\" _builder_version=\"4.14.7\" text_line_height=\"1.9em\" header_font=\"|700|||||||\" header_2_font=\"|700|||||||\" background_size=\"initial\" background_position=\"top_left\" background_repeat=\"repeat\" global_colors_info=\"{}\"]\n<h2>Our Production Plants<\/h2>\nWe have production plants in \u00d6rkelljunga (Sweden), Gislaved (Sweden), Anderstorp (Sweden), Kaunas (Lithuania), Windsor (Canada), Puebla (Mexico), Wuxi (China) and Zilina (Slovakia).\nToday we are one of Scandinavia\u2019s largest suppliers, offering modern, high-tech production facilities.[\/et_pb_text][\/et_pb_column][\/et_pb_row][\/et_pb_section][et_pb_section fb_built=\"1\" _builder_version=\"4.14.7\" _module_preset=\"default\" background_enable_image=\"off\" custom_padding=\"0px|0px|0px|0px|false|false\" global_colors_info=\"{}\"][et_pb_row _builder_version=\"4.14.7\" _module_preset=\"default\" global_colors_info=\"{}\"][et_pb_column type=\"4_4\" _builder_version=\"4.14.7\" _module_preset=\"default\" global_colors_info=\"{}\"][et_pb_text _builder_version=\"4.14.7\" _module_preset=\"default\" global_colors_info=\"{}\"][\/et_pb_text][\/et_pb_column][\/et_pb_row][et_pb_row _builder_version=\"4.14.7\" _module_preset=\"default\" width=\"100%\" max_width=\"100%\" custom_padding=\"0px|0px|0px|0px|false|false\" global_colors_info=\"{}\"][et_pb_column type=\"4_4\" _builder_version=\"4.14.7\" _module_preset=\"default\" custom_padding=\"||||false|false\" global_colors_info=\"{}\"][et_pb_slider show_pagination=\"off\" _builder_version=\"4.14.7\" _module_preset=\"default\" width=\"100%\" max_width=\"100%\" content_max_width=\"100%\" custom_margin_tablet=\"\" custom_margin_phone=\"\" custom_margin_last_edited=\"on|desktop\" custom_padding=\"400px||400px||false|false\" custom_padding_tablet=\"200px||200px||false|false\" custom_padding_phone=\"80px||80px||false|false\" custom_padding_last_edited=\"on|phone\" hover_enabled=\"0\" global_colors_info=\"{}\" sticky_enabled=\"0\"][et_pb_slide _builder_version=\"4.14.7\" _module_preset=\"default\" background_image=\"https:\/\/www.kbcomponents.com\/wp-content\/uploads\/2017\/03\/Anderstorp-20170323.jpg\" background_enable_image=\"on\" global_colors_info=\"{}\" sticky_transition=\"on\"][\/et_pb_slide][et_pb_slide _builder_version=\"4.14.7\" _module_preset=\"default\" background_image=\"https:\/\/www.kbcomponents.com\/wp-content\/uploads\/2019\/05\/U8A7024-copy_web.jpg\" background_enable_image=\"on\" global_colors_info=\"{}\" sticky_transition=\"on\"][\/et_pb_slide][et_pb_slide _builder_version=\"4.14.7\" _module_preset=\"default\" background_image=\"https:\/\/www.kbcomponents.com\/wp-content\/uploads\/2020\/03\/15.jpg\" background_enable_image=\"on\" global_colors_info=\"{}\" sticky_transition=\"on\"][\/et_pb_slide][et_pb_slide _builder_version=\"4.14.7\" _module_preset=\"default\" background_enable_color=\"off\" background_image=\"https:\/\/www.kbcomponents.com\/wp-content\/uploads\/2020\/05\/IMG_4462a_low-1.jpg\" background_enable_image=\"on\" global_colors_info=\"{}\" sticky_transition=\"on\"][\/et_pb_slide][et_pb_slide _builder_version=\"4.14.7\" _module_preset=\"default\" background_enable_color=\"off\" background_image=\"https:\/\/www.kbcomponents.com\/wp-content\/uploads\/2020\/06\/4_low-till-hemsida_beskuren.jpg\" background_enable_image=\"on\" global_colors_info=\"{}\" sticky_transition=\"on\"][\/et_pb_slide][et_pb_slide _builder_version=\"4.14.7\" _module_preset=\"default\" background_enable_color=\"off\" background_image=\"https:\/\/www.kbcomponents.com\/wp-content\/uploads\/2020\/06\/KBCC_webpage.jpg\" background_enable_image=\"on\" global_colors_info=\"{}\" sticky_transition=\"on\"][\/et_pb_slide][et_pb_slide _builder_version=\"4.14.7\" _module_preset=\"default\" background_enable_color=\"off\" background_image=\"https:\/\/www.kbcomponents.com\/wp-content\/uploads\/2021\/08\/IVQCE0529_low-6.jpg\" background_enable_image=\"on\" global_colors_info=\"{}\" sticky_transition=\"on\"][\/et_pb_slide][et_pb_slide _builder_version=\"4.14.7\" _module_preset=\"default\" background_image=\"https:\/\/www.kbcomponents.com\/wp-content\/uploads\/2021\/08\/slovakia_beskuren-1.jpg\" background_enable_image=\"on\" global_colors_info=\"{}\" sticky_transition=\"on\"][\/et_pb_slide][et_pb_slide _builder_version=\"4.14.7\" _module_preset=\"default\" background_image=\"https:\/\/www.kbcomponents.com\/wp-content\/uploads\/2022\/01\/image2.png\" background_enable_image=\"on\" global_colors_info=\"{}\" sticky_transition=\"on\"][\/et_pb_slide][\/et_pb_slider][\/et_pb_column][\/et_pb_row][\/et_pb_section]","_et_gb_content_width":"","footnotes":""},"class_list":["post-33693","page","type-page","status-publish","hentry"],"_links":{"self":[{"href":"https:\/\/www.kbcomponents.com\/sv\/wp-json\/wp\/v2\/pages\/33693","targetHints":{"allow":["GET"]}}],"collection":[{"href":"https:\/\/www.kbcomponents.com\/sv\/wp-json\/wp\/v2\/pages"}],"about":[{"href":"https:\/\/www.kbcomponents.com\/sv\/wp-json\/wp\/v2\/types\/page"}],"author":[{"embeddable":true,"href":"https:\/\/www.kbcomponents.com\/sv\/wp-json\/wp\/v2\/users\/6"}],"replies":[{"embeddable":true,"href":"https:\/\/www.kbcomponents.com\/sv\/wp-json\/wp\/v2\/comments?post=33693"}],"version-history":[{"count":10,"href":"https:\/\/www.kbcomponents.com\/sv\/wp-json\/wp\/v2\/pages\/33693\/revisions"}],"predecessor-version":[{"id":40209,"href":"https:\/\/www.kbcomponents.com\/sv\/wp-json\/wp\/v2\/pages\/33693\/revisions\/40209"}],"wp:attachment":[{"href":"https:\/\/www.kbcomponents.com\/sv\/wp-json\/wp\/v2\/media?parent=33693"}],"curies":[{"name":"wp","href":"https:\/\/api.w.org\/{rel}","templated":true}]}}