{"id":3240,"date":"2015-08-05T11:09:17","date_gmt":"2015-08-05T09:09:17","guid":{"rendered":"https:\/\/www.kbcomponents.com\/?page_id=3240"},"modified":"2025-04-08T09:44:15","modified_gmt":"2025-04-08T07:44:15","slug":"personbilar","status":"publish","type":"page","link":"https:\/\/www.kbcomponents.com\/sv\/affarsomraden\/personbilar\/","title":{"rendered":"Personbilar"},"content":{"rendered":"<p>[et_pb_section fb_built=&#8221;1&#8243; _builder_version=&#8221;4.16&#8243; _module_preset=&#8221;default&#8221; background_image=&#8221;https:\/\/www.kbcomponents.com\/wp-content\/uploads\/2021\/09\/265682_XC60_Inscription_expression_Leather_Fine_Nappa_Perforated_Blond_in_Blond-scaled.jpg&#8221; custom_padding=&#8221;180px||180px||false|false&#8221; global_colors_info=&#8221;{}&#8221; da_is_popup=&#8221;off&#8221; da_exit_intent=&#8221;off&#8221; da_has_close=&#8221;on&#8221; da_alt_close=&#8221;off&#8221; da_dark_close=&#8221;off&#8221; da_not_modal=&#8221;on&#8221; da_is_singular=&#8221;off&#8221; da_with_loader=&#8221;off&#8221; da_has_shadow=&#8221;on&#8221; da_disable_devices=&#8221;off|off|off&#8221;][et_pb_row _builder_version=&#8221;4.16&#8243; _module_preset=&#8221;default&#8221; global_colors_info=&#8221;{}&#8221;][et_pb_column type=&#8221;4_4&#8243; _builder_version=&#8221;4.16&#8243; _module_preset=&#8221;default&#8221; global_colors_info=&#8221;{}&#8221;][et_pb_text _builder_version=&#8221;4.16&#8243; _module_preset=&#8221;default&#8221; global_colors_info=&#8221;{}&#8221;][\/et_pb_text][\/et_pb_column][\/et_pb_row][\/et_pb_section][et_pb_section fb_built=&#8221;1&#8243; admin_label=&#8221;section&#8221; _builder_version=&#8221;4.16&#8243; global_colors_info=&#8221;{}&#8221; da_is_popup=&#8221;off&#8221; da_exit_intent=&#8221;off&#8221; da_has_close=&#8221;on&#8221; da_alt_close=&#8221;off&#8221; da_dark_close=&#8221;off&#8221; da_not_modal=&#8221;on&#8221; da_is_singular=&#8221;off&#8221; da_with_loader=&#8221;off&#8221; da_has_shadow=&#8221;on&#8221; da_disable_devices=&#8221;off|off|off&#8221;][et_pb_row admin_label=&#8221;row&#8221; _builder_version=&#8221;4.16&#8243; background_size=&#8221;initial&#8221; background_position=&#8221;top_left&#8221; background_repeat=&#8221;repeat&#8221; global_colors_info=&#8221;{}&#8221;][et_pb_column type=&#8221;4_4&#8243; _builder_version=&#8221;4.16&#8243; custom_padding=&#8221;|||&#8221; global_colors_info=&#8221;{}&#8221; custom_padding__hover=&#8221;|||&#8221;][et_pb_text admin_label=&#8221;Text&#8221; _builder_version=&#8221;4.27.0&#8243; text_line_height=&#8221;1.9em&#8221; header_font=&#8221;|700|||||||&#8221; header_2_font=&#8221;|700|||||||&#8221; background_size=&#8221;initial&#8221; background_position=&#8221;top_left&#8221; background_repeat=&#8221;repeat&#8221; global_colors_info=&#8221;{}&#8221;]<\/p>\n<h1>Personbilar<\/h1>\n<p>KB Components b\u00f6rjade leverera polymerkomponenter till den personbilsindustrin redan p\u00e5 1950-talet.\u00a0I dag har vi ett komplett produktutbud f\u00f6r till\u00e4mpningar inom interi\u00f6r, exteri\u00f6r och drivlina.\u00a0<\/p>\n<p>Bland v\u00e5ra kunder \u00e5terfinns premiumm\u00e4rken, d\u00e4r vi agerar som b\u00e5de OEM-leverant\u00f6r och prim\u00e4r leverant\u00f6r.\u00a0Vi har den spetskompetens och gedigna erfarenhet som kr\u00e4vs f\u00f6r att tillhandah\u00e5lla kostnadseffektiva l\u00f6sningar inom utveckling, logistik och industrialisering.<\/p>\n<p>[\/et_pb_text][\/et_pb_column][\/et_pb_row][\/et_pb_section][et_pb_section fb_built=&#8221;1&#8243; _builder_version=&#8221;4.16&#8243; _module_preset=&#8221;default&#8221; background_image=&#8221;https:\/\/www.kbcomponents.com\/wp-content\/uploads\/2021\/09\/265682_XC60_Inscription_expression_Leather_Fine_Nappa_Perforated_Blond_in_Blond-scaled.jpg&#8221; custom_padding=&#8221;180px||180px||false|false&#8221; global_colors_info=&#8221;{}&#8221; da_is_popup=&#8221;off&#8221; da_exit_intent=&#8221;off&#8221; da_has_close=&#8221;on&#8221; da_alt_close=&#8221;off&#8221; da_dark_close=&#8221;off&#8221; da_not_modal=&#8221;on&#8221; da_is_singular=&#8221;off&#8221; da_with_loader=&#8221;off&#8221; da_has_shadow=&#8221;on&#8221; da_disable_devices=&#8221;off|off|off&#8221;][et_pb_row _builder_version=&#8221;4.16&#8243; _module_preset=&#8221;default&#8221; global_colors_info=&#8221;{}&#8221;][et_pb_column type=&#8221;4_4&#8243; _builder_version=&#8221;4.16&#8243; _module_preset=&#8221;default&#8221; global_colors_info=&#8221;{}&#8221;][et_pb_text _builder_version=&#8221;4.16&#8243; _module_preset=&#8221;default&#8221; global_colors_info=&#8221;{}&#8221;][\/et_pb_text][\/et_pb_column][\/et_pb_row][\/et_pb_section][et_pb_section fb_built=&#8221;1&#8243; admin_label=&#8221;section&#8221; _builder_version=&#8221;4.16&#8243; global_colors_info=&#8221;{}&#8221; da_is_popup=&#8221;off&#8221; da_exit_intent=&#8221;off&#8221; da_has_close=&#8221;on&#8221; da_alt_close=&#8221;off&#8221; da_dark_close=&#8221;off&#8221; da_not_modal=&#8221;on&#8221; da_is_singular=&#8221;off&#8221; da_with_loader=&#8221;off&#8221; da_has_shadow=&#8221;on&#8221; da_disable_devices=&#8221;off|off|off&#8221;][et_pb_row admin_label=&#8221;row&#8221; _builder_version=&#8221;4.16&#8243; background_size=&#8221;initial&#8221; background_position=&#8221;top_left&#8221; background_repeat=&#8221;repeat&#8221; global_colors_info=&#8221;{}&#8221;][et_pb_column type=&#8221;4_4&#8243; _builder_version=&#8221;4.16&#8243; custom_padding=&#8221;|||&#8221; global_colors_info=&#8221;{}&#8221; custom_padding__hover=&#8221;|||&#8221;][et_pb_text admin_label=&#8221;Text&#8221; _builder_version=&#8221;4.27.0&#8243; text_line_height=&#8221;1.9em&#8221; header_font=&#8221;|700|||||||&#8221; header_2_font=&#8221;|700|||||||&#8221; background_size=&#8221;initial&#8221; background_position=&#8221;top_left&#8221; background_repeat=&#8221;repeat&#8221; global_colors_info=&#8221;{}&#8221;]<\/p>\n<h2>Interi\u00f6r<\/h2>\n<p>Bilinteri\u00f6rer m\u00e5ste uppfylla mycket h\u00f6ga krav p\u00e5 visuell och funktionell kvalitet. Det kan till exempel handla om r\u00e4tt ytglans, minimala skarvar och minsta m\u00f6jliga ljud, vibrationer och \u201dgnissel och gnek\u201d (NVH \u2013 Noise, Vibration and Harshness).\u00a0<\/p>\n<p>KB hj\u00e4lper biltillverkarna att ta fram b\u00e4ttre och effektivare interi\u00f6rer f\u00f6r att m\u00f6ta behoven hos deras kr\u00e4vande kundbas.\u00a0<\/p>\n<p>V\u00e5rt utbud av interi\u00f6rdetaljer omfattar tv\u00e5komponentsdelar till s\u00e4ten, textilkl\u00e4dda pelare och en rad olika strukturella komponenter.<\/p>\n<p>[\/et_pb_text][\/et_pb_column][\/et_pb_row][\/et_pb_section][et_pb_section fb_built=&#8221;1&#8243; _builder_version=&#8221;4.16&#8243; _module_preset=&#8221;default&#8221; background_image=&#8221;https:\/\/www.kbcomponents.com\/wp-content\/uploads\/2021\/09\/265689_XC60_Inscription_in_Pine_Grey_metallic_beskuren_low.jpg&#8221; custom_padding=&#8221;180px||180px||false|false&#8221; global_colors_info=&#8221;{}&#8221; da_is_popup=&#8221;off&#8221; da_exit_intent=&#8221;off&#8221; da_has_close=&#8221;on&#8221; da_alt_close=&#8221;off&#8221; da_dark_close=&#8221;off&#8221; da_not_modal=&#8221;on&#8221; da_is_singular=&#8221;off&#8221; da_with_loader=&#8221;off&#8221; da_has_shadow=&#8221;on&#8221; da_disable_devices=&#8221;off|off|off&#8221;][et_pb_row _builder_version=&#8221;4.16&#8243; _module_preset=&#8221;default&#8221; global_colors_info=&#8221;{}&#8221;][et_pb_column type=&#8221;4_4&#8243; _builder_version=&#8221;4.16&#8243; _module_preset=&#8221;default&#8221; global_colors_info=&#8221;{}&#8221;][et_pb_text _builder_version=&#8221;4.16&#8243; _module_preset=&#8221;default&#8221; global_colors_info=&#8221;{}&#8221;][\/et_pb_text][\/et_pb_column][\/et_pb_row][\/et_pb_section][et_pb_section fb_built=&#8221;1&#8243; admin_label=&#8221;section&#8221; _builder_version=&#8221;4.16&#8243; global_colors_info=&#8221;{}&#8221; da_is_popup=&#8221;off&#8221; da_exit_intent=&#8221;off&#8221; da_has_close=&#8221;on&#8221; da_alt_close=&#8221;off&#8221; da_dark_close=&#8221;off&#8221; da_not_modal=&#8221;on&#8221; da_is_singular=&#8221;off&#8221; da_with_loader=&#8221;off&#8221; da_has_shadow=&#8221;on&#8221; da_disable_devices=&#8221;off|off|off&#8221;][et_pb_row admin_label=&#8221;row&#8221; _builder_version=&#8221;4.16&#8243; background_size=&#8221;initial&#8221; background_position=&#8221;top_left&#8221; background_repeat=&#8221;repeat&#8221; global_colors_info=&#8221;{}&#8221;][et_pb_column type=&#8221;4_4&#8243; _builder_version=&#8221;4.16&#8243; custom_padding=&#8221;|||&#8221; global_colors_info=&#8221;{}&#8221; custom_padding__hover=&#8221;|||&#8221;][et_pb_text admin_label=&#8221;Text&#8221; _builder_version=&#8221;4.27.0&#8243; text_line_height=&#8221;1.9em&#8221; header_font=&#8221;|700|||||||&#8221; header_2_font=&#8221;|700|||||||&#8221; background_size=&#8221;initial&#8221; background_position=&#8221;top_left&#8221; background_repeat=&#8221;repeat&#8221; global_colors_info=&#8221;{}&#8221;]<\/p>\n<h2>Exteri\u00f6r\/drivlina<\/h2>\n<p>Polymerkompositer \u00e4r ett sj\u00e4lvklart l\u00e4ttviktsalternativ till metall som kan hj\u00e4lpa fordonsindustrin att minska sin milj\u00f6p\u00e5verkan och \u00f6ka l\u00f6nsamheten. Det \u00e4r avg\u00f6rande att exteri\u00f6rdetaljer och applikationer f\u00f6r drivlinor i lastbilar h\u00e5ller f\u00f6r m\u00e5nga och l\u00e5nga resor. KB tillverkar kritiska exteri\u00f6rdelar f\u00f6r lastbilar s\u00e5som sidoskydd.<\/p>\n<p>[\/et_pb_text][\/et_pb_column][\/et_pb_row][\/et_pb_section][et_pb_section fb_built=&#8221;1&#8243; _builder_version=&#8221;4.16&#8243; _module_preset=&#8221;default&#8221; background_color=&#8221;#f1f1f1&#8243; custom_padding=&#8221;60px||60px||false|false&#8221; saved_tabs=&#8221;all&#8221; global_colors_info=&#8221;{}&#8221; global_module=&#8221;39170&#8243; theme_builder_area=&#8221;post_content&#8221; da_is_popup=&#8221;off&#8221; da_exit_intent=&#8221;off&#8221; da_has_close=&#8221;on&#8221; da_alt_close=&#8221;off&#8221; da_dark_close=&#8221;off&#8221; da_not_modal=&#8221;on&#8221; da_is_singular=&#8221;off&#8221; da_with_loader=&#8221;off&#8221; da_has_shadow=&#8221;on&#8221; da_disable_devices=&#8221;off|off|off&#8221;][et_pb_row _builder_version=&#8221;4.16&#8243; _module_preset=&#8221;default&#8221; custom_padding=&#8221;0px||0px||false|false&#8221; global_colors_info=&#8221;{}&#8221; theme_builder_area=&#8221;post_content&#8221;][et_pb_column type=&#8221;4_4&#8243; _builder_version=&#8221;4.16&#8243; _module_preset=&#8221;default&#8221; global_colors_info=&#8221;{}&#8221; theme_builder_area=&#8221;post_content&#8221;][et_pb_blurb title=&#8221;Kontakt&#8221; image=&#8221;https:\/\/www.kbcomponents.com\/wp-content\/uploads\/2017\/03\/telfon-kb-e1489052858973.png&#8221; icon_placement=&#8221;left&#8221; _builder_version=&#8221;4.27.4&#8243; _module_preset=&#8221;default&#8221; header_font=&#8221;|600||on|||||&#8221; body_text_color=&#8221;#0a0a0a&#8221; image_icon_custom_margin=&#8221;||||false|false&#8221; image_icon_custom_padding=&#8221;||||false|false&#8221; custom_css_blurb_content=&#8221;margin-left:0;||padding-left:0;&#8221; global_colors_info=&#8221;{}&#8221; theme_builder_area=&#8221;post_content&#8221;]Niklas Nilsson<br \/>\n<a href=\"mailto:niklas.nilsson@kbcomponents.com\">niklas.nilsson@kbcomponents.com<\/a>[\/et_pb_blurb][\/et_pb_column][\/et_pb_row][\/et_pb_section]<\/p>\n","protected":false},"excerpt":{"rendered":"<p>Personbilar KB Components b\u00f6rjade leverera polymerkomponenter till den personbilsindustrin redan p\u00e5 1950-talet.\u00a0I dag har vi ett komplett produktutbud f\u00f6r till\u00e4mpningar inom interi\u00f6r, exteri\u00f6r och drivlina.\u00a0 Bland v\u00e5ra kunder \u00e5terfinns premiumm\u00e4rken, d\u00e4r vi agerar som b\u00e5de OEM-leverant\u00f6r och prim\u00e4r leverant\u00f6r.\u00a0Vi har den spetskompetens och gedigna erfarenhet som kr\u00e4vs f\u00f6r att tillhandah\u00e5lla kostnadseffektiva l\u00f6sningar inom utveckling, logistik [&hellip;]<\/p>\n","protected":false},"author":6,"featured_media":0,"parent":3226,"menu_order":0,"comment_status":"open","ping_status":"open","template":"","meta":{"_et_pb_use_builder":"on","_et_pb_old_content":"[vc_row css_animation=\"\" row_type=\"row\" use_row_as_full_screen_section=\"no\" type=\"full_width\" angled_section=\"no\" text_align=\"left\" background_image_as_pattern=\"without_pattern\" row_negative_margin=\"disable_negative_margin\" background_image=\"31884\" z_index=\"\"][vc_column][vc_empty_space height=\"400px\"][\/vc_column][\/vc_row][vc_row css_animation=\"\" row_type=\"row\" use_row_as_full_screen_section=\"no\" type=\"full_width\" angled_section=\"no\" text_align=\"left\" background_image_as_pattern=\"without_pattern\" css=\".vc_custom_1442842373447{padding-right: 10px !important;padding-left: 10px !important;}\"][vc_column][vc_empty_space height=\"60\"][vc_row_inner row_type=\"row\" type=\"full_width\" text_align=\"left\" css_animation=\"\"][vc_column_inner width=\"1\/4\"]\r\n[\/vc_column_inner][vc_column_inner width=\"1\/2\"][vc_column_text]\r\n<h1>Light Vehicles<\/h1>\r\n[\/vc_column_text][vc_empty_space height=\"20\"][vc_column_text]KB Components started delivering polymer components to the light vehicle industry back in the 50s.\r\n\r\nToday we supply a complete range of products for interior, exterior and powertrain applications.\r\n\r\nOur customers include premium brands for whom we serve as both the OEM and Tier 1 supplier.\r\n\r\nOur cutting-edge knowledge and operational excellence enables us to provide cost-effective solutions for development, logistics and industrialization.[\/vc_column_text][\/vc_column_inner][vc_column_inner width=\"1\/4\"]\r\n[\/vc_column_inner][\/vc_row_inner][vc_empty_space height=\"60px\"][\/vc_column][\/vc_row][vc_row css_animation=\"\" row_type=\"row\" use_row_as_full_screen_section=\"no\" type=\"full_width\" angled_section=\"no\" text_align=\"left\" background_image_as_pattern=\"without_pattern\" row_negative_margin=\"disable_negative_margin\" background_image=\"31842\" z_index=\"\"][vc_column][vc_empty_space height=\"400px\"][\/vc_column][\/vc_row][vc_row css_animation=\"\" row_type=\"row\" use_row_as_full_screen_section=\"no\" type=\"full_width\" angled_section=\"no\" text_align=\"left\" background_image_as_pattern=\"without_pattern\" css=\".vc_custom_1442842373447{padding-right: 10px !important;padding-left: 10px !important;}\"][vc_column][vc_empty_space height=\"60\"][vc_row_inner row_type=\"row\" type=\"full_width\" text_align=\"left\" css_animation=\"\"][vc_column_inner width=\"1\/4\"]\r\n[\/vc_column_inner][vc_column_inner width=\"1\/2\"][vc_column_text]\r\n<h1>Interior<\/h1>\r\n[\/vc_column_text][vc_empty_space height=\"20\"][vc_column_text]The interiors of cars have the highest requirements in terms of visual and functional quality. Examples include the right surface gloss, small gaps and NVH functionality.\r\n\r\nKB helps automotive manufacturers provide better and more effective interiors that benefit their\u00a0demanding customer base.\r\n\r\nOur range of interior details include two component parts for seats, textile-covered pillars and a wide range of structural components.[\/vc_column_text][\/vc_column_inner][vc_column_inner width=\"1\/4\"]\r\n[\/vc_column_inner][\/vc_row_inner][vc_empty_space height=\"60px\"][\/vc_column][\/vc_row][vc_row css_animation=\"\" row_type=\"row\" use_row_as_full_screen_section=\"no\" type=\"full_width\" angled_section=\"no\" text_align=\"left\" background_image_as_pattern=\"without_pattern\" row_negative_margin=\"disable_negative_margin\" background_image=\"31856\" z_index=\"\"][vc_column][vc_empty_space height=\"400px\"][\/vc_column][\/vc_row][vc_row css_animation=\"\" row_type=\"row\" use_row_as_full_screen_section=\"no\" type=\"full_width\" angled_section=\"no\" text_align=\"left\" background_image_as_pattern=\"without_pattern\" css=\".vc_custom_1442842373447{padding-right: 10px !important;padding-left: 10px !important;}\"][vc_column][vc_empty_space height=\"60\"][vc_row_inner row_type=\"row\" type=\"full_width\" text_align=\"left\" css_animation=\"\"][vc_column_inner width=\"1\/4\"]\r\n[\/vc_column_inner][vc_column_inner width=\"1\/2\"][vc_column_text]\r\n<h1>Exterior\/powertrain<\/h1>\r\n[\/vc_column_text][vc_empty_space height=\"20\"][vc_column_text]Polymer composites offer a clear lightweight alternative to metals, giving them the potential to help the automotive industry reduce environmental impact and increase profitability.\r\n\r\nKB Components provides a wide range of products for powertrain and structural applications, such as underbody panels using injection moulding, injection compression moulding and hybrids of PP\/TWR.\r\n\r\nOur knowledge of safety-related products with 100% traceability is used in airbags and other safety devices. KB Components also supplies painted and chromed parts.[\/vc_column_text][\/vc_column_inner][vc_column_inner width=\"1\/4\"]\r\n[\/vc_column_inner][\/vc_row_inner][vc_empty_space height=\"60px\"][\/vc_column][\/vc_row][vc_row css_animation=\"\" row_type=\"row\" use_row_as_full_screen_section=\"no\" type=\"full_width\" angled_section=\"no\" text_align=\"left\" background_image_as_pattern=\"without_pattern\" css=\".vc_custom_1489053326310{background-color: #f1f1f1 !important;}\"][vc_column width=\"1\/4\"][vc_column_text]\r\n[\/vc_column_text][\/vc_column][vc_column width=\"1\/2\"][vc_empty_space height=\"42\"][vc_row_inner row_type=\"row\" type=\"full_width\" text_align=\"left\" css_animation=\"\"][vc_column_inner width=\"1\/6\"][vc_single_image image=\"1047\" qode_css_animation=\"\"][\/vc_column_inner][vc_column_inner width=\"5\/6\"][vc_column_text]\r\n<h3>Contact<\/h3>\r\nAnders Abrahamsson\r\n<a href=\"mailto:anders.abrahamsson@kbcomponents.com\">anders.abrahamsson@kbcomponents.com<\/a>[\/vc_column_text][\/vc_column_inner][\/vc_row_inner][vc_empty_space height=\"32\"][vc_empty_space height=\"32\"][\/vc_column][vc_column width=\"1\/4\"][vc_column_text]\r\n[\/vc_column_text][\/vc_column][\/vc_row]","_et_gb_content_width":"","footnotes":""},"class_list":["post-3240","page","type-page","status-publish","hentry"],"_links":{"self":[{"href":"https:\/\/www.kbcomponents.com\/sv\/wp-json\/wp\/v2\/pages\/3240","targetHints":{"allow":["GET"]}}],"collection":[{"href":"https:\/\/www.kbcomponents.com\/sv\/wp-json\/wp\/v2\/pages"}],"about":[{"href":"https:\/\/www.kbcomponents.com\/sv\/wp-json\/wp\/v2\/types\/page"}],"author":[{"embeddable":true,"href":"https:\/\/www.kbcomponents.com\/sv\/wp-json\/wp\/v2\/users\/6"}],"replies":[{"embeddable":true,"href":"https:\/\/www.kbcomponents.com\/sv\/wp-json\/wp\/v2\/comments?post=3240"}],"version-history":[{"count":6,"href":"https:\/\/www.kbcomponents.com\/sv\/wp-json\/wp\/v2\/pages\/3240\/revisions"}],"predecessor-version":[{"id":39174,"href":"https:\/\/www.kbcomponents.com\/sv\/wp-json\/wp\/v2\/pages\/3240\/revisions\/39174"}],"up":[{"embeddable":true,"href":"https:\/\/www.kbcomponents.com\/sv\/wp-json\/wp\/v2\/pages\/3226"}],"wp:attachment":[{"href":"https:\/\/www.kbcomponents.com\/sv\/wp-json\/wp\/v2\/media?parent=3240"}],"curies":[{"name":"wp","href":"https:\/\/api.w.org\/{rel}","templated":true}]}}