{"id":3236,"date":"2015-08-05T11:09:36","date_gmt":"2015-08-05T09:09:36","guid":{"rendered":"https:\/\/www.kbcomponents.com\/?page_id=3236"},"modified":"2025-04-08T09:44:52","modified_gmt":"2025-04-08T07:44:52","slug":"lastbilar","status":"publish","type":"page","link":"https:\/\/www.kbcomponents.com\/sv\/affarsomraden\/lastbilar\/","title":{"rendered":"Lastbilar"},"content":{"rendered":"<p>[et_pb_section fb_built=&#8221;1&#8243; _builder_version=&#8221;4.16&#8243; _module_preset=&#8221;default&#8221; background_image=&#8221;https:\/\/www.kbcomponents.com\/wp-content\/uploads\/2017\/03\/new-actros_multimedia_wallpaper_02_1280x1024.jpg-e1489485746715.jpg&#8221; custom_padding=&#8221;180px||180px||false|false&#8221; global_colors_info=&#8221;{}&#8221; da_is_popup=&#8221;off&#8221; da_exit_intent=&#8221;off&#8221; da_has_close=&#8221;on&#8221; da_alt_close=&#8221;off&#8221; da_dark_close=&#8221;off&#8221; da_not_modal=&#8221;on&#8221; da_is_singular=&#8221;off&#8221; da_with_loader=&#8221;off&#8221; da_has_shadow=&#8221;on&#8221; da_disable_devices=&#8221;off|off|off&#8221;][et_pb_row _builder_version=&#8221;4.16&#8243; _module_preset=&#8221;default&#8221; global_colors_info=&#8221;{}&#8221;][et_pb_column type=&#8221;4_4&#8243; _builder_version=&#8221;4.16&#8243; _module_preset=&#8221;default&#8221; global_colors_info=&#8221;{}&#8221;][et_pb_text _builder_version=&#8221;4.16&#8243; _module_preset=&#8221;default&#8221; global_colors_info=&#8221;{}&#8221;][\/et_pb_text][\/et_pb_column][\/et_pb_row][\/et_pb_section][et_pb_section fb_built=&#8221;1&#8243; admin_label=&#8221;section&#8221; _builder_version=&#8221;4.16&#8243; global_colors_info=&#8221;{}&#8221; da_is_popup=&#8221;off&#8221; da_exit_intent=&#8221;off&#8221; da_has_close=&#8221;on&#8221; da_alt_close=&#8221;off&#8221; da_dark_close=&#8221;off&#8221; da_not_modal=&#8221;on&#8221; da_is_singular=&#8221;off&#8221; da_with_loader=&#8221;off&#8221; da_has_shadow=&#8221;on&#8221; da_disable_devices=&#8221;off|off|off&#8221;][et_pb_row admin_label=&#8221;row&#8221; _builder_version=&#8221;4.16&#8243; background_size=&#8221;initial&#8221; background_position=&#8221;top_left&#8221; background_repeat=&#8221;repeat&#8221; global_colors_info=&#8221;{}&#8221;][et_pb_column type=&#8221;4_4&#8243; _builder_version=&#8221;4.16&#8243; custom_padding=&#8221;|||&#8221; global_colors_info=&#8221;{}&#8221; custom_padding__hover=&#8221;|||&#8221;][et_pb_text admin_label=&#8221;Text&#8221; _builder_version=&#8221;4.16&#8243; text_line_height=&#8221;1.9em&#8221; header_font=&#8221;|700|||||||&#8221; header_2_font=&#8221;|700|||||||&#8221; background_size=&#8221;initial&#8221; background_position=&#8221;top_left&#8221; background_repeat=&#8221;repeat&#8221; global_colors_info=&#8221;{}&#8221;]<\/p>\n<div class=\"vc_row wpb_row section vc_row-fluid vc_inner \">\n<div class=\" full_section_inner clearfix\">\n<div class=\"wpb_column vc_column_container vc_col-sm-6\">\n<div class=\"vc_column-inner\">\n<div class=\"wpb_wrapper\">\n<div class=\"wpb_text_column wpb_content_element \">\n<div class=\"wpb_wrapper\">\n<h1>Personbilar<\/h1>\n<\/div>\n<\/div>\n<div class=\"vc_empty_space\">\u00a0<\/div>\n<div class=\"wpb_text_column wpb_content_element \">\n<div class=\"wpb_wrapper\">\n<p><span data-contrast=\"none\">KB Components b\u00f6rjade leverera polymerkomponenter till den personbilsindustrin redan p\u00e5 1950-talet.<\/span><span data-ccp-props=\"{}\">\u00a0<\/span><span data-contrast=\"none\">I dag har vi ett <\/span><span data-contrast=\"none\">komplett produkt<\/span><span data-contrast=\"none\">utbud f\u00f6r till\u00e4mpningar i<\/span><span data-contrast=\"none\">nom<\/span> <span data-contrast=\"none\">interi\u00f6r<\/span><span data-contrast=\"none\">, exteri\u00f6r och drivlina.<\/span><span data-ccp-props=\"{}\">\u00a0<\/span><\/p>\n<p><span data-contrast=\"none\">Bland v\u00e5ra kunder \u00e5terfinns premiumm\u00e4rken, d\u00e4r vi <\/span><span data-contrast=\"none\">a<\/span><span data-contrast=\"none\">gerar som b\u00e5de OEM-leverant\u00f6r och prim\u00e4r leverant\u00f6r.<\/span><span data-ccp-props=\"{}\">\u00a0<\/span><span data-contrast=\"none\">Vi har den spetskompetens och<\/span> <span data-contrast=\"none\">gedig<\/span><span data-contrast=\"none\">na<\/span><span data-contrast=\"none\">erfarenhet<\/span><span data-contrast=\"none\"> som kr\u00e4vs f\u00f6r att tillhandah\u00e5lla kostnadseffektiva l\u00f6sningar <\/span><span data-contrast=\"none\">inom <\/span><span data-contrast=\"none\">utveckling, logistik och industrialisering.<\/span><\/p>\n<\/div>\n<\/div>\n<\/div>\n<\/div>\n<\/div>\n<\/div>\n<\/div>\n<p>[\/et_pb_text][\/et_pb_column][\/et_pb_row][\/et_pb_section][et_pb_section fb_built=&#8221;1&#8243; _builder_version=&#8221;4.16&#8243; _module_preset=&#8221;default&#8221; background_image=&#8221;https:\/\/www.kbcomponents.com\/wp-content\/uploads\/2017\/03\/2012-mercedes-benz-actros-8_1024x0w.jpg&#8221; custom_padding=&#8221;180px||180px||false|false&#8221; global_colors_info=&#8221;{}&#8221; da_is_popup=&#8221;off&#8221; da_exit_intent=&#8221;off&#8221; da_has_close=&#8221;on&#8221; da_alt_close=&#8221;off&#8221; da_dark_close=&#8221;off&#8221; da_not_modal=&#8221;on&#8221; da_is_singular=&#8221;off&#8221; da_with_loader=&#8221;off&#8221; da_has_shadow=&#8221;on&#8221; da_disable_devices=&#8221;off|off|off&#8221;][et_pb_row _builder_version=&#8221;4.16&#8243; _module_preset=&#8221;default&#8221; global_colors_info=&#8221;{}&#8221;][et_pb_column type=&#8221;4_4&#8243; _builder_version=&#8221;4.16&#8243; _module_preset=&#8221;default&#8221; global_colors_info=&#8221;{}&#8221;][et_pb_text _builder_version=&#8221;4.16&#8243; _module_preset=&#8221;default&#8221; global_colors_info=&#8221;{}&#8221;][\/et_pb_text][\/et_pb_column][\/et_pb_row][\/et_pb_section][et_pb_section fb_built=&#8221;1&#8243; admin_label=&#8221;section&#8221; _builder_version=&#8221;4.16&#8243; global_colors_info=&#8221;{}&#8221; da_is_popup=&#8221;off&#8221; da_exit_intent=&#8221;off&#8221; da_has_close=&#8221;on&#8221; da_alt_close=&#8221;off&#8221; da_dark_close=&#8221;off&#8221; da_not_modal=&#8221;on&#8221; da_is_singular=&#8221;off&#8221; da_with_loader=&#8221;off&#8221; da_has_shadow=&#8221;on&#8221; da_disable_devices=&#8221;off|off|off&#8221;][et_pb_row admin_label=&#8221;row&#8221; _builder_version=&#8221;4.16&#8243; background_size=&#8221;initial&#8221; background_position=&#8221;top_left&#8221; background_repeat=&#8221;repeat&#8221; global_colors_info=&#8221;{}&#8221;][et_pb_column type=&#8221;4_4&#8243; _builder_version=&#8221;4.16&#8243; custom_padding=&#8221;|||&#8221; global_colors_info=&#8221;{}&#8221; custom_padding__hover=&#8221;|||&#8221;][et_pb_text admin_label=&#8221;Text&#8221; _builder_version=&#8221;4.16&#8243; text_line_height=&#8221;1.9em&#8221; header_font=&#8221;|700|||||||&#8221; header_2_font=&#8221;|700|||||||&#8221; background_size=&#8221;initial&#8221; background_position=&#8221;top_left&#8221; background_repeat=&#8221;repeat&#8221; global_colors_info=&#8221;{}&#8221;]<\/p>\n<div class=\"wpb_text_column wpb_content_element \">\n<div class=\"wpb_wrapper\">\n<h1>Interi\u00f6r<\/h1>\n<\/div>\n<\/div>\n<div class=\"vc_empty_space\"><span data-contrast=\"none\">Bilinteri\u00f6rer<\/span><span data-contrast=\"none\"> m\u00e5ste uppfylla mycket h\u00f6ga krav p\u00e5 visuell och funktionell kvalitet. Det kan till exempel handla om r\u00e4tt ytglans, minimala skarvar och <\/span><span data-contrast=\"none\">minsta <\/span><span data-contrast=\"auto\">m\u00f6jliga <\/span><span data-contrast=\"auto\">ljud, vibrationer och \u201dgnissel och gnek\u201d (NVH \u2013 Noise, Vibration and Harshness)<\/span><span data-contrast=\"auto\">.<\/span><span data-ccp-props=\"{}\">\u00a0<\/span><\/div>\n<div class=\"wpb_text_column wpb_content_element \">\n<div class=\"wpb_wrapper\">\n<p><span data-contrast=\"none\">KB hj\u00e4lper biltillverkarna att ta fram b\u00e4ttre och effektivare in<\/span><span data-contrast=\"none\">teri\u00f6rer<\/span><span data-contrast=\"none\"> f\u00f6r<\/span><span data-contrast=\"none\"> att<\/span> <span data-contrast=\"none\">m\u00f6ta behoven hos <\/span><span data-contrast=\"none\">deras kr\u00e4vande kundbas.<\/span><span data-ccp-props=\"{}\">\u00a0<\/span><\/p>\n<p><span data-contrast=\"none\">V\u00e5rt utbud av in<\/span><span data-contrast=\"none\">teri\u00f6r<\/span><span data-contrast=\"none\">detaljer omfattar tv\u00e5komponentsdelar till s\u00e4ten, textilkl\u00e4dda pelare och en rad olika strukturella komponenter.<\/span><span data-ccp-props=\"{}\">\u00a0<\/span><\/p>\n<\/div>\n<\/div>\n<p>[\/et_pb_text][\/et_pb_column][\/et_pb_row][\/et_pb_section][et_pb_section fb_built=&#8221;1&#8243; _builder_version=&#8221;4.16&#8243; _module_preset=&#8221;default&#8221; background_image=&#8221;https:\/\/www.kbcomponents.com\/wp-content\/uploads\/2017\/03\/T2015_0298-3.jpg&#8221; custom_padding=&#8221;180px||180px||false|false&#8221; global_colors_info=&#8221;{}&#8221; da_is_popup=&#8221;off&#8221; da_exit_intent=&#8221;off&#8221; da_has_close=&#8221;on&#8221; da_alt_close=&#8221;off&#8221; da_dark_close=&#8221;off&#8221; da_not_modal=&#8221;on&#8221; da_is_singular=&#8221;off&#8221; da_with_loader=&#8221;off&#8221; da_has_shadow=&#8221;on&#8221; da_disable_devices=&#8221;off|off|off&#8221;][et_pb_row _builder_version=&#8221;4.16&#8243; _module_preset=&#8221;default&#8221; global_colors_info=&#8221;{}&#8221;][et_pb_column type=&#8221;4_4&#8243; _builder_version=&#8221;4.16&#8243; _module_preset=&#8221;default&#8221; global_colors_info=&#8221;{}&#8221;][et_pb_text _builder_version=&#8221;4.16&#8243; _module_preset=&#8221;default&#8221; global_colors_info=&#8221;{}&#8221;][\/et_pb_text][\/et_pb_column][\/et_pb_row][\/et_pb_section][et_pb_section fb_built=&#8221;1&#8243; admin_label=&#8221;section&#8221; _builder_version=&#8221;4.16&#8243; global_colors_info=&#8221;{}&#8221; da_is_popup=&#8221;off&#8221; da_exit_intent=&#8221;off&#8221; da_has_close=&#8221;on&#8221; da_alt_close=&#8221;off&#8221; da_dark_close=&#8221;off&#8221; da_not_modal=&#8221;on&#8221; da_is_singular=&#8221;off&#8221; da_with_loader=&#8221;off&#8221; da_has_shadow=&#8221;on&#8221; da_disable_devices=&#8221;off|off|off&#8221;][et_pb_row admin_label=&#8221;row&#8221; _builder_version=&#8221;4.16&#8243; background_size=&#8221;initial&#8221; background_position=&#8221;top_left&#8221; background_repeat=&#8221;repeat&#8221; global_colors_info=&#8221;{}&#8221;][et_pb_column type=&#8221;4_4&#8243; _builder_version=&#8221;4.16&#8243; custom_padding=&#8221;|||&#8221; global_colors_info=&#8221;{}&#8221; custom_padding__hover=&#8221;|||&#8221;][et_pb_text admin_label=&#8221;Text&#8221; _builder_version=&#8221;4.16&#8243; text_line_height=&#8221;1.9em&#8221; header_font=&#8221;|700|||||||&#8221; header_2_font=&#8221;|700|||||||&#8221; background_size=&#8221;initial&#8221; background_position=&#8221;top_left&#8221; background_repeat=&#8221;repeat&#8221; global_colors_info=&#8221;{}&#8221;]<\/p>\n<div class=\"wpb_text_column wpb_content_element \">\n<div class=\"wpb_wrapper\">\n<h1><span class=\"TextRun SCXW122833313 BCX4\" lang=\"SV-SE\" xml:lang=\"SV-SE\" data-contrast=\"auto\"><span class=\"NormalTextRun SCXW122833313 BCX4\">Exteri\u00f6r\/drivlina<\/span><\/span><span class=\"EOP SCXW122833313 BCX4\" data-ccp-props=\"{}\">\u00a0<\/span><\/h1>\n<\/div>\n<\/div>\n<div class=\"vc_empty_space\">Polymerkompositer \u00e4r ett sj\u00e4lvklart l\u00e4ttviktsalternativ till metall som kan hj\u00e4lpa fordonsindustrin att minska sin milj\u00f6p\u00e5verkan och \u00f6ka l\u00f6nsamheten. Det \u00e4r avg\u00f6rande att exteri\u00f6rdetaljer och applikationer f\u00f6r drivlinor i lastbilar h\u00e5ller f\u00f6r m\u00e5nga och l\u00e5nga resor. KB tillverkar kritiska exteri\u00f6rdelar f\u00f6r lastbilar s\u00e5som sidoskydd.<\/div>\n<p>[\/et_pb_text][\/et_pb_column][\/et_pb_row][\/et_pb_section][et_pb_section fb_built=&#8221;1&#8243; _builder_version=&#8221;4.16&#8243; _module_preset=&#8221;default&#8221; background_color=&#8221;#f1f1f1&#8243; custom_padding=&#8221;60px||60px||false|false&#8221; saved_tabs=&#8221;all&#8221; global_colors_info=&#8221;{}&#8221; global_module=&#8221;39170&#8243; theme_builder_area=&#8221;post_content&#8221; da_is_popup=&#8221;off&#8221; da_exit_intent=&#8221;off&#8221; da_has_close=&#8221;on&#8221; da_alt_close=&#8221;off&#8221; da_dark_close=&#8221;off&#8221; da_not_modal=&#8221;on&#8221; da_is_singular=&#8221;off&#8221; da_with_loader=&#8221;off&#8221; da_has_shadow=&#8221;on&#8221; da_disable_devices=&#8221;off|off|off&#8221;][et_pb_row _builder_version=&#8221;4.16&#8243; _module_preset=&#8221;default&#8221; custom_padding=&#8221;0px||0px||false|false&#8221; global_colors_info=&#8221;{}&#8221; theme_builder_area=&#8221;post_content&#8221;][et_pb_column type=&#8221;4_4&#8243; _builder_version=&#8221;4.16&#8243; _module_preset=&#8221;default&#8221; global_colors_info=&#8221;{}&#8221; theme_builder_area=&#8221;post_content&#8221;][et_pb_blurb title=&#8221;Kontakt&#8221; image=&#8221;https:\/\/www.kbcomponents.com\/wp-content\/uploads\/2017\/03\/telfon-kb-e1489052858973.png&#8221; icon_placement=&#8221;left&#8221; _builder_version=&#8221;4.27.4&#8243; _module_preset=&#8221;default&#8221; header_font=&#8221;|600||on|||||&#8221; body_text_color=&#8221;#0a0a0a&#8221; image_icon_custom_margin=&#8221;||||false|false&#8221; image_icon_custom_padding=&#8221;||||false|false&#8221; custom_css_blurb_content=&#8221;margin-left:0;||padding-left:0;&#8221; global_colors_info=&#8221;{}&#8221; theme_builder_area=&#8221;post_content&#8221;]Niklas Nilsson<br \/>\n<a href=\"mailto:niklas.nilsson@kbcomponents.com\">niklas.nilsson@kbcomponents.com<\/a>[\/et_pb_blurb][\/et_pb_column][\/et_pb_row][\/et_pb_section]<\/p>\n","protected":false},"excerpt":{"rendered":"<p>Personbilar \u00a0 KB Components b\u00f6rjade leverera polymerkomponenter till den personbilsindustrin redan p\u00e5 1950-talet.\u00a0I dag har vi ett komplett produktutbud f\u00f6r till\u00e4mpningar inom interi\u00f6r, exteri\u00f6r och drivlina.\u00a0 Bland v\u00e5ra kunder \u00e5terfinns premiumm\u00e4rken, d\u00e4r vi agerar som b\u00e5de OEM-leverant\u00f6r och prim\u00e4r leverant\u00f6r.\u00a0Vi har den spetskompetens och gedignaerfarenhet som kr\u00e4vs f\u00f6r att tillhandah\u00e5lla kostnadseffektiva l\u00f6sningar inom utveckling, logistik [&hellip;]<\/p>\n","protected":false},"author":6,"featured_media":0,"parent":3226,"menu_order":0,"comment_status":"open","ping_status":"open","template":"","meta":{"_et_pb_use_builder":"on","_et_pb_old_content":"","_et_gb_content_width":"","footnotes":""},"class_list":["post-3236","page","type-page","status-publish","hentry"],"_links":{"self":[{"href":"https:\/\/www.kbcomponents.com\/sv\/wp-json\/wp\/v2\/pages\/3236","targetHints":{"allow":["GET"]}}],"collection":[{"href":"https:\/\/www.kbcomponents.com\/sv\/wp-json\/wp\/v2\/pages"}],"about":[{"href":"https:\/\/www.kbcomponents.com\/sv\/wp-json\/wp\/v2\/types\/page"}],"author":[{"embeddable":true,"href":"https:\/\/www.kbcomponents.com\/sv\/wp-json\/wp\/v2\/users\/6"}],"replies":[{"embeddable":true,"href":"https:\/\/www.kbcomponents.com\/sv\/wp-json\/wp\/v2\/comments?post=3236"}],"version-history":[{"count":3,"href":"https:\/\/www.kbcomponents.com\/sv\/wp-json\/wp\/v2\/pages\/3236\/revisions"}],"predecessor-version":[{"id":39175,"href":"https:\/\/www.kbcomponents.com\/sv\/wp-json\/wp\/v2\/pages\/3236\/revisions\/39175"}],"up":[{"embeddable":true,"href":"https:\/\/www.kbcomponents.com\/sv\/wp-json\/wp\/v2\/pages\/3226"}],"wp:attachment":[{"href":"https:\/\/www.kbcomponents.com\/sv\/wp-json\/wp\/v2\/media?parent=3236"}],"curies":[{"name":"wp","href":"https:\/\/api.w.org\/{rel}","templated":true}]}}