{"id":3224,"date":"2015-08-05T11:15:08","date_gmt":"2015-08-05T09:15:08","guid":{"rendered":"https:\/\/www.kbcomponents.com\/?page_id=3224"},"modified":"2023-03-07T11:10:20","modified_gmt":"2023-03-07T10:10:20","slug":"quality-policy","status":"publish","type":"page","link":"https:\/\/www.kbcomponents.com\/sv\/kvalitet\/quality-policy\/","title":{"rendered":"Kvalitetspolicy"},"content":{"rendered":"<p>[et_pb_section fb_built=&#8221;1&#8243; _builder_version=&#8221;4.14.8&#8243; _module_preset=&#8221;default&#8221; background_image=&#8221;https:\/\/www.kbcomponents.com\/wp-content\/uploads\/2018\/09\/shutterstock_420394765_low.jpg&#8221; custom_padding=&#8221;180px||180px||false|false&#8221; hover_enabled=&#8221;0&#8243; global_colors_info=&#8221;{}&#8221; theme_builder_area=&#8221;post_content&#8221; title_text=&#8221;shutterstock_420394765_low&#8221; sticky_enabled=&#8221;0&#8243;][et_pb_row _builder_version=&#8221;4.14.7&#8243; _module_preset=&#8221;default&#8221; global_colors_info=&#8221;{}&#8221; theme_builder_area=&#8221;post_content&#8221;][et_pb_column type=&#8221;4_4&#8243; _builder_version=&#8221;4.14.7&#8243; _module_preset=&#8221;default&#8221; global_colors_info=&#8221;{}&#8221; theme_builder_area=&#8221;post_content&#8221;][et_pb_text _builder_version=&#8221;4.14.7&#8243; _module_preset=&#8221;default&#8221; global_colors_info=&#8221;{}&#8221; theme_builder_area=&#8221;post_content&#8221;][\/et_pb_text][\/et_pb_column][\/et_pb_row][\/et_pb_section][et_pb_section fb_built=&#8221;1&#8243; admin_label=&#8221;section&#8221; _builder_version=&#8221;3.22&#8243; global_colors_info=&#8221;{}&#8221; theme_builder_area=&#8221;post_content&#8221;][et_pb_row admin_label=&#8221;row&#8221; _builder_version=&#8221;3.25&#8243; background_size=&#8221;initial&#8221; background_position=&#8221;top_left&#8221; background_repeat=&#8221;repeat&#8221; global_colors_info=&#8221;{}&#8221; theme_builder_area=&#8221;post_content&#8221;][et_pb_column type=&#8221;4_4&#8243; _builder_version=&#8221;3.25&#8243; custom_padding=&#8221;|||&#8221; global_colors_info=&#8221;{}&#8221; custom_padding__hover=&#8221;|||&#8221; theme_builder_area=&#8221;post_content&#8221;][et_pb_text admin_label=&#8221;Text&#8221; _builder_version=&#8221;4.14.8&#8243; text_line_height=&#8221;1.9em&#8221; header_font=&#8221;|700|||||||&#8221; header_2_font=&#8221;|700|||||||&#8221; background_size=&#8221;initial&#8221; background_position=&#8221;top_left&#8221; background_repeat=&#8221;repeat&#8221; hover_enabled=&#8221;0&#8243; global_colors_info=&#8221;{}&#8221; theme_builder_area=&#8221;post_content&#8221; sticky_enabled=&#8221;0&#8243;]<\/p>\n<div class=\"wpb_text_column wpb_content_element \">\n<div class=\"wpb_wrapper\">\n<div class=\"wpb_text_column wpb_content_element \">\n<div class=\"wpb_wrapper\">\n<div class=\"wpb_text_column wpb_content_element \">\n<div class=\"wpb_wrapper\">\n<h1>Kvalitetspolicy<\/h1>\n<\/div>\n<\/div>\n<div class=\"vc_empty_space\">KB Components \u00e4r en leverant\u00f6r av tekniska formsprutade och extruderade produkter \u00e5t kunder verksamma inom internationell fordons- medicinsk- och verkstadsindustri. V\u00e5rt m\u00e5l \u00e4r att vara kundens f\u00f6rsta val av samarbetspartner. V\u00e5ra produkter och tj\u00e4nster ska tillfredsst\u00e4lla och \u00f6vertr\u00e4ffa v\u00e5ra kunders krav och f\u00f6rv\u00e4ntningar.<\/div>\n<div class=\"wpb_text_column wpb_content_element \">\n<div class=\"wpb_wrapper\">\n<p>&nbsp;<\/p>\n<p>Detta g\u00f6r vi genom allas engagemang och delaktighet i arbetet f\u00f6r total kvalitet genom:<\/p>\n<ul>\n<li>Att h\u00e5lla god ordning och reda<\/li>\n<li>Att aktivt jobba med st\u00e4ndiga f\u00f6rb\u00e4ttringar och processinriktad metodik<\/li>\n<li>Att som ett minimum f\u00f6lja v\u00e5ra lagar och kundernas krav<\/li>\n<li>Att arbeta m\u00e5linriktat, kostnadseffektivt<\/li>\n<li>Att st\u00e4ndigt kompetensutveckla v\u00e5ra medarbetare<\/li>\n<\/ul>\n<\/div>\n<\/div>\n<\/div>\n<\/div>\n<\/div>\n<\/div>\n<p>[\/et_pb_text][\/et_pb_column][\/et_pb_row][\/et_pb_section]<\/p>\n","protected":false},"excerpt":{"rendered":"<p>Kvalitetspolicy KB Components \u00e4r en leverant\u00f6r av tekniska formsprutade och extruderade produkter \u00e5t kunder verksamma inom internationell fordons- medicinsk- och verkstadsindustri. V\u00e5rt m\u00e5l \u00e4r att vara kundens f\u00f6rsta val av samarbetspartner. V\u00e5ra produkter och tj\u00e4nster ska tillfredsst\u00e4lla och \u00f6vertr\u00e4ffa v\u00e5ra kunders krav och f\u00f6rv\u00e4ntningar. &nbsp; Detta g\u00f6r vi genom allas engagemang och delaktighet i arbetet [&hellip;]<\/p>\n","protected":false},"author":13,"featured_media":0,"parent":3218,"menu_order":0,"comment_status":"open","ping_status":"closed","template":"","meta":{"_et_pb_use_builder":"on","_et_pb_old_content":"","_et_gb_content_width":"","footnotes":""},"class_list":["post-3224","page","type-page","status-publish","hentry"],"_links":{"self":[{"href":"https:\/\/www.kbcomponents.com\/sv\/wp-json\/wp\/v2\/pages\/3224","targetHints":{"allow":["GET"]}}],"collection":[{"href":"https:\/\/www.kbcomponents.com\/sv\/wp-json\/wp\/v2\/pages"}],"about":[{"href":"https:\/\/www.kbcomponents.com\/sv\/wp-json\/wp\/v2\/types\/page"}],"author":[{"embeddable":true,"href":"https:\/\/www.kbcomponents.com\/sv\/wp-json\/wp\/v2\/users\/13"}],"replies":[{"embeddable":true,"href":"https:\/\/www.kbcomponents.com\/sv\/wp-json\/wp\/v2\/comments?post=3224"}],"version-history":[{"count":0,"href":"https:\/\/www.kbcomponents.com\/sv\/wp-json\/wp\/v2\/pages\/3224\/revisions"}],"up":[{"embeddable":true,"href":"https:\/\/www.kbcomponents.com\/sv\/wp-json\/wp\/v2\/pages\/3218"}],"wp:attachment":[{"href":"https:\/\/www.kbcomponents.com\/sv\/wp-json\/wp\/v2\/media?parent=3224"}],"curies":[{"name":"wp","href":"https:\/\/api.w.org\/{rel}","templated":true}]}}