{"id":3222,"date":"2015-08-05T11:15:34","date_gmt":"2015-08-05T09:15:34","guid":{"rendered":"https:\/\/www.kbcomponents.com\/?page_id=3222"},"modified":"2024-08-19T13:32:19","modified_gmt":"2024-08-19T11:32:19","slug":"miljopolicy","status":"publish","type":"page","link":"https:\/\/www.kbcomponents.com\/sv\/kvalitet\/miljopolicy\/","title":{"rendered":"Milj\u00f6policy"},"content":{"rendered":"<p>[et_pb_section fb_built=&#8221;1&#8243; _builder_version=&#8221;4.14.8&#8243; _module_preset=&#8221;default&#8221; background_image=&#8221;https:\/\/www.kbcomponents.com\/wp-content\/uploads\/2015\/08\/7.jpg&#8221; custom_padding=&#8221;180px||180px||false|false&#8221; hover_enabled=&#8221;0&#8243; global_colors_info=&#8221;{}&#8221; theme_builder_area=&#8221;post_content&#8221; title_text=&#8221;quality&#8221; sticky_enabled=&#8221;0&#8243;][et_pb_row _builder_version=&#8221;4.14.7&#8243; _module_preset=&#8221;default&#8221; global_colors_info=&#8221;{}&#8221; theme_builder_area=&#8221;post_content&#8221;][et_pb_column type=&#8221;4_4&#8243; _builder_version=&#8221;4.14.7&#8243; _module_preset=&#8221;default&#8221; global_colors_info=&#8221;{}&#8221; theme_builder_area=&#8221;post_content&#8221;][et_pb_text _builder_version=&#8221;4.14.7&#8243; _module_preset=&#8221;default&#8221; global_colors_info=&#8221;{}&#8221; theme_builder_area=&#8221;post_content&#8221;][\/et_pb_text][\/et_pb_column][\/et_pb_row][\/et_pb_section][et_pb_section fb_built=&#8221;1&#8243; admin_label=&#8221;section&#8221; _builder_version=&#8221;3.22&#8243; global_colors_info=&#8221;{}&#8221; theme_builder_area=&#8221;post_content&#8221;][et_pb_row admin_label=&#8221;row&#8221; _builder_version=&#8221;3.25&#8243; background_size=&#8221;initial&#8221; background_position=&#8221;top_left&#8221; background_repeat=&#8221;repeat&#8221; global_colors_info=&#8221;{}&#8221; theme_builder_area=&#8221;post_content&#8221;][et_pb_column type=&#8221;4_4&#8243; _builder_version=&#8221;3.25&#8243; custom_padding=&#8221;|||&#8221; global_colors_info=&#8221;{}&#8221; custom_padding__hover=&#8221;|||&#8221; theme_builder_area=&#8221;post_content&#8221;][et_pb_text admin_label=&#8221;Text&#8221; _builder_version=&#8221;4.14.8&#8243; text_line_height=&#8221;1.9em&#8221; header_font=&#8221;|700|||||||&#8221; header_2_font=&#8221;|700|||||||&#8221; background_size=&#8221;initial&#8221; background_position=&#8221;top_left&#8221; background_repeat=&#8221;repeat&#8221; hover_enabled=&#8221;0&#8243; global_colors_info=&#8221;{}&#8221; theme_builder_area=&#8221;post_content&#8221; sticky_enabled=&#8221;0&#8243;]<\/p>\n<div class=\"wpb_text_column wpb_content_element \">\n<div class=\"wpb_wrapper\">\n<div class=\"wpb_text_column wpb_content_element \">\n<div class=\"wpb_wrapper\">\n<div class=\"vc_row wpb_row section vc_row-fluid vc_inner \">\n<div class=\" full_section_inner clearfix\">\n<div class=\"wpb_column vc_column_container vc_col-sm-6\">\n<div class=\"vc_column-inner\">\n<div class=\"wpb_wrapper\">\n<div class=\"wpb_text_column wpb_content_element \">\n<div class=\"wpb_wrapper\">\n<div class=\"wpb_text_column wpb_content_element \">\n<div class=\"wpb_wrapper\">\n<h1>Milj\u00f6policy<\/h1>\n<\/div>\n<\/div>\n<div class=\"wpb_text_column wpb_content_element \">\n<div class=\"wpb_wrapper\">\n<p>KB Components v\u00e4rnar om personalens h\u00e4lsa och utveckling, n\u00e4rmilj\u00f6n och naturresurserna.<\/p>\n<p>Detta g\u00f6r vi genom allas engagemang och delaktighet i arbetet f\u00f6r milj\u00f6n genom:<\/p>\n<ul>\n<li>Att aktivt v\u00e4lja maskiner och utrustning som ger h\u00f6g effektivitet och s\u00e5 liten milj\u00f6p\u00e5verkan som m\u00f6jligt.<\/li>\n<li>Att som ett minimum f\u00f6lja v\u00e5ra lagar och kundernas krav<\/li>\n<li>Att aktivt arbeta med v\u00e5ra grannar och \u00f6vriga intressenter n\u00e4r det g\u00e4ller att f\u00f6rebygga buller, lukt och \u00f6vrig milj\u00f6p\u00e5verkan.<\/li>\n<li>Att aktivt jobba med st\u00e4ndiga f\u00f6rb\u00e4ttringar och processinriktad metodik<\/li>\n<li>Att f\u00f6rebygga olyckor och utsl\u00e4pp genom att kontinuerligt analysera riskerna vid verksamheten.<\/li>\n<li>Att vidtaga f\u00f6rsiktighetsm\u00e5tt f\u00f6r att f\u00f6rebygga utsl\u00e4pp till vatten och luft<\/li>\n<li>Att kontinuerligt arbeta med f\u00f6rb\u00e4ttringar som minskar v\u00e5rt l\u00f6pande energibehov<\/li>\n<li>Att kontinuerligt arbeta med f\u00f6rb\u00e4ttringar som minskar v\u00e5rt avfall<\/li>\n<li>Att kontinuerligt str\u00e4va efter att ers\u00e4tta kemikalier med mer milj\u00f6v\u00e4nliga alternativ<\/li>\n<li>Att v\u00e4lja energi fr\u00e5n f\u00f6rnyelsebara k\u00e4llor som v\u00e5r egen solpanelsanl\u00e4ggning<\/li>\n<\/ul>\n<\/div>\n<\/div>\n<\/div>\n<\/div>\n<\/div>\n<\/div>\n<\/div>\n<\/div>\n<\/div>\n<\/div>\n<\/div>\n<\/div>\n<\/div>\n<p>[\/et_pb_text][\/et_pb_column][\/et_pb_row][\/et_pb_section]<\/p>\n","protected":false},"excerpt":{"rendered":"<p>Milj\u00f6policy KB Components v\u00e4rnar om personalens h\u00e4lsa och utveckling, n\u00e4rmilj\u00f6n och naturresurserna. Detta g\u00f6r vi genom allas engagemang och delaktighet i arbetet f\u00f6r milj\u00f6n genom: Att aktivt v\u00e4lja maskiner och utrustning som ger h\u00f6g effektivitet och s\u00e5 liten milj\u00f6p\u00e5verkan som m\u00f6jligt. Att som ett minimum f\u00f6lja v\u00e5ra lagar och kundernas krav Att aktivt arbeta med [&hellip;]<\/p>\n","protected":false},"author":13,"featured_media":0,"parent":3218,"menu_order":0,"comment_status":"open","ping_status":"closed","template":"","meta":{"_et_pb_use_builder":"on","_et_pb_old_content":"","_et_gb_content_width":"","footnotes":""},"class_list":["post-3222","page","type-page","status-publish","hentry"],"_links":{"self":[{"href":"https:\/\/www.kbcomponents.com\/sv\/wp-json\/wp\/v2\/pages\/3222","targetHints":{"allow":["GET"]}}],"collection":[{"href":"https:\/\/www.kbcomponents.com\/sv\/wp-json\/wp\/v2\/pages"}],"about":[{"href":"https:\/\/www.kbcomponents.com\/sv\/wp-json\/wp\/v2\/types\/page"}],"author":[{"embeddable":true,"href":"https:\/\/www.kbcomponents.com\/sv\/wp-json\/wp\/v2\/users\/13"}],"replies":[{"embeddable":true,"href":"https:\/\/www.kbcomponents.com\/sv\/wp-json\/wp\/v2\/comments?post=3222"}],"version-history":[{"count":2,"href":"https:\/\/www.kbcomponents.com\/sv\/wp-json\/wp\/v2\/pages\/3222\/revisions"}],"predecessor-version":[{"id":36454,"href":"https:\/\/www.kbcomponents.com\/sv\/wp-json\/wp\/v2\/pages\/3222\/revisions\/36454"}],"up":[{"embeddable":true,"href":"https:\/\/www.kbcomponents.com\/sv\/wp-json\/wp\/v2\/pages\/3218"}],"wp:attachment":[{"href":"https:\/\/www.kbcomponents.com\/sv\/wp-json\/wp\/v2\/media?parent=3222"}],"curies":[{"name":"wp","href":"https:\/\/api.w.org\/{rel}","templated":true}]}}