{"id":3218,"date":"2015-08-05T10:06:31","date_gmt":"2015-08-05T08:06:31","guid":{"rendered":"https:\/\/www.kbcomponents.com\/?page_id=3218"},"modified":"2022-11-23T11:12:53","modified_gmt":"2022-11-23T10:12:53","slug":"kvalitet","status":"publish","type":"page","link":"https:\/\/www.kbcomponents.com\/sv\/kvalitet\/","title":{"rendered":"Kvalitet"},"content":{"rendered":"<p>[et_pb_section fb_built=&#8221;1&#8243; _builder_version=&#8221;4.16&#8243; _module_preset=&#8221;default&#8221; background_image=&#8221;https:\/\/www.kbcomponents.com\/wp-content\/uploads\/2015\/08\/175773_CleanZone_in_the_Volvo_XC60-300&#215;201.jpg&#8221; custom_padding=&#8221;180px||180px||false|false&#8221; global_colors_info=&#8221;{}&#8221;][et_pb_row _builder_version=&#8221;4.16&#8243; _module_preset=&#8221;default&#8221; global_colors_info=&#8221;{}&#8221;][et_pb_column type=&#8221;4_4&#8243; _builder_version=&#8221;4.16&#8243; _module_preset=&#8221;default&#8221; global_colors_info=&#8221;{}&#8221;][et_pb_text _builder_version=&#8221;4.16&#8243; _module_preset=&#8221;default&#8221; global_colors_info=&#8221;{}&#8221;][\/et_pb_text][\/et_pb_column][\/et_pb_row][\/et_pb_section][et_pb_section fb_built=&#8221;1&#8243; admin_label=&#8221;section&#8221; _builder_version=&#8221;4.16&#8243; global_colors_info=&#8221;{}&#8221;][et_pb_row admin_label=&#8221;row&#8221; _builder_version=&#8221;4.16&#8243; background_size=&#8221;initial&#8221; background_position=&#8221;top_left&#8221; background_repeat=&#8221;repeat&#8221; global_colors_info=&#8221;{}&#8221;][et_pb_column type=&#8221;4_4&#8243; _builder_version=&#8221;4.16&#8243; custom_padding=&#8221;|||&#8221; global_colors_info=&#8221;{}&#8221; custom_padding__hover=&#8221;|||&#8221;][et_pb_text admin_label=&#8221;Text&#8221; _builder_version=&#8221;4.19.1&#8243; text_line_height=&#8221;1.9em&#8221; header_font=&#8221;|700|||||||&#8221; header_2_font=&#8221;|700|||||||&#8221; background_size=&#8221;initial&#8221; background_position=&#8221;top_left&#8221; background_repeat=&#8221;repeat&#8221; hover_enabled=&#8221;0&#8243; global_colors_info=&#8221;{}&#8221; sticky_enabled=&#8221;0&#8243;]<\/p>\n<div class=\"wpb_text_column wpb_content_element \">\n<div class=\"wpb_wrapper\">\n<div class=\"vc_row wpb_row section vc_row-fluid vc_inner \">\n<div class=\" full_section_inner clearfix\">\n<div class=\"wpb_column vc_column_container vc_col-sm-6\">\n<div class=\"vc_column-inner\">\n<div class=\"wpb_wrapper\">\n<div class=\"wpb_text_column wpb_content_element \">\n<div class=\"wpb_wrapper\">\n<div class=\"wpb_text_column wpb_content_element \">\n<div class=\"wpb_wrapper\">\n<h1><span class=\"TextRun SCXW138948201 BCX4\" lang=\"SV-SE\" xml:lang=\"SV-SE\" data-contrast=\"none\"><span class=\"NormalTextRun SCXW138948201 BCX4\" data-ccp-parastyle=\"heading 2\">Kvalitet \u00e4r ledstj\u00e4rnan f\u00f6r allt vi g\u00f6r<\/span><\/span><span class=\"EOP SCXW138948201 BCX4\" data-ccp-props=\"{&quot;335559738&quot;:40}\">\u00a0<\/span><\/h1>\n<\/div>\n<\/div>\n<div class=\"vc_empty_space\"><span class=\"vc_empty_space_inner\"><span class=\"empty_space_image\"><\/span><\/span><\/div>\n<div class=\"wpb_text_column wpb_content_element \">\n<div class=\"wpb_wrapper\">\n<p><span data-contrast=\"auto\">Vi leverera produkter med r\u00e4tt kvalitet genom att aktivt utveckla metoder f\u00f6r att h\u00f6ja och s\u00e4kerst\u00e4lla produktkvalitet<\/span><span data-contrast=\"auto\">en<\/span><span data-contrast=\"auto\">. Ett certifierat ledningssystem anv\u00e4nds f\u00f6r att s\u00e4kerst\u00e4lla alla steg genom hela tillverkningsprocessen<\/span><span data-contrast=\"auto\">, fr\u00e5n konstruktion till leverans<\/span><span data-contrast=\"auto\">.<\/span><span data-ccp-props=\"{}\">\u00a0<\/span><\/p>\n<ul>\n<li data-leveltext=\"\uf0b7\" data-font=\"Symbol\" data-listid=\"5\" aria-setsize=\"-1\" data-aria-posinset=\"1\" data-aria-level=\"1\"><span data-contrast=\"auto\">Standarder: ISO 14001,\u202fIATF <\/span><span data-contrast=\"auto\">16949<\/span><span data-contrast=\"auto\">, ISO 9001, ISO 13485<\/span><span data-ccp-props=\"{&quot;335559685&quot;:0}\">\u00a0<\/span><\/li>\n<li data-leveltext=\"\uf0b7\" data-font=\"Symbol\" data-listid=\"5\" aria-setsize=\"-1\" data-aria-posinset=\"2\" data-aria-level=\"1\"><span data-contrast=\"auto\">Lean Enterprise<\/span><span data-ccp-props=\"{&quot;335559685&quot;:0}\">\u00a0<\/span><\/li>\n<li data-leveltext=\"\uf0b7\" data-font=\"Symbol\" data-listid=\"5\" aria-setsize=\"-1\" data-aria-posinset=\"3\" data-aria-level=\"1\"><span data-contrast=\"auto\">APQP-process<\/span><span data-ccp-props=\"{&quot;335559685&quot;:0}\">\u00a0<\/span><\/li>\n<\/ul>\n<ul>\n<li data-leveltext=\"\uf0b7\" data-font=\"Symbol\" data-listid=\"5\" aria-setsize=\"-1\" data-aria-posinset=\"1\" data-aria-level=\"1\"><span data-contrast=\"auto\">L\u00f6pande <\/span><span data-contrast=\"auto\">f\u00f6rb\u00e4ttring<\/span><span data-contrast=\"auto\">ar<\/span><span data-ccp-props=\"{&quot;335559685&quot;:0}\">\u00a0<\/span><\/li>\n<li data-leveltext=\"\uf0b7\" data-font=\"Symbol\" data-listid=\"5\" aria-setsize=\"-1\" data-aria-posinset=\"2\" data-aria-level=\"1\"><span data-contrast=\"auto\">Inga fel som m\u00e5ls\u00e4ttning<\/span><span data-ccp-props=\"{&quot;335559685&quot;:0}\">\u00a0<\/span><\/li>\n<li data-leveltext=\"\uf0b7\" data-font=\"Symbol\" data-listid=\"5\" aria-setsize=\"-1\" data-aria-posinset=\"3\" data-aria-level=\"1\"><span data-contrast=\"auto\">Socialt ansvarstagande (CSR)<\/span><span data-ccp-props=\"{&quot;335559685&quot;:0}\">\u00a0<\/span><\/li>\n<\/ul>\n<p><span data-contrast=\"auto\">\u202f<\/span><span data-ccp-props=\"{}\">\u00a0<\/span><\/p>\n<p><span data-contrast=\"auto\">Vi arbetar aktivt med innovativ <\/span><span data-contrast=\"auto\">konstruktion<\/span><span data-contrast=\"auto\">, material\u00e5tervinning, <\/span><span data-contrast=\"auto\">avfalls<\/span><span data-contrast=\"auto\">minskning och energieffektivitet f\u00f6r att <\/span><span data-contrast=\"auto\">l\u00f6pande <\/span><span data-contrast=\"auto\">minska b\u00e5de v\u00e5r egen och v\u00e5ra kunders milj\u00f6p\u00e5verkan.<\/span><span data-ccp-props=\"{}\">\u00a0<\/span><\/p>\n<\/div>\n<\/div>\n<\/div>\n<\/div>\n<\/div>\n<\/div>\n<\/div>\n<\/div>\n<\/div>\n<\/div>\n<\/div>\n<p>[\/et_pb_text][\/et_pb_column][\/et_pb_row][\/et_pb_section]<\/p>\n","protected":false},"excerpt":{"rendered":"<p>Kvalitet \u00e4r ledstj\u00e4rnan f\u00f6r allt vi g\u00f6r\u00a0 Vi leverera produkter med r\u00e4tt kvalitet genom att aktivt utveckla metoder f\u00f6r att h\u00f6ja och s\u00e4kerst\u00e4lla produktkvaliteten. Ett certifierat ledningssystem anv\u00e4nds f\u00f6r att s\u00e4kerst\u00e4lla alla steg genom hela tillverkningsprocessen, fr\u00e5n konstruktion till leverans.\u00a0 Standarder: ISO 14001,\u202fIATF 16949, ISO 9001, ISO 13485\u00a0 Lean Enterprise\u00a0 APQP-process\u00a0 L\u00f6pande f\u00f6rb\u00e4ttringar\u00a0 Inga fel [&hellip;]<\/p>\n","protected":false},"author":13,"featured_media":0,"parent":0,"menu_order":0,"comment_status":"open","ping_status":"open","template":"","meta":{"_et_pb_use_builder":"on","_et_pb_old_content":"[vc_row css_animation=\"\" row_type=\"row\" use_row_as_full_screen_section=\"no\" type=\"full_width\" angled_section=\"no\" text_align=\"left\" background_image_as_pattern=\"without_pattern\" row_negative_margin=\"disable_negative_margin\" background_image=\"1317\"][vc_column][vc_empty_space height=\"400px\"][\/vc_column][\/vc_row][vc_row css_animation=\"\" row_type=\"row\" use_row_as_full_screen_section=\"no\" type=\"full_width\" angled_section=\"no\" text_align=\"left\" background_image_as_pattern=\"without_pattern\" css=\".vc_custom_1442842373447{padding-right: 10px !important;padding-left: 10px !important;}\"][vc_column][vc_empty_space height=\"60\"][vc_row_inner row_type=\"row\" type=\"full_width\" text_align=\"left\" css_animation=\"\"][vc_column_inner width=\"1\/4\"]\n[\/vc_column_inner][vc_column_inner width=\"1\/2\"][vc_column_text]\n<h1>Quality is the guiding star, decisive for and embodied in everything we do<\/h1>\n[\/vc_column_text][vc_empty_space height=\"20\"][vc_column_text]We deliver products with the right quality by actively developing methods to increase and secure product quality. A certified management system is used to secure all steps from design to delivery through the manufacturing process.\n<ul>\n \t<li>Standards: ISO 14001,&nbsp;IATF 16949, ISO 9001, ISO13485<\/li>\n \t<li>Lean Enterprise<\/li>\n \t<li>APQP-process<\/li>\n \t<li>Continuous improvement<\/li>\n \t<li>Zero-defect mindset<\/li>\n \t<li>Corporate social responsibility<\/li>\n<\/ul>\n&nbsp;\n\nOur active efforts ininnovative design, material recycling, waste reduction and energy efficiency continuously reduce both our own environmental impact and that of our customers.[\/vc_column_text][\/vc_column_inner][vc_column_inner width=\"1\/4\"]\n[\/vc_column_inner][\/vc_row_inner][vc_empty_space height=\"60px\"][\/vc_column][\/vc_row]","_et_gb_content_width":"","footnotes":""},"class_list":["post-3218","page","type-page","status-publish","hentry"],"_links":{"self":[{"href":"https:\/\/www.kbcomponents.com\/sv\/wp-json\/wp\/v2\/pages\/3218","targetHints":{"allow":["GET"]}}],"collection":[{"href":"https:\/\/www.kbcomponents.com\/sv\/wp-json\/wp\/v2\/pages"}],"about":[{"href":"https:\/\/www.kbcomponents.com\/sv\/wp-json\/wp\/v2\/types\/page"}],"author":[{"embeddable":true,"href":"https:\/\/www.kbcomponents.com\/sv\/wp-json\/wp\/v2\/users\/13"}],"replies":[{"embeddable":true,"href":"https:\/\/www.kbcomponents.com\/sv\/wp-json\/wp\/v2\/comments?post=3218"}],"version-history":[{"count":0,"href":"https:\/\/www.kbcomponents.com\/sv\/wp-json\/wp\/v2\/pages\/3218\/revisions"}],"wp:attachment":[{"href":"https:\/\/www.kbcomponents.com\/sv\/wp-json\/wp\/v2\/media?parent=3218"}],"curies":[{"name":"wp","href":"https:\/\/api.w.org\/{rel}","templated":true}]}}