{"id":3208,"date":"2015-08-05T11:13:12","date_gmt":"2015-08-05T09:13:12","guid":{"rendered":"https:\/\/www.kbcomponents.com\/?page_id=3208"},"modified":"2024-08-19T12:57:30","modified_gmt":"2024-08-19T10:57:30","slug":"experter-pa-material","status":"publish","type":"page","link":"https:\/\/www.kbcomponents.com\/sv\/teknik-tillverkning\/experter-pa-material\/","title":{"rendered":"Experter p\u00e5 material"},"content":{"rendered":"<p>[et_pb_section fb_built=&#8221;1&#8243; _builder_version=&#8221;4.16&#8243; _module_preset=&#8221;default&#8221; background_image=&#8221;https:\/\/www.kbcomponents.com\/wp-content\/uploads\/2021\/11\/DSCF0903_low-1-scaled.jpg&#8221; custom_padding=&#8221;180px||180px||false|false&#8221; global_colors_info=&#8221;{}&#8221;][et_pb_row _builder_version=&#8221;4.16&#8243; _module_preset=&#8221;default&#8221; global_colors_info=&#8221;{}&#8221;][et_pb_column type=&#8221;4_4&#8243; _builder_version=&#8221;4.16&#8243; _module_preset=&#8221;default&#8221; global_colors_info=&#8221;{}&#8221;][et_pb_text _builder_version=&#8221;4.16&#8243; _module_preset=&#8221;default&#8221; global_colors_info=&#8221;{}&#8221;][\/et_pb_text][\/et_pb_column][\/et_pb_row][\/et_pb_section][et_pb_section fb_built=&#8221;1&#8243; admin_label=&#8221;section&#8221; _builder_version=&#8221;4.16&#8243; global_colors_info=&#8221;{}&#8221;][et_pb_row admin_label=&#8221;row&#8221; _builder_version=&#8221;4.16&#8243; background_size=&#8221;initial&#8221; background_position=&#8221;top_left&#8221; background_repeat=&#8221;repeat&#8221; global_colors_info=&#8221;{}&#8221;][et_pb_column type=&#8221;4_4&#8243; _builder_version=&#8221;4.16&#8243; custom_padding=&#8221;|||&#8221; global_colors_info=&#8221;{}&#8221; custom_padding__hover=&#8221;|||&#8221;][et_pb_text admin_label=&#8221;Text&#8221; _builder_version=&#8221;4.19.1&#8243; text_line_height=&#8221;1.9em&#8221; header_font=&#8221;|700|||||||&#8221; header_2_font=&#8221;|700|||||||&#8221; background_size=&#8221;initial&#8221; background_position=&#8221;top_left&#8221; background_repeat=&#8221;repeat&#8221; global_colors_info=&#8221;{}&#8221;]<\/p>\n<div class=\"wpb_text_column wpb_content_element \">\n<div class=\"wpb_wrapper\">\n<div class=\"wpb_text_column wpb_content_element \">\n<div class=\"wpb_wrapper\">\n<h1><span class=\"s4\">Experter p\u00e5 material<\/span><\/h1>\n<p><span class=\"s4\">V\u00e5r djupa k\u00e4nnedom om polymerer och kompositmaterial <\/span><span class=\"s4\">ger<\/span><span class=\"s4\"> KB ett unikt erbjudande <\/span><span class=\"s4\">n\u00e4r det g\u00e4ller <\/span><span class=\"s4\">s\u00e5v\u00e4l innovativa l\u00f6sningar som en <\/span><span class=\"s4\">p\u00e5litlig och felfri <\/span><span class=\"s4\">produktion.<\/span><span class=\"s4\">\u00a0<\/span><\/p>\n<p><span class=\"s4\">Med v\u00e5rt v\u00e4lutrustade materiallabb och v\u00e5r erfarna och v\u00e4lutbildade personal kan vi erbjuda den b\u00e4sta och senaste sakkunskapen <\/span><span class=\"s4\">f\u00f6r att st\u00f6dja<\/span><span class=\"s4\"> utvecklings-, <\/span><span class=\"s4\">konstruktion<\/span><span class=\"s4\">s- och produktionsprocesserna.<\/span><\/p>\n<p><span class=\"s4\">Denna kunskap oms\u00e4tt<\/span><span class=\"s4\">er vi<\/span><span class=\"s4\"> i praktiken <\/span><span class=\"s4\">f\u00f6r att<\/span><span class=\"s4\"> l\u00f6s<\/span><span class=\"s4\">a<\/span><span class=\"s4\"> <\/span><span class=\"s4\">design<\/span><span class=\"s4\">problem, minska <\/span><span class=\"s4\">antalet avvikelser <\/span><span class=\"s4\">och h\u00f6j<\/span><span class=\"s4\">a<\/span><span class=\"s4\">produkternas kostnadseffektivitet.<\/span><\/p>\n<\/div>\n<\/div>\n<\/div>\n<\/div>\n<p>[\/et_pb_text][\/et_pb_column][\/et_pb_row][\/et_pb_section][et_pb_section fb_built=&#8221;1&#8243; _builder_version=&#8221;4.16&#8243; _module_preset=&#8221;default&#8221; background_color=&#8221;#f1f1f1&#8243; custom_padding=&#8221;60px||60px||false|false&#8221; locked=&#8221;off&#8221; global_colors_info=&#8221;{}&#8221;][et_pb_row _builder_version=&#8221;4.16&#8243; _module_preset=&#8221;default&#8221; custom_padding=&#8221;0px||0px||false|false&#8221; global_colors_info=&#8221;{}&#8221;][et_pb_column type=&#8221;4_4&#8243; _builder_version=&#8221;4.16&#8243; _module_preset=&#8221;default&#8221; global_colors_info=&#8221;{}&#8221;][et_pb_blurb title=&#8221;Kontakt&#8221; image=&#8221;https:\/\/www.kbcomponents.com\/wp-content\/uploads\/2017\/03\/telfon-kb-e1489052858973.png&#8221; icon_placement=&#8221;left&#8221; _builder_version=&#8221;4.25.0&#8243; _module_preset=&#8221;default&#8221; header_font=&#8221;|600||on|||||&#8221; body_text_color=&#8221;#0a0a0a&#8221; image_icon_custom_margin=&#8221;||||false|false&#8221; image_icon_custom_padding=&#8221;||||false|false&#8221; hover_enabled=&#8221;0&#8243; custom_css_blurb_content=&#8221;margin-left:0;||padding-left:0;&#8221; global_colors_info=&#8221;{}&#8221; sticky_enabled=&#8221;0&#8243;]<\/p>\n<p>Andreas Ullman<br \/><a href=\"mailto:andreas.ullman@kbcomponents.com\">andreas.ullman@kbcomponents.com<\/a><\/p>\n<p>[\/et_pb_blurb][\/et_pb_column][\/et_pb_row][\/et_pb_section]<\/p>\n","protected":false},"excerpt":{"rendered":"<p>Experter p\u00e5 material V\u00e5r djupa k\u00e4nnedom om polymerer och kompositmaterial ger KB ett unikt erbjudande n\u00e4r det g\u00e4ller s\u00e5v\u00e4l innovativa l\u00f6sningar som en p\u00e5litlig och felfri produktion.\u00a0 Med v\u00e5rt v\u00e4lutrustade materiallabb och v\u00e5r erfarna och v\u00e4lutbildade personal kan vi erbjuda den b\u00e4sta och senaste sakkunskapen f\u00f6r att st\u00f6dja utvecklings-, konstruktions- och produktionsprocesserna. Denna kunskap oms\u00e4tter [&hellip;]<\/p>\n","protected":false},"author":6,"featured_media":0,"parent":3202,"menu_order":0,"comment_status":"open","ping_status":"open","template":"","meta":{"_et_pb_use_builder":"on","_et_pb_old_content":"[vc_row css_animation=\"\" row_type=\"row\" use_row_as_full_screen_section=\"no\" type=\"full_width\" angled_section=\"no\" text_align=\"left\" background_image_as_pattern=\"without_pattern\" row_negative_margin=\"disable_negative_margin\" background_image=\"32191\" z_index=\"\"][vc_column][vc_empty_space height=\"400px\"][\/vc_column][\/vc_row][vc_row css_animation=\"\" row_type=\"row\" use_row_as_full_screen_section=\"no\" type=\"full_width\" angled_section=\"no\" text_align=\"left\" background_image_as_pattern=\"without_pattern\" css=\".vc_custom_1442842373447{padding-right: 10px !important;padding-left: 10px !important;}\"][vc_column][vc_empty_space height=\"60\"][vc_row_inner row_type=\"row\" type=\"full_width\" text_align=\"left\" css_animation=\"\"][vc_column_inner width=\"1\/4\"]\r\n[\/vc_column_inner][vc_column_inner width=\"1\/2\"][vc_column_text]\r\n<h1>Material Expertise<\/h1>\r\n[\/vc_column_text][vc_empty_space height=\"20\"][vc_column_text]\r\n\r\nA deep understanding of polymers and composites gives KB a unique offering in terms of both innovative solutions and robust zero-defect\u00a0production.\r\n\r\n&nbsp;\r\n\r\nOur well-equipped materials laboratory combined with experienced and well-trained staff provide the best up-to-date expertise for supporting the development, design and production processes.\r\n\r\n&nbsp;\r\n\r\nThis knowledge comes into practice when solving design issues as well as when reducing variations and improving the cost efficiency of products.\r\n\r\n[\/vc_column_text][\/vc_column_inner][vc_column_inner width=\"1\/4\"]\r\n[\/vc_column_inner][\/vc_row_inner][vc_empty_space height=\"60px\"][\/vc_column][\/vc_row]","_et_gb_content_width":"","footnotes":""},"class_list":["post-3208","page","type-page","status-publish","hentry"],"_links":{"self":[{"href":"https:\/\/www.kbcomponents.com\/sv\/wp-json\/wp\/v2\/pages\/3208","targetHints":{"allow":["GET"]}}],"collection":[{"href":"https:\/\/www.kbcomponents.com\/sv\/wp-json\/wp\/v2\/pages"}],"about":[{"href":"https:\/\/www.kbcomponents.com\/sv\/wp-json\/wp\/v2\/types\/page"}],"author":[{"embeddable":true,"href":"https:\/\/www.kbcomponents.com\/sv\/wp-json\/wp\/v2\/users\/6"}],"replies":[{"embeddable":true,"href":"https:\/\/www.kbcomponents.com\/sv\/wp-json\/wp\/v2\/comments?post=3208"}],"version-history":[{"count":3,"href":"https:\/\/www.kbcomponents.com\/sv\/wp-json\/wp\/v2\/pages\/3208\/revisions"}],"predecessor-version":[{"id":36444,"href":"https:\/\/www.kbcomponents.com\/sv\/wp-json\/wp\/v2\/pages\/3208\/revisions\/36444"}],"up":[{"embeddable":true,"href":"https:\/\/www.kbcomponents.com\/sv\/wp-json\/wp\/v2\/pages\/3202"}],"wp:attachment":[{"href":"https:\/\/www.kbcomponents.com\/sv\/wp-json\/wp\/v2\/media?parent=3208"}],"curies":[{"name":"wp","href":"https:\/\/api.w.org\/{rel}","templated":true}]}}