{"id":3206,"date":"2015-08-05T11:13:47","date_gmt":"2015-08-05T09:13:47","guid":{"rendered":"https:\/\/www.kbcomponents.com\/?page_id=3206"},"modified":"2024-08-19T12:59:11","modified_gmt":"2024-08-19T10:59:11","slug":"industrialisering-och-logistik","status":"publish","type":"page","link":"https:\/\/www.kbcomponents.com\/sv\/teknik-tillverkning\/industrialisering-och-logistik\/","title":{"rendered":"Industrialisering och logistik"},"content":{"rendered":"<p>[et_pb_section fb_built=&#8221;1&#8243; _builder_version=&#8221;4.16&#8243; _module_preset=&#8221;default&#8221; background_image=&#8221;https:\/\/www.kbcomponents.com\/wp-content\/uploads\/2021\/11\/Logistik_DSCF0837.jpg&#8221; custom_padding=&#8221;180px||180px||false|false&#8221; global_colors_info=&#8221;{}&#8221;][et_pb_row _builder_version=&#8221;4.16&#8243; _module_preset=&#8221;default&#8221; global_colors_info=&#8221;{}&#8221;][et_pb_column type=&#8221;4_4&#8243; _builder_version=&#8221;4.16&#8243; _module_preset=&#8221;default&#8221; global_colors_info=&#8221;{}&#8221;][et_pb_text _builder_version=&#8221;4.16&#8243; _module_preset=&#8221;default&#8221; global_colors_info=&#8221;{}&#8221;][\/et_pb_text][\/et_pb_column][\/et_pb_row][\/et_pb_section][et_pb_section fb_built=&#8221;1&#8243; admin_label=&#8221;section&#8221; _builder_version=&#8221;4.16&#8243; global_colors_info=&#8221;{}&#8221;][et_pb_row admin_label=&#8221;row&#8221; _builder_version=&#8221;4.16&#8243; background_size=&#8221;initial&#8221; background_position=&#8221;top_left&#8221; background_repeat=&#8221;repeat&#8221; global_colors_info=&#8221;{}&#8221;][et_pb_column type=&#8221;4_4&#8243; _builder_version=&#8221;4.16&#8243; custom_padding=&#8221;|||&#8221; global_colors_info=&#8221;{}&#8221; custom_padding__hover=&#8221;|||&#8221;][et_pb_text admin_label=&#8221;Text&#8221; _builder_version=&#8221;4.19.1&#8243; text_line_height=&#8221;1.9em&#8221; header_font=&#8221;|700|||||||&#8221; header_2_font=&#8221;|700|||||||&#8221; background_size=&#8221;initial&#8221; background_position=&#8221;top_left&#8221; background_repeat=&#8221;repeat&#8221; hover_enabled=&#8221;0&#8243; global_colors_info=&#8221;{}&#8221; sticky_enabled=&#8221;0&#8243;]<\/p>\n<div class=\"wpb_text_column wpb_content_element \">\n<div class=\"wpb_wrapper\">\n<div>\n<h1><span>Industrialisering och logistik<o:p><\/o:p><\/span><\/h1>\n<\/div>\n<\/div>\n<\/div>\n<div class=\"vc_empty_space\"><\/div>\n<div class=\"wpb_text_column wpb_content_element \">\n<div class=\"wpb_wrapper\">\n<p style=\"font-weight: 400;\">APQP-utvecklingsprocessen hos KB Components st\u00f6djer noggranna f\u00f6rberedelser f\u00f6r produktionskvalitetss\u00e4kring under produktutveckling, verktygsproduktion och f\u00f6rserietillverkning, tills godk\u00e4nnande av produktionen och processen kan s\u00e4kerst\u00e4llas.<\/p>\n<\/div>\n<\/div>\n<p>[\/et_pb_text][\/et_pb_column][\/et_pb_row][\/et_pb_section][et_pb_section fb_built=&#8221;1&#8243; _builder_version=&#8221;4.16&#8243; _module_preset=&#8221;default&#8221; background_color=&#8221;#f1f1f1&#8243; custom_padding=&#8221;60px||60px||false|false&#8221; locked=&#8221;off&#8221; global_colors_info=&#8221;{}&#8221;][et_pb_row _builder_version=&#8221;4.16&#8243; _module_preset=&#8221;default&#8221; custom_padding=&#8221;0px||0px||false|false&#8221; global_colors_info=&#8221;{}&#8221;][et_pb_column type=&#8221;4_4&#8243; _builder_version=&#8221;4.16&#8243; _module_preset=&#8221;default&#8221; global_colors_info=&#8221;{}&#8221;][et_pb_blurb title=&#8221;Kontakt&#8221; image=&#8221;https:\/\/www.kbcomponents.com\/wp-content\/uploads\/2017\/03\/telfon-kb-e1489052858973.png&#8221; icon_placement=&#8221;left&#8221; _builder_version=&#8221;4.19.1&#8243; _module_preset=&#8221;default&#8221; header_font=&#8221;|600||on|||||&#8221; body_text_color=&#8221;#0a0a0a&#8221; image_icon_custom_margin=&#8221;||||false|false&#8221; image_icon_custom_padding=&#8221;||||false|false&#8221; hover_enabled=&#8221;0&#8243; custom_css_blurb_content=&#8221;margin-left:0;||padding-left:0;&#8221; global_colors_info=&#8221;{}&#8221; sticky_enabled=&#8221;0&#8243;]<\/p>\n<p>Otto Andersson<a href=\"mailto:anders.abrahamsson@kbcomponents.com\"><br \/><\/a><a href=\"mailto:otto.andersson@kbcomponents.com\">otto.andersson@kbcomponents.com<\/a><a href=\"mailto:anders.abrahamsson@kbcomponents.com\"><\/a><\/p>\n<p>[\/et_pb_blurb][\/et_pb_column][\/et_pb_row][\/et_pb_section]<\/p>\n","protected":false},"excerpt":{"rendered":"<p>Industrialisering och logistik APQP-utvecklingsprocessen hos KB Components st\u00f6djer noggranna f\u00f6rberedelser f\u00f6r produktionskvalitetss\u00e4kring under produktutveckling, verktygsproduktion och f\u00f6rserietillverkning, tills godk\u00e4nnande av produktionen och processen kan s\u00e4kerst\u00e4llas. Otto Anderssonotto.andersson@kbcomponents.com<\/p>\n","protected":false},"author":6,"featured_media":0,"parent":3202,"menu_order":0,"comment_status":"open","ping_status":"closed","template":"","meta":{"_et_pb_use_builder":"on","_et_pb_old_content":"[vc_row css_animation=\"\" row_type=\"row\" use_row_as_full_screen_section=\"no\" type=\"full_width\" angled_section=\"no\" text_align=\"left\" background_image_as_pattern=\"without_pattern\" row_negative_margin=\"disable_negative_margin\" background_image=\"32137\" z_index=\"\"][vc_column][vc_empty_space height=\"400px\"][\/vc_column][\/vc_row][vc_row css_animation=\"\" row_type=\"row\" use_row_as_full_screen_section=\"no\" type=\"full_width\" angled_section=\"no\" text_align=\"left\" background_image_as_pattern=\"without_pattern\" css=\".vc_custom_1442842373447{padding-right: 10px !important;padding-left: 10px !important;}\"][vc_column][vc_empty_space height=\"60\"][vc_row_inner row_type=\"row\" type=\"full_width\" text_align=\"left\" css_animation=\"\"][vc_column_inner width=\"1\/4\"]\r\n[\/vc_column_inner][vc_column_inner width=\"1\/2\"][vc_column_text]\r\n<h1>Industrialization and Logistics<\/h1>\r\n[\/vc_column_text][vc_empty_space height=\"20\"][vc_column_text]The APQP development process at KB Components supports stringent preparations for production quality assurance during product development, toolmaking and pre-series manufacturing until the production and process approval is assured.[\/vc_column_text][\/vc_column_inner][vc_column_inner width=\"1\/4\"]\r\n[\/vc_column_inner][\/vc_row_inner][vc_empty_space height=\"60px\"][\/vc_column][\/vc_row]","_et_gb_content_width":"","footnotes":""},"class_list":["post-3206","page","type-page","status-publish","hentry"],"_links":{"self":[{"href":"https:\/\/www.kbcomponents.com\/sv\/wp-json\/wp\/v2\/pages\/3206","targetHints":{"allow":["GET"]}}],"collection":[{"href":"https:\/\/www.kbcomponents.com\/sv\/wp-json\/wp\/v2\/pages"}],"about":[{"href":"https:\/\/www.kbcomponents.com\/sv\/wp-json\/wp\/v2\/types\/page"}],"author":[{"embeddable":true,"href":"https:\/\/www.kbcomponents.com\/sv\/wp-json\/wp\/v2\/users\/6"}],"replies":[{"embeddable":true,"href":"https:\/\/www.kbcomponents.com\/sv\/wp-json\/wp\/v2\/comments?post=3206"}],"version-history":[{"count":2,"href":"https:\/\/www.kbcomponents.com\/sv\/wp-json\/wp\/v2\/pages\/3206\/revisions"}],"predecessor-version":[{"id":36446,"href":"https:\/\/www.kbcomponents.com\/sv\/wp-json\/wp\/v2\/pages\/3206\/revisions\/36446"}],"up":[{"embeddable":true,"href":"https:\/\/www.kbcomponents.com\/sv\/wp-json\/wp\/v2\/pages\/3202"}],"wp:attachment":[{"href":"https:\/\/www.kbcomponents.com\/sv\/wp-json\/wp\/v2\/media?parent=3206"}],"curies":[{"name":"wp","href":"https:\/\/api.w.org\/{rel}","templated":true}]}}