{"id":3204,"date":"2015-08-05T11:12:46","date_gmt":"2015-08-05T09:12:46","guid":{"rendered":"https:\/\/www.kbcomponents.com\/?page_id=3204"},"modified":"2024-08-19T12:54:18","modified_gmt":"2024-08-19T10:54:18","slug":"design-konstruktion-och-geometri","status":"publish","type":"page","link":"https:\/\/www.kbcomponents.com\/sv\/teknik-tillverkning\/design-konstruktion-och-geometri\/","title":{"rendered":"Design, konstruktion och geometri"},"content":{"rendered":"<p>[et_pb_section fb_built=&#8221;1&#8243; _builder_version=&#8221;4.16&#8243; _module_preset=&#8221;default&#8221; background_image=&#8221;https:\/\/www.kbcomponents.com\/wp-content\/uploads\/2017\/03\/Design-and-geometry.jpg&#8221; custom_padding=&#8221;180px||180px||false|false&#8221; global_colors_info=&#8221;{}&#8221;][et_pb_row _builder_version=&#8221;4.16&#8243; _module_preset=&#8221;default&#8221; global_colors_info=&#8221;{}&#8221;][et_pb_column type=&#8221;4_4&#8243; _builder_version=&#8221;4.16&#8243; _module_preset=&#8221;default&#8221; global_colors_info=&#8221;{}&#8221;][et_pb_text _builder_version=&#8221;4.16&#8243; _module_preset=&#8221;default&#8221; global_colors_info=&#8221;{}&#8221;][\/et_pb_text][\/et_pb_column][\/et_pb_row][\/et_pb_section][et_pb_section fb_built=&#8221;1&#8243; admin_label=&#8221;section&#8221; _builder_version=&#8221;4.16&#8243; global_colors_info=&#8221;{}&#8221;][et_pb_row admin_label=&#8221;row&#8221; _builder_version=&#8221;4.16&#8243; background_size=&#8221;initial&#8221; background_position=&#8221;top_left&#8221; background_repeat=&#8221;repeat&#8221; global_colors_info=&#8221;{}&#8221;][et_pb_column type=&#8221;4_4&#8243; _builder_version=&#8221;4.16&#8243; custom_padding=&#8221;|||&#8221; global_colors_info=&#8221;{}&#8221; custom_padding__hover=&#8221;|||&#8221;][et_pb_text admin_label=&#8221;Text&#8221; _builder_version=&#8221;4.27.0&#8243; text_line_height=&#8221;1.9em&#8221; header_font=&#8221;|700|||||||&#8221; header_2_font=&#8221;|700|||||||&#8221; background_size=&#8221;initial&#8221; background_position=&#8221;top_left&#8221; background_repeat=&#8221;repeat&#8221; hover_enabled=&#8221;0&#8243; global_colors_info=&#8221;{}&#8221; sticky_enabled=&#8221;0&#8243;]<\/p>\n<h1>Design, konstruktion och geometri<\/h1>\n<p>Plast och kompositmaterial ger stor frihet i design, men inneb\u00e4r ocks\u00e5 utmaningar i fr\u00e5ga om dimensionskontroll och ytkvalitet.\u00a0<\/p>\n<p>KB Components har legat i framkant i fr\u00e5ga om polymerteknik i decennier och s\u00e4kerst\u00e4ller h\u00f6g prestanda inom geometrisk kontroll och f\u00f6ruts\u00e4gbar ytkvalitet.\u00a0<\/p>\n<p>Konstruktion och design utf\u00f6rs med st\u00f6d av simuleringsprogram f\u00f6r formningsprocessen (Mold Flow) och programvara som kan f\u00f6rutse toleranskedjor i kombination med CAD-program\u202f(Siemens NX, Solid Works och Solid edge), som integreras med 3D-m\u00e4tningar. Med dessa verktyg och sjuttio \u00e5rs praktisk erfarenhet i ryggen levererar vi endast det b\u00e4sta inom design, konstruktion och geometri.\u00a0<\/p>\n<h2>Projektledning\u00a0<\/h2>\n<p>KB Components hanterar alla projekt i ett projektledningssystem som h\u00e5ller reda p\u00e5 projekten fr\u00e5n b\u00f6rjan till slut i ett \u00f6versk\u00e5dligt och tidsbesparande format.\u00a0Vi h\u00e5ller oss st\u00e4ndigt \u00e0 jour med vad som h\u00e4nder inom fordonsindustrin, vilket inneb\u00e4r att vi konsekvent kan leverera v\u00e5ra projekt i tid.<\/p>\n<p>[\/et_pb_text][\/et_pb_column][\/et_pb_row][\/et_pb_section][et_pb_section fb_built=&#8221;1&#8243; _builder_version=&#8221;4.16&#8243; _module_preset=&#8221;default&#8221; background_color=&#8221;#f1f1f1&#8243; custom_padding=&#8221;60px||60px||false|false&#8221; global_colors_info=&#8221;{}&#8221;][et_pb_row _builder_version=&#8221;4.16&#8243; _module_preset=&#8221;default&#8221; custom_padding=&#8221;0px||0px||false|false&#8221; global_colors_info=&#8221;{}&#8221;][et_pb_column type=&#8221;4_4&#8243; _builder_version=&#8221;4.16&#8243; _module_preset=&#8221;default&#8221; global_colors_info=&#8221;{}&#8221;][et_pb_blurb title=&#8221;Contact&#8221; image=&#8221;https:\/\/www.kbcomponents.com\/wp-content\/uploads\/2017\/03\/telfon-kb-e1489052858973.png&#8221; icon_placement=&#8221;left&#8221; _builder_version=&#8221;4.16&#8243; _module_preset=&#8221;default&#8221; header_font=&#8221;|600||on|||||&#8221; body_text_color=&#8221;#0a0a0a&#8221; image_icon_custom_margin=&#8221;||||false|false&#8221; image_icon_custom_padding=&#8221;||||false|false&#8221; custom_css_blurb_content=&#8221;margin-left:0;||padding-left:0;&#8221; global_colors_info=&#8221;{}&#8221;]Anders Abrahamsson<br \/>\n<a href=\"mailto:anders.abrahamsson@kbcomponents.com\">anders.abrahamsson@kbcomponents.com<\/a>[\/et_pb_blurb][\/et_pb_column][\/et_pb_row][\/et_pb_section]<\/p>\n","protected":false},"excerpt":{"rendered":"<p>Design, konstruktion och geometri Plast och kompositmaterial ger stor frihet i design, men inneb\u00e4r ocks\u00e5 utmaningar i fr\u00e5ga om dimensionskontroll och ytkvalitet.\u00a0 KB Components har legat i framkant i fr\u00e5ga om polymerteknik i decennier och s\u00e4kerst\u00e4ller h\u00f6g prestanda inom geometrisk kontroll och f\u00f6ruts\u00e4gbar ytkvalitet.\u00a0 Konstruktion och design utf\u00f6rs med st\u00f6d av simuleringsprogram f\u00f6r formningsprocessen (Mold [&hellip;]<\/p>\n","protected":false},"author":6,"featured_media":0,"parent":3202,"menu_order":0,"comment_status":"open","ping_status":"closed","template":"","meta":{"_et_pb_use_builder":"on","_et_pb_old_content":"","_et_gb_content_width":"","footnotes":""},"class_list":["post-3204","page","type-page","status-publish","hentry"],"_links":{"self":[{"href":"https:\/\/www.kbcomponents.com\/sv\/wp-json\/wp\/v2\/pages\/3204","targetHints":{"allow":["GET"]}}],"collection":[{"href":"https:\/\/www.kbcomponents.com\/sv\/wp-json\/wp\/v2\/pages"}],"about":[{"href":"https:\/\/www.kbcomponents.com\/sv\/wp-json\/wp\/v2\/types\/page"}],"author":[{"embeddable":true,"href":"https:\/\/www.kbcomponents.com\/sv\/wp-json\/wp\/v2\/users\/6"}],"replies":[{"embeddable":true,"href":"https:\/\/www.kbcomponents.com\/sv\/wp-json\/wp\/v2\/comments?post=3204"}],"version-history":[{"count":5,"href":"https:\/\/www.kbcomponents.com\/sv\/wp-json\/wp\/v2\/pages\/3204\/revisions"}],"predecessor-version":[{"id":36442,"href":"https:\/\/www.kbcomponents.com\/sv\/wp-json\/wp\/v2\/pages\/3204\/revisions\/36442"}],"up":[{"embeddable":true,"href":"https:\/\/www.kbcomponents.com\/sv\/wp-json\/wp\/v2\/pages\/3202"}],"wp:attachment":[{"href":"https:\/\/www.kbcomponents.com\/sv\/wp-json\/wp\/v2\/media?parent=3204"}],"curies":[{"name":"wp","href":"https:\/\/api.w.org\/{rel}","templated":true}]}}