{"id":30736,"date":"2020-11-25T11:24:00","date_gmt":"2020-11-25T10:24:00","guid":{"rendered":"https:\/\/www.kbcomponents.com\/?page_id=30736"},"modified":"2024-08-26T15:13:13","modified_gmt":"2024-08-26T13:13:13","slug":"vart-erbjudande","status":"publish","type":"page","link":"https:\/\/www.kbcomponents.com\/sv\/om-foretaget\/vart-erbjudande\/","title":{"rendered":"V\u00e5rt unika erbjudande"},"content":{"rendered":"<p>[et_pb_section fb_built=&#8221;1&#8243; _builder_version=&#8221;4.16&#8243; _module_preset=&#8221;default&#8221; background_color=&#8221;#f6f6f6&#8243; custom_padding=&#8221;60px|60px|60px|60px|false|false&#8221; global_colors_info=&#8221;{}&#8221;][et_pb_row column_structure=&#8221;1_3,1_3,1_3&#8243; _builder_version=&#8221;4.16&#8243; _module_preset=&#8221;default&#8221; width=&#8221;100%&#8221; max_width=&#8221;100%&#8221; global_colors_info=&#8221;{}&#8221;][et_pb_column type=&#8221;1_3&#8243; _builder_version=&#8221;4.16&#8243; _module_preset=&#8221;default&#8221; global_colors_info=&#8221;{}&#8221;][et_pb_image src=&#8221;https:\/\/www.kbcomponents.com\/wp-content\/uploads\/2020\/12\/Businessarea-scaled.jpg&#8221; title_text=&#8221;Businessarea&#8221; _builder_version=&#8221;4.16&#8243; _module_preset=&#8221;default&#8221; global_colors_info=&#8221;{}&#8221;][\/et_pb_image][\/et_pb_column][et_pb_column type=&#8221;1_3&#8243; _builder_version=&#8221;4.16&#8243; _module_preset=&#8221;default&#8221; global_colors_info=&#8221;{}&#8221;][et_pb_text admin_label=&#8221;Text&#8221; _builder_version=&#8221;4.27.0&#8243; text_line_height=&#8221;1.9em&#8221; header_font=&#8221;|700|||||||&#8221; background_size=&#8221;initial&#8221; background_position=&#8221;top_left&#8221; background_repeat=&#8221;repeat&#8221; hover_enabled=&#8221;0&#8243; global_colors_info=&#8221;{}&#8221; sticky_enabled=&#8221;0&#8243;]<\/p>\n<h1>V\u00e5rt unika erbjudande<\/h1>\n<p>KB Components skiljer sig fr\u00e5n de flesta av v\u00e5ra konkurrenter genom att ha en fokuserad inst\u00e4llning till formsprutningstekniker, inklusive materialteknik och designoptimering av b\u00e5de detaljen och processen. Genom att kombinera v\u00e5ra globala resurser ger vi dig tillg\u00e5ng inte bara till en global tillverkningsupps\u00e4ttning utan ocks\u00e5 till v\u00e5ra interna materiallaboratorier, m\u00e4tcentrum och produktionstekniska team. N\u00e4r ditt f\u00f6retag v\u00e4xer har vi resurser att v\u00e4xa med dig och att f\u00f6lja din globalisering genom att tillhandah\u00e5lla lokal produktion i Asien, Europa och Nordamerika. Om din produkt kommer att monteras med andra detaljer erbjuder vi ocks\u00e5 kompletta l\u00f6sningar f\u00f6r produktion och montering. F\u00f6r det mesta \u00e4r detta integrerat med formsprutningsprocessen med de modernaste robotteknikerna f\u00f6r att skapa en kostnadseffektiv produktionsupps\u00e4ttning.<\/p>\n<h2>V\u00e5r framg\u00e5ngsrika strategi<\/h2>\n<p>Samtidigt kan du lita p\u00e5 v\u00e5r \u201dCode of Conduct\u201d, d\u00e4r vi lovar att f\u00f6lja de str\u00e4ngaste reglerna f\u00f6r milj\u00f6skydd och arbetss\u00e4kerhet. F\u00f6rutom att vara certifierade enligt milj\u00f6standarder, \u00e4r alla v\u00e5ra enheter ocks\u00e5 erk\u00e4nda som en \u201cGreat Place to Work\u201d, med en stor majoritet av de anst\u00e4llda som visar h\u00f6g arbetsgl\u00e4dje och engagemang \u2013 till f\u00f6rm\u00e5n f\u00f6r alla v\u00e5ra kunder.<\/p>\n<p>V\u00e5r strategi har visat sig vara framg\u00e5ngsrik och baseras p\u00e5:<br \/><strong>Ett globalt fotavtryck, teknologiskt ledarskap och Operativ excellens.<\/strong><\/p>\n<p>Tillsammans med v\u00e5ra kunder skapar vi \u201d<strong>Value Through Innovation<\/strong>\u201d<\/p>\n<p>[\/et_pb_text][\/et_pb_column][et_pb_column type=&#8221;1_3&#8243; _builder_version=&#8221;4.16&#8243; _module_preset=&#8221;default&#8221; global_colors_info=&#8221;{}&#8221;][et_pb_button button_url=&#8221;https:\/\/www.kbcomponents.com\/sv\/contact-us\/&#8221; button_text=&#8221;Contact us&#8221; _builder_version=&#8221;4.19.5&#8243; _module_preset=&#8221;default&#8221; custom_button=&#8221;on&#8221; button_text_size=&#8221;13px&#8221; button_text_color=&#8221;#303030&#8243; button_border_color=&#8221;#303030&#8243; button_font=&#8221;Montserrat|700||on|||||&#8221; button_use_icon=&#8221;off&#8221; custom_padding=&#8221;10px|30px|10px|30px|false|false&#8221; global_colors_info=&#8221;{}&#8221;][\/et_pb_button][\/et_pb_column][\/et_pb_row][\/et_pb_section]<\/p>\n","protected":false},"excerpt":{"rendered":"<p>V\u00e5rt unika erbjudande KB Components skiljer sig fr\u00e5n de flesta av v\u00e5ra konkurrenter genom att ha en fokuserad inst\u00e4llning till formsprutningstekniker, inklusive materialteknik och designoptimering av b\u00e5de detaljen och processen. Genom att kombinera v\u00e5ra globala resurser ger vi dig tillg\u00e5ng inte bara till en global tillverkningsupps\u00e4ttning utan ocks\u00e5 till v\u00e5ra interna materiallaboratorier, m\u00e4tcentrum och produktionstekniska [&hellip;]<\/p>\n","protected":false},"author":6,"featured_media":0,"parent":33693,"menu_order":0,"comment_status":"closed","ping_status":"closed","template":"","meta":{"_et_pb_use_builder":"on","_et_pb_old_content":"","_et_gb_content_width":"","footnotes":""},"class_list":["post-30736","page","type-page","status-publish","hentry"],"_links":{"self":[{"href":"https:\/\/www.kbcomponents.com\/sv\/wp-json\/wp\/v2\/pages\/30736","targetHints":{"allow":["GET"]}}],"collection":[{"href":"https:\/\/www.kbcomponents.com\/sv\/wp-json\/wp\/v2\/pages"}],"about":[{"href":"https:\/\/www.kbcomponents.com\/sv\/wp-json\/wp\/v2\/types\/page"}],"author":[{"embeddable":true,"href":"https:\/\/www.kbcomponents.com\/sv\/wp-json\/wp\/v2\/users\/6"}],"replies":[{"embeddable":true,"href":"https:\/\/www.kbcomponents.com\/sv\/wp-json\/wp\/v2\/comments?post=30736"}],"version-history":[{"count":2,"href":"https:\/\/www.kbcomponents.com\/sv\/wp-json\/wp\/v2\/pages\/30736\/revisions"}],"predecessor-version":[{"id":36628,"href":"https:\/\/www.kbcomponents.com\/sv\/wp-json\/wp\/v2\/pages\/30736\/revisions\/36628"}],"up":[{"embeddable":true,"href":"https:\/\/www.kbcomponents.com\/sv\/wp-json\/wp\/v2\/pages\/33693"}],"wp:attachment":[{"href":"https:\/\/www.kbcomponents.com\/sv\/wp-json\/wp\/v2\/media?parent=30736"}],"curies":[{"name":"wp","href":"https:\/\/api.w.org\/{rel}","templated":true}]}}