{"id":12615,"date":"2020-02-04T11:35:43","date_gmt":"2020-02-04T10:35:43","guid":{"rendered":"https:\/\/www.kbcomponents.com\/?page_id=12615"},"modified":"2024-08-19T13:28:10","modified_gmt":"2024-08-19T11:28:10","slug":"var-verktygsverkstad","status":"publish","type":"page","link":"https:\/\/www.kbcomponents.com\/sv\/teknik-tillverkning\/var-verktygsverkstad\/","title":{"rendered":"V\u00e5r verktygsverkstad"},"content":{"rendered":"<p>[et_pb_section fb_built=&#8221;1&#8243; _builder_version=&#8221;4.14.8&#8243; _module_preset=&#8221;default&#8221; background_image=&#8221;https:\/\/www.kbcomponents.com\/wp-content\/uploads\/2020\/02\/IMG_6335.jpg&#8221; custom_padding=&#8221;180px||180px||false|false&#8221; hover_enabled=&#8221;0&#8243; global_colors_info=&#8221;{}&#8221; theme_builder_area=&#8221;post_content&#8221; title_text=&#8221;IMG_6335&#8243; sticky_enabled=&#8221;0&#8243;][et_pb_row _builder_version=&#8221;4.14.7&#8243; _module_preset=&#8221;default&#8221; global_colors_info=&#8221;{}&#8221; theme_builder_area=&#8221;post_content&#8221;][et_pb_column type=&#8221;4_4&#8243; _builder_version=&#8221;4.14.7&#8243; _module_preset=&#8221;default&#8221; global_colors_info=&#8221;{}&#8221; theme_builder_area=&#8221;post_content&#8221;][et_pb_text _builder_version=&#8221;4.14.7&#8243; _module_preset=&#8221;default&#8221; global_colors_info=&#8221;{}&#8221; theme_builder_area=&#8221;post_content&#8221;][\/et_pb_text][\/et_pb_column][\/et_pb_row][\/et_pb_section][et_pb_section fb_built=&#8221;1&#8243; admin_label=&#8221;section&#8221; _builder_version=&#8221;3.22&#8243; global_colors_info=&#8221;{}&#8221; theme_builder_area=&#8221;post_content&#8221;][et_pb_row admin_label=&#8221;row&#8221; _builder_version=&#8221;3.25&#8243; background_size=&#8221;initial&#8221; background_position=&#8221;top_left&#8221; background_repeat=&#8221;repeat&#8221; global_colors_info=&#8221;{}&#8221; theme_builder_area=&#8221;post_content&#8221;][et_pb_column type=&#8221;4_4&#8243; _builder_version=&#8221;3.25&#8243; custom_padding=&#8221;|||&#8221; global_colors_info=&#8221;{}&#8221; custom_padding__hover=&#8221;|||&#8221; theme_builder_area=&#8221;post_content&#8221;][et_pb_text admin_label=&#8221;Text&#8221; _builder_version=&#8221;4.14.8&#8243; text_line_height=&#8221;1.9em&#8221; header_font=&#8221;|700|||||||&#8221; header_2_font=&#8221;|700|||||||&#8221; background_size=&#8221;initial&#8221; background_position=&#8221;top_left&#8221; background_repeat=&#8221;repeat&#8221; hover_enabled=&#8221;0&#8243; global_colors_info=&#8221;{}&#8221; theme_builder_area=&#8221;post_content&#8221; sticky_enabled=&#8221;0&#8243;]<\/p>\n<div class=\"vc_row wpb_row section vc_row-fluid \">\n<div class=\" full_section_inner clearfix\">\n<div class=\"wpb_column vc_column_container vc_col-sm-6\">\n<div class=\"vc_column-inner\">\n<div class=\"wpb_wrapper\">\n<div class=\"wpb_text_column wpb_content_element \">\n<div class=\"wpb_wrapper\">\n<div class=\"et_pb_column et_pb_column_2_3 et_pb_column_1  et_pb_css_mix_blend_mode_passthrough\">\n<div class=\"et_pb_module et_pb_text et_pb_text_1  et_pb_text_align_left et_pb_bg_layout_light\">\n<div class=\"et_pb_text_inner\">\n<div class=\"vc_row wpb_row section vc_row-fluid \">\n<div class=\" full_section_inner clearfix\">\n<div class=\"wpb_column vc_column_container vc_col-sm-6\">\n<div class=\"vc_column-inner\">\n<div class=\"wpb_wrapper\">\n<div class=\"wpb_text_column wpb_content_element \">\n<div class=\"wpb_wrapper\">\n<div class=\"wpb_text_column wpb_content_element \">\n<div class=\"wpb_wrapper\">\n<h1>V\u00e5r verktygsverkstad<\/h1>\n<\/div>\n<\/div>\n<div class=\"wpb_text_column wpb_content_element \">\n<div class=\"wpb_wrapper\">\n<p>Vi hj\u00e4lper andra f\u00f6retag med reparationer och service av verktyg upp till 50 ton.<\/p>\n<p>&nbsp;<\/p>\n<p><strong>Fr\u00e4smaskin 1, DMG MORI, DMU 210 P, Tyskland:<\/strong><\/p>\n<p>Arbetsomr\u00e5de:<\/p>\n<p>X = 2100 mm<\/p>\n<p>Y = 2100 mm<\/p>\n<p>Z = 1250 mm<\/p>\n<p>Maskinbordslast = 10\u00a0000 kg<\/p>\n<p>Spindelhastighet = 12\u00a0000 varv\/min<\/p>\n<p>&nbsp;<\/p>\n<p><strong>Fr\u00e4smaskin 2 DMG MORI, DMU 75 monoBLOCK, Tyskland:<\/strong><br \/>Arbetsomr\u00e5de:<\/p>\n<p>X = 750 mm<\/p>\n<p>Y = 650 mm<\/p>\n<p>Z = 560 mm<\/p>\n<p>Maskinbordslast = 600 kg<\/p>\n<p>Spindelhastighet = 20\u00a0000 varv\/min<\/p>\n<p>&nbsp;<\/p>\n<p><strong>Fr\u00e4smaskin Elektrod, Rh\u00f6ders RXP601DSH, Tyskland:<\/strong><\/p>\n<p>Arbetsomr\u00e5de:<\/p>\n<p>X = 540 mm<\/p>\n<p>Y = 635 mm<\/p>\n<p>Z = 400 mm<\/p>\n<p>Maskinbordslast = 60 kg<\/p>\n<p>Spindelhastighet = 36 000 varv\/min<\/p>\n<p>&nbsp;<\/p>\n<p><strong>S\u00e4nkgnist 1, Sodick AG200L, Japan:<\/strong><\/p>\n<p>Arbetsomr\u00e5de:<\/p>\n<p>X = 2\u00a0000 mm<\/p>\n<p>Y = 1\u00a0250 mm<\/p>\n<p>Z = 800 mm<\/p>\n<p>Maskinbordslast = 15\u00a0000 kg<\/p>\n<p>&nbsp;<\/p>\n<p><strong>S\u00e4nkgnist 2, Sodick AG60L, Japan:<\/strong><\/p>\n<p>Arbetsomr\u00e5de:<\/p>\n<p>X = 600 mm<\/p>\n<p>Y = 420 mm<\/p>\n<p>Z = 370 mm<\/p>\n<p>Maskinbordslast = 1\u00a0500 kg<\/p>\n<p>&nbsp;<\/p>\n<p><strong>Tr\u00e5dgnist, Sodick ALC600G, Japan:<\/strong><\/p>\n<p>Arbetsomr\u00e5de:<\/p>\n<p>X = 600 mm<br \/>Y = 400 mm<\/p>\n<p>Z = 350 mm<\/p>\n<p>Maskinbordslast = 1\u00a0000 kg<\/p>\n<p>&nbsp;<\/p>\n<p><strong>Planslip, Chevalier, FSG-2060 ADIII, USA:<\/strong><\/p>\n<p>Arbetsomr\u00e5de:<\/p>\n<p>X = 1\u00a0500 mm<\/p>\n<p>Y = 500 mm<\/p>\n<p>Y = 500 mm<\/p>\n<p>&nbsp;<\/p>\n<p><strong>Laser DL 450, Tyskland<\/strong><\/p>\n<\/div>\n<\/div>\n<\/div>\n<\/div>\n<\/div>\n<\/div>\n<\/div>\n<\/div>\n<\/div>\n<\/div>\n<\/div>\n<\/div>\n<\/div>\n<\/div>\n<\/div>\n<\/div>\n<\/div>\n<\/div>\n<\/div>\n<p>[\/et_pb_text][\/et_pb_column][\/et_pb_row][\/et_pb_section][et_pb_section fb_built=&#8221;1&#8243; _builder_version=&#8221;4.14.7&#8243; _module_preset=&#8221;default&#8221; background_color=&#8221;#f1f1f1&#8243; custom_padding=&#8221;60px||60px||false|false&#8221; global_colors_info=&#8221;{}&#8221; theme_builder_area=&#8221;post_content&#8221;][et_pb_row _builder_version=&#8221;4.14.7&#8243; _module_preset=&#8221;default&#8221; custom_padding=&#8221;0px||0px||false|false&#8221; global_colors_info=&#8221;{}&#8221; theme_builder_area=&#8221;post_content&#8221;][et_pb_column type=&#8221;4_4&#8243; _builder_version=&#8221;4.14.7&#8243; _module_preset=&#8221;default&#8221; global_colors_info=&#8221;{}&#8221; theme_builder_area=&#8221;post_content&#8221;][et_pb_blurb title=&#8221;Kontakt&#8221; image=&#8221;https:\/\/www.kbcomponents.com\/wp-content\/uploads\/2017\/03\/telfon-kb-e1489052858973.png&#8221; icon_placement=&#8221;left&#8221; _builder_version=&#8221;4.14.8&#8243; _module_preset=&#8221;default&#8221; header_font=&#8221;|600||on|||||&#8221; body_text_color=&#8221;#0a0a0a&#8221; image_icon_custom_margin=&#8221;||||false|false&#8221; image_icon_custom_padding=&#8221;||||false|false&#8221; hover_enabled=&#8221;0&#8243; custom_css_blurb_content=&#8221;margin-left:0;||padding-left:0;&#8221; global_colors_info=&#8221;{}&#8221; theme_builder_area=&#8221;post_content&#8221; sticky_enabled=&#8221;0&#8243;]<\/p>\n<p>Mats Aref\u00e4ll<br \/><a href=\"mailto:mats.arefall@kbcomponents.com\">mats.arefall@kbcomponents.com<\/a><\/p>\n<p>[\/et_pb_blurb][\/et_pb_column][\/et_pb_row][\/et_pb_section]<\/p>\n","protected":false},"excerpt":{"rendered":"<p>V\u00e5r verktygsverkstad Vi hj\u00e4lper andra f\u00f6retag med reparationer och service av verktyg upp till 50 ton. &nbsp; Fr\u00e4smaskin 1, DMG MORI, DMU 210 P, Tyskland: Arbetsomr\u00e5de: X = 2100 mm Y = 2100 mm Z = 1250 mm Maskinbordslast = 10\u00a0000 kg Spindelhastighet = 12\u00a0000 varv\/min &nbsp; Fr\u00e4smaskin 2 DMG MORI, DMU 75 monoBLOCK, Tyskland:Arbetsomr\u00e5de: [&hellip;]<\/p>\n","protected":false},"author":6,"featured_media":0,"parent":3202,"menu_order":0,"comment_status":"open","ping_status":"closed","template":"","meta":{"_et_pb_use_builder":"on","_et_pb_old_content":"","_et_gb_content_width":"","footnotes":""},"class_list":["post-12615","page","type-page","status-publish","hentry"],"_links":{"self":[{"href":"https:\/\/www.kbcomponents.com\/sv\/wp-json\/wp\/v2\/pages\/12615","targetHints":{"allow":["GET"]}}],"collection":[{"href":"https:\/\/www.kbcomponents.com\/sv\/wp-json\/wp\/v2\/pages"}],"about":[{"href":"https:\/\/www.kbcomponents.com\/sv\/wp-json\/wp\/v2\/types\/page"}],"author":[{"embeddable":true,"href":"https:\/\/www.kbcomponents.com\/sv\/wp-json\/wp\/v2\/users\/6"}],"replies":[{"embeddable":true,"href":"https:\/\/www.kbcomponents.com\/sv\/wp-json\/wp\/v2\/comments?post=12615"}],"version-history":[{"count":2,"href":"https:\/\/www.kbcomponents.com\/sv\/wp-json\/wp\/v2\/pages\/12615\/revisions"}],"predecessor-version":[{"id":36450,"href":"https:\/\/www.kbcomponents.com\/sv\/wp-json\/wp\/v2\/pages\/12615\/revisions\/36450"}],"up":[{"embeddable":true,"href":"https:\/\/www.kbcomponents.com\/sv\/wp-json\/wp\/v2\/pages\/3202"}],"wp:attachment":[{"href":"https:\/\/www.kbcomponents.com\/sv\/wp-json\/wp\/v2\/media?parent=12615"}],"curies":[{"name":"wp","href":"https:\/\/api.w.org\/{rel}","templated":true}]}}