{"id":29779,"date":"2015-08-05T11:15:34","date_gmt":"2015-08-05T09:15:34","guid":{"rendered":"https:\/\/www.kbcomponents.com\/?page_id=29779"},"modified":"2024-08-19T13:56:57","modified_gmt":"2024-08-19T11:56:57","slug":"politica-ambiental","status":"publish","type":"page","link":"https:\/\/www.kbcomponents.com\/es\/calidad\/politica-ambiental\/","title":{"rendered":"Pol\u00edtica Ambiental"},"content":{"rendered":"<p>[et_pb_section fb_built=\u00bb1&#8243; _builder_version=\u00bb4.14.8&#8243; _module_preset=\u00bbdefault\u00bb background_image=\u00bbhttps:\/\/www.kbcomponents.com\/wp-content\/uploads\/2015\/08\/7.jpg\u00bb custom_padding=\u00bb180px||180px||false|false\u00bb hover_enabled=\u00bb0&#8243; global_colors_info=\u00bb{}\u00bb theme_builder_area=\u00bbpost_content\u00bb title_text=\u00bbquality\u00bb sticky_enabled=\u00bb0&#8243;][et_pb_row _builder_version=\u00bb4.14.7&#8243; _module_preset=\u00bbdefault\u00bb global_colors_info=\u00bb{}\u00bb theme_builder_area=\u00bbpost_content\u00bb][et_pb_column type=\u00bb4_4&#8243; _builder_version=\u00bb4.14.7&#8243; _module_preset=\u00bbdefault\u00bb global_colors_info=\u00bb{}\u00bb theme_builder_area=\u00bbpost_content\u00bb][et_pb_text _builder_version=\u00bb4.14.7&#8243; _module_preset=\u00bbdefault\u00bb global_colors_info=\u00bb{}\u00bb theme_builder_area=\u00bbpost_content\u00bb][\/et_pb_text][\/et_pb_column][\/et_pb_row][\/et_pb_section][et_pb_section fb_built=\u00bb1&#8243; admin_label=\u00bbsection\u00bb _builder_version=\u00bb3.22&#8243; global_colors_info=\u00bb{}\u00bb theme_builder_area=\u00bbpost_content\u00bb][et_pb_row admin_label=\u00bbrow\u00bb _builder_version=\u00bb3.25&#8243; background_size=\u00bbinitial\u00bb background_position=\u00bbtop_left\u00bb background_repeat=\u00bbrepeat\u00bb global_colors_info=\u00bb{}\u00bb theme_builder_area=\u00bbpost_content\u00bb][et_pb_column type=\u00bb4_4&#8243; _builder_version=\u00bb3.25&#8243; custom_padding=\u00bb|||\u00bb global_colors_info=\u00bb{}\u00bb custom_padding__hover=\u00bb|||\u00bb theme_builder_area=\u00bbpost_content\u00bb][et_pb_text admin_label=\u00bbText\u00bb _builder_version=\u00bb4.14.8&#8243; text_line_height=\u00bb1.9em\u00bb header_font=\u00bb|700|||||||\u00bb header_2_font=\u00bb|700|||||||\u00bb background_size=\u00bbinitial\u00bb background_position=\u00bbtop_left\u00bb background_repeat=\u00bbrepeat\u00bb hover_enabled=\u00bb0&#8243; global_colors_info=\u00bb{}\u00bb theme_builder_area=\u00bbpost_content\u00bb sticky_enabled=\u00bb0&#8243;]<\/p>\n<div class=\"wpb_text_column wpb_content_element \">\n<div class=\"wpb_wrapper\">\n<h1><span lang=\"ES\">Pol\u00edtica Ambiental <\/span><\/h1>\n<\/div>\n<\/div>\n<div class=\"vc_empty_space\">\u00a0<\/div>\n<div class=\"wpb_text_column wpb_content_element \">\n<div class=\"wpb_wrapper\">\n<p>KB Components protege la salud y el desarrollo de nuestro equipo de trabajo, as\u00ed como tambi\u00e9n protegemos el medio ambiente y los recursos naturales.\u00a0Esto lo logramos gracias al compromiso y la participaci\u00f3n de cada uno de nuestros colaboradores, las actividades incluyen:<\/p>\n<p>&nbsp;<\/p>\n<ul>\n<li>Tomar precauciones para evitar la contaminaci\u00f3n del agua al darle seguimiento con nuestros procedimientos<\/li>\n<li>Tomar precauciones para evitar la contaminaci\u00f3n del aire al darle seguimiento con nuestros procedimientos<\/li>\n<li>Ahorrar energ\u00eda de acuerdo con nuestro plan general, y as\u00ed alcanzar nuestros objetivos<\/li>\n<li>Llevar a cabo actividades para el manejo del desperdicio de acuerdo con nuestro plan general y as\u00ed alcanzar nuestros objetivos<\/li>\n<li>Manejar de manera responsable y sistem\u00e1tica los qu\u00edmicos que usamos, pero adem\u00e1s buscar el reemplazo de ellos con sustancias que sean menos da\u00f1inas del medio ambiente<\/li>\n<li>Proteger la integridad de nuestros empleados y de todos los interesados, as\u00ed como protegerlos de ruidos perturbadores<\/li>\n<li>Usar energ\u00eda renovable, incluyendo nuestro propio parque de celdas solares<\/li>\n<li>Mantener las emisiones de gases de efecto invernadero (GHG) al m\u00ednimo a trav\u00e9s de un marco estricto, que detecte fugas y permita el uso de sustitutos cada vez que sea posible<\/li>\n<\/ul>\n<\/div>\n<\/div>\n<p>[\/et_pb_text][\/et_pb_column][\/et_pb_row][\/et_pb_section]<\/p>\n","protected":false},"excerpt":{"rendered":"<p>Pol\u00edtica Ambiental \u00a0 KB Components protege la salud y el desarrollo de nuestro equipo de trabajo, as\u00ed como tambi\u00e9n protegemos el medio ambiente y los recursos naturales.\u00a0Esto lo logramos gracias al compromiso y la participaci\u00f3n de cada uno de nuestros colaboradores, las actividades incluyen: &nbsp; Tomar precauciones para evitar la contaminaci\u00f3n del agua al darle [&hellip;]<\/p>\n","protected":false},"author":13,"featured_media":0,"parent":29765,"menu_order":0,"comment_status":"open","ping_status":"closed","template":"","meta":{"_et_pb_use_builder":"on","_et_pb_old_content":"","_et_gb_content_width":"","footnotes":""},"class_list":["post-29779","page","type-page","status-publish","hentry"],"_links":{"self":[{"href":"https:\/\/www.kbcomponents.com\/es\/wp-json\/wp\/v2\/pages\/29779","targetHints":{"allow":["GET"]}}],"collection":[{"href":"https:\/\/www.kbcomponents.com\/es\/wp-json\/wp\/v2\/pages"}],"about":[{"href":"https:\/\/www.kbcomponents.com\/es\/wp-json\/wp\/v2\/types\/page"}],"author":[{"embeddable":true,"href":"https:\/\/www.kbcomponents.com\/es\/wp-json\/wp\/v2\/users\/13"}],"replies":[{"embeddable":true,"href":"https:\/\/www.kbcomponents.com\/es\/wp-json\/wp\/v2\/comments?post=29779"}],"version-history":[{"count":2,"href":"https:\/\/www.kbcomponents.com\/es\/wp-json\/wp\/v2\/pages\/29779\/revisions"}],"predecessor-version":[{"id":36484,"href":"https:\/\/www.kbcomponents.com\/es\/wp-json\/wp\/v2\/pages\/29779\/revisions\/36484"}],"up":[{"embeddable":true,"href":"https:\/\/www.kbcomponents.com\/es\/wp-json\/wp\/v2\/pages\/29765"}],"wp:attachment":[{"href":"https:\/\/www.kbcomponents.com\/es\/wp-json\/wp\/v2\/media?parent=29779"}],"curies":[{"name":"wp","href":"https:\/\/api.w.org\/{rel}","templated":true}]}}