{"id":29774,"date":"2015-08-05T11:15:08","date_gmt":"2015-08-05T09:15:08","guid":{"rendered":"https:\/\/www.kbcomponents.com\/?page_id=29774"},"modified":"2023-03-07T11:11:00","modified_gmt":"2023-03-07T10:11:00","slug":"quality-policy","status":"publish","type":"page","link":"https:\/\/www.kbcomponents.com\/es\/calidad\/quality-policy\/","title":{"rendered":"Pol\u00edtica de Calidad"},"content":{"rendered":"<p>[et_pb_section fb_built=\u00bb1&#8243; _builder_version=\u00bb4.14.8&#8243; _module_preset=\u00bbdefault\u00bb background_image=\u00bbhttps:\/\/www.kbcomponents.com\/wp-content\/uploads\/2018\/09\/shutterstock_420394765_low.jpg\u00bb custom_padding=\u00bb180px||180px||false|false\u00bb hover_enabled=\u00bb0&#8243; global_colors_info=\u00bb{}\u00bb theme_builder_area=\u00bbpost_content\u00bb title_text=\u00bbshutterstock_420394765_low\u00bb sticky_enabled=\u00bb0&#8243;][et_pb_row _builder_version=\u00bb4.14.7&#8243; _module_preset=\u00bbdefault\u00bb global_colors_info=\u00bb{}\u00bb theme_builder_area=\u00bbpost_content\u00bb][et_pb_column type=\u00bb4_4&#8243; _builder_version=\u00bb4.14.7&#8243; _module_preset=\u00bbdefault\u00bb global_colors_info=\u00bb{}\u00bb theme_builder_area=\u00bbpost_content\u00bb][et_pb_text _builder_version=\u00bb4.14.7&#8243; _module_preset=\u00bbdefault\u00bb global_colors_info=\u00bb{}\u00bb theme_builder_area=\u00bbpost_content\u00bb][\/et_pb_text][\/et_pb_column][\/et_pb_row][\/et_pb_section][et_pb_section fb_built=\u00bb1&#8243; admin_label=\u00bbsection\u00bb _builder_version=\u00bb3.22&#8243; global_colors_info=\u00bb{}\u00bb theme_builder_area=\u00bbpost_content\u00bb][et_pb_row admin_label=\u00bbrow\u00bb _builder_version=\u00bb3.25&#8243; background_size=\u00bbinitial\u00bb background_position=\u00bbtop_left\u00bb background_repeat=\u00bbrepeat\u00bb global_colors_info=\u00bb{}\u00bb theme_builder_area=\u00bbpost_content\u00bb][et_pb_column type=\u00bb4_4&#8243; _builder_version=\u00bb3.25&#8243; custom_padding=\u00bb|||\u00bb global_colors_info=\u00bb{}\u00bb custom_padding__hover=\u00bb|||\u00bb theme_builder_area=\u00bbpost_content\u00bb][et_pb_text admin_label=\u00bbText\u00bb _builder_version=\u00bb4.14.8&#8243; text_line_height=\u00bb1.9em\u00bb header_font=\u00bb|700|||||||\u00bb header_2_font=\u00bb|700|||||||\u00bb background_size=\u00bbinitial\u00bb background_position=\u00bbtop_left\u00bb background_repeat=\u00bbrepeat\u00bb hover_enabled=\u00bb0&#8243; global_colors_info=\u00bb{}\u00bb theme_builder_area=\u00bbpost_content\u00bb sticky_enabled=\u00bb0&#8243;]<\/p>\n<div class=\"wpb_text_column wpb_content_element \">\n<div class=\"wpb_wrapper\">\n<h1><span lang=\"ES\">Pol\u00edtica de Calidad<\/span><\/h1>\n<\/div>\n<\/div>\n<div class=\"vc_empty_space\">\u00a0<\/div>\n<div class=\"wpb_text_column wpb_content_element \">\n<div class=\"wpb_wrapper\">\n<div>\n<p><span lang=\"ES\">KB Components es un proveedor de productos en inyecci\u00f3n de pl\u00e1stico y de productos extruidos, para nuestros clientes en la industria automotriz, m\u00e9dica y de ingenier\u00eda. Nuestra meta es que seamos la primera opci\u00f3n para nuestros clientes. Nuestros productos y servicios deben de satisfacer y exceder los requerimientos, as\u00ed como las expectativas de nuestros clientes.<\/span><\/p>\n<p>&nbsp;<\/p>\n<\/div>\n<div>\n<p><span lang=\"ES\">Esto lo logramos gracias al compromiso y a la participaci\u00f3n de todos nosotros cada vez que:<\/span><\/p>\n<\/div>\n<div>\n<ul>\n<li><span lang=\"ES\">Mantenemos un buen orden y uso del Sistema 5S<\/span><\/li>\n<li>Trabajamos activamente en la mejora contin\u00faa y en la metodolog\u00eda orientada a los procesos<\/li>\n<li>Cumplimos con las leyes y con los requerimientos del cliente<\/li>\n<li>Trabajamos con un prop\u00f3sito en mente para as\u00ed reducir costos<\/li>\n<li>Continuamos desarrollando las habilidades y el conocimiento de nuestros empleados<\/li>\n<\/ul>\n<\/div>\n<\/div>\n<\/div>\n<p>[\/et_pb_text][\/et_pb_column][\/et_pb_row][\/et_pb_section]<\/p>\n","protected":false},"excerpt":{"rendered":"<p>Pol\u00edtica de Calidad \u00a0 KB Components es un proveedor de productos en inyecci\u00f3n de pl\u00e1stico y de productos extruidos, para nuestros clientes en la industria automotriz, m\u00e9dica y de ingenier\u00eda. Nuestra meta es que seamos la primera opci\u00f3n para nuestros clientes. Nuestros productos y servicios deben de satisfacer y exceder los requerimientos, as\u00ed como las [&hellip;]<\/p>\n","protected":false},"author":13,"featured_media":0,"parent":29765,"menu_order":0,"comment_status":"open","ping_status":"closed","template":"","meta":{"_et_pb_use_builder":"on","_et_pb_old_content":"","_et_gb_content_width":"","footnotes":""},"class_list":["post-29774","page","type-page","status-publish","hentry"],"_links":{"self":[{"href":"https:\/\/www.kbcomponents.com\/es\/wp-json\/wp\/v2\/pages\/29774","targetHints":{"allow":["GET"]}}],"collection":[{"href":"https:\/\/www.kbcomponents.com\/es\/wp-json\/wp\/v2\/pages"}],"about":[{"href":"https:\/\/www.kbcomponents.com\/es\/wp-json\/wp\/v2\/types\/page"}],"author":[{"embeddable":true,"href":"https:\/\/www.kbcomponents.com\/es\/wp-json\/wp\/v2\/users\/13"}],"replies":[{"embeddable":true,"href":"https:\/\/www.kbcomponents.com\/es\/wp-json\/wp\/v2\/comments?post=29774"}],"version-history":[{"count":0,"href":"https:\/\/www.kbcomponents.com\/es\/wp-json\/wp\/v2\/pages\/29774\/revisions"}],"up":[{"embeddable":true,"href":"https:\/\/www.kbcomponents.com\/es\/wp-json\/wp\/v2\/pages\/29765"}],"wp:attachment":[{"href":"https:\/\/www.kbcomponents.com\/es\/wp-json\/wp\/v2\/media?parent=29774"}],"curies":[{"name":"wp","href":"https:\/\/api.w.org\/{rel}","templated":true}]}}