{"id":29765,"date":"2015-08-05T10:06:31","date_gmt":"2015-08-05T08:06:31","guid":{"rendered":"https:\/\/www.kbcomponents.com\/?page_id=29765"},"modified":"2024-09-02T16:13:25","modified_gmt":"2024-09-02T14:13:25","slug":"calidad","status":"publish","type":"page","link":"https:\/\/www.kbcomponents.com\/es\/calidad\/","title":{"rendered":"Calidad"},"content":{"rendered":"<p>[et_pb_section fb_built=\u00bb1&#8243; _builder_version=\u00bb4.16&#8243; _module_preset=\u00bbdefault\u00bb background_image=\u00bbhttps:\/\/www.kbcomponents.com\/wp-content\/uploads\/2015\/08\/175773_CleanZone_in_the_Volvo_XC60-300&#215;201.jpg\u00bb custom_padding=\u00bb180px||180px||false|false\u00bb global_colors_info=\u00bb{}\u00bb][et_pb_row _builder_version=\u00bb4.16&#8243; _module_preset=\u00bbdefault\u00bb global_colors_info=\u00bb{}\u00bb][et_pb_column type=\u00bb4_4&#8243; _builder_version=\u00bb4.16&#8243; _module_preset=\u00bbdefault\u00bb global_colors_info=\u00bb{}\u00bb][et_pb_text _builder_version=\u00bb4.16&#8243; _module_preset=\u00bbdefault\u00bb global_colors_info=\u00bb{}\u00bb][\/et_pb_text][\/et_pb_column][\/et_pb_row][\/et_pb_section][et_pb_section fb_built=\u00bb1&#8243; admin_label=\u00bbsection\u00bb _builder_version=\u00bb4.16&#8243; global_colors_info=\u00bb{}\u00bb][et_pb_row admin_label=\u00bbrow\u00bb _builder_version=\u00bb4.16&#8243; background_size=\u00bbinitial\u00bb background_position=\u00bbtop_left\u00bb background_repeat=\u00bbrepeat\u00bb global_colors_info=\u00bb{}\u00bb][et_pb_column type=\u00bb4_4&#8243; _builder_version=\u00bb4.16&#8243; custom_padding=\u00bb|||\u00bb global_colors_info=\u00bb{}\u00bb custom_padding__hover=\u00bb|||\u00bb][et_pb_text admin_label=\u00bbText\u00bb _builder_version=\u00bb4.27.0&#8243; text_line_height=\u00bb1.9em\u00bb header_font=\u00bb|700|||||||\u00bb header_2_font=\u00bb|700|||||||\u00bb background_size=\u00bbinitial\u00bb background_position=\u00bbtop_left\u00bb background_repeat=\u00bbrepeat\u00bb hover_enabled=\u00bb0&#8243; global_colors_info=\u00bb{}\u00bb sticky_enabled=\u00bb0&#8243;]<\/p>\n<div class=\"wpb_text_column wpb_content_element \">\n<div class=\"wpb_wrapper\">\n<div class=\"vc_row wpb_row section vc_row-fluid vc_inner \">\n<div class=\" full_section_inner clearfix\">\n<div class=\"wpb_column vc_column_container vc_col-sm-6\">\n<div class=\"vc_column-inner\">\n<div class=\"wpb_wrapper\">\n<div class=\"wpb_text_column wpb_content_element \">\n<div class=\"wpb_wrapper\">\n<div class=\"wpb_text_column wpb_content_element \">\n<div class=\"wpb_wrapper\">\n<h1>Calidad: la clave del \u00e9xito<\/h1>\n<p>La calidad es la estrella que gu\u00eda todos nuestros esfuerzos y se encuentra en el coraz\u00f3n de todo lo que hacemos. Nos esforzamos por ofrecer productos con la calidad adecuada mediante el desarrollo activo de m\u00e9todos para aumentar y garantizar la calidad del producto. El aseguramiento de la calidad es un proceso crucial que garantiza que los productos y servicios que produce cumplan sistem\u00e1ticamente con\u00a0 las expectativas de sus clientes. Al centrarnos en la calidad, podemos ayudar a reducir el n\u00famero de defectos en sus productos, aumentar la satisfacci\u00f3n del cliente y crear una imagen de marca positiva.<\/p>\n<p>El aseguramiento de la calidad es esencial en diversas industrias, incluida la fabricaci\u00f3n, donde garantiza que los productos cumplan con los est\u00e1ndares de la industria en cuanto a seguridad, rendimiento y confiabilidad. Implica el desarrollo de t\u00e9cnicas innovadoras para mejorar la calidad, la supervisi\u00f3n de cada etapa de la producci\u00f3n y la implementaci\u00f3n de estrategias efectivas de aseguramiento de la calidad. El aseguramiento de la calidad tambi\u00e9n es vital en la cadena de suministro, donde ayuda a rastrear y mantener los est\u00e1ndares de calidad. Al mejorar la calidad del producto, reducir el desperdicio y aumentar la eficiencia, el aseguramiento de la calidad puede ayudar a su empresa a aumentar la rentabilidad y crear una ventaja competitiva sostenible.<\/p>\n<p>Para asegurar todos los pasos, desde el dise\u00f1o hasta la entrega, pasando por el proceso de fabricaci\u00f3n, utilizamos un sistema de gesti\u00f3n certificado. Nuestro compromiso con la calidad se demuestra por el cumplimiento de las siguientes normas: ISO 14001, IATF 16949, ISO 9001 y ISO13485. Tambi\u00e9n empleamos metodolog\u00edas Lean Enterprise, el proceso APQP, iniciativas de mejora continua, una mentalidad de cero defectos y pr\u00e1cticas de responsabilidad social corporativa para garantizar el m\u00e1s alto nivel de calidad en nuestros productos y servicios.<\/p>\n<p>Nuestros esfuerzos activos en dise\u00f1o innovador, reciclaje de materiales, reducci\u00f3n de residuos y eficiencia energ\u00e9tica reducen continuamente tanto nuestro propio impacto ambiental como el de nuestros clientes. Al priorizar la calidad en todos los aspectos de nuestro negocio, podemos garantizar que nuestros clientes reciban productos y servicios que no solo cumplan, sino que superen sus expectativas.<\/p>\n<p>En conclusi\u00f3n, la calidad es la piedra angular de nuestro \u00e9xito y la fuerza impulsora detr\u00e1s de todos nuestros esfuerzos. Al centrarnos en el aseguramiento de la calidad e incorporarlo en cada etapa de nuestros procesos, podemos ofrecer productos y servicios que realmente se destaquen en el mercado. Nuestro compromiso con la calidad, combinado con nuestra dedicaci\u00f3n a la sostenibilidad y la responsabilidad social corporativa, nos permite crear un impacto positivo duradero en nuestros clientes, nuestro medio ambiente y nuestros resultados.<\/p>\n<\/div>\n<\/div>\n<\/div>\n<\/div>\n<\/div>\n<\/div>\n<\/div>\n<\/div>\n<\/div>\n<\/div>\n<\/div>\n<p>[\/et_pb_text][\/et_pb_column][\/et_pb_row][\/et_pb_section]<\/p>\n","protected":false},"excerpt":{"rendered":"<p>Calidad: la clave del \u00e9xito La calidad es la estrella que gu\u00eda todos nuestros esfuerzos y se encuentra en el coraz\u00f3n de todo lo que hacemos. Nos esforzamos por ofrecer productos con la calidad adecuada mediante el desarrollo activo de m\u00e9todos para aumentar y garantizar la calidad del producto. El aseguramiento de la calidad es [&hellip;]<\/p>\n","protected":false},"author":13,"featured_media":0,"parent":0,"menu_order":0,"comment_status":"open","ping_status":"open","template":"","meta":{"_et_pb_use_builder":"on","_et_pb_old_content":"[vc_row css_animation=\"\" row_type=\"row\" use_row_as_full_screen_section=\"no\" type=\"full_width\" angled_section=\"no\" text_align=\"left\" background_image_as_pattern=\"without_pattern\" row_negative_margin=\"disable_negative_margin\" background_image=\"1317\"][vc_column][vc_empty_space height=\"400px\"][\/vc_column][\/vc_row][vc_row css_animation=\"\" row_type=\"row\" use_row_as_full_screen_section=\"no\" type=\"full_width\" angled_section=\"no\" text_align=\"left\" background_image_as_pattern=\"without_pattern\" css=\".vc_custom_1442842373447{padding-right: 10px !important;padding-left: 10px !important;}\"][vc_column][vc_empty_space height=\"60\"][vc_row_inner row_type=\"row\" type=\"full_width\" text_align=\"left\" css_animation=\"\"][vc_column_inner width=\"1\/4\"]\n[\/vc_column_inner][vc_column_inner width=\"1\/2\"][vc_column_text]\n<h1>Quality is the guiding star, decisive for and embodied in everything we do<\/h1>\n[\/vc_column_text][vc_empty_space height=\"20\"][vc_column_text]We deliver products with the right quality by actively developing methods to increase and secure product quality. A certified management system is used to secure all steps from design to delivery through the manufacturing process.\n<ul>\n \t<li>Standards: ISO 14001,&nbsp;IATF 16949, ISO 9001, ISO13485<\/li>\n \t<li>Lean Enterprise<\/li>\n \t<li>APQP-process<\/li>\n \t<li>Continuous improvement<\/li>\n \t<li>Zero-defect mindset<\/li>\n \t<li>Corporate social responsibility<\/li>\n<\/ul>\n&nbsp;\n\nOur active efforts ininnovative design, material recycling, waste reduction and energy efficiency continuously reduce both our own environmental impact and that of our customers.[\/vc_column_text][\/vc_column_inner][vc_column_inner width=\"1\/4\"]\n[\/vc_column_inner][\/vc_row_inner][vc_empty_space height=\"60px\"][\/vc_column][\/vc_row]","_et_gb_content_width":"","footnotes":""},"class_list":["post-29765","page","type-page","status-publish","hentry"],"_links":{"self":[{"href":"https:\/\/www.kbcomponents.com\/es\/wp-json\/wp\/v2\/pages\/29765","targetHints":{"allow":["GET"]}}],"collection":[{"href":"https:\/\/www.kbcomponents.com\/es\/wp-json\/wp\/v2\/pages"}],"about":[{"href":"https:\/\/www.kbcomponents.com\/es\/wp-json\/wp\/v2\/types\/page"}],"author":[{"embeddable":true,"href":"https:\/\/www.kbcomponents.com\/es\/wp-json\/wp\/v2\/users\/13"}],"replies":[{"embeddable":true,"href":"https:\/\/www.kbcomponents.com\/es\/wp-json\/wp\/v2\/comments?post=29765"}],"version-history":[{"count":5,"href":"https:\/\/www.kbcomponents.com\/es\/wp-json\/wp\/v2\/pages\/29765\/revisions"}],"predecessor-version":[{"id":36700,"href":"https:\/\/www.kbcomponents.com\/es\/wp-json\/wp\/v2\/pages\/29765\/revisions\/36700"}],"wp:attachment":[{"href":"https:\/\/www.kbcomponents.com\/es\/wp-json\/wp\/v2\/media?parent=29765"}],"curies":[{"name":"wp","href":"https:\/\/api.w.org\/{rel}","templated":true}]}}