{"id":29731,"date":"2020-02-04T11:35:43","date_gmt":"2020-02-04T10:35:43","guid":{"rendered":"https:\/\/www.kbcomponents.com\/?page_id=29731"},"modified":"2024-08-19T13:55:39","modified_gmt":"2024-08-19T11:55:39","slug":"nuestro-taller","status":"publish","type":"page","link":"https:\/\/www.kbcomponents.com\/es\/ingenieria-fabricacion\/nuestro-taller\/","title":{"rendered":"Nuestro Taller"},"content":{"rendered":"<p>[et_pb_section fb_built=\u00bb1&#8243; _builder_version=\u00bb4.14.8&#8243; _module_preset=\u00bbdefault\u00bb background_image=\u00bbhttps:\/\/www.kbcomponents.com\/wp-content\/uploads\/2020\/02\/IMG_6335.jpg\u00bb custom_padding=\u00bb180px||180px||false|false\u00bb hover_enabled=\u00bb0&#8243; global_colors_info=\u00bb{}\u00bb theme_builder_area=\u00bbpost_content\u00bb title_text=\u00bbIMG_6335&#8243; sticky_enabled=\u00bb0&#8243;][et_pb_row _builder_version=\u00bb4.14.7&#8243; _module_preset=\u00bbdefault\u00bb global_colors_info=\u00bb{}\u00bb theme_builder_area=\u00bbpost_content\u00bb][et_pb_column type=\u00bb4_4&#8243; _builder_version=\u00bb4.14.7&#8243; _module_preset=\u00bbdefault\u00bb global_colors_info=\u00bb{}\u00bb theme_builder_area=\u00bbpost_content\u00bb][et_pb_text _builder_version=\u00bb4.14.7&#8243; _module_preset=\u00bbdefault\u00bb global_colors_info=\u00bb{}\u00bb theme_builder_area=\u00bbpost_content\u00bb][\/et_pb_text][\/et_pb_column][\/et_pb_row][\/et_pb_section][et_pb_section fb_built=\u00bb1&#8243; admin_label=\u00bbsection\u00bb _builder_version=\u00bb3.22&#8243; global_colors_info=\u00bb{}\u00bb theme_builder_area=\u00bbpost_content\u00bb][et_pb_row admin_label=\u00bbrow\u00bb _builder_version=\u00bb3.25&#8243; background_size=\u00bbinitial\u00bb background_position=\u00bbtop_left\u00bb background_repeat=\u00bbrepeat\u00bb global_colors_info=\u00bb{}\u00bb theme_builder_area=\u00bbpost_content\u00bb][et_pb_column type=\u00bb4_4&#8243; _builder_version=\u00bb3.25&#8243; custom_padding=\u00bb|||\u00bb global_colors_info=\u00bb{}\u00bb custom_padding__hover=\u00bb|||\u00bb theme_builder_area=\u00bbpost_content\u00bb][et_pb_text admin_label=\u00bbText\u00bb _builder_version=\u00bb4.14.8&#8243; text_line_height=\u00bb1.9em\u00bb header_font=\u00bb|700|||||||\u00bb header_2_font=\u00bb|700|||||||\u00bb background_size=\u00bbinitial\u00bb background_position=\u00bbtop_left\u00bb background_repeat=\u00bbrepeat\u00bb hover_enabled=\u00bb0&#8243; global_colors_info=\u00bb{}\u00bb theme_builder_area=\u00bbpost_content\u00bb sticky_enabled=\u00bb0&#8243;]<\/p>\n<div class=\"wpb_text_column wpb_content_element \">\n<div class=\"wpb_wrapper\">\n<h1><span lang=\"ES-MX\">Nuestro Taller<\/span><\/h1>\n<\/div>\n<\/div>\n<div class=\"vc_empty_space\">\u00a0<\/div>\n<div class=\"wpb_text_column wpb_content_element \">\n<div class=\"wpb_wrapper\">\n<p><span lang=\"ES-MX\">KB Componentes ha invertido en 8 nuevas m<\/span><span lang=\"ES\">\u00e1<\/span><span lang=\"ES-MX\">quinas y forman parte de uno de los Talleres m\u00e1s modernos en el norte de Europa.<\/span><\/p>\n<p><span lang=\"ES-MX\">Podemos ayudar a otras compa\u00f1\u00edas con reparamientos y servicios de moldeos por Inyecci\u00f3n de hasta 50 toneladas.<\/span><\/p>\n<p><span lang=\"ES-MX\">\u00a0<\/span><\/p>\n<p><strong><span lang=\"ES-MX\">Fresadora 1, DMG MORI, DMU 210 P, Alemania:<\/span><\/strong><\/p>\n<p><span lang=\"ES-MX\">Alcance de Fresadora:<\/span><\/p>\n<p><span lang=\"ES-MX\">X = 2.100 mm<\/span><\/p>\n<p><span lang=\"ES-MX\">Y = 2.100 mm<\/span><\/p>\n<p><span lang=\"ES-MX\">Z = 1.250 mm<\/span><\/p>\n<p><span lang=\"ES-MX\">Carga M\u00e1xima = 10.000 kg<\/span><\/p>\n<p><span lang=\"ES-MX\">Velocidad de Husillo = 12.000 RPM<\/span><\/p>\n<p><span lang=\"ES-MX\">\u00a0<\/span><\/p>\n<p><strong><span lang=\"ES-MX\">Fresadora 2 DMG MORI, DMU 75 monoBLOCK, Alemania:<\/span><\/strong><span lang=\"ES-MX\"><br \/>Alcance de Fresadora:<\/span><\/p>\n<p><span lang=\"ES-MX\">X = 750 mm<\/span><\/p>\n<p><span lang=\"ES-MX\">Y = 650 mm<\/span><\/p>\n<p><span lang=\"ES-MX\">Z = 560 mm<\/span><\/p>\n<p><span lang=\"ES-MX\">Carga M\u00e1xima = 600 kg<\/span><\/p>\n<p><span lang=\"ES-MX\">Velocidad de Husillo = 20.000 RPM<\/span><\/p>\n<p><span lang=\"ES-MX\">\u00a0<\/span><\/p>\n<p><strong><span lang=\"ES-MX\">Fresadora Electrode, R\u00f6ders Tec RXP601DSH, Alemania:<\/span><\/strong><\/p>\n<p><span lang=\"ES-MX\">Alcance de Fresadora:<\/span><\/p>\n<p><span lang=\"ES-MX\">X = 540 mm<\/span><\/p>\n<p><span lang=\"ES-MX\">Y = 635 mm<\/span><\/p>\n<p><span lang=\"ES-MX\">Z = 400 mm<\/span><\/p>\n<p><span lang=\"ES-MX\">Carga M\u00e1xima = 60 kg<\/span><\/p>\n<p><span lang=\"ES-MX\">Velocidad de Husillo = 36.000 RPM<\/span><\/p>\n<p><span lang=\"ES-MX\">\u00a0<\/span><\/p>\n<p><strong>Maquina Sparking 1, Sodick AG200L, Jap\u00f3n:<\/strong><\/p>\n<p><span lang=\"ES-MX\">Alcance de Mecanizaci\u00f3n:<\/span><\/p>\n<p><span lang=\"ES-MX\">X = 2.000 mm<\/span><\/p>\n<p><span lang=\"ES-MX\">Y = 1.250 mm<\/span><\/p>\n<p><span lang=\"ES-MX\">Z = 800 mm<\/span><\/p>\n<p><span lang=\"ES-MX\">Carga M\u00e1xima = 15.000 kg<\/span><\/p>\n<p><span lang=\"ES-MX\">\u00a0<\/span><\/p>\n<p><strong><span lang=\"ES-MX\">Maquina Sparking 2, Sodick AG60L, Jap\u00f3n:<\/span><\/strong><\/p>\n<p><span lang=\"ES-MX\">Alcance de Mecanizaci\u00f3n:<\/span><\/p>\n<p><span lang=\"ES-MX\">X = 600 mm<\/span><\/p>\n<p><span lang=\"ES-MX\">Y = 420 mm<\/span><\/p>\n<p><span lang=\"ES-MX\">Z = 370 mm<\/span><\/p>\n<p><span lang=\"ES-MX\">Carga M\u00e1xima = 1.500 kg<\/span><\/p>\n<p><span lang=\"ES-MX\">\u00a0<\/span><\/p>\n<p><strong><span lang=\"ES-MX\">Maquina Cortaalambres, Sodick ALC600G, Jap\u00f3n:<\/span><\/strong><\/p>\n<p><span lang=\"ES-MX\">Alcance de Mecanizaci\u00f3n:<\/span><\/p>\n<p><span lang=\"ES-MX\">X = 600 mm<br \/>Y = 400 mm<\/span><\/p>\n<p><span lang=\"ES-MX\">Z = 350 mm<\/span><\/p>\n<p><span lang=\"ES-MX\">Carga M\u00e1xima = 1.000 kg<\/span><\/p>\n<p><span lang=\"ES-MX\">\u00a0<\/span><\/p>\n<p><strong><span lang=\"ES-MX\">Grinding, Chevalier, FSG-2060 ADIII, USA:<\/span><\/strong><\/p>\n<p><span lang=\"ES-MX\">Alcance de Mecanizaci\u00f3n:<\/span><\/p>\n<p><span lang=\"ES-MX\">X = 1.500 mm<\/span><\/p>\n<p><span lang=\"ES-MX\">Y = 500 mm<\/span><\/p>\n<p><span lang=\"ES-MX\">\u00a0<\/span><\/p>\n<p><strong><span lang=\"ES-MX\">Laser DL 450, Alemania<\/span><\/strong><\/p>\n<\/div>\n<\/div>\n<p>[\/et_pb_text][\/et_pb_column][\/et_pb_row][\/et_pb_section][et_pb_section fb_built=\u00bb1&#8243; _builder_version=\u00bb4.14.7&#8243; _module_preset=\u00bbdefault\u00bb background_color=\u00bb#f1f1f1&#8243; custom_padding=\u00bb60px||60px||false|false\u00bb global_colors_info=\u00bb{}\u00bb theme_builder_area=\u00bbpost_content\u00bb][et_pb_row _builder_version=\u00bb4.14.7&#8243; _module_preset=\u00bbdefault\u00bb custom_padding=\u00bb0px||0px||false|false\u00bb global_colors_info=\u00bb{}\u00bb theme_builder_area=\u00bbpost_content\u00bb][et_pb_column type=\u00bb4_4&#8243; _builder_version=\u00bb4.14.7&#8243; _module_preset=\u00bbdefault\u00bb global_colors_info=\u00bb{}\u00bb theme_builder_area=\u00bbpost_content\u00bb][et_pb_blurb title=\u00bbContacto\u00bb image=\u00bbhttps:\/\/www.kbcomponents.com\/wp-content\/uploads\/2017\/03\/telfon-kb-e1489052858973.png\u00bb icon_placement=\u00bbleft\u00bb _builder_version=\u00bb4.14.8&#8243; _module_preset=\u00bbdefault\u00bb header_font=\u00bb|600||on|||||\u00bb body_text_color=\u00bb#0a0a0a\u00bb image_icon_custom_margin=\u00bb||||false|false\u00bb image_icon_custom_padding=\u00bb||||false|false\u00bb hover_enabled=\u00bb0&#8243; custom_css_blurb_content=\u00bbmargin-left:0;||padding-left:0;\u00bb global_colors_info=\u00bb{}\u00bb theme_builder_area=\u00bbpost_content\u00bb sticky_enabled=\u00bb0&#8243;]<\/p>\n<p>Mats Aref\u00e4ll<br \/><a href=\"mailto:mats.arefall@kbcomponents.com\">mats.arefall@kbcomponents.com<\/a><\/p>\n<p>[\/et_pb_blurb][\/et_pb_column][\/et_pb_row][\/et_pb_section]<\/p>\n","protected":false},"excerpt":{"rendered":"<p>Nuestro Taller \u00a0 KB Componentes ha invertido en 8 nuevas m\u00e1quinas y forman parte de uno de los Talleres m\u00e1s modernos en el norte de Europa. Podemos ayudar a otras compa\u00f1\u00edas con reparamientos y servicios de moldeos por Inyecci\u00f3n de hasta 50 toneladas. \u00a0 Fresadora 1, DMG MORI, DMU 210 P, Alemania: Alcance de Fresadora: [&hellip;]<\/p>\n","protected":false},"author":6,"featured_media":0,"parent":30072,"menu_order":0,"comment_status":"open","ping_status":"closed","template":"","meta":{"_et_pb_use_builder":"on","_et_pb_old_content":"","_et_gb_content_width":"","footnotes":""},"class_list":["post-29731","page","type-page","status-publish","hentry"],"_links":{"self":[{"href":"https:\/\/www.kbcomponents.com\/es\/wp-json\/wp\/v2\/pages\/29731","targetHints":{"allow":["GET"]}}],"collection":[{"href":"https:\/\/www.kbcomponents.com\/es\/wp-json\/wp\/v2\/pages"}],"about":[{"href":"https:\/\/www.kbcomponents.com\/es\/wp-json\/wp\/v2\/types\/page"}],"author":[{"embeddable":true,"href":"https:\/\/www.kbcomponents.com\/es\/wp-json\/wp\/v2\/users\/6"}],"replies":[{"embeddable":true,"href":"https:\/\/www.kbcomponents.com\/es\/wp-json\/wp\/v2\/comments?post=29731"}],"version-history":[{"count":2,"href":"https:\/\/www.kbcomponents.com\/es\/wp-json\/wp\/v2\/pages\/29731\/revisions"}],"predecessor-version":[{"id":36480,"href":"https:\/\/www.kbcomponents.com\/es\/wp-json\/wp\/v2\/pages\/29731\/revisions\/36480"}],"up":[{"embeddable":true,"href":"https:\/\/www.kbcomponents.com\/es\/wp-json\/wp\/v2\/pages\/30072"}],"wp:attachment":[{"href":"https:\/\/www.kbcomponents.com\/es\/wp-json\/wp\/v2\/media?parent=29731"}],"curies":[{"name":"wp","href":"https:\/\/api.w.org\/{rel}","templated":true}]}}