{"id":29706,"date":"2015-08-05T11:12:46","date_gmt":"2015-08-05T09:12:46","guid":{"rendered":"https:\/\/www.kbcomponents.com\/?page_id=29706"},"modified":"2024-08-19T13:51:43","modified_gmt":"2024-08-19T11:51:43","slug":"diseno-y-geometria","status":"publish","type":"page","link":"https:\/\/www.kbcomponents.com\/es\/ingenieria-fabricacion\/diseno-y-geometria\/","title":{"rendered":"Dise\u00f1o y Geometr\u00eda"},"content":{"rendered":"<p>[et_pb_section fb_built=\u00bb1&#8243; _builder_version=\u00bb4.14.8&#8243; _module_preset=\u00bbdefault\u00bb background_image=\u00bbhttps:\/\/www.kbcomponents.com\/wp-content\/uploads\/2017\/03\/Design-and-geometry.jpg\u00bb custom_padding=\u00bb180px||180px||false|false\u00bb hover_enabled=\u00bb0&#8243; global_colors_info=\u00bb{}\u00bb theme_builder_area=\u00bbpost_content\u00bb title_text=\u00bbDesign and geometry\u00bb sticky_enabled=\u00bb0&#8243;][et_pb_row _builder_version=\u00bb4.14.7&#8243; _module_preset=\u00bbdefault\u00bb global_colors_info=\u00bb{}\u00bb theme_builder_area=\u00bbpost_content\u00bb][et_pb_column type=\u00bb4_4&#8243; _builder_version=\u00bb4.14.7&#8243; _module_preset=\u00bbdefault\u00bb global_colors_info=\u00bb{}\u00bb theme_builder_area=\u00bbpost_content\u00bb][et_pb_text _builder_version=\u00bb4.14.7&#8243; _module_preset=\u00bbdefault\u00bb global_colors_info=\u00bb{}\u00bb theme_builder_area=\u00bbpost_content\u00bb][\/et_pb_text][\/et_pb_column][\/et_pb_row][\/et_pb_section][et_pb_section fb_built=\u00bb1&#8243; admin_label=\u00bbsection\u00bb _builder_version=\u00bb3.22&#8243; global_colors_info=\u00bb{}\u00bb theme_builder_area=\u00bbpost_content\u00bb][et_pb_row admin_label=\u00bbrow\u00bb _builder_version=\u00bb3.25&#8243; background_size=\u00bbinitial\u00bb background_position=\u00bbtop_left\u00bb background_repeat=\u00bbrepeat\u00bb global_colors_info=\u00bb{}\u00bb theme_builder_area=\u00bbpost_content\u00bb][et_pb_column type=\u00bb4_4&#8243; _builder_version=\u00bb3.25&#8243; custom_padding=\u00bb|||\u00bb global_colors_info=\u00bb{}\u00bb custom_padding__hover=\u00bb|||\u00bb theme_builder_area=\u00bbpost_content\u00bb][et_pb_text admin_label=\u00bbText\u00bb _builder_version=\u00bb4.14.7&#8243; text_line_height=\u00bb1.9em\u00bb header_font=\u00bb|700|||||||\u00bb header_2_font=\u00bb|700|||||||\u00bb background_size=\u00bbinitial\u00bb background_position=\u00bbtop_left\u00bb background_repeat=\u00bbrepeat\u00bb global_colors_info=\u00bb{}\u00bb theme_builder_area=\u00bbpost_content\u00bb]<\/p>\n<div class=\"wpb_text_column wpb_content_element \">\n<div class=\"wpb_wrapper\">\n<h1>Dise\u00f1o y Geometr\u00eda<\/h1>\n<\/div>\n<\/div>\n<div class=\"vc_empty_space\">\u00a0<\/div>\n<div class=\"wpb_text_column wpb_content_element \">\n<div class=\"wpb_wrapper\">\n<p>Los pl\u00e1sticos y materiales compuestos permiten una gran libertad de dise\u00f1o, pero tambi\u00e9n poseen desaf\u00edos en t\u00e9rminos de control dimensional y calidad de superficie.<\/p>\n<p>KB Componentes ha estado en la vanguardia de tecnolog\u00eda polim\u00e9rica durante d\u00e9cadas, asegurando excelencia en el control geom\u00e9trico y predictibilidad en la calidad de superficie.<\/p>\n<p>El proceso de dise\u00f1o est\u00e1 respaldado por un software de simulaci\u00f3n para el proceso de moldeo (Mold Flow) y el software para la tolerancia de predicciones de cadena combinadas con el software CAD (Siemens, NX, Solid Works y Solid Edge) que son integrados con medidas 3D. Estas capacidades, combinadas con siete d\u00e9cadas de experiencia pr\u00e1ctica, nos ha dado una reputaci\u00f3n de excelencia en dise\u00f1o y geometr\u00eda.<\/p>\n<p>&nbsp;<\/p>\n<p><strong>Proyecto Administrativo<\/strong><\/p>\n<p>KB Components administra todos los proyectos en un sistema administrativo que rastrea proyectos desde su comienzo hasta su fin en una manera f\u00e1cil y accesible.<\/p>\n<p>Con nuestro conocimiento moderno de la industria automotriz hace que tengamos un historial de la entrega de proyectos de manera puntual.<\/p>\n<\/div>\n<\/div>\n<p>[\/et_pb_text][\/et_pb_column][\/et_pb_row][\/et_pb_section][et_pb_section fb_built=\u00bb1&#8243; _builder_version=\u00bb4.14.7&#8243; _module_preset=\u00bbdefault\u00bb background_color=\u00bb#f1f1f1&#8243; custom_padding=\u00bb60px||60px||false|false\u00bb global_colors_info=\u00bb{}\u00bb theme_builder_area=\u00bbpost_content\u00bb][et_pb_row _builder_version=\u00bb4.14.7&#8243; _module_preset=\u00bbdefault\u00bb custom_padding=\u00bb0px||0px||false|false\u00bb global_colors_info=\u00bb{}\u00bb theme_builder_area=\u00bbpost_content\u00bb][et_pb_column type=\u00bb4_4&#8243; _builder_version=\u00bb4.14.7&#8243; _module_preset=\u00bbdefault\u00bb global_colors_info=\u00bb{}\u00bb theme_builder_area=\u00bbpost_content\u00bb][et_pb_blurb title=\u00bbContacto\u00bb image=\u00bbhttps:\/\/www.kbcomponents.com\/wp-content\/uploads\/2017\/03\/telfon-kb-e1489052858973.png\u00bb icon_placement=\u00bbleft\u00bb _builder_version=\u00bb4.14.7&#8243; _module_preset=\u00bbdefault\u00bb header_font=\u00bb|600||on|||||\u00bb body_text_color=\u00bb#0a0a0a\u00bb image_icon_custom_margin=\u00bb||||false|false\u00bb image_icon_custom_padding=\u00bb||||false|false\u00bb custom_css_blurb_content=\u00bbmargin-left:0;||padding-left:0;\u00bb global_colors_info=\u00bb{}\u00bb theme_builder_area=\u00bbpost_content\u00bb]<\/p>\n<p>Anders Abrahamsson <a href=\"mailto:anders.abrahamsson@kbcomponents.com\">anders.abrahamsson@kbcomponents.com<\/a><\/p>\n<p>[\/et_pb_blurb][\/et_pb_column][\/et_pb_row][\/et_pb_section]<\/p>\n","protected":false},"excerpt":{"rendered":"<p>Dise\u00f1o y Geometr\u00eda \u00a0 Los pl\u00e1sticos y materiales compuestos permiten una gran libertad de dise\u00f1o, pero tambi\u00e9n poseen desaf\u00edos en t\u00e9rminos de control dimensional y calidad de superficie. KB Componentes ha estado en la vanguardia de tecnolog\u00eda polim\u00e9rica durante d\u00e9cadas, asegurando excelencia en el control geom\u00e9trico y predictibilidad en la calidad de superficie. El proceso [&hellip;]<\/p>\n","protected":false},"author":6,"featured_media":0,"parent":30072,"menu_order":0,"comment_status":"open","ping_status":"closed","template":"","meta":{"_et_pb_use_builder":"on","_et_pb_old_content":"","_et_gb_content_width":"","footnotes":""},"class_list":["post-29706","page","type-page","status-publish","hentry"],"_links":{"self":[{"href":"https:\/\/www.kbcomponents.com\/es\/wp-json\/wp\/v2\/pages\/29706","targetHints":{"allow":["GET"]}}],"collection":[{"href":"https:\/\/www.kbcomponents.com\/es\/wp-json\/wp\/v2\/pages"}],"about":[{"href":"https:\/\/www.kbcomponents.com\/es\/wp-json\/wp\/v2\/types\/page"}],"author":[{"embeddable":true,"href":"https:\/\/www.kbcomponents.com\/es\/wp-json\/wp\/v2\/users\/6"}],"replies":[{"embeddable":true,"href":"https:\/\/www.kbcomponents.com\/es\/wp-json\/wp\/v2\/comments?post=29706"}],"version-history":[{"count":2,"href":"https:\/\/www.kbcomponents.com\/es\/wp-json\/wp\/v2\/pages\/29706\/revisions"}],"predecessor-version":[{"id":36470,"href":"https:\/\/www.kbcomponents.com\/es\/wp-json\/wp\/v2\/pages\/29706\/revisions\/36470"}],"up":[{"embeddable":true,"href":"https:\/\/www.kbcomponents.com\/es\/wp-json\/wp\/v2\/pages\/30072"}],"wp:attachment":[{"href":"https:\/\/www.kbcomponents.com\/es\/wp-json\/wp\/v2\/media?parent=29706"}],"curies":[{"name":"wp","href":"https:\/\/api.w.org\/{rel}","templated":true}]}}