{"id":29703,"date":"2015-08-05T11:12:03","date_gmt":"2015-08-05T09:12:03","guid":{"rendered":"https:\/\/www.kbcomponents.com\/?page_id=29703"},"modified":"2025-04-08T10:01:01","modified_gmt":"2025-04-08T08:01:01","slug":"sistema-y-desarrollo-de-conceptos","status":"publish","type":"page","link":"https:\/\/www.kbcomponents.com\/es\/ingenieria-fabricacion\/sistema-y-desarrollo-de-conceptos\/","title":{"rendered":"Sistema y Desarrollo de conceptos"},"content":{"rendered":"<p>[et_pb_section fb_built=\u00bb1&#8243; _builder_version=\u00bb4.16&#8243; _module_preset=\u00bbdefault\u00bb background_image=\u00bbhttps:\/\/www.kbcomponents.com\/wp-content\/uploads\/2018\/09\/ateljelena-kb-srgb-116_low-1.jpg\u00bb custom_padding=\u00bb180px||180px||false|false\u00bb global_colors_info=\u00bb{}\u00bb da_is_popup=\u00bboff\u00bb da_exit_intent=\u00bboff\u00bb da_has_close=\u00bbon\u00bb da_alt_close=\u00bboff\u00bb da_dark_close=\u00bboff\u00bb da_not_modal=\u00bbon\u00bb da_is_singular=\u00bboff\u00bb da_with_loader=\u00bboff\u00bb da_has_shadow=\u00bbon\u00bb da_disable_devices=\u00bboff|off|off\u00bb][et_pb_row _builder_version=\u00bb4.16&#8243; _module_preset=\u00bbdefault\u00bb global_colors_info=\u00bb{}\u00bb][et_pb_column type=\u00bb4_4&#8243; _builder_version=\u00bb4.16&#8243; _module_preset=\u00bbdefault\u00bb global_colors_info=\u00bb{}\u00bb][et_pb_text _builder_version=\u00bb4.16&#8243; _module_preset=\u00bbdefault\u00bb global_colors_info=\u00bb{}\u00bb][\/et_pb_text][\/et_pb_column][\/et_pb_row][\/et_pb_section][et_pb_section fb_built=\u00bb1&#8243; admin_label=\u00bbsection\u00bb _builder_version=\u00bb4.16&#8243; global_colors_info=\u00bb{}\u00bb da_is_popup=\u00bboff\u00bb da_exit_intent=\u00bboff\u00bb da_has_close=\u00bbon\u00bb da_alt_close=\u00bboff\u00bb da_dark_close=\u00bboff\u00bb da_not_modal=\u00bbon\u00bb da_is_singular=\u00bboff\u00bb da_with_loader=\u00bboff\u00bb da_has_shadow=\u00bbon\u00bb da_disable_devices=\u00bboff|off|off\u00bb][et_pb_row admin_label=\u00bbrow\u00bb _builder_version=\u00bb4.16&#8243; background_size=\u00bbinitial\u00bb background_position=\u00bbtop_left\u00bb background_repeat=\u00bbrepeat\u00bb global_colors_info=\u00bb{}\u00bb][et_pb_column type=\u00bb4_4&#8243; _builder_version=\u00bb4.16&#8243; custom_padding=\u00bb|||\u00bb global_colors_info=\u00bb{}\u00bb custom_padding__hover=\u00bb|||\u00bb][et_pb_text admin_label=\u00bbText\u00bb _builder_version=\u00bb4.27.0&#8243; text_line_height=\u00bb1.9em\u00bb header_font=\u00bb|700|||||||\u00bb header_2_font=\u00bb|700|||||||\u00bb background_size=\u00bbinitial\u00bb background_position=\u00bbtop_left\u00bb background_repeat=\u00bbrepeat\u00bb global_colors_info=\u00bb{}\u00bb]<\/p>\n<h1>Desarrollo de sistemas y conceptos<\/h1>\n<p>En KB Components, nos enorgullecemos de nuestro enfoque colaborativo para el desarrollo de sistemas y conceptos. Creemos que las mejores soluciones a desaf\u00edos espec\u00edficos se encuentran trabajando en estrecha colaboraci\u00f3n con nuestros clientes, proveedores y otros socios. Nuestro proceso involucra a toda la cadena de suministro de principio a fin y se basa en una rigurosa metodolog\u00eda APQP.<\/p>\n<p>Entendemos que el desarrollo de productos innovadores es un proceso complejo y requiere la participaci\u00f3n de todas las partes interesadas para garantizar el \u00e9xito. Nuestro enfoque colaborativo implica que todas las partes trabajen juntas para compartir su experiencia, identificar problemas potenciales desde el principio y encontrar formas de superar cualquier obst\u00e1culo que pueda surgir. De esta manera, podemos crear soluciones que sean robustas y eficientes desde el primer d\u00eda.<\/p>\n<h2>Comprender las necesidades del cliente<\/h2>\n<p>Nuestro proceso de desarrollo de sistemas y conceptos comienza con una comprensi\u00f3n clara de las necesidades y requisitos de nuestros clientes. Trabajamos en estrecha colaboraci\u00f3n con ellos para obtener una comprensi\u00f3n profunda de su negocio, as\u00ed como de sus metas y objetivos. De esta manera, podemos dise\u00f1ar soluciones que aborden espec\u00edficamente sus desaf\u00edos \u00fanicos y ayudarlos a lograr los resultados deseados.<\/p>\n<h2>Dise\u00f1o de soluciones<\/h2>\n<p>Una vez definidos los requisitos, se pasa a la fase de dise\u00f1o. Nuestro equipo de expertos utiliza herramientas y tecnolog\u00edas de \u00faltima generaci\u00f3n para crear dise\u00f1os detallados que tienen en cuenta todos los aspectos del proyecto, incluida la funcionalidad, la sostenibilidad, la capacidad de fabricaci\u00f3n y la rentabilidad. De esta manera, podemos asegurarnos de que la soluci\u00f3n final cumple con todas las necesidades y requisitos de nuestros clientes, tanto en t\u00e9rminos de rendimiento como de presupuesto.<\/p>\n<h2>Perfeccionamiento de la soluci\u00f3n durante la fase de desarrollo<\/h2>\n<p>Durante la fase de desarrollo, continuamos trabajando en estrecha colaboraci\u00f3n con nuestros clientes y otros socios para refinar la soluci\u00f3n y asegurarnos de que cumpla con todos los est\u00e1ndares necesarios. Tambi\u00e9n utilizamos t\u00e9cnicas avanzadas de simulaci\u00f3n y creaci\u00f3n de prototipos para probar el dise\u00f1o e identificar cualquier problema potencial antes de pasar a la producci\u00f3n. De esta manera, podemos minimizar el riesgo de errores y retrasos en el proceso de producci\u00f3n.<\/p>\n<h2>Compromiso con la sostenibilidad<\/h2>\n<p>De acuerdo con nuestro compromiso con la sostenibilidad, tambi\u00e9n tenemos en cuenta el impacto medioambiental de los productos que desarrollamos. Nos esforzamos por dise\u00f1ar soluciones que sean energ\u00e9ticamente eficientes, duraderas y f\u00e1ciles de reciclar, reduciendo el impacto en el medio ambiente y satisfaciendo las necesidades de nuestros clientes.<\/p>\n<h2>Sistema de Gesti\u00f3n de Calidad<\/h2>\n<p>En KB Components, la calidad es un factor clave en todo lo que hacemos. Contamos con un s\u00f3lido sistema de gesti\u00f3n de calidad que garantiza que nuestros productos cumplan con los m\u00e1s altos est\u00e1ndares de calidad y confiabilidad. Este sistema incluye estrictos procedimientos de control de calidad en cada etapa del proceso de producci\u00f3n, desde el dise\u00f1o y el desarrollo hasta las pruebas y la entrega. <span><a href=\"https:\/\/www.kbcomponents.com\/es\/calidad\/\">Lea m\u00e1s sobre nuestro trabajo de calidad.<\/a><\/span><\/p>\n<h3>Resumen: Excelencia en el desarrollo de conceptos<\/h3>\n<p>En resumen, nuestro proceso colaborativo de desarrollo de sistemas y conceptos, basado en la rigurosa metodolog\u00eda APQP, nos permite desarrollar soluciones innovadoras que satisfacen las necesidades y requisitos \u00fanicos de nuestros clientes. Al involucrar a todas las partes interesadas desde el principio, podemos garantizar que el producto final sea eficiente y robusto, que cumpla con todos los est\u00e1ndares de rendimiento y calidad necesarios y, al mismo tiempo, minimice su impacto en el medio ambiente. Con nuestro compromiso con la excelencia y la calidad, KB Components es un socio de confianza para todas sus necesidades de desarrollo de sistemas y conceptos.<\/p>\n<p>[\/et_pb_text][\/et_pb_column][\/et_pb_row][\/et_pb_section][et_pb_section fb_built=\u00bb1&#8243; _builder_version=\u00bb4.16&#8243; _module_preset=\u00bbdefault\u00bb background_color=\u00bb#f1f1f1&#8243; custom_padding=\u00bb60px||60px||false|false\u00bb global_colors_info=\u00bb{}\u00bb da_is_popup=\u00bboff\u00bb da_exit_intent=\u00bboff\u00bb da_has_close=\u00bbon\u00bb da_alt_close=\u00bboff\u00bb da_dark_close=\u00bboff\u00bb da_not_modal=\u00bbon\u00bb da_is_singular=\u00bboff\u00bb da_with_loader=\u00bboff\u00bb da_has_shadow=\u00bbon\u00bb da_disable_devices=\u00bboff|off|off\u00bb][et_pb_row _builder_version=\u00bb4.16&#8243; _module_preset=\u00bbdefault\u00bb custom_padding=\u00bb0px||0px||false|false\u00bb global_colors_info=\u00bb{}\u00bb][et_pb_column type=\u00bb4_4&#8243; _builder_version=\u00bb4.16&#8243; _module_preset=\u00bbdefault\u00bb global_colors_info=\u00bb{}\u00bb][et_pb_blurb title=\u00bbContacto\u00bb image=\u00bbhttps:\/\/www.kbcomponents.com\/wp-content\/uploads\/2017\/03\/telfon-kb-e1489052858973.png\u00bb icon_placement=\u00bbleft\u00bb _builder_version=\u00bb4.16&#8243; _module_preset=\u00bbdefault\u00bb header_font=\u00bb|600||on|||||\u00bb body_text_color=\u00bb#0a0a0a\u00bb image_icon_custom_margin=\u00bb||||false|false\u00bb image_icon_custom_padding=\u00bb||||false|false\u00bb custom_css_blurb_content=\u00bbmargin-left:0;||padding-left:0;\u00bb global_colors_info=\u00bb{}\u00bb]<\/p>\n<p>Anders Abrahamsson <a href=\"mailto:anders.abrahamsson@kbcomponents.com\">anders.abrahamsson@kbcomponents.com<\/a><\/p>\n<p>[\/et_pb_blurb][\/et_pb_column][\/et_pb_row][\/et_pb_section]<\/p>\n","protected":false},"excerpt":{"rendered":"<p>Desarrollo de sistemas y conceptos En KB Components, nos enorgullecemos de nuestro enfoque colaborativo para el desarrollo de sistemas y conceptos. Creemos que las mejores soluciones a desaf\u00edos espec\u00edficos se encuentran trabajando en estrecha colaboraci\u00f3n con nuestros clientes, proveedores y otros socios. Nuestro proceso involucra a toda la cadena de suministro de principio a fin [&hellip;]<\/p>\n","protected":false},"author":6,"featured_media":0,"parent":30072,"menu_order":0,"comment_status":"open","ping_status":"closed","template":"","meta":{"_et_pb_use_builder":"on","_et_pb_old_content":"","_et_gb_content_width":"","footnotes":""},"class_list":["post-29703","page","type-page","status-publish","hentry"],"_links":{"self":[{"href":"https:\/\/www.kbcomponents.com\/es\/wp-json\/wp\/v2\/pages\/29703","targetHints":{"allow":["GET"]}}],"collection":[{"href":"https:\/\/www.kbcomponents.com\/es\/wp-json\/wp\/v2\/pages"}],"about":[{"href":"https:\/\/www.kbcomponents.com\/es\/wp-json\/wp\/v2\/types\/page"}],"author":[{"embeddable":true,"href":"https:\/\/www.kbcomponents.com\/es\/wp-json\/wp\/v2\/users\/6"}],"replies":[{"embeddable":true,"href":"https:\/\/www.kbcomponents.com\/es\/wp-json\/wp\/v2\/comments?post=29703"}],"version-history":[{"count":4,"href":"https:\/\/www.kbcomponents.com\/es\/wp-json\/wp\/v2\/pages\/29703\/revisions"}],"predecessor-version":[{"id":39198,"href":"https:\/\/www.kbcomponents.com\/es\/wp-json\/wp\/v2\/pages\/29703\/revisions\/39198"}],"up":[{"embeddable":true,"href":"https:\/\/www.kbcomponents.com\/es\/wp-json\/wp\/v2\/pages\/30072"}],"wp:attachment":[{"href":"https:\/\/www.kbcomponents.com\/es\/wp-json\/wp\/v2\/media?parent=29703"}],"curies":[{"name":"wp","href":"https:\/\/api.w.org\/{rel}","templated":true}]}}