{"id":29655,"date":"2015-08-05T11:10:05","date_gmt":"2015-08-05T09:10:05","guid":{"rendered":"https:\/\/www.kbcomponents.com\/?page_id=29655"},"modified":"2025-04-08T09:57:52","modified_gmt":"2025-04-08T07:57:52","slug":"medicina","status":"publish","type":"page","link":"https:\/\/www.kbcomponents.com\/es\/areas-de-negocio\/medicina\/","title":{"rendered":"MEDICINA"},"content":{"rendered":"<p>[et_pb_section fb_built=\u00bb1&#8243; _builder_version=\u00bb4.16&#8243; _module_preset=\u00bbdefault\u00bb background_image=\u00bbhttps:\/\/www.kbcomponents.com\/wp-content\/uploads\/2021\/03\/1232170-Small-Tray-EV_surgical-tray_in-clinic-D_low.jpg\u00bb custom_padding=\u00bb180px||180px||false|false\u00bb global_colors_info=\u00bb{}\u00bb da_is_popup=\u00bboff\u00bb da_exit_intent=\u00bboff\u00bb da_has_close=\u00bbon\u00bb da_alt_close=\u00bboff\u00bb da_dark_close=\u00bboff\u00bb da_not_modal=\u00bbon\u00bb da_is_singular=\u00bboff\u00bb da_with_loader=\u00bboff\u00bb da_has_shadow=\u00bbon\u00bb da_disable_devices=\u00bboff|off|off\u00bb][et_pb_row _builder_version=\u00bb4.16&#8243; _module_preset=\u00bbdefault\u00bb global_colors_info=\u00bb{}\u00bb][et_pb_column type=\u00bb4_4&#8243; _builder_version=\u00bb4.16&#8243; _module_preset=\u00bbdefault\u00bb global_colors_info=\u00bb{}\u00bb][et_pb_text _builder_version=\u00bb4.16&#8243; _module_preset=\u00bbdefault\u00bb global_colors_info=\u00bb{}\u00bb][\/et_pb_text][\/et_pb_column][\/et_pb_row][\/et_pb_section][et_pb_section fb_built=\u00bb1&#8243; admin_label=\u00bbsection\u00bb _builder_version=\u00bb4.16&#8243; global_colors_info=\u00bb{}\u00bb da_is_popup=\u00bboff\u00bb da_exit_intent=\u00bboff\u00bb da_has_close=\u00bbon\u00bb da_alt_close=\u00bboff\u00bb da_dark_close=\u00bboff\u00bb da_not_modal=\u00bbon\u00bb da_is_singular=\u00bboff\u00bb da_with_loader=\u00bboff\u00bb da_has_shadow=\u00bbon\u00bb da_disable_devices=\u00bboff|off|off\u00bb][et_pb_row admin_label=\u00bbrow\u00bb _builder_version=\u00bb4.16&#8243; background_size=\u00bbinitial\u00bb background_position=\u00bbtop_left\u00bb background_repeat=\u00bbrepeat\u00bb global_colors_info=\u00bb{}\u00bb][et_pb_column type=\u00bb4_4&#8243; _builder_version=\u00bb4.16&#8243; custom_padding=\u00bb|||\u00bb global_colors_info=\u00bb{}\u00bb custom_padding__hover=\u00bb|||\u00bb][et_pb_text admin_label=\u00bbText\u00bb _builder_version=\u00bb4.27.0&#8243; text_line_height=\u00bb1.9em\u00bb header_font=\u00bb|700|||||||\u00bb header_2_font=\u00bb|700|||||||\u00bb background_size=\u00bbinitial\u00bb background_position=\u00bbtop_left\u00bb background_repeat=\u00bbrepeat\u00bb global_colors_info=\u00bb{}\u00bb]<\/p>\n<h1>Dispositivos m\u00e9dicos y cumplimiento de altos est\u00e1ndares<\/h1>\n<p>En el \u00e1mbito de los equipos y la tecnolog\u00eda m\u00e9dica, no hay lugar para el error o el compromiso. Los dispositivos m\u00e9dicos son una categor\u00eda de productos que exige el estricto cumplimiento de los m\u00e1s altos est\u00e1ndares. Esto es crucial para garantizar la seguridad y el bienestar tanto de los pacientes como de los profesionales sanitarios. No es de extra\u00f1ar, por tanto, que entre nuestros clientes se encuentren muchas empresas de tecnolog\u00eda m\u00e9dica. Estas empresas han descubierto que KB es un proveedor preferido de dispositivos m\u00e9dicos.<\/p>\n<h2>\u00bfPor qu\u00e9 elegirnos como su proveedor preferido?<\/h2>\n<p>Tenemos la capacidad de fabricar dispositivos m\u00e9dicos de acuerdo con la norma ISO 13485:2016. Hacemos esto en una sala limpia que cumple con las normas. Estos factores nos convierten en una opci\u00f3n popular.\u00a0Esto no solo ayuda a los clientes a cumplir con sus requisitos reglamentarios, sino que tampoco deja nada al azar en t\u00e9rminos de limpieza del producto.<\/p>\n<h3>Compromiso con la excelencia en la industria m\u00e9dica<\/h3>\n<p>La industria est\u00e1 en constante evoluci\u00f3n. Como resultado, estamos continuamente actualizando nuestros procesos y t\u00e9cnicas. Hacemos esto para mantenernos a la vanguardia. Nuestro equipo de ingenieros y t\u00e9cnicos son expertos en su campo. Garantizan que los dispositivos m\u00e9dicos que producimos cumplan con los m\u00e1s altos est\u00e1ndares de calidad. Nuestro compromiso con la excelencia es evidente en todos los aspectos de nuestra operaci\u00f3n. Comienza con la fase inicial de dise\u00f1o y desarrollo. Contin\u00faa hasta la producci\u00f3n final y la entrega de los dispositivos a nuestros clientes.<\/p>\n<p>Adem\u00e1s, nuestra dedicaci\u00f3n a mantener un entorno limpio y conforme a las normas se extiende m\u00e1s all\u00e1 del proceso de fabricaci\u00f3n. Priorizamos la capacitaci\u00f3n y educaci\u00f3n de nuestro personal. Esto garantiza que est\u00e9n bien versados en los \u00faltimos est\u00e1ndares de la industria m\u00e9dica. Tambi\u00e9n siguen las mejores pr\u00e1cticas. Nuestro compromiso con la educaci\u00f3n continua nos ayuda a garantizar que nuestro equipo est\u00e9 siempre listo. Est\u00e1n equipados para abordar los desaf\u00edos \u00fanicos que presenta la industria de dispositivos m\u00e9dicos.<\/p>\n<h3>Servicios integrales de dispositivos m\u00e9dicos para una experiencia perfecta<\/h3>\n<p>Adem\u00e1s de nuestras capacidades de fabricaci\u00f3n, tambi\u00e9n ofrecemos una gama de servicios dise\u00f1ados para apoyar a nuestros clientes de dispositivos m\u00e9dicos. Estos incluyen asistencia en el dise\u00f1o, creaci\u00f3n de prototipos, validaci\u00f3n y soporte regulatorio. Ofrecemos un conjunto completo de servicios. Esto significa que podemos brindar a nuestros clientes una experiencia fluida y eficiente. Comienza desde el principio y contin\u00faa hasta el final.<\/p>\n<h3>Conclusi\u00f3n<\/h3>\n<p>En conclusi\u00f3n, nuestra experiencia en este segmento de negocio se combina con nuestro compromiso con la excelencia y el cumplimiento. Esto nos convierte en el proveedor preferido de las empresas de tecnolog\u00eda m\u00e9dica. Entendemos la importancia de adherirse a los m\u00e1s altos est\u00e1ndares. Nos dedicamos a ayudar a nuestros clientes a alcanzar el \u00e9xito. Especialmente, en el competitivo y en constante evoluci\u00f3n mundo de la tecnolog\u00eda m\u00e9dica.<\/p>\n<p>[\/et_pb_text][\/et_pb_column][\/et_pb_row][\/et_pb_section][et_pb_section fb_built=\u00bb1&#8243; _builder_version=\u00bb4.16&#8243; _module_preset=\u00bbdefault\u00bb background_color=\u00bb#f1f1f1&#8243; custom_padding=\u00bb60px||60px||false|false\u00bb saved_tabs=\u00bball\u00bb global_colors_info=\u00bb{}\u00bb global_module=\u00bb39186&#8243; theme_builder_area=\u00bbpost_content\u00bb da_is_popup=\u00bboff\u00bb da_exit_intent=\u00bboff\u00bb da_has_close=\u00bbon\u00bb da_alt_close=\u00bboff\u00bb da_dark_close=\u00bboff\u00bb da_not_modal=\u00bbon\u00bb da_is_singular=\u00bboff\u00bb da_with_loader=\u00bboff\u00bb da_has_shadow=\u00bbon\u00bb da_disable_devices=\u00bboff|off|off\u00bb][et_pb_row _builder_version=\u00bb4.16&#8243; _module_preset=\u00bbdefault\u00bb custom_padding=\u00bb0px||0px||false|false\u00bb global_colors_info=\u00bb{}\u00bb theme_builder_area=\u00bbpost_content\u00bb][et_pb_column type=\u00bb4_4&#8243; _builder_version=\u00bb4.16&#8243; _module_preset=\u00bbdefault\u00bb global_colors_info=\u00bb{}\u00bb theme_builder_area=\u00bbpost_content\u00bb][et_pb_blurb title=\u00bbContacto\u00bb image=\u00bbhttps:\/\/www.kbcomponents.com\/wp-content\/uploads\/2017\/03\/telfon-kb-e1489052858973.png\u00bb icon_placement=\u00bbleft\u00bb _builder_version=\u00bb4.27.4&#8243; _module_preset=\u00bbdefault\u00bb header_font=\u00bb|600||on|||||\u00bb body_text_color=\u00bb#0a0a0a\u00bb image_icon_custom_margin=\u00bb||||false|false\u00bb image_icon_custom_padding=\u00bb||||false|false\u00bb custom_css_blurb_content=\u00bbmargin-left:0;||padding-left:0;\u00bb global_colors_info=\u00bb{}\u00bb theme_builder_area=\u00bbpost_content\u00bb]<\/p>\n<p>Niklas Nilsson<br \/><a href=\"mailto:niklas.nilsson@kbcomponents.com\">niklas.nilsson@kbcomponents.com<\/a><\/p>\n<p>[\/et_pb_blurb][\/et_pb_column][\/et_pb_row][\/et_pb_section]<\/p>\n","protected":false},"excerpt":{"rendered":"<p>Dispositivos m\u00e9dicos y cumplimiento de altos est\u00e1ndares En el \u00e1mbito de los equipos y la tecnolog\u00eda m\u00e9dica, no hay lugar para el error o el compromiso. Los dispositivos m\u00e9dicos son una categor\u00eda de productos que exige el estricto cumplimiento de los m\u00e1s altos est\u00e1ndares. Esto es crucial para garantizar la seguridad y el bienestar tanto [&hellip;]<\/p>\n","protected":false},"author":6,"featured_media":0,"parent":29630,"menu_order":0,"comment_status":"open","ping_status":"open","template":"","meta":{"_et_pb_use_builder":"on","_et_pb_old_content":"","_et_gb_content_width":"","footnotes":""},"class_list":["post-29655","page","type-page","status-publish","hentry"],"_links":{"self":[{"href":"https:\/\/www.kbcomponents.com\/es\/wp-json\/wp\/v2\/pages\/29655","targetHints":{"allow":["GET"]}}],"collection":[{"href":"https:\/\/www.kbcomponents.com\/es\/wp-json\/wp\/v2\/pages"}],"about":[{"href":"https:\/\/www.kbcomponents.com\/es\/wp-json\/wp\/v2\/types\/page"}],"author":[{"embeddable":true,"href":"https:\/\/www.kbcomponents.com\/es\/wp-json\/wp\/v2\/users\/6"}],"replies":[{"embeddable":true,"href":"https:\/\/www.kbcomponents.com\/es\/wp-json\/wp\/v2\/comments?post=29655"}],"version-history":[{"count":4,"href":"https:\/\/www.kbcomponents.com\/es\/wp-json\/wp\/v2\/pages\/29655\/revisions"}],"predecessor-version":[{"id":39194,"href":"https:\/\/www.kbcomponents.com\/es\/wp-json\/wp\/v2\/pages\/29655\/revisions\/39194"}],"up":[{"embeddable":true,"href":"https:\/\/www.kbcomponents.com\/es\/wp-json\/wp\/v2\/pages\/29630"}],"wp:attachment":[{"href":"https:\/\/www.kbcomponents.com\/es\/wp-json\/wp\/v2\/media?parent=29655"}],"curies":[{"name":"wp","href":"https:\/\/api.w.org\/{rel}","templated":true}]}}