{"id":29652,"date":"2015-08-05T11:09:36","date_gmt":"2015-08-05T09:09:36","guid":{"rendered":"https:\/\/www.kbcomponents.com\/?page_id=29652"},"modified":"2025-04-08T09:57:16","modified_gmt":"2025-04-08T07:57:16","slug":"vehiculos-pesados","status":"publish","type":"page","link":"https:\/\/www.kbcomponents.com\/es\/areas-de-negocio\/vehiculos-pesados\/","title":{"rendered":"Veh\u00edculos pesados"},"content":{"rendered":"<p>[et_pb_section fb_built=\u00bb1&#8243; _builder_version=\u00bb4.16&#8243; _module_preset=\u00bbdefault\u00bb background_image=\u00bbhttps:\/\/www.kbcomponents.com\/wp-content\/uploads\/2017\/03\/new-actros_multimedia_wallpaper_02_1280x1024.jpg-e1489485746715.jpg\u00bb custom_padding=\u00bb180px||180px||false|false\u00bb global_colors_info=\u00bb{}\u00bb da_is_popup=\u00bboff\u00bb da_exit_intent=\u00bboff\u00bb da_has_close=\u00bbon\u00bb da_alt_close=\u00bboff\u00bb da_dark_close=\u00bboff\u00bb da_not_modal=\u00bbon\u00bb da_is_singular=\u00bboff\u00bb da_with_loader=\u00bboff\u00bb da_has_shadow=\u00bbon\u00bb da_disable_devices=\u00bboff|off|off\u00bb][et_pb_row _builder_version=\u00bb4.16&#8243; _module_preset=\u00bbdefault\u00bb global_colors_info=\u00bb{}\u00bb][et_pb_column type=\u00bb4_4&#8243; _builder_version=\u00bb4.16&#8243; _module_preset=\u00bbdefault\u00bb global_colors_info=\u00bb{}\u00bb][et_pb_text _builder_version=\u00bb4.16&#8243; _module_preset=\u00bbdefault\u00bb global_colors_info=\u00bb{}\u00bb][\/et_pb_text][\/et_pb_column][\/et_pb_row][\/et_pb_section][et_pb_section fb_built=\u00bb1&#8243; admin_label=\u00bbsection\u00bb _builder_version=\u00bb4.16&#8243; global_colors_info=\u00bb{}\u00bb da_is_popup=\u00bboff\u00bb da_exit_intent=\u00bboff\u00bb da_has_close=\u00bbon\u00bb da_alt_close=\u00bboff\u00bb da_dark_close=\u00bboff\u00bb da_not_modal=\u00bbon\u00bb da_is_singular=\u00bboff\u00bb da_with_loader=\u00bboff\u00bb da_has_shadow=\u00bbon\u00bb da_disable_devices=\u00bboff|off|off\u00bb][et_pb_row admin_label=\u00bbrow\u00bb _builder_version=\u00bb4.16&#8243; background_size=\u00bbinitial\u00bb background_position=\u00bbtop_left\u00bb background_repeat=\u00bbrepeat\u00bb global_colors_info=\u00bb{}\u00bb][et_pb_column type=\u00bb4_4&#8243; _builder_version=\u00bb4.16&#8243; custom_padding=\u00bb|||\u00bb global_colors_info=\u00bb{}\u00bb custom_padding__hover=\u00bb|||\u00bb][et_pb_text admin_label=\u00bbText\u00bb _builder_version=\u00bb4.27.0&#8243; text_line_height=\u00bb1.9em\u00bb header_font=\u00bb|700|||||||\u00bb header_2_font=\u00bb|700|||||||\u00bb background_size=\u00bbinitial\u00bb background_position=\u00bbtop_left\u00bb background_repeat=\u00bbrepeat\u00bb global_colors_info=\u00bb{}\u00bb]<\/p>\n<h1>Veh\u00edculos pesados<\/h1>\n<h2>Un enfoque en la excelencia de los veh\u00edculos pesados<\/h2>\n<p>Sin lugar a dudas, los veh\u00edculos pesados representan uno de los segmentos m\u00e1s grandes de KB Components, proveedor l\u00edder de la mayor\u00eda de los fabricantes de veh\u00edculos pesados a nivel mundial. En su papel de fabricante de equipos originales (OEM) y proveedor de nivel 1, KB Components se esfuerza por ayudar a los fabricantes de camiones a ofrecer mejores soluciones. En consecuencia, estas soluciones m\u00e1s efectivas atienden a su base de clientes profesionales y exigentes.<\/p>\n<p>Teniendo en cuenta que el tiempo de actividad es el factor m\u00e1s crucial para los clientes de camiones, implica que cada componente siempre debe rendir al m\u00e1ximo. En este sentido, KB Components es un importante proveedor de subsistemas cr\u00edticos que nunca pueden fallar, como los sistemas de refrigeraci\u00f3n del motor y de control de emisiones. Al aprovechar el conocimiento de vanguardia y la excelencia operativa, la empresa ofrece soluciones rentables para el desarrollo, la log\u00edstica y la industrializaci\u00f3n.<\/p>\n<p>[\/et_pb_text][\/et_pb_column][\/et_pb_row][\/et_pb_section][et_pb_section fb_built=\u00bb1&#8243; _builder_version=\u00bb4.16&#8243; _module_preset=\u00bbdefault\u00bb background_image=\u00bbhttps:\/\/www.kbcomponents.com\/wp-content\/uploads\/2017\/03\/2012-mercedes-benz-actros-8_1024x0w.jpg\u00bb custom_padding=\u00bb180px||180px||false|false\u00bb global_colors_info=\u00bb{}\u00bb da_is_popup=\u00bboff\u00bb da_exit_intent=\u00bboff\u00bb da_has_close=\u00bbon\u00bb da_alt_close=\u00bboff\u00bb da_dark_close=\u00bboff\u00bb da_not_modal=\u00bbon\u00bb da_is_singular=\u00bboff\u00bb da_with_loader=\u00bboff\u00bb da_has_shadow=\u00bbon\u00bb da_disable_devices=\u00bboff|off|off\u00bb][et_pb_row _builder_version=\u00bb4.16&#8243; _module_preset=\u00bbdefault\u00bb global_colors_info=\u00bb{}\u00bb][et_pb_column type=\u00bb4_4&#8243; _builder_version=\u00bb4.16&#8243; _module_preset=\u00bbdefault\u00bb global_colors_info=\u00bb{}\u00bb][et_pb_text _builder_version=\u00bb4.16&#8243; _module_preset=\u00bbdefault\u00bb global_colors_info=\u00bb{}\u00bb][\/et_pb_text][\/et_pb_column][\/et_pb_row][\/et_pb_section][et_pb_section fb_built=\u00bb1&#8243; admin_label=\u00bbsection\u00bb _builder_version=\u00bb4.16&#8243; global_colors_info=\u00bb{}\u00bb da_is_popup=\u00bboff\u00bb da_exit_intent=\u00bboff\u00bb da_has_close=\u00bbon\u00bb da_alt_close=\u00bboff\u00bb da_dark_close=\u00bboff\u00bb da_not_modal=\u00bbon\u00bb da_is_singular=\u00bboff\u00bb da_with_loader=\u00bboff\u00bb da_has_shadow=\u00bbon\u00bb da_disable_devices=\u00bboff|off|off\u00bb][et_pb_row admin_label=\u00bbrow\u00bb _builder_version=\u00bb4.16&#8243; background_size=\u00bbinitial\u00bb background_position=\u00bbtop_left\u00bb background_repeat=\u00bbrepeat\u00bb global_colors_info=\u00bb{}\u00bb][et_pb_column type=\u00bb4_4&#8243; _builder_version=\u00bb4.16&#8243; custom_padding=\u00bb|||\u00bb global_colors_info=\u00bb{}\u00bb custom_padding__hover=\u00bb|||\u00bb][et_pb_text admin_label=\u00bbText\u00bb _builder_version=\u00bb4.27.0&#8243; text_line_height=\u00bb1.9em\u00bb header_font=\u00bb|700|||||||\u00bb header_2_font=\u00bb|700|||||||\u00bb background_size=\u00bbinitial\u00bb background_position=\u00bbtop_left\u00bb background_repeat=\u00bbrepeat\u00bb global_colors_info=\u00bb{}\u00bb]<\/p>\n<h2>Interior para veh\u00edculo pesado<\/h2>\n<p>Los interiores de los veh\u00edculos pesados deben cumplir con los m\u00e1s altos est\u00e1ndares en t\u00e9rminos de calidad visual y funcional. Esto incluye el brillo adecuado de la superficie, los espacios peque\u00f1os y la funcionalidad de ruido, vibraci\u00f3n y dureza (NVH). KB Components ayuda a los fabricantes de camiones a ofrecer interiores mejores y m\u00e1s efectivos que se adaptan a su base de clientes profesionales y exigentes.<\/p>\n<p>La gama de detalles interiores de la compa\u00f1\u00eda abarca el tablero, los grupos de instrumentos y una amplia variedad de componentes estructurales. Esto garantiza que todos los aspectos del interior de un veh\u00edculo pesado cumplan con los m\u00e1s altos est\u00e1ndares de calidad y rendimiento.<\/p>\n<p>[\/et_pb_text][\/et_pb_column][\/et_pb_row][\/et_pb_section][et_pb_section fb_built=\u00bb1&#8243; _builder_version=\u00bb4.16&#8243; _module_preset=\u00bbdefault\u00bb background_image=\u00bbhttps:\/\/www.kbcomponents.com\/wp-content\/uploads\/2017\/03\/T2015_0298-3.jpg\u00bb custom_padding=\u00bb180px||180px||false|false\u00bb global_colors_info=\u00bb{}\u00bb da_is_popup=\u00bboff\u00bb da_exit_intent=\u00bboff\u00bb da_has_close=\u00bbon\u00bb da_alt_close=\u00bboff\u00bb da_dark_close=\u00bboff\u00bb da_not_modal=\u00bbon\u00bb da_is_singular=\u00bboff\u00bb da_with_loader=\u00bboff\u00bb da_has_shadow=\u00bbon\u00bb da_disable_devices=\u00bboff|off|off\u00bb][et_pb_row _builder_version=\u00bb4.16&#8243; _module_preset=\u00bbdefault\u00bb global_colors_info=\u00bb{}\u00bb][et_pb_column type=\u00bb4_4&#8243; _builder_version=\u00bb4.16&#8243; _module_preset=\u00bbdefault\u00bb global_colors_info=\u00bb{}\u00bb][et_pb_text _builder_version=\u00bb4.16&#8243; _module_preset=\u00bbdefault\u00bb global_colors_info=\u00bb{}\u00bb][\/et_pb_text][\/et_pb_column][\/et_pb_row][\/et_pb_section][et_pb_section fb_built=\u00bb1&#8243; admin_label=\u00bbsection\u00bb _builder_version=\u00bb4.16&#8243; global_colors_info=\u00bb{}\u00bb da_is_popup=\u00bboff\u00bb da_exit_intent=\u00bboff\u00bb da_has_close=\u00bbon\u00bb da_alt_close=\u00bboff\u00bb da_dark_close=\u00bboff\u00bb da_not_modal=\u00bbon\u00bb da_is_singular=\u00bboff\u00bb da_with_loader=\u00bboff\u00bb da_has_shadow=\u00bbon\u00bb da_disable_devices=\u00bboff|off|off\u00bb][et_pb_row admin_label=\u00bbrow\u00bb _builder_version=\u00bb4.16&#8243; background_size=\u00bbinitial\u00bb background_position=\u00bbtop_left\u00bb background_repeat=\u00bbrepeat\u00bb global_colors_info=\u00bb{}\u00bb][et_pb_column type=\u00bb4_4&#8243; _builder_version=\u00bb4.16&#8243; custom_padding=\u00bb|||\u00bb global_colors_info=\u00bb{}\u00bb custom_padding__hover=\u00bb|||\u00bb][et_pb_text admin_label=\u00bbText\u00bb _builder_version=\u00bb4.27.0&#8243; text_line_height=\u00bb1.9em\u00bb header_font=\u00bb|700|||||||\u00bb header_2_font=\u00bb|700|||||||\u00bb background_size=\u00bbinitial\u00bb background_position=\u00bbtop_left\u00bb background_repeat=\u00bbrepeat\u00bb global_colors_info=\u00bb{}\u00bb]<\/p>\n<h2>Exterior\/tren motriz para veh\u00edculos pesados<\/h2>\n<p>Est\u00e1 claro que los compuestos polim\u00e9ricos ofrecen una alternativa ligera a los metales, lo que presenta el potencial de ayudar a la industria automotriz a reducir su impacto ambiental y aumentar la rentabilidad. Es importante destacar que las aplicaciones exteriores y del tren motriz de los camiones deben soportar un uso rudo y mantener una durabilidad extrema en todo momento.<\/p>\n<p>A trav\u00e9s de su colaboraci\u00f3n con Inxide AB en la tecnolog\u00eda X-TECH&#x2122;, KB Components es capaz de ofrecer componentes estructurales ligeros que cumplen con estos exigentes requisitos. Curiosamente, X-TECH&#x2122; combina las capacidades de refuerzo del refuerzo continuo de fibra, como el moldeo por transferencia de resina (RTM) y la colocaci\u00f3n de cinta, con la capacidad de formaci\u00f3n compleja de alta tasa del moldeo por inyecci\u00f3n o compresi\u00f3n convencional.<\/p>\n<p>Una vez m\u00e1s, la colaboraci\u00f3n de KB Components con Inxide AB en la tecnolog\u00eda X-TECH&#x2122; permite a la empresa ofrecer componentes estructurales ligeros. Y estos componentes cumplen con los exigentes requisitos. Sorprendentemente, X-TECH&#x2122; unifica las capacidades de refuerzo continuo de fibra, como el moldeo por transferencia de resina (RTM) y la colocaci\u00f3n de cintas. Aparte de esto, tambi\u00e9n aprovecha la capacidad de formaci\u00f3n compleja de alta tasa del moldeo por inyecci\u00f3n o compresi\u00f3n convencional.<\/p>\n<p>KB Components ofrece soluciones innovadoras y fiables para los fabricantes de veh\u00edculos pesados. Como consecuencia de esto, juega un papel importante en la industria. Esto desempe\u00f1a un papel en el desarrollo y la mejora continuos de la industria de veh\u00edculos pesados. Comprometida con el tiempo de actividad, la calidad y el rendimiento, la empresa se asegura de que sus clientes puedan ofrecer los mejores productos posibles. Para aclarar, estos productos est\u00e1n destinados a su propia base de clientes profesionales y exigentes.<\/p>\n<p>[\/et_pb_text][\/et_pb_column][\/et_pb_row][\/et_pb_section][et_pb_section fb_built=\u00bb1&#8243; _builder_version=\u00bb4.16&#8243; _module_preset=\u00bbdefault\u00bb background_color=\u00bb#f1f1f1&#8243; custom_padding=\u00bb60px||60px||false|false\u00bb saved_tabs=\u00bball\u00bb global_colors_info=\u00bb{}\u00bb global_module=\u00bb39186&#8243; theme_builder_area=\u00bbpost_content\u00bb da_is_popup=\u00bboff\u00bb da_exit_intent=\u00bboff\u00bb da_has_close=\u00bbon\u00bb da_alt_close=\u00bboff\u00bb da_dark_close=\u00bboff\u00bb da_not_modal=\u00bbon\u00bb da_is_singular=\u00bboff\u00bb da_with_loader=\u00bboff\u00bb da_has_shadow=\u00bbon\u00bb da_disable_devices=\u00bboff|off|off\u00bb][et_pb_row _builder_version=\u00bb4.16&#8243; _module_preset=\u00bbdefault\u00bb custom_padding=\u00bb0px||0px||false|false\u00bb global_colors_info=\u00bb{}\u00bb theme_builder_area=\u00bbpost_content\u00bb][et_pb_column type=\u00bb4_4&#8243; _builder_version=\u00bb4.16&#8243; _module_preset=\u00bbdefault\u00bb global_colors_info=\u00bb{}\u00bb theme_builder_area=\u00bbpost_content\u00bb][et_pb_blurb title=\u00bbContacto\u00bb image=\u00bbhttps:\/\/www.kbcomponents.com\/wp-content\/uploads\/2017\/03\/telfon-kb-e1489052858973.png\u00bb icon_placement=\u00bbleft\u00bb _builder_version=\u00bb4.27.4&#8243; _module_preset=\u00bbdefault\u00bb header_font=\u00bb|600||on|||||\u00bb body_text_color=\u00bb#0a0a0a\u00bb image_icon_custom_margin=\u00bb||||false|false\u00bb image_icon_custom_padding=\u00bb||||false|false\u00bb custom_css_blurb_content=\u00bbmargin-left:0;||padding-left:0;\u00bb global_colors_info=\u00bb{}\u00bb theme_builder_area=\u00bbpost_content\u00bb]<\/p>\n<p>Niklas Nilsson<br \/><a href=\"mailto:niklas.nilsson@kbcomponents.com\">niklas.nilsson@kbcomponents.com<\/a><\/p>\n<p>[\/et_pb_blurb][\/et_pb_column][\/et_pb_row][\/et_pb_section]<\/p>\n","protected":false},"excerpt":{"rendered":"<p>Veh\u00edculos pesados Un enfoque en la excelencia de los veh\u00edculos pesados Sin lugar a dudas, los veh\u00edculos pesados representan uno de los segmentos m\u00e1s grandes de KB Components, proveedor l\u00edder de la mayor\u00eda de los fabricantes de veh\u00edculos pesados a nivel mundial. En su papel de fabricante de equipos originales (OEM) y proveedor de nivel [&hellip;]<\/p>\n","protected":false},"author":6,"featured_media":0,"parent":29630,"menu_order":0,"comment_status":"open","ping_status":"open","template":"","meta":{"_et_pb_use_builder":"on","_et_pb_old_content":"","_et_gb_content_width":"","footnotes":""},"class_list":["post-29652","page","type-page","status-publish","hentry"],"_links":{"self":[{"href":"https:\/\/www.kbcomponents.com\/es\/wp-json\/wp\/v2\/pages\/29652","targetHints":{"allow":["GET"]}}],"collection":[{"href":"https:\/\/www.kbcomponents.com\/es\/wp-json\/wp\/v2\/pages"}],"about":[{"href":"https:\/\/www.kbcomponents.com\/es\/wp-json\/wp\/v2\/types\/page"}],"author":[{"embeddable":true,"href":"https:\/\/www.kbcomponents.com\/es\/wp-json\/wp\/v2\/users\/6"}],"replies":[{"embeddable":true,"href":"https:\/\/www.kbcomponents.com\/es\/wp-json\/wp\/v2\/comments?post=29652"}],"version-history":[{"count":6,"href":"https:\/\/www.kbcomponents.com\/es\/wp-json\/wp\/v2\/pages\/29652\/revisions"}],"predecessor-version":[{"id":39193,"href":"https:\/\/www.kbcomponents.com\/es\/wp-json\/wp\/v2\/pages\/29652\/revisions\/39193"}],"up":[{"embeddable":true,"href":"https:\/\/www.kbcomponents.com\/es\/wp-json\/wp\/v2\/pages\/29630"}],"wp:attachment":[{"href":"https:\/\/www.kbcomponents.com\/es\/wp-json\/wp\/v2\/media?parent=29652"}],"curies":[{"name":"wp","href":"https:\/\/api.w.org\/{rel}","templated":true}]}}