{"id":29648,"date":"2015-08-05T11:09:17","date_gmt":"2015-08-05T09:09:17","guid":{"rendered":"https:\/\/www.kbcomponents.com\/?page_id=29648"},"modified":"2025-04-08T09:56:38","modified_gmt":"2025-04-08T07:56:38","slug":"vehiculos-ligeros","status":"publish","type":"page","link":"https:\/\/www.kbcomponents.com\/es\/areas-de-negocio\/vehiculos-ligeros\/","title":{"rendered":"Veh\u00edculos ligeros"},"content":{"rendered":"<p>[et_pb_section fb_built=\u00bb1&#8243; _builder_version=\u00bb4.16&#8243; _module_preset=\u00bbdefault\u00bb background_image=\u00bbhttps:\/\/www.kbcomponents.com\/wp-content\/uploads\/2021\/09\/265682_XC60_Inscription_expression_Leather_Fine_Nappa_Perforated_Blond_in_Blond-scaled.jpg\u00bb custom_padding=\u00bb180px||180px||false|false\u00bb global_colors_info=\u00bb{}\u00bb da_is_popup=\u00bboff\u00bb da_exit_intent=\u00bboff\u00bb da_has_close=\u00bbon\u00bb da_alt_close=\u00bboff\u00bb da_dark_close=\u00bboff\u00bb da_not_modal=\u00bbon\u00bb da_is_singular=\u00bboff\u00bb da_with_loader=\u00bboff\u00bb da_has_shadow=\u00bbon\u00bb da_disable_devices=\u00bboff|off|off\u00bb][et_pb_row _builder_version=\u00bb4.16&#8243; _module_preset=\u00bbdefault\u00bb global_colors_info=\u00bb{}\u00bb][et_pb_column type=\u00bb4_4&#8243; _builder_version=\u00bb4.16&#8243; _module_preset=\u00bbdefault\u00bb global_colors_info=\u00bb{}\u00bb][et_pb_text _builder_version=\u00bb4.16&#8243; _module_preset=\u00bbdefault\u00bb global_colors_info=\u00bb{}\u00bb][\/et_pb_text][\/et_pb_column][\/et_pb_row][\/et_pb_section][et_pb_section fb_built=\u00bb1&#8243; admin_label=\u00bbsection\u00bb _builder_version=\u00bb4.16&#8243; global_colors_info=\u00bb{}\u00bb da_is_popup=\u00bboff\u00bb da_exit_intent=\u00bboff\u00bb da_has_close=\u00bbon\u00bb da_alt_close=\u00bboff\u00bb da_dark_close=\u00bboff\u00bb da_not_modal=\u00bbon\u00bb da_is_singular=\u00bboff\u00bb da_with_loader=\u00bboff\u00bb da_has_shadow=\u00bbon\u00bb da_disable_devices=\u00bboff|off|off\u00bb][et_pb_row admin_label=\u00bbrow\u00bb _builder_version=\u00bb4.16&#8243; background_size=\u00bbinitial\u00bb background_position=\u00bbtop_left\u00bb background_repeat=\u00bbrepeat\u00bb global_colors_info=\u00bb{}\u00bb][et_pb_column type=\u00bb4_4&#8243; _builder_version=\u00bb4.16&#8243; custom_padding=\u00bb|||\u00bb global_colors_info=\u00bb{}\u00bb custom_padding__hover=\u00bb|||\u00bb][et_pb_text admin_label=\u00bbText\u00bb _builder_version=\u00bb4.18.1&#8243; text_line_height=\u00bb1.9em\u00bb header_font=\u00bb|700|||||||\u00bb header_2_font=\u00bb|700|||||||\u00bb background_size=\u00bbinitial\u00bb background_position=\u00bbtop_left\u00bb background_repeat=\u00bbrepeat\u00bb global_colors_info=\u00bb{}\u00bb]<\/p>\n<div class=\"wpb_text_column wpb_content_element \">\n<div class=\"wpb_wrapper\">\n<h1><strong>Veh\u00edculos ligeros<\/strong><\/h1>\n<\/div>\n<\/div>\n<div class=\"wpb_text_column wpb_content_element \">\n<div class=\"wpb_wrapper\">\n<p>KB Components comenz\u00f3 la entrega de componentes de pol\u00edmeros para la industria de veh\u00edculos ligeros en la d\u00e9cada de los 50\u2019s. Hoy en d\u00eda proveemos a una gran variedad de productos para interiores, exteriores y para aplicaciones del tren motriz.<\/p>\n<p>Nuestros clientes incluyen a marcas premium para quien servimos tanto como OEM y como proveedor de primer nivel. Nuestro conocimiento vanguardista y nuestra excelencia en operaciones nos permiten ofrecer a un buen costo soluciones para el desarrollo, la industrializaci\u00f3n y la log\u00edstica.<\/p>\n<\/div>\n<\/div>\n<p>[\/et_pb_text][\/et_pb_column][\/et_pb_row][\/et_pb_section][et_pb_section fb_built=\u00bb1&#8243; _builder_version=\u00bb4.16&#8243; _module_preset=\u00bbdefault\u00bb background_image=\u00bbhttps:\/\/www.kbcomponents.com\/wp-content\/uploads\/2021\/09\/265682_XC60_Inscription_expression_Leather_Fine_Nappa_Perforated_Blond_in_Blond-scaled.jpg\u00bb custom_padding=\u00bb180px||180px||false|false\u00bb global_colors_info=\u00bb{}\u00bb da_is_popup=\u00bboff\u00bb da_exit_intent=\u00bboff\u00bb da_has_close=\u00bbon\u00bb da_alt_close=\u00bboff\u00bb da_dark_close=\u00bboff\u00bb da_not_modal=\u00bbon\u00bb da_is_singular=\u00bboff\u00bb da_with_loader=\u00bboff\u00bb da_has_shadow=\u00bbon\u00bb da_disable_devices=\u00bboff|off|off\u00bb][et_pb_row _builder_version=\u00bb4.16&#8243; _module_preset=\u00bbdefault\u00bb global_colors_info=\u00bb{}\u00bb][et_pb_column type=\u00bb4_4&#8243; _builder_version=\u00bb4.16&#8243; _module_preset=\u00bbdefault\u00bb global_colors_info=\u00bb{}\u00bb][et_pb_text _builder_version=\u00bb4.16&#8243; _module_preset=\u00bbdefault\u00bb global_colors_info=\u00bb{}\u00bb][\/et_pb_text][\/et_pb_column][\/et_pb_row][\/et_pb_section][et_pb_section fb_built=\u00bb1&#8243; admin_label=\u00bbsection\u00bb _builder_version=\u00bb4.16&#8243; global_colors_info=\u00bb{}\u00bb da_is_popup=\u00bboff\u00bb da_exit_intent=\u00bboff\u00bb da_has_close=\u00bbon\u00bb da_alt_close=\u00bboff\u00bb da_dark_close=\u00bboff\u00bb da_not_modal=\u00bbon\u00bb da_is_singular=\u00bboff\u00bb da_with_loader=\u00bboff\u00bb da_has_shadow=\u00bbon\u00bb da_disable_devices=\u00bboff|off|off\u00bb][et_pb_row admin_label=\u00bbrow\u00bb _builder_version=\u00bb4.16&#8243; background_size=\u00bbinitial\u00bb background_position=\u00bbtop_left\u00bb background_repeat=\u00bbrepeat\u00bb global_colors_info=\u00bb{}\u00bb][et_pb_column type=\u00bb4_4&#8243; _builder_version=\u00bb4.16&#8243; custom_padding=\u00bb|||\u00bb global_colors_info=\u00bb{}\u00bb custom_padding__hover=\u00bb|||\u00bb][et_pb_text admin_label=\u00bbText\u00bb _builder_version=\u00bb4.18.1&#8243; text_line_height=\u00bb1.9em\u00bb header_font=\u00bb|700|||||||\u00bb header_2_font=\u00bb|700|||||||\u00bb background_size=\u00bbinitial\u00bb background_position=\u00bbtop_left\u00bb background_repeat=\u00bbrepeat\u00bb global_colors_info=\u00bb{}\u00bb]<\/p>\n<div class=\"wpb_text_column wpb_content_element \">\n<div class=\"wpb_wrapper\">\n<h1><strong>Interiores<\/strong><\/h1>\n<\/div>\n<\/div>\n<div class=\"vc_empty_space\">Los interiores de los veh\u00edculos tienen los requerimientos m\u00e1s altos en t\u00e9rminos de calidad visual y funcional. Por ejemplo, el brillo correcto en superficies, peque\u00f1as hendeduras y funcionalidad NVH.<\/div>\n<div class=\"wpb_text_column wpb_content_element \">\n<div class=\"wpb_wrapper\">\n<p>KB ayuda a los fabricantes de la industria automotriz ofrecen mejores y efectivos interiores que benefician a la base de clientes.<\/p>\n<p>Nuestro rango de detalles interiores incluye dos componentes para asientos, pilares textiles cubiertos y una amplia estructura de componentes.<\/p>\n<\/div>\n<\/div>\n<p>[\/et_pb_text][\/et_pb_column][\/et_pb_row][\/et_pb_section][et_pb_section fb_built=\u00bb1&#8243; _builder_version=\u00bb4.16&#8243; _module_preset=\u00bbdefault\u00bb background_image=\u00bbhttps:\/\/www.kbcomponents.com\/wp-content\/uploads\/2021\/09\/265689_XC60_Inscription_in_Pine_Grey_metallic_beskuren_low.jpg\u00bb custom_padding=\u00bb180px||180px||false|false\u00bb global_colors_info=\u00bb{}\u00bb da_is_popup=\u00bboff\u00bb da_exit_intent=\u00bboff\u00bb da_has_close=\u00bbon\u00bb da_alt_close=\u00bboff\u00bb da_dark_close=\u00bboff\u00bb da_not_modal=\u00bbon\u00bb da_is_singular=\u00bboff\u00bb da_with_loader=\u00bboff\u00bb da_has_shadow=\u00bbon\u00bb da_disable_devices=\u00bboff|off|off\u00bb][et_pb_row _builder_version=\u00bb4.16&#8243; _module_preset=\u00bbdefault\u00bb global_colors_info=\u00bb{}\u00bb][et_pb_column type=\u00bb4_4&#8243; _builder_version=\u00bb4.16&#8243; _module_preset=\u00bbdefault\u00bb global_colors_info=\u00bb{}\u00bb][et_pb_text _builder_version=\u00bb4.16&#8243; _module_preset=\u00bbdefault\u00bb global_colors_info=\u00bb{}\u00bb][\/et_pb_text][\/et_pb_column][\/et_pb_row][\/et_pb_section][et_pb_section fb_built=\u00bb1&#8243; admin_label=\u00bbsection\u00bb _builder_version=\u00bb4.16&#8243; global_colors_info=\u00bb{}\u00bb da_is_popup=\u00bboff\u00bb da_exit_intent=\u00bboff\u00bb da_has_close=\u00bbon\u00bb da_alt_close=\u00bboff\u00bb da_dark_close=\u00bboff\u00bb da_not_modal=\u00bbon\u00bb da_is_singular=\u00bboff\u00bb da_with_loader=\u00bboff\u00bb da_has_shadow=\u00bbon\u00bb da_disable_devices=\u00bboff|off|off\u00bb][et_pb_row admin_label=\u00bbrow\u00bb _builder_version=\u00bb4.16&#8243; background_size=\u00bbinitial\u00bb background_position=\u00bbtop_left\u00bb background_repeat=\u00bbrepeat\u00bb global_colors_info=\u00bb{}\u00bb][et_pb_column type=\u00bb4_4&#8243; _builder_version=\u00bb4.16&#8243; custom_padding=\u00bb|||\u00bb global_colors_info=\u00bb{}\u00bb custom_padding__hover=\u00bb|||\u00bb][et_pb_text admin_label=\u00bbText\u00bb _builder_version=\u00bb4.18.1&#8243; text_line_height=\u00bb1.9em\u00bb header_font=\u00bb|700|||||||\u00bb header_2_font=\u00bb|700|||||||\u00bb background_size=\u00bbinitial\u00bb background_position=\u00bbtop_left\u00bb background_repeat=\u00bbrepeat\u00bb global_colors_info=\u00bb{}\u00bb]<\/p>\n<div class=\"wpb_text_column wpb_content_element \">\n<div class=\"wpb_wrapper\">\n<h1><strong>Exteriores\/Tren motriz<\/strong><\/h1>\n<\/div>\n<\/div>\n<div class=\"vc_empty_space\"><span class=\"vc_empty_space_inner\"><span class=\"empty_space_image\"><\/span><\/span><\/div>\n<div class=\"wpb_text_column wpb_content_element \">\n<div class=\"wpb_wrapper\">\n<p>Los compuestos de pol\u00edmero ofrecen una alternativa clara al veh\u00edculo ligero, d\u00e1ndole el potencial de ayudar a reducir el impacto ambiental a la industria automotriz e incrementar las ganancias.<\/p>\n<p>KB Components provee una gama muy amplia de productos al tren motriz y a las aplicaciones estructurales, tales como paneles bajos con el uso de moldeo por inyecci\u00f3n, moldeo por compresi\u00f3n e h\u00edbridos PP\/TWR.<\/p>\n<p>Nuestro conocimiento en productos relacionados con la seguridad cuenta con un 100% de trazabilidad, tienen uso en bolsas de aire y otros componentes de seguridad. KB Components tambi\u00e9n provee partes cromadas y<\/p>\n<\/div>\n<\/div>\n<p>[\/et_pb_text][\/et_pb_column][\/et_pb_row][\/et_pb_section][et_pb_section fb_built=\u00bb1&#8243; _builder_version=\u00bb4.16&#8243; _module_preset=\u00bbdefault\u00bb background_color=\u00bb#f1f1f1&#8243; custom_padding=\u00bb60px||60px||false|false\u00bb saved_tabs=\u00bball\u00bb global_colors_info=\u00bb{}\u00bb global_module=\u00bb39186&#8243; theme_builder_area=\u00bbpost_content\u00bb da_is_popup=\u00bboff\u00bb da_exit_intent=\u00bboff\u00bb da_has_close=\u00bbon\u00bb da_alt_close=\u00bboff\u00bb da_dark_close=\u00bboff\u00bb da_not_modal=\u00bbon\u00bb da_is_singular=\u00bboff\u00bb da_with_loader=\u00bboff\u00bb da_has_shadow=\u00bbon\u00bb da_disable_devices=\u00bboff|off|off\u00bb][et_pb_row _builder_version=\u00bb4.16&#8243; _module_preset=\u00bbdefault\u00bb custom_padding=\u00bb0px||0px||false|false\u00bb global_colors_info=\u00bb{}\u00bb theme_builder_area=\u00bbpost_content\u00bb][et_pb_column type=\u00bb4_4&#8243; _builder_version=\u00bb4.16&#8243; _module_preset=\u00bbdefault\u00bb global_colors_info=\u00bb{}\u00bb theme_builder_area=\u00bbpost_content\u00bb][et_pb_blurb title=\u00bbContacto\u00bb image=\u00bbhttps:\/\/www.kbcomponents.com\/wp-content\/uploads\/2017\/03\/telfon-kb-e1489052858973.png\u00bb icon_placement=\u00bbleft\u00bb _builder_version=\u00bb4.27.4&#8243; _module_preset=\u00bbdefault\u00bb header_font=\u00bb|600||on|||||\u00bb body_text_color=\u00bb#0a0a0a\u00bb image_icon_custom_margin=\u00bb||||false|false\u00bb image_icon_custom_padding=\u00bb||||false|false\u00bb custom_css_blurb_content=\u00bbmargin-left:0;||padding-left:0;\u00bb global_colors_info=\u00bb{}\u00bb theme_builder_area=\u00bbpost_content\u00bb]<\/p>\n<p>Niklas Nilsson<br \/><a href=\"mailto:niklas.nilsson@kbcomponents.com\">niklas.nilsson@kbcomponents.com<\/a><\/p>\n<p>[\/et_pb_blurb][\/et_pb_column][\/et_pb_row][\/et_pb_section]<\/p>\n","protected":false},"excerpt":{"rendered":"<p>Veh\u00edculos ligeros KB Components comenz\u00f3 la entrega de componentes de pol\u00edmeros para la industria de veh\u00edculos ligeros en la d\u00e9cada de los 50\u2019s. Hoy en d\u00eda proveemos a una gran variedad de productos para interiores, exteriores y para aplicaciones del tren motriz. Nuestros clientes incluyen a marcas premium para quien servimos tanto como OEM y [&hellip;]<\/p>\n","protected":false},"author":6,"featured_media":0,"parent":29630,"menu_order":0,"comment_status":"open","ping_status":"open","template":"","meta":{"_et_pb_use_builder":"on","_et_pb_old_content":"[vc_row css_animation=\"\" row_type=\"row\" use_row_as_full_screen_section=\"no\" type=\"full_width\" angled_section=\"no\" text_align=\"left\" background_image_as_pattern=\"without_pattern\" row_negative_margin=\"disable_negative_margin\" background_image=\"31884\" z_index=\"\"][vc_column][vc_empty_space height=\"400px\"][\/vc_column][\/vc_row][vc_row css_animation=\"\" row_type=\"row\" use_row_as_full_screen_section=\"no\" type=\"full_width\" angled_section=\"no\" text_align=\"left\" background_image_as_pattern=\"without_pattern\" css=\".vc_custom_1442842373447{padding-right: 10px !important;padding-left: 10px !important;}\"][vc_column][vc_empty_space height=\"60\"][vc_row_inner row_type=\"row\" type=\"full_width\" text_align=\"left\" css_animation=\"\"][vc_column_inner width=\"1\/4\"]\r\n[\/vc_column_inner][vc_column_inner width=\"1\/2\"][vc_column_text]\r\n<h1>Light Vehicles<\/h1>\r\n[\/vc_column_text][vc_empty_space height=\"20\"][vc_column_text]KB Components started delivering polymer components to the light vehicle industry back in the 50s.\r\n\r\nToday we supply a complete range of products for interior, exterior and powertrain applications.\r\n\r\nOur customers include premium brands for whom we serve as both the OEM and Tier 1 supplier.\r\n\r\nOur cutting-edge knowledge and operational excellence enables us to provide cost-effective solutions for development, logistics and industrialization.[\/vc_column_text][\/vc_column_inner][vc_column_inner width=\"1\/4\"]\r\n[\/vc_column_inner][\/vc_row_inner][vc_empty_space height=\"60px\"][\/vc_column][\/vc_row][vc_row css_animation=\"\" row_type=\"row\" use_row_as_full_screen_section=\"no\" type=\"full_width\" angled_section=\"no\" text_align=\"left\" background_image_as_pattern=\"without_pattern\" row_negative_margin=\"disable_negative_margin\" background_image=\"31842\" z_index=\"\"][vc_column][vc_empty_space height=\"400px\"][\/vc_column][\/vc_row][vc_row css_animation=\"\" row_type=\"row\" use_row_as_full_screen_section=\"no\" type=\"full_width\" angled_section=\"no\" text_align=\"left\" background_image_as_pattern=\"without_pattern\" css=\".vc_custom_1442842373447{padding-right: 10px !important;padding-left: 10px !important;}\"][vc_column][vc_empty_space height=\"60\"][vc_row_inner row_type=\"row\" type=\"full_width\" text_align=\"left\" css_animation=\"\"][vc_column_inner width=\"1\/4\"]\r\n[\/vc_column_inner][vc_column_inner width=\"1\/2\"][vc_column_text]\r\n<h1>Interior<\/h1>\r\n[\/vc_column_text][vc_empty_space height=\"20\"][vc_column_text]The interiors of cars have the highest requirements in terms of visual and functional quality. Examples include the right surface gloss, small gaps and NVH functionality.\r\n\r\nKB helps automotive manufacturers provide better and more effective interiors that benefit their\u00a0demanding customer base.\r\n\r\nOur range of interior details include two component parts for seats, textile-covered pillars and a wide range of structural components.[\/vc_column_text][\/vc_column_inner][vc_column_inner width=\"1\/4\"]\r\n[\/vc_column_inner][\/vc_row_inner][vc_empty_space height=\"60px\"][\/vc_column][\/vc_row][vc_row css_animation=\"\" row_type=\"row\" use_row_as_full_screen_section=\"no\" type=\"full_width\" angled_section=\"no\" text_align=\"left\" background_image_as_pattern=\"without_pattern\" row_negative_margin=\"disable_negative_margin\" background_image=\"31856\" z_index=\"\"][vc_column][vc_empty_space height=\"400px\"][\/vc_column][\/vc_row][vc_row css_animation=\"\" row_type=\"row\" use_row_as_full_screen_section=\"no\" type=\"full_width\" angled_section=\"no\" text_align=\"left\" background_image_as_pattern=\"without_pattern\" css=\".vc_custom_1442842373447{padding-right: 10px !important;padding-left: 10px !important;}\"][vc_column][vc_empty_space height=\"60\"][vc_row_inner row_type=\"row\" type=\"full_width\" text_align=\"left\" css_animation=\"\"][vc_column_inner width=\"1\/4\"]\r\n[\/vc_column_inner][vc_column_inner width=\"1\/2\"][vc_column_text]\r\n<h1>Exterior\/powertrain<\/h1>\r\n[\/vc_column_text][vc_empty_space height=\"20\"][vc_column_text]Polymer composites offer a clear lightweight alternative to metals, giving them the potential to help the automotive industry reduce environmental impact and increase profitability.\r\n\r\nKB Components provides a wide range of products for powertrain and structural applications, such as underbody panels using injection moulding, injection compression moulding and hybrids of PP\/TWR.\r\n\r\nOur knowledge of safety-related products with 100% traceability is used in airbags and other safety devices. KB Components also supplies painted and chromed parts.[\/vc_column_text][\/vc_column_inner][vc_column_inner width=\"1\/4\"]\r\n[\/vc_column_inner][\/vc_row_inner][vc_empty_space height=\"60px\"][\/vc_column][\/vc_row][vc_row css_animation=\"\" row_type=\"row\" use_row_as_full_screen_section=\"no\" type=\"full_width\" angled_section=\"no\" text_align=\"left\" background_image_as_pattern=\"without_pattern\" css=\".vc_custom_1489053326310{background-color: #f1f1f1 !important;}\"][vc_column width=\"1\/4\"][vc_column_text]\r\n[\/vc_column_text][\/vc_column][vc_column width=\"1\/2\"][vc_empty_space height=\"42\"][vc_row_inner row_type=\"row\" type=\"full_width\" text_align=\"left\" css_animation=\"\"][vc_column_inner width=\"1\/6\"][vc_single_image image=\"1047\" qode_css_animation=\"\"][\/vc_column_inner][vc_column_inner width=\"5\/6\"][vc_column_text]\r\n<h3>Contact<\/h3>\r\nAnders Abrahamsson\r\n<a href=\"mailto:anders.abrahamsson@kbcomponents.com\">anders.abrahamsson@kbcomponents.com<\/a>[\/vc_column_text][\/vc_column_inner][\/vc_row_inner][vc_empty_space height=\"32\"][vc_empty_space height=\"32\"][\/vc_column][vc_column width=\"1\/4\"][vc_column_text]\r\n[\/vc_column_text][\/vc_column][\/vc_row]","_et_gb_content_width":"","footnotes":""},"class_list":["post-29648","page","type-page","status-publish","hentry"],"_links":{"self":[{"href":"https:\/\/www.kbcomponents.com\/es\/wp-json\/wp\/v2\/pages\/29648","targetHints":{"allow":["GET"]}}],"collection":[{"href":"https:\/\/www.kbcomponents.com\/es\/wp-json\/wp\/v2\/pages"}],"about":[{"href":"https:\/\/www.kbcomponents.com\/es\/wp-json\/wp\/v2\/types\/page"}],"author":[{"embeddable":true,"href":"https:\/\/www.kbcomponents.com\/es\/wp-json\/wp\/v2\/users\/6"}],"replies":[{"embeddable":true,"href":"https:\/\/www.kbcomponents.com\/es\/wp-json\/wp\/v2\/comments?post=29648"}],"version-history":[{"count":3,"href":"https:\/\/www.kbcomponents.com\/es\/wp-json\/wp\/v2\/pages\/29648\/revisions"}],"predecessor-version":[{"id":39192,"href":"https:\/\/www.kbcomponents.com\/es\/wp-json\/wp\/v2\/pages\/29648\/revisions\/39192"}],"up":[{"embeddable":true,"href":"https:\/\/www.kbcomponents.com\/es\/wp-json\/wp\/v2\/pages\/29630"}],"wp:attachment":[{"href":"https:\/\/www.kbcomponents.com\/es\/wp-json\/wp\/v2\/media?parent=29648"}],"curies":[{"name":"wp","href":"https:\/\/api.w.org\/{rel}","templated":true}]}}