{"id":29630,"date":"2015-08-05T09:58:03","date_gmt":"2015-08-05T07:58:03","guid":{"rendered":"https:\/\/www.kbcomponents.com\/?page_id=29630"},"modified":"2025-04-08T09:55:56","modified_gmt":"2025-04-08T07:55:56","slug":"areas-de-negocio","status":"publish","type":"page","link":"https:\/\/www.kbcomponents.com\/es\/areas-de-negocio\/","title":{"rendered":"\u00e1reas de negocio"},"content":{"rendered":"<p>[et_pb_section fb_built=\u00bb1&#8243; _builder_version=\u00bb4.16&#8243; _module_preset=\u00bbdefault\u00bb background_image=\u00bbhttps:\/\/www.kbcomponents.com\/wp-content\/uploads\/2021\/08\/2021-05-10-09.20.52_M.jpg\u00bb custom_padding=\u00bb180px||180px||false|false\u00bb global_colors_info=\u00bb{}\u00bb da_is_popup=\u00bboff\u00bb da_exit_intent=\u00bboff\u00bb da_has_close=\u00bbon\u00bb da_alt_close=\u00bboff\u00bb da_dark_close=\u00bboff\u00bb da_not_modal=\u00bbon\u00bb da_is_singular=\u00bboff\u00bb da_with_loader=\u00bboff\u00bb da_has_shadow=\u00bbon\u00bb da_disable_devices=\u00bboff|off|off\u00bb][et_pb_row _builder_version=\u00bb4.16&#8243; _module_preset=\u00bbdefault\u00bb global_colors_info=\u00bb{}\u00bb][et_pb_column type=\u00bb4_4&#8243; _builder_version=\u00bb4.16&#8243; _module_preset=\u00bbdefault\u00bb global_colors_info=\u00bb{}\u00bb][et_pb_text _builder_version=\u00bb4.16&#8243; _module_preset=\u00bbdefault\u00bb global_colors_info=\u00bb{}\u00bb][\/et_pb_text][\/et_pb_column][\/et_pb_row][\/et_pb_section][et_pb_section fb_built=\u00bb1&#8243; admin_label=\u00bbsection\u00bb _builder_version=\u00bb4.16&#8243; global_colors_info=\u00bb{}\u00bb da_is_popup=\u00bboff\u00bb da_exit_intent=\u00bboff\u00bb da_has_close=\u00bbon\u00bb da_alt_close=\u00bboff\u00bb da_dark_close=\u00bboff\u00bb da_not_modal=\u00bbon\u00bb da_is_singular=\u00bboff\u00bb da_with_loader=\u00bboff\u00bb da_has_shadow=\u00bbon\u00bb da_disable_devices=\u00bboff|off|off\u00bb][et_pb_row admin_label=\u00bbrow\u00bb _builder_version=\u00bb4.16&#8243; background_size=\u00bbinitial\u00bb background_position=\u00bbtop_left\u00bb background_repeat=\u00bbrepeat\u00bb global_colors_info=\u00bb{}\u00bb][et_pb_column type=\u00bb4_4&#8243; _builder_version=\u00bb4.16&#8243; custom_padding=\u00bb|||\u00bb global_colors_info=\u00bb{}\u00bb custom_padding__hover=\u00bb|||\u00bb][et_pb_text admin_label=\u00bbText\u00bb _builder_version=\u00bb4.27.0&#8243; text_line_height=\u00bb1.9em\u00bb header_font=\u00bb|700|||||||\u00bb header_2_font=\u00bb|700|||||||\u00bb background_size=\u00bbinitial\u00bb background_position=\u00bbtop_left\u00bb background_repeat=\u00bbrepeat\u00bb global_colors_info=\u00bb{}\u00bb]<\/p>\n<h1>Expertos con una amplia experiencia<\/h1>\n<p>KB Components es un fabricante de renombre que produce una amplia gama de piezas de pl\u00e1stico y compuestos.\u00a0Atendemos siete segmentos principales: <span>veh\u00edculos ligeros<\/span>, <span>veh\u00edculos pesados<\/span>, <span>m\u00e9dico<\/span>, <span>industrial<\/span>, <span>muebles<\/span>, <span>iluminaci\u00f3n<\/span> y <span>enchapado en pl\u00e1sticos<\/span>.<\/p>\n<p>Con una amplia experiencia en materiales compuestos, mantenemos nuestro compromiso de mantener est\u00e1ndares de calidad excepcionales en nuestras operaciones. Contamos con certificaciones relevantes de la industria, como la ISO 9001:2015, lo que destaca nuestra dedicaci\u00f3n hacia la calidad y la credibilidad. Gran parte de nuestra estatura se puede atribuir a nuestro exitoso suministro de soluciones innovadoras de pl\u00e1stico y compuestos a algunos de los principales fabricantes de equipos originales (OEM) del mundo en todos los segmentos. Al hacerlo, continuamos manteniendo nuestra reputaci\u00f3n de excelencia.<\/p>\n<p>Atribuimos nuestro \u00e9xito a nuestra comprensi\u00f3n matizada de las diferentes demandas de nuestra clientela. Atendiendo a estas necesidades espec\u00edficas, dise\u00f1amos y entregamos soluciones a medida personalizadas para sus requisitos exactos. Este enfoque centrado en el cliente nos distingue de la competencia y nos mantiene a la vanguardia del campo.<\/p>\n<p>La base de todo el funcionamiento de KB Components es la habilidad y la experiencia de nuestros profesionales. Su conocimiento desempe\u00f1a un papel fundamental en la creaci\u00f3n de componentes pl\u00e1sticos y compuestos superiores. Equipados con un profundo conocimiento y un compromiso inquebrantable con la excelencia, se aseguran de que siempre produzcamos productos de primera calidad.<\/p>\n<p>En resumen, el rasgo definitorio de KB Components no es solo la producci\u00f3n de productos de clase mundial, sino el servicio consistente y confiable que nuestros profesionales brindan en todo momento. En un mundo de tecnolog\u00eda y dise\u00f1o en constante cambio, seguimos siendo un <span class=\"HwtZe\" jsaction=\"mouseup:Sxi9L,BR6jm; mousedown:qjlr0e\" jsname=\"jqKxS\" lang=\"es\"><span jsaction=\"agoMJf:PFBcW;MZfLnc:P7O7bd;nt4Alf:pvnm0e,pfE8Hb,PFBcW;B01qod:dJXsye;H1e5u:iXtTIf;lYIUJf:hij5Wb\" jsname=\"txFAF\" class=\"jCAhz\" jscontroller=\"BiTO4b\"><span class=\"ryNqvb\" jsname=\"W297wb\" jsaction=\"contextmenu:Nqw7Te,QP7LD; mouseout:Nqw7Te; mouseover:c2aHje\">gu\u00eda<\/span><\/span><\/span><span class=\"ZSCsVd\"><\/span> constante de calidad, innovaci\u00f3n y satisfacci\u00f3n del cliente.<\/p>\n<p>[\/et_pb_text][\/et_pb_column][\/et_pb_row][\/et_pb_section][et_pb_section fb_built=\u00bb1&#8243; _builder_version=\u00bb4.16&#8243; _module_preset=\u00bbdefault\u00bb background_color=\u00bb#f1f1f1&#8243; custom_padding=\u00bb60px||60px||false|false\u00bb global_colors_info=\u00bb{}\u00bb global_module=\u00bb39186&#8243; saved_tabs=\u00bball\u00bb da_is_popup=\u00bboff\u00bb da_exit_intent=\u00bboff\u00bb da_has_close=\u00bbon\u00bb da_alt_close=\u00bboff\u00bb da_dark_close=\u00bboff\u00bb da_not_modal=\u00bbon\u00bb da_is_singular=\u00bboff\u00bb da_with_loader=\u00bboff\u00bb da_has_shadow=\u00bbon\u00bb da_disable_devices=\u00bboff|off|off\u00bb][et_pb_row _builder_version=\u00bb4.16&#8243; _module_preset=\u00bbdefault\u00bb custom_padding=\u00bb0px||0px||false|false\u00bb global_colors_info=\u00bb{}\u00bb][et_pb_column type=\u00bb4_4&#8243; _builder_version=\u00bb4.16&#8243; _module_preset=\u00bbdefault\u00bb global_colors_info=\u00bb{}\u00bb][et_pb_blurb title=\u00bbContacto\u00bb image=\u00bbhttps:\/\/www.kbcomponents.com\/wp-content\/uploads\/2017\/03\/telfon-kb-e1489052858973.png\u00bb icon_placement=\u00bbleft\u00bb _builder_version=\u00bb4.27.4&#8243; _module_preset=\u00bbdefault\u00bb header_font=\u00bb|600||on|||||\u00bb body_text_color=\u00bb#0a0a0a\u00bb image_icon_custom_margin=\u00bb||||false|false\u00bb image_icon_custom_padding=\u00bb||||false|false\u00bb hover_enabled=\u00bb0&#8243; custom_css_blurb_content=\u00bbmargin-left:0;||padding-left:0;\u00bb global_colors_info=\u00bb{}\u00bb sticky_enabled=\u00bb0&#8243;]<\/p>\n<p>Niklas Nilsson<br \/><a href=\"mailto:niklas.nilsson@kbcomponents.com\">niklas.nilsson@kbcomponents.com<\/a><\/p>\n<p>[\/et_pb_blurb][\/et_pb_column][\/et_pb_row][\/et_pb_section]<\/p>\n","protected":false},"excerpt":{"rendered":"<p>Expertos con una amplia experiencia KB Components es un fabricante de renombre que produce una amplia gama de piezas de pl\u00e1stico y compuestos.\u00a0Atendemos siete segmentos principales: veh\u00edculos ligeros, veh\u00edculos pesados, m\u00e9dico, industrial, muebles, iluminaci\u00f3n y enchapado en pl\u00e1sticos. Con una amplia experiencia en materiales compuestos, mantenemos nuestro compromiso de mantener est\u00e1ndares de calidad excepcionales en [&hellip;]<\/p>\n","protected":false},"author":6,"featured_media":0,"parent":0,"menu_order":0,"comment_status":"closed","ping_status":"closed","template":"","meta":{"_et_pb_use_builder":"on","_et_pb_old_content":"","_et_gb_content_width":"","footnotes":""},"class_list":["post-29630","page","type-page","status-publish","hentry"],"_links":{"self":[{"href":"https:\/\/www.kbcomponents.com\/es\/wp-json\/wp\/v2\/pages\/29630","targetHints":{"allow":["GET"]}}],"collection":[{"href":"https:\/\/www.kbcomponents.com\/es\/wp-json\/wp\/v2\/pages"}],"about":[{"href":"https:\/\/www.kbcomponents.com\/es\/wp-json\/wp\/v2\/types\/page"}],"author":[{"embeddable":true,"href":"https:\/\/www.kbcomponents.com\/es\/wp-json\/wp\/v2\/users\/6"}],"replies":[{"embeddable":true,"href":"https:\/\/www.kbcomponents.com\/es\/wp-json\/wp\/v2\/comments?post=29630"}],"version-history":[{"count":5,"href":"https:\/\/www.kbcomponents.com\/es\/wp-json\/wp\/v2\/pages\/29630\/revisions"}],"predecessor-version":[{"id":39191,"href":"https:\/\/www.kbcomponents.com\/es\/wp-json\/wp\/v2\/pages\/29630\/revisions\/39191"}],"wp:attachment":[{"href":"https:\/\/www.kbcomponents.com\/es\/wp-json\/wp\/v2\/media?parent=29630"}],"curies":[{"name":"wp","href":"https:\/\/api.w.org\/{rel}","templated":true}]}}